{"id":598384,"date":"2025-10-22T08:52:17","date_gmt":"2025-10-22T06:52:17","guid":{"rendered":"https:\/\/selleetools.com\/?post_type=product&#038;p=598384"},"modified":"2025-10-22T14:10:19","modified_gmt":"2025-10-22T12:10:19","slug":"altruist-family-sunspray-spf-50-250-ml-ochronny-spray-przeciwsloneczny-dla-calej-rodziny","status":"publish","type":"product","link":"https:\/\/selleetools.com\/pl\/product\/altruist-family-sunspray-spf-50-250-ml-ochronny-spray-przeciwsloneczny-dla-calej-rodziny\/","title":{"rendered":"ALTRUIST Family Sunspray SPF 50 250 ml &#8211; Ochronny spray przeciws\u0142oneczny dla ca\u0142ej rodziny"},"content":{"rendered":"<p>ALTRUIST Family Sunspray SPF 50 to zaawansowany kosmetyk przeciws\u0142oneczny zaprojektowany z my\u015bl\u0105 o ca\u0142ej rodzinie. Ten wysokiej jako\u015bci spray zapewnia skuteczn\u0105 ochron\u0119 przed szkodliwym dzia\u0142aniem promieni UVA i UVB, pomagaj\u0105c chroni\u0107 sk\u00f3r\u0119 przed poparzeniami s\u0142onecznymi oraz przedwczesnym starzeniem si\u0119 sk\u00f3ry.<\/p>\n<p>Korzy\u015bci dla sk\u00f3ry:<br \/>\nWysoki poziom ochrony SPF 50 skutecznie zabezpiecza przed promieniowaniem s\u0142onecznym.<br \/>\nFormu\u0142a bez paraben\u00f3w i sztucznych barwnik\u00f3w, delikatna dla sk\u00f3ry, tak\u017ce dla dzieci.<br \/>\nLekka konsystencja szybko si\u0119 wch\u0142ania, nie pozostawiaj\u0105c t\u0142ustego filmu.<br \/>\nWzbogacona o sk\u0142adniki nawil\u017caj\u0105ce, kt\u00f3re pomagaj\u0105 utrzyma\u0107 optymalny poziom wilgoci w sk\u00f3rze.<\/p>\n<p>Spos\u00f3b u\u017cycia:<br \/>\nPrzed na\u0142o\u017ceniem sprayu wstrz\u0105\u015bnij butelk\u0105.<br \/>\nR\u00f3wnomiernie nanie\u015b produkt na sk\u00f3r\u0119 co najmniej 15 minut przed ekspozycj\u0105 na s\u0142o\u0144ce.<br \/>\nAby utrzyma\u0107 skuteczno\u015b\u0107 ochrony, aplikuj ponownie co 2 godziny oraz po p\u0142ywaniu, poceniu si\u0119 lub osuchaniu r\u0119cznikiem.<br \/>\nUnikaj kontaktu z oczami i przechowuj w ch\u0142odnym miejscu, z dala od \u017ar\u00f3de\u0142 ciep\u0142a.<\/p>\n","protected":false},"excerpt":{"rendered":"<p>ALTRUIST Family Sunspray SPF 50 to zaawansowany kosmetyk przeciws\u0142oneczny zaprojektowany z my\u015bl\u0105 o ca\u0142ej rodzinie. Ten wysokiej jako\u015bci spray zapewnia skuteczn\u0105 ochron\u0119 przed szkodliwym dzia\u0142aniem promieni UVA i UVB, pomagaj\u0105c chroni\u0107 sk\u00f3r\u0119 przed poparzeniami s\u0142onecznymi oraz przedwczesnym starzeniem si\u0119 sk\u00f3ry. Korzy\u015bci dla sk\u00f3ry: Wysoki poziom ochrony SPF 50 skutecznie zabezpiecza przed promieniowaniem s\u0142onecznym. Formu\u0142a bez &#8230; <a title=\"ALTRUIST Family Sunspray SPF 50 250 ml &#8211; Ochronny spray przeciws\u0142oneczny dla ca\u0142ej rodziny\" class=\"read-more\" href=\"https:\/\/selleetools.com\/pl\/product\/altruist-family-sunspray-spf-50-250-ml-ochronny-spray-przeciwsloneczny-dla-calej-rodziny\/\">Read more<span class=\"screen-reader-text\">ALTRUIST Family Sunspray SPF 50 250 ml &#8211; Ochronny spray przeciws\u0142oneczny dla ca\u0142ej rodziny<\/span><\/a><\/p>\n","protected":false},"featured_media":598382,"comment_status":"open","ping_status":"closed","template":"","meta":{"_links_to":"","_links_to_target":""},"yoast_head":"<!-- This site is optimized with the Yoast SEO plugin v19.4 - https:\/\/yoast.com\/wordpress\/plugins\/seo\/ -->\n<title>ALTRUIST Family Sunspray SPF 50 250 ml - Ochronny spray przeciws\u0142oneczny dla ca\u0142ej rodziny - Selleetools.com<\/title>\n<meta name=\"robots\" content=\"index, follow, max-snippet:-1, max-image-preview:large, max-video-preview:-1\" \/>\n<link rel=\"canonical\" href=\"https:\/\/selleetools.com\/pl\/product\/altruist-family-sunspray-spf-50-250-ml-ochronny-spray-przeciwsloneczny-dla-calej-rodziny\/\" \/>\n<meta property=\"og:locale\" content=\"pl_PL\" \/>\n<meta property=\"og:type\" content=\"article\" \/>\n<meta property=\"og:title\" content=\"ALTRUIST Family Sunspray SPF 50 250 ml - Ochronny spray przeciws\u0142oneczny dla ca\u0142ej rodziny - Selleetools.com\" \/>\n<meta property=\"og:description\" content=\"ALTRUIST Family Sunspray SPF 50 to zaawansowany kosmetyk przeciws\u0142oneczny zaprojektowany z my\u015bl\u0105 o ca\u0142ej rodzinie. Ten wysokiej jako\u015bci spray zapewnia skuteczn\u0105 ochron\u0119 przed szkodliwym dzia\u0142aniem promieni UVA i UVB, pomagaj\u0105c chroni\u0107 sk\u00f3r\u0119 przed poparzeniami s\u0142onecznymi oraz przedwczesnym starzeniem si\u0119 sk\u00f3ry. Korzy\u015bci dla sk\u00f3ry: Wysoki poziom ochrony SPF 50 skutecznie zabezpiecza przed promieniowaniem s\u0142onecznym. Formu\u0142a bez ... Read moreALTRUIST Family Sunspray SPF 50 250 ml &#8211; Ochronny spray przeciws\u0142oneczny dla ca\u0142ej rodziny\" \/>\n<meta property=\"og:url\" content=\"https:\/\/selleetools.com\/pl\/product\/altruist-family-sunspray-spf-50-250-ml-ochronny-spray-przeciwsloneczny-dla-calej-rodziny\/\" \/>\n<meta property=\"og:site_name\" content=\"Selleetools.com\" \/>\n<meta property=\"article:modified_time\" content=\"2025-10-22T12:10:19+00:00\" \/>\n<meta property=\"og:image\" content=\"https:\/\/selleetools.com\/wp-content\/uploads\/2025\/10\/57c09846f7fe038c3b6f10ba60f04a79.jpg\" \/>\n\t<meta property=\"og:image:width\" content=\"555\" \/>\n\t<meta property=\"og:image:height\" content=\"555\" \/>\n\t<meta property=\"og:image:type\" content=\"image\/jpeg\" \/>\n<meta name=\"twitter:card\" content=\"summary_large_image\" \/>\n<meta name=\"twitter:label1\" content=\"Est. reading time\" \/>\n\t<meta name=\"twitter:data1\" content=\"1 minuta\" \/>\n<!-- \/ Yoast SEO plugin. -->","yoast_head_json":{"title":"ALTRUIST Family Sunspray SPF 50 250 ml - Ochronny spray przeciws\u0142oneczny dla ca\u0142ej rodziny - Selleetools.com","robots":{"index":"index","follow":"follow","max-snippet":"max-snippet:-1","max-image-preview":"max-image-preview:large","max-video-preview":"max-video-preview:-1"},"canonical":"https:\/\/selleetools.com\/pl\/product\/altruist-family-sunspray-spf-50-250-ml-ochronny-spray-przeciwsloneczny-dla-calej-rodziny\/","og_locale":"pl_PL","og_type":"article","og_title":"ALTRUIST Family Sunspray SPF 50 250 ml - Ochronny spray przeciws\u0142oneczny dla ca\u0142ej rodziny - Selleetools.com","og_description":"ALTRUIST Family Sunspray SPF 50 to zaawansowany kosmetyk przeciws\u0142oneczny zaprojektowany z my\u015bl\u0105 o ca\u0142ej rodzinie. Ten wysokiej jako\u015bci spray zapewnia skuteczn\u0105 ochron\u0119 przed szkodliwym dzia\u0142aniem promieni UVA i UVB, pomagaj\u0105c chroni\u0107 sk\u00f3r\u0119 przed poparzeniami s\u0142onecznymi oraz przedwczesnym starzeniem si\u0119 sk\u00f3ry. Korzy\u015bci dla sk\u00f3ry: Wysoki poziom ochrony SPF 50 skutecznie zabezpiecza przed promieniowaniem s\u0142onecznym. Formu\u0142a bez ... Read moreALTRUIST Family Sunspray SPF 50 250 ml &#8211; Ochronny spray przeciws\u0142oneczny dla ca\u0142ej rodziny","og_url":"https:\/\/selleetools.com\/pl\/product\/altruist-family-sunspray-spf-50-250-ml-ochronny-spray-przeciwsloneczny-dla-calej-rodziny\/","og_site_name":"Selleetools.com","article_modified_time":"2025-10-22T12:10:19+00:00","og_image":[{"width":555,"height":555,"url":"https:\/\/selleetools.com\/wp-content\/uploads\/2025\/10\/57c09846f7fe038c3b6f10ba60f04a79.jpg","type":"image\/jpeg"}],"twitter_card":"summary_large_image","twitter_misc":{"Est. reading time":"1 minuta"},"schema":{"@context":"https:\/\/schema.org","@graph":[{"@type":"Organization","@id":"https:\/\/selleetools.com\/#organization","name":"Selleetools","url":"https:\/\/selleetools.com\/","sameAs":[],"logo":{"@type":"ImageObject","inLanguage":"pl-PL","@id":"https:\/\/selleetools.com\/#\/schema\/logo\/image\/","url":"https:\/\/selleetools.com\/wp-content\/uploads\/2021\/10\/logo-dark.png","contentUrl":"https:\/\/selleetools.com\/wp-content\/uploads\/2021\/10\/logo-dark.png","width":320,"height":76,"caption":"Selleetools"},"image":{"@id":"https:\/\/selleetools.com\/#\/schema\/logo\/image\/"}},{"@type":"WebSite","@id":"https:\/\/selleetools.com\/#website","url":"https:\/\/selleetools.com\/","name":"Selleetools.com","description":"","publisher":{"@id":"https:\/\/selleetools.com\/#organization"},"potentialAction":[{"@type":"SearchAction","target":{"@type":"EntryPoint","urlTemplate":"https:\/\/selleetools.com\/?s={search_term_string}"},"query-input":"required name=search_term_string"}],"inLanguage":"pl-PL"},{"@type":"WebPage","@id":"https:\/\/selleetools.com\/pl\/product\/altruist-family-sunspray-spf-50-250-ml-ochronny-spray-przeciwsloneczny-dla-calej-rodziny\/","url":"https:\/\/selleetools.com\/pl\/product\/altruist-family-sunspray-spf-50-250-ml-ochronny-spray-przeciwsloneczny-dla-calej-rodziny\/","name":"ALTRUIST Family Sunspray SPF 50 250 ml - Ochronny spray przeciws\u0142oneczny dla ca\u0142ej rodziny - Selleetools.com","isPartOf":{"@id":"https:\/\/selleetools.com\/#website"},"datePublished":"2025-10-22T06:52:17+00:00","dateModified":"2025-10-22T12:10:19+00:00","breadcrumb":{"@id":"https:\/\/selleetools.com\/pl\/product\/altruist-family-sunspray-spf-50-250-ml-ochronny-spray-przeciwsloneczny-dla-calej-rodziny\/#breadcrumb"},"inLanguage":"pl-PL","potentialAction":[{"@type":"ReadAction","target":["https:\/\/selleetools.com\/pl\/product\/altruist-family-sunspray-spf-50-250-ml-ochronny-spray-przeciwsloneczny-dla-calej-rodziny\/"]}]},{"@type":"BreadcrumbList","@id":"https:\/\/selleetools.com\/pl\/product\/altruist-family-sunspray-spf-50-250-ml-ochronny-spray-przeciwsloneczny-dla-calej-rodziny\/#breadcrumb","itemListElement":[{"@type":"ListItem","position":1,"name":"Home","item":"https:\/\/selleetools.com\/pl\/"},{"@type":"ListItem","position":2,"name":"Katalog","item":"https:\/\/selleetools.com\/pl\/katalog\/"},{"@type":"ListItem","position":3,"name":"ALTRUIST Family Sunspray SPF 50 250 ml &#8211; Ochronny spray przeciws\u0142oneczny dla ca\u0142ej rodziny"}]}]}},"_links":{"self":[{"href":"https:\/\/selleetools.com\/pl\/wp-json\/wp\/v2\/product\/598384"}],"collection":[{"href":"https:\/\/selleetools.com\/pl\/wp-json\/wp\/v2\/product"}],"about":[{"href":"https:\/\/selleetools.com\/pl\/wp-json\/wp\/v2\/types\/product"}],"replies":[{"embeddable":true,"href":"https:\/\/selleetools.com\/pl\/wp-json\/wp\/v2\/comments?post=598384"}],"wp:featuredmedia":[{"embeddable":true,"href":"https:\/\/selleetools.com\/pl\/wp-json\/wp\/v2\/media\/598382"}],"wp:attachment":[{"href":"https:\/\/selleetools.com\/pl\/wp-json\/wp\/v2\/media?parent=598384"}],"curies":[{"name":"wp","href":"https:\/\/api.w.org\/{rel}","templated":true}]}}