{"id":292953,"date":"2023-10-08T11:25:26","date_gmt":"2023-10-08T09:25:26","guid":{"rendered":"https:\/\/selleetools.com\/?post_type=product&#038;p=292953"},"modified":"2023-11-25T12:24:58","modified_gmt":"2023-11-25T11:24:58","slug":"fanola-keraterm-hair-ritual-shampoo-ph-52-57-anti-frizz-disciplining-shampoo-1000-ml","status":"publish","type":"product","link":"https:\/\/selleetools.com\/pl\/product\/fanola-keraterm-hair-ritual-shampoo-ph-52-57-anti-frizz-disciplining-shampoo-1000-ml\/","title":{"rendered":"Fanola Keraterm Hair ritual Shampoo pH 5,2-5,7 Anti-Frizz disciplining shampoo, 1000 ml"},"content":{"rendered":"<p>FeaturesB\u00e4ndigendes Anti-Frizz ShampooIdeal f\u00fcr chemisch gegl\u00e4ttetes und h\u00e4ufig chemisch behandeltes HaarReinigt schonend, beseitigt den Kraus-Effekt, verleiht der Frisur Geschmeidigkeit und LeichtigkeitMacht das Haar glatt, seidenweich und gl\u00e4nzend, ohne es zu beschwerenMade in Italy<\/p>\n","protected":false},"excerpt":{"rendered":"<p>FeaturesB\u00e4ndigendes Anti-Frizz ShampooIdeal f\u00fcr chemisch gegl\u00e4ttetes und h\u00e4ufig chemisch behandeltes HaarReinigt schonend, beseitigt den Kraus-Effekt, verleiht der Frisur Geschmeidigkeit und LeichtigkeitMacht das Haar glatt, seidenweich und gl\u00e4nzend, ohne es zu beschwerenMade in Italy<\/p>\n","protected":false},"featured_media":292935,"comment_status":"open","ping_status":"closed","template":"","meta":{"_links_to":"","_links_to_target":""},"yoast_head":"<!-- This site is optimized with the Yoast SEO plugin v19.4 - https:\/\/yoast.com\/wordpress\/plugins\/seo\/ -->\n<title>Fanola Keraterm Hair ritual Shampoo pH 5,2-5,7 Anti-Frizz disciplining shampoo, 1000 ml - Selleetools.com<\/title>\n<meta name=\"robots\" content=\"index, follow, max-snippet:-1, max-image-preview:large, max-video-preview:-1\" \/>\n<link rel=\"canonical\" href=\"https:\/\/selleetools.com\/pl\/product\/fanola-keraterm-hair-ritual-shampoo-ph-52-57-anti-frizz-disciplining-shampoo-1000-ml\/\" \/>\n<meta property=\"og:locale\" content=\"pl_PL\" \/>\n<meta property=\"og:type\" content=\"article\" \/>\n<meta property=\"og:title\" content=\"Fanola Keraterm Hair ritual Shampoo pH 5,2-5,7 Anti-Frizz disciplining shampoo, 1000 ml - Selleetools.com\" \/>\n<meta property=\"og:description\" content=\"FeaturesB\u00e4ndigendes Anti-Frizz ShampooIdeal f\u00fcr chemisch gegl\u00e4ttetes und h\u00e4ufig chemisch behandeltes HaarReinigt schonend, beseitigt den Kraus-Effekt, verleiht der Frisur Geschmeidigkeit und LeichtigkeitMacht das Haar glatt, seidenweich und gl\u00e4nzend, ohne es zu beschwerenMade in Italy\" \/>\n<meta property=\"og:url\" content=\"https:\/\/selleetools.com\/pl\/product\/fanola-keraterm-hair-ritual-shampoo-ph-52-57-anti-frizz-disciplining-shampoo-1000-ml\/\" \/>\n<meta property=\"og:site_name\" content=\"Selleetools.com\" \/>\n<meta property=\"article:modified_time\" content=\"2023-11-25T11:24:58+00:00\" \/>\n<meta property=\"og:image\" content=\"https:\/\/selleetools.com\/wp-content\/uploads\/2023\/10\/61O33Gi4keL.jpg\" \/>\n\t<meta property=\"og:image:width\" content=\"2000\" \/>\n\t<meta property=\"og:image:height\" content=\"2000\" \/>\n\t<meta property=\"og:image:type\" content=\"image\/jpeg\" \/>\n<meta name=\"twitter:card\" content=\"summary_large_image\" \/>\n<!-- \/ Yoast SEO plugin. -->","yoast_head_json":{"title":"Fanola Keraterm Hair ritual Shampoo pH 5,2-5,7 Anti-Frizz disciplining shampoo, 1000 ml - Selleetools.com","robots":{"index":"index","follow":"follow","max-snippet":"max-snippet:-1","max-image-preview":"max-image-preview:large","max-video-preview":"max-video-preview:-1"},"canonical":"https:\/\/selleetools.com\/pl\/product\/fanola-keraterm-hair-ritual-shampoo-ph-52-57-anti-frizz-disciplining-shampoo-1000-ml\/","og_locale":"pl_PL","og_type":"article","og_title":"Fanola Keraterm Hair ritual Shampoo pH 5,2-5,7 Anti-Frizz disciplining shampoo, 1000 ml - Selleetools.com","og_description":"FeaturesB\u00e4ndigendes Anti-Frizz ShampooIdeal f\u00fcr chemisch gegl\u00e4ttetes und h\u00e4ufig chemisch behandeltes HaarReinigt schonend, beseitigt den Kraus-Effekt, verleiht der Frisur Geschmeidigkeit und LeichtigkeitMacht das Haar glatt, seidenweich und gl\u00e4nzend, ohne es zu beschwerenMade in Italy","og_url":"https:\/\/selleetools.com\/pl\/product\/fanola-keraterm-hair-ritual-shampoo-ph-52-57-anti-frizz-disciplining-shampoo-1000-ml\/","og_site_name":"Selleetools.com","article_modified_time":"2023-11-25T11:24:58+00:00","og_image":[{"width":2000,"height":2000,"url":"https:\/\/selleetools.com\/wp-content\/uploads\/2023\/10\/61O33Gi4keL.jpg","type":"image\/jpeg"}],"twitter_card":"summary_large_image","schema":{"@context":"https:\/\/schema.org","@graph":[{"@type":"Organization","@id":"https:\/\/selleetools.com\/#organization","name":"Selleetools","url":"https:\/\/selleetools.com\/","sameAs":[],"logo":{"@type":"ImageObject","inLanguage":"pl-PL","@id":"https:\/\/selleetools.com\/#\/schema\/logo\/image\/","url":"https:\/\/selleetools.com\/wp-content\/uploads\/2021\/10\/logo-dark.png","contentUrl":"https:\/\/selleetools.com\/wp-content\/uploads\/2021\/10\/logo-dark.png","width":320,"height":76,"caption":"Selleetools"},"image":{"@id":"https:\/\/selleetools.com\/#\/schema\/logo\/image\/"}},{"@type":"WebSite","@id":"https:\/\/selleetools.com\/#website","url":"https:\/\/selleetools.com\/","name":"Selleetools.com","description":"","publisher":{"@id":"https:\/\/selleetools.com\/#organization"},"potentialAction":[{"@type":"SearchAction","target":{"@type":"EntryPoint","urlTemplate":"https:\/\/selleetools.com\/?s={search_term_string}"},"query-input":"required name=search_term_string"}],"inLanguage":"pl-PL"},{"@type":"WebPage","@id":"https:\/\/selleetools.com\/pl\/product\/fanola-keraterm-hair-ritual-shampoo-ph-52-57-anti-frizz-disciplining-shampoo-1000-ml\/","url":"https:\/\/selleetools.com\/pl\/product\/fanola-keraterm-hair-ritual-shampoo-ph-52-57-anti-frizz-disciplining-shampoo-1000-ml\/","name":"Fanola Keraterm Hair ritual Shampoo pH 5,2-5,7 Anti-Frizz disciplining shampoo, 1000 ml - Selleetools.com","isPartOf":{"@id":"https:\/\/selleetools.com\/#website"},"datePublished":"2023-10-08T09:25:26+00:00","dateModified":"2023-11-25T11:24:58+00:00","breadcrumb":{"@id":"https:\/\/selleetools.com\/pl\/product\/fanola-keraterm-hair-ritual-shampoo-ph-52-57-anti-frizz-disciplining-shampoo-1000-ml\/#breadcrumb"},"inLanguage":"pl-PL","potentialAction":[{"@type":"ReadAction","target":["https:\/\/selleetools.com\/pl\/product\/fanola-keraterm-hair-ritual-shampoo-ph-52-57-anti-frizz-disciplining-shampoo-1000-ml\/"]}]},{"@type":"BreadcrumbList","@id":"https:\/\/selleetools.com\/pl\/product\/fanola-keraterm-hair-ritual-shampoo-ph-52-57-anti-frizz-disciplining-shampoo-1000-ml\/#breadcrumb","itemListElement":[{"@type":"ListItem","position":1,"name":"Home","item":"https:\/\/selleetools.com\/pl\/"},{"@type":"ListItem","position":2,"name":"Katalog","item":"https:\/\/selleetools.com\/pl\/katalog\/"},{"@type":"ListItem","position":3,"name":"Fanola Keraterm Hair ritual Shampoo pH 5,2-5,7 Anti-Frizz disciplining shampoo, 1000 ml"}]}]}},"_links":{"self":[{"href":"https:\/\/selleetools.com\/pl\/wp-json\/wp\/v2\/product\/292953"}],"collection":[{"href":"https:\/\/selleetools.com\/pl\/wp-json\/wp\/v2\/product"}],"about":[{"href":"https:\/\/selleetools.com\/pl\/wp-json\/wp\/v2\/types\/product"}],"replies":[{"embeddable":true,"href":"https:\/\/selleetools.com\/pl\/wp-json\/wp\/v2\/comments?post=292953"}],"wp:featuredmedia":[{"embeddable":true,"href":"https:\/\/selleetools.com\/pl\/wp-json\/wp\/v2\/media\/292935"}],"wp:attachment":[{"href":"https:\/\/selleetools.com\/pl\/wp-json\/wp\/v2\/media?parent=292953"}],"curies":[{"name":"wp","href":"https:\/\/api.w.org\/{rel}","templated":true}]}}