{"id":767172,"date":"2026-04-29T01:21:39","date_gmt":"2026-04-28T23:21:39","guid":{"rendered":"https:\/\/selleetools.com\/?post_type=product&#038;p=767172"},"modified":"2026-05-10T16:13:13","modified_gmt":"2026-05-10T14:13:13","slug":"koszyk-na-cebulki-onion-215-cm","status":"publish","type":"product","link":"https:\/\/selleetools.com\/pl\/product\/koszyk-na-cebulki-onion-215-cm\/","title":{"rendered":"Koszyk na cebulki ONION 21,5 cm"},"content":{"rendered":"<p>Koszyk na cebulki ONION 21,5 cm Onion II to wariant sprawdzonego koszyka Onion, dzi\u0119ki konstrukcji umo\u017cliwia u\u0142o\u017cenie kilku pojemnik\u00f3w jeden na drugim, co pozwala na oszcz\u0119dno\u015b\u0107 miejsca przy przechowywaniu cebulek czy sadzonek. \u015arednica 21,5cm, wysoko\u015b\u0107 5,5cm, kolor zielony le\u015bny.<\/p>\n<p>Koszyk na cebulki ONION 21,5 cm Onion II to wariant sprawdzonego koszyka Onion, dzi\u0119ki konstrukcji umo\u017cliwia u\u0142o\u017cenie kilku pojemnik\u00f3w jeden na drugim, co pozwala na oszcz\u0119dno\u015b\u0107 miejsca przy przechowywaniu cebulek czy sadzonek. \u015arednica 21,5cm, wysoko\u015b\u0107 5,5cm, kolor zielony le\u015bny.<\/p>\n","protected":false},"excerpt":{"rendered":"<p>Koszyk na cebulki ONION 21,5 cm Onion II to wariant sprawdzonego koszyka Onion, dzi\u0119ki konstrukcji umo\u017cliwia u\u0142o\u017cenie kilku pojemnik\u00f3w jeden na drugim, co pozwala na oszcz\u0119dno\u015b\u0107 miejsca przy przechowywaniu cebulek czy sadzonek. \u015arednica 21,5cm, wysoko\u015b\u0107 5,5cm, kolor zielony le\u015bny. Koszyk na cebulki ONION 21,5 cm Onion II to wariant sprawdzonego koszyka Onion, dzi\u0119ki konstrukcji umo\u017cliwia &#8230; <a title=\"Koszyk na cebulki ONION 21,5 cm\" class=\"read-more\" href=\"https:\/\/selleetools.com\/pl\/product\/koszyk-na-cebulki-onion-215-cm\/\">Read more<span class=\"screen-reader-text\">Koszyk na cebulki ONION 21,5 cm<\/span><\/a><\/p>\n","protected":false},"featured_media":767168,"comment_status":"closed","ping_status":"closed","template":"","meta":{"_links_to":"","_links_to_target":""},"yoast_head":"<!-- This site is optimized with the Yoast SEO plugin v19.4 - https:\/\/yoast.com\/wordpress\/plugins\/seo\/ -->\n<title>Koszyk na cebulki ONION 21,5 cm - Selleetools.com<\/title>\n<meta name=\"robots\" content=\"index, follow, max-snippet:-1, max-image-preview:large, max-video-preview:-1\" \/>\n<link rel=\"canonical\" href=\"https:\/\/selleetools.com\/pl\/product\/koszyk-na-cebulki-onion-215-cm\/\" \/>\n<meta property=\"og:locale\" content=\"pl_PL\" \/>\n<meta property=\"og:type\" content=\"article\" \/>\n<meta property=\"og:title\" content=\"Koszyk na cebulki ONION 21,5 cm - Selleetools.com\" \/>\n<meta property=\"og:description\" content=\"Koszyk na cebulki ONION 21,5 cm Onion II to wariant sprawdzonego koszyka Onion, dzi\u0119ki konstrukcji umo\u017cliwia u\u0142o\u017cenie kilku pojemnik\u00f3w jeden na drugim, co pozwala na oszcz\u0119dno\u015b\u0107 miejsca przy przechowywaniu cebulek czy sadzonek. \u015arednica 21,5cm, wysoko\u015b\u0107 5,5cm, kolor zielony le\u015bny. Koszyk na cebulki ONION 21,5 cm Onion II to wariant sprawdzonego koszyka Onion, dzi\u0119ki konstrukcji umo\u017cliwia ... Read moreKoszyk na cebulki ONION 21,5 cm\" \/>\n<meta property=\"og:url\" content=\"https:\/\/selleetools.com\/pl\/product\/koszyk-na-cebulki-onion-215-cm\/\" \/>\n<meta property=\"og:site_name\" content=\"Selleetools.com\" \/>\n<meta property=\"article:modified_time\" content=\"2026-05-10T14:13:13+00:00\" \/>\n<meta property=\"og:image\" content=\"https:\/\/selleetools.com\/wp-content\/uploads\/2026\/04\/49d8140e4c00c2a766e0a50d2db81054.jpg\" \/>\n\t<meta property=\"og:image:width\" content=\"1772\" \/>\n\t<meta property=\"og:image:height\" content=\"1280\" \/>\n\t<meta property=\"og:image:type\" content=\"image\/jpeg\" \/>\n<meta name=\"twitter:card\" content=\"summary_large_image\" \/>\n<!-- \/ Yoast SEO plugin. -->","yoast_head_json":{"title":"Koszyk na cebulki ONION 21,5 cm - Selleetools.com","robots":{"index":"index","follow":"follow","max-snippet":"max-snippet:-1","max-image-preview":"max-image-preview:large","max-video-preview":"max-video-preview:-1"},"canonical":"https:\/\/selleetools.com\/pl\/product\/koszyk-na-cebulki-onion-215-cm\/","og_locale":"pl_PL","og_type":"article","og_title":"Koszyk na cebulki ONION 21,5 cm - Selleetools.com","og_description":"Koszyk na cebulki ONION 21,5 cm Onion II to wariant sprawdzonego koszyka Onion, dzi\u0119ki konstrukcji umo\u017cliwia u\u0142o\u017cenie kilku pojemnik\u00f3w jeden na drugim, co pozwala na oszcz\u0119dno\u015b\u0107 miejsca przy przechowywaniu cebulek czy sadzonek. \u015arednica 21,5cm, wysoko\u015b\u0107 5,5cm, kolor zielony le\u015bny. Koszyk na cebulki ONION 21,5 cm Onion II to wariant sprawdzonego koszyka Onion, dzi\u0119ki konstrukcji umo\u017cliwia ... Read moreKoszyk na cebulki ONION 21,5 cm","og_url":"https:\/\/selleetools.com\/pl\/product\/koszyk-na-cebulki-onion-215-cm\/","og_site_name":"Selleetools.com","article_modified_time":"2026-05-10T14:13:13+00:00","og_image":[{"width":1772,"height":1280,"url":"https:\/\/selleetools.com\/wp-content\/uploads\/2026\/04\/49d8140e4c00c2a766e0a50d2db81054.jpg","type":"image\/jpeg"}],"twitter_card":"summary_large_image","schema":{"@context":"https:\/\/schema.org","@graph":[{"@type":"Organization","@id":"https:\/\/selleetools.com\/#organization","name":"Selleetools","url":"https:\/\/selleetools.com\/","sameAs":[],"logo":{"@type":"ImageObject","inLanguage":"pl-PL","@id":"https:\/\/selleetools.com\/#\/schema\/logo\/image\/","url":"https:\/\/selleetools.com\/wp-content\/uploads\/2021\/10\/logo-dark.png","contentUrl":"https:\/\/selleetools.com\/wp-content\/uploads\/2021\/10\/logo-dark.png","width":320,"height":76,"caption":"Selleetools"},"image":{"@id":"https:\/\/selleetools.com\/#\/schema\/logo\/image\/"}},{"@type":"WebSite","@id":"https:\/\/selleetools.com\/#website","url":"https:\/\/selleetools.com\/","name":"Selleetools.com","description":"","publisher":{"@id":"https:\/\/selleetools.com\/#organization"},"potentialAction":[{"@type":"SearchAction","target":{"@type":"EntryPoint","urlTemplate":"https:\/\/selleetools.com\/?s={search_term_string}"},"query-input":"required name=search_term_string"}],"inLanguage":"pl-PL"},{"@type":"WebPage","@id":"https:\/\/selleetools.com\/pl\/product\/koszyk-na-cebulki-onion-215-cm\/","url":"https:\/\/selleetools.com\/pl\/product\/koszyk-na-cebulki-onion-215-cm\/","name":"Koszyk na cebulki ONION 21,5 cm - Selleetools.com","isPartOf":{"@id":"https:\/\/selleetools.com\/#website"},"datePublished":"2026-04-28T23:21:39+00:00","dateModified":"2026-05-10T14:13:13+00:00","breadcrumb":{"@id":"https:\/\/selleetools.com\/pl\/product\/koszyk-na-cebulki-onion-215-cm\/#breadcrumb"},"inLanguage":"pl-PL","potentialAction":[{"@type":"ReadAction","target":["https:\/\/selleetools.com\/pl\/product\/koszyk-na-cebulki-onion-215-cm\/"]}]},{"@type":"BreadcrumbList","@id":"https:\/\/selleetools.com\/pl\/product\/koszyk-na-cebulki-onion-215-cm\/#breadcrumb","itemListElement":[{"@type":"ListItem","position":1,"name":"Home","item":"https:\/\/selleetools.com\/pl\/"},{"@type":"ListItem","position":2,"name":"Katalog","item":"https:\/\/selleetools.com\/pl\/katalog\/"},{"@type":"ListItem","position":3,"name":"Koszyk na cebulki ONION 21,5 cm"}]}]}},"_links":{"self":[{"href":"https:\/\/selleetools.com\/pl\/wp-json\/wp\/v2\/product\/767172"}],"collection":[{"href":"https:\/\/selleetools.com\/pl\/wp-json\/wp\/v2\/product"}],"about":[{"href":"https:\/\/selleetools.com\/pl\/wp-json\/wp\/v2\/types\/product"}],"replies":[{"embeddable":true,"href":"https:\/\/selleetools.com\/pl\/wp-json\/wp\/v2\/comments?post=767172"}],"wp:featuredmedia":[{"embeddable":true,"href":"https:\/\/selleetools.com\/pl\/wp-json\/wp\/v2\/media\/767168"}],"wp:attachment":[{"href":"https:\/\/selleetools.com\/pl\/wp-json\/wp\/v2\/media?parent=767172"}],"curies":[{"name":"wp","href":"https:\/\/api.w.org\/{rel}","templated":true}]}}