{"id":767125,"date":"2026-04-29T01:21:04","date_gmt":"2026-04-28T23:21:04","guid":{"rendered":"https:\/\/selleetools.com\/?post_type=product&#038;p=767125"},"modified":"2026-05-10T16:01:17","modified_gmt":"2026-05-10T14:01:17","slug":"uchwyt-hangplast-balkonowy-do-doniczek-terakota","status":"publish","type":"product","link":"https:\/\/selleetools.com\/pl\/product\/uchwyt-hangplast-balkonowy-do-doniczek-terakota\/","title":{"rendered":"Uchwyt HANGPLAST balkonowy do doniczek | Terakota"},"content":{"rendered":"<p>Uchwyt HANGPLAST balkonowy do doniczek &#8211; Terakota Uchwyt balkonowy Hangplast to praktyczne akcesorium, niezb\u0119dne dla ka\u017cdego posiadacza balkonu czy tarasu. Ma wzmocnion\u0105 konstrukcj\u0119 i regulowan\u0105 szeroko\u015b\u0107. Dost\u0119pny w kilku wersjach kolorystycznych. Uchwyt pasuje do barierek o szeroko\u015bci od 1 do 12,5 cm. Maksymalne obci\u0105\u017cenie pojedynczego uchwytu: 6 kg Dob\u00f3r ilo\u015bci uchwyt\u00f3w do doniczek o d\u0142ugo\u015bci [L]: &#8211; L= 40 \u00f7\u00a0 50 cm &#8211; 2 szt. &#8211; L= 60 \u00f7\u00a0 70 cm &#8211;\u00a03 szt. &#8211; L= 80 \u00f7\u00a0 100 cm &#8211;\u00a04 szt. \u00a0 Uchwyt Hangplast pasuje do doniczek firmy Prosperplast: &#8211; Ratolla Case &#8211; ISR400, ISR500, ISR600, ISR700, ISR800, ISR900 &#8211; Ratolla Case P &#8211; ISR400P, ISR500P, ISR600P, ISR700P, ISR800P, ISR900P &#8211; Espana Box &#8211; ISE400, ISE500, ISE600, ISE700, ISE800, ISE900 &#8211; Espana Set &#8211; ISE400P, ISE500P, ISE600P, ISE700P, ISE800P, ISE900P &#8211; Agro &#8211; IS400, IS500, IS600, IS700, IS800, IS1000<\/p>\n<p>Uchwyt HANGPLAST balkonowy do doniczek &#8211; Terakota Uchwyt balkonowy Hangplast to praktyczne akcesorium, niezb\u0119dne dla ka\u017cdego posiadacza balkonu czy tarasu. Ma wzmocnion\u0105 konstrukcj\u0119 i regulowan\u0105 szeroko\u015b\u0107. Dost\u0119pny w kilku wersjach kolorystycznych. Uchwyt pasuje do barierek o szeroko\u015bci od 1 do 12,5 cm. Maksymalne obci\u0105\u017cenie pojedynczego uchwytu: 6 kg Dob\u00f3r ilo\u015bci uchwyt\u00f3w do doniczek o d\u0142ugo\u015bci [L]: &#8211; L= 40 \u00f7\u00a0 50 cm &#8211; 2 szt. &#8211; L= 60 \u00f7\u00a0 70 cm &#8211;\u00a03 szt. &#8211; L= 80 \u00f7\u00a0 100 cm &#8211;\u00a04 szt. \u00a0 Uchwyt Hangplast pasuje do doniczek firmy Prosperplast: &#8211; Ratolla Case &#8211; ISR400, ISR500, ISR600, ISR700, ISR800, ISR900 &#8211; Ratolla Case P &#8211; ISR400P, ISR500P, ISR600P, ISR700P, ISR800P, ISR900P &#8211; Espana Box &#8211; ISE400, ISE500, ISE600, ISE700, ISE800, ISE900 &#8211; Espana Set &#8211; ISE400P, ISE500P, ISE600P, ISE700P, ISE800P, ISE900P &#8211; Agro &#8211; IS400, IS500, IS600, IS700, IS800, IS1000<\/p>\n","protected":false},"excerpt":{"rendered":"<p>Uchwyt HANGPLAST balkonowy do doniczek &#8211; Terakota Uchwyt balkonowy Hangplast to praktyczne akcesorium, niezb\u0119dne dla ka\u017cdego posiadacza balkonu czy tarasu. Ma wzmocnion\u0105 konstrukcj\u0119 i regulowan\u0105 szeroko\u015b\u0107. Dost\u0119pny w kilku wersjach kolorystycznych. Uchwyt pasuje do barierek o szeroko\u015bci od 1 do 12,5 cm. Maksymalne obci\u0105\u017cenie pojedynczego uchwytu: 6 kg Dob\u00f3r ilo\u015bci uchwyt\u00f3w do doniczek o d\u0142ugo\u015bci &#8230; <a title=\"Uchwyt HANGPLAST balkonowy do doniczek | Terakota\" class=\"read-more\" href=\"https:\/\/selleetools.com\/pl\/product\/uchwyt-hangplast-balkonowy-do-doniczek-terakota\/\">Read more<span class=\"screen-reader-text\">Uchwyt HANGPLAST balkonowy do doniczek | Terakota<\/span><\/a><\/p>\n","protected":false},"featured_media":767111,"comment_status":"closed","ping_status":"closed","template":"","meta":{"_links_to":"","_links_to_target":""},"yoast_head":"<!-- This site is optimized with the Yoast SEO plugin v19.4 - https:\/\/yoast.com\/wordpress\/plugins\/seo\/ -->\n<title>Uchwyt HANGPLAST balkonowy do doniczek | Terakota - Selleetools.com<\/title>\n<meta name=\"robots\" content=\"index, follow, max-snippet:-1, max-image-preview:large, max-video-preview:-1\" \/>\n<link rel=\"canonical\" href=\"https:\/\/selleetools.com\/pl\/product\/uchwyt-hangplast-balkonowy-do-doniczek-terakota\/\" \/>\n<meta property=\"og:locale\" content=\"pl_PL\" \/>\n<meta property=\"og:type\" content=\"article\" \/>\n<meta property=\"og:title\" content=\"Uchwyt HANGPLAST balkonowy do doniczek | Terakota - Selleetools.com\" \/>\n<meta property=\"og:description\" content=\"Uchwyt HANGPLAST balkonowy do doniczek &#8211; Terakota Uchwyt balkonowy Hangplast to praktyczne akcesorium, niezb\u0119dne dla ka\u017cdego posiadacza balkonu czy tarasu. Ma wzmocnion\u0105 konstrukcj\u0119 i regulowan\u0105 szeroko\u015b\u0107. Dost\u0119pny w kilku wersjach kolorystycznych. Uchwyt pasuje do barierek o szeroko\u015bci od 1 do 12,5 cm. Maksymalne obci\u0105\u017cenie pojedynczego uchwytu: 6 kg Dob\u00f3r ilo\u015bci uchwyt\u00f3w do doniczek o d\u0142ugo\u015bci ... Read moreUchwyt HANGPLAST balkonowy do doniczek | Terakota\" \/>\n<meta property=\"og:url\" content=\"https:\/\/selleetools.com\/pl\/product\/uchwyt-hangplast-balkonowy-do-doniczek-terakota\/\" \/>\n<meta property=\"og:site_name\" content=\"Selleetools.com\" \/>\n<meta property=\"article:modified_time\" content=\"2026-05-10T14:01:17+00:00\" \/>\n<meta property=\"og:image\" content=\"https:\/\/selleetools.com\/wp-content\/uploads\/2026\/04\/0c87ba174945b9cb526c05b46602f06b.jpg\" \/>\n\t<meta property=\"og:image:width\" content=\"1900\" \/>\n\t<meta property=\"og:image:height\" content=\"1732\" \/>\n\t<meta property=\"og:image:type\" content=\"image\/jpeg\" \/>\n<meta name=\"twitter:card\" content=\"summary_large_image\" \/>\n<meta name=\"twitter:label1\" content=\"Est. reading time\" \/>\n\t<meta name=\"twitter:data1\" content=\"1 minuta\" \/>\n<!-- \/ Yoast SEO plugin. -->","yoast_head_json":{"title":"Uchwyt HANGPLAST balkonowy do doniczek | Terakota - Selleetools.com","robots":{"index":"index","follow":"follow","max-snippet":"max-snippet:-1","max-image-preview":"max-image-preview:large","max-video-preview":"max-video-preview:-1"},"canonical":"https:\/\/selleetools.com\/pl\/product\/uchwyt-hangplast-balkonowy-do-doniczek-terakota\/","og_locale":"pl_PL","og_type":"article","og_title":"Uchwyt HANGPLAST balkonowy do doniczek | Terakota - Selleetools.com","og_description":"Uchwyt HANGPLAST balkonowy do doniczek &#8211; Terakota Uchwyt balkonowy Hangplast to praktyczne akcesorium, niezb\u0119dne dla ka\u017cdego posiadacza balkonu czy tarasu. Ma wzmocnion\u0105 konstrukcj\u0119 i regulowan\u0105 szeroko\u015b\u0107. Dost\u0119pny w kilku wersjach kolorystycznych. Uchwyt pasuje do barierek o szeroko\u015bci od 1 do 12,5 cm. Maksymalne obci\u0105\u017cenie pojedynczego uchwytu: 6 kg Dob\u00f3r ilo\u015bci uchwyt\u00f3w do doniczek o d\u0142ugo\u015bci ... Read moreUchwyt HANGPLAST balkonowy do doniczek | Terakota","og_url":"https:\/\/selleetools.com\/pl\/product\/uchwyt-hangplast-balkonowy-do-doniczek-terakota\/","og_site_name":"Selleetools.com","article_modified_time":"2026-05-10T14:01:17+00:00","og_image":[{"width":1900,"height":1732,"url":"https:\/\/selleetools.com\/wp-content\/uploads\/2026\/04\/0c87ba174945b9cb526c05b46602f06b.jpg","type":"image\/jpeg"}],"twitter_card":"summary_large_image","twitter_misc":{"Est. reading time":"1 minuta"},"schema":{"@context":"https:\/\/schema.org","@graph":[{"@type":"Organization","@id":"https:\/\/selleetools.com\/#organization","name":"Selleetools","url":"https:\/\/selleetools.com\/","sameAs":[],"logo":{"@type":"ImageObject","inLanguage":"pl-PL","@id":"https:\/\/selleetools.com\/#\/schema\/logo\/image\/","url":"https:\/\/selleetools.com\/wp-content\/uploads\/2021\/10\/logo-dark.png","contentUrl":"https:\/\/selleetools.com\/wp-content\/uploads\/2021\/10\/logo-dark.png","width":320,"height":76,"caption":"Selleetools"},"image":{"@id":"https:\/\/selleetools.com\/#\/schema\/logo\/image\/"}},{"@type":"WebSite","@id":"https:\/\/selleetools.com\/#website","url":"https:\/\/selleetools.com\/","name":"Selleetools.com","description":"","publisher":{"@id":"https:\/\/selleetools.com\/#organization"},"potentialAction":[{"@type":"SearchAction","target":{"@type":"EntryPoint","urlTemplate":"https:\/\/selleetools.com\/?s={search_term_string}"},"query-input":"required name=search_term_string"}],"inLanguage":"pl-PL"},{"@type":"WebPage","@id":"https:\/\/selleetools.com\/pl\/product\/uchwyt-hangplast-balkonowy-do-doniczek-terakota\/","url":"https:\/\/selleetools.com\/pl\/product\/uchwyt-hangplast-balkonowy-do-doniczek-terakota\/","name":"Uchwyt HANGPLAST balkonowy do doniczek | Terakota - Selleetools.com","isPartOf":{"@id":"https:\/\/selleetools.com\/#website"},"datePublished":"2026-04-28T23:21:04+00:00","dateModified":"2026-05-10T14:01:17+00:00","breadcrumb":{"@id":"https:\/\/selleetools.com\/pl\/product\/uchwyt-hangplast-balkonowy-do-doniczek-terakota\/#breadcrumb"},"inLanguage":"pl-PL","potentialAction":[{"@type":"ReadAction","target":["https:\/\/selleetools.com\/pl\/product\/uchwyt-hangplast-balkonowy-do-doniczek-terakota\/"]}]},{"@type":"BreadcrumbList","@id":"https:\/\/selleetools.com\/pl\/product\/uchwyt-hangplast-balkonowy-do-doniczek-terakota\/#breadcrumb","itemListElement":[{"@type":"ListItem","position":1,"name":"Home","item":"https:\/\/selleetools.com\/pl\/"},{"@type":"ListItem","position":2,"name":"Katalog","item":"https:\/\/selleetools.com\/pl\/katalog\/"},{"@type":"ListItem","position":3,"name":"Uchwyt HANGPLAST balkonowy do doniczek | Terakota"}]}]}},"_links":{"self":[{"href":"https:\/\/selleetools.com\/pl\/wp-json\/wp\/v2\/product\/767125"}],"collection":[{"href":"https:\/\/selleetools.com\/pl\/wp-json\/wp\/v2\/product"}],"about":[{"href":"https:\/\/selleetools.com\/pl\/wp-json\/wp\/v2\/types\/product"}],"replies":[{"embeddable":true,"href":"https:\/\/selleetools.com\/pl\/wp-json\/wp\/v2\/comments?post=767125"}],"wp:featuredmedia":[{"embeddable":true,"href":"https:\/\/selleetools.com\/pl\/wp-json\/wp\/v2\/media\/767111"}],"wp:attachment":[{"href":"https:\/\/selleetools.com\/pl\/wp-json\/wp\/v2\/media?parent=767125"}],"curies":[{"name":"wp","href":"https:\/\/api.w.org\/{rel}","templated":true}]}}