{"id":767076,"date":"2026-04-29T01:20:29","date_gmt":"2026-04-28T23:20:29","guid":{"rendered":"https:\/\/selleetools.com\/?post_type=product&#038;p=767076"},"modified":"2026-05-10T16:01:19","modified_gmt":"2026-05-10T14:01:19","slug":"doniczka-klasyczna-terra-dce25-terakota","status":"publish","type":"product","link":"https:\/\/selleetools.com\/pl\/product\/doniczka-klasyczna-terra-dce25-terakota\/","title":{"rendered":"Doniczka klasyczna Terra DCE25 | Terakota"},"content":{"rendered":"<p>Specyfikacja: &#8211; Wysoko\u015b\u0107:\u00a019,5 cm &#8211; \u015arednica:\u00a025 cm . &#8211; Produkt sprzedawany bez podstawki. &#8211; Pojemno\u015b\u0107:\u00a05 l Mo\u017cemy j\u0105 umie\u015bci\u0107: &#8211; w domu &#8211; przestronnym wn\u0119trzu &#8211; na tarasie &#8211; na balkonie &#8211; w ogrodzie Ponadczasowa doniczka Terra sprawdzi si\u0119 zar\u00f3wno w ogrodach jak i wn\u0119trzach. Produkt cechuje si\u0119 du\u017c\u0105 wytrzyma\u0142o\u015bci\u0105 na mr\u00f3z i warunki atmosferyczne. Wykonany jest z wysokiej jako\u015bci tworzywa sztucznego, a dzi\u0119ki specjalnej pow\u0142oce odpornej na promienie UV zachowuj\u0105 pierwotny kolor, struktura materia\u0142u jest odporna na wszelkie p\u0119kni\u0119cia i z\u0142amania.<\/p>\n<p>Specyfikacja: &#8211; Wysoko\u015b\u0107:\u00a019,5 cm &#8211; \u015arednica:\u00a025 cm . &#8211; Produkt sprzedawany bez podstawki. &#8211; Pojemno\u015b\u0107:\u00a05 l Mo\u017cemy j\u0105 umie\u015bci\u0107: &#8211; w domu &#8211; przestronnym wn\u0119trzu &#8211; na tarasie &#8211; na balkonie &#8211; w ogrodzie Ponadczasowa doniczka Terra sprawdzi si\u0119 zar\u00f3wno w ogrodach jak i wn\u0119trzach. Produkt cechuje si\u0119 du\u017c\u0105 wytrzyma\u0142o\u015bci\u0105 na mr\u00f3z i warunki atmosferyczne. Wykonany jest z wysokiej jako\u015bci tworzywa sztucznego, a dzi\u0119ki specjalnej pow\u0142oce odpornej na promienie UV zachowuj\u0105 pierwotny kolor, struktura materia\u0142u jest odporna na wszelkie p\u0119kni\u0119cia i z\u0142amania.<\/p>\n","protected":false},"excerpt":{"rendered":"<p>Specyfikacja: &#8211; Wysoko\u015b\u0107:\u00a019,5 cm &#8211; \u015arednica:\u00a025 cm . &#8211; Produkt sprzedawany bez podstawki. &#8211; Pojemno\u015b\u0107:\u00a05 l Mo\u017cemy j\u0105 umie\u015bci\u0107: &#8211; w domu &#8211; przestronnym wn\u0119trzu &#8211; na tarasie &#8211; na balkonie &#8211; w ogrodzie Ponadczasowa doniczka Terra sprawdzi si\u0119 zar\u00f3wno w ogrodach jak i wn\u0119trzach. Produkt cechuje si\u0119 du\u017c\u0105 wytrzyma\u0142o\u015bci\u0105 na mr\u00f3z i warunki atmosferyczne. &#8230; <a title=\"Doniczka klasyczna Terra DCE25 | Terakota\" class=\"read-more\" href=\"https:\/\/selleetools.com\/pl\/product\/doniczka-klasyczna-terra-dce25-terakota\/\">Read more<span class=\"screen-reader-text\">Doniczka klasyczna Terra DCE25 | Terakota<\/span><\/a><\/p>\n","protected":false},"featured_media":767064,"comment_status":"closed","ping_status":"closed","template":"","meta":{"_links_to":"","_links_to_target":""},"yoast_head":"<!-- This site is optimized with the Yoast SEO plugin v19.4 - https:\/\/yoast.com\/wordpress\/plugins\/seo\/ -->\n<title>Doniczka klasyczna Terra DCE25 | Terakota - Selleetools.com<\/title>\n<meta name=\"robots\" content=\"index, follow, max-snippet:-1, max-image-preview:large, max-video-preview:-1\" \/>\n<link rel=\"canonical\" href=\"https:\/\/selleetools.com\/pl\/product\/doniczka-klasyczna-terra-dce25-terakota\/\" \/>\n<meta property=\"og:locale\" content=\"pl_PL\" \/>\n<meta property=\"og:type\" content=\"article\" \/>\n<meta property=\"og:title\" content=\"Doniczka klasyczna Terra DCE25 | Terakota - Selleetools.com\" \/>\n<meta property=\"og:description\" content=\"Specyfikacja: &#8211; Wysoko\u015b\u0107:\u00a019,5 cm &#8211; \u015arednica:\u00a025 cm . &#8211; Produkt sprzedawany bez podstawki. &#8211; Pojemno\u015b\u0107:\u00a05 l Mo\u017cemy j\u0105 umie\u015bci\u0107: &#8211; w domu &#8211; przestronnym wn\u0119trzu &#8211; na tarasie &#8211; na balkonie &#8211; w ogrodzie Ponadczasowa doniczka Terra sprawdzi si\u0119 zar\u00f3wno w ogrodach jak i wn\u0119trzach. Produkt cechuje si\u0119 du\u017c\u0105 wytrzyma\u0142o\u015bci\u0105 na mr\u00f3z i warunki atmosferyczne. ... Read moreDoniczka klasyczna Terra DCE25 | Terakota\" \/>\n<meta property=\"og:url\" content=\"https:\/\/selleetools.com\/pl\/product\/doniczka-klasyczna-terra-dce25-terakota\/\" \/>\n<meta property=\"og:site_name\" content=\"Selleetools.com\" \/>\n<meta property=\"article:modified_time\" content=\"2026-05-10T14:01:19+00:00\" \/>\n<meta property=\"og:image\" content=\"https:\/\/selleetools.com\/wp-content\/uploads\/2026\/04\/ac6fd8216062022b9364f3baef6605c6.jpg\" \/>\n\t<meta property=\"og:image:width\" content=\"996\" \/>\n\t<meta property=\"og:image:height\" content=\"774\" \/>\n\t<meta property=\"og:image:type\" content=\"image\/jpeg\" \/>\n<meta name=\"twitter:card\" content=\"summary_large_image\" \/>\n<meta name=\"twitter:label1\" content=\"Est. reading time\" \/>\n\t<meta name=\"twitter:data1\" content=\"1 minuta\" \/>\n<!-- \/ Yoast SEO plugin. -->","yoast_head_json":{"title":"Doniczka klasyczna Terra DCE25 | Terakota - Selleetools.com","robots":{"index":"index","follow":"follow","max-snippet":"max-snippet:-1","max-image-preview":"max-image-preview:large","max-video-preview":"max-video-preview:-1"},"canonical":"https:\/\/selleetools.com\/pl\/product\/doniczka-klasyczna-terra-dce25-terakota\/","og_locale":"pl_PL","og_type":"article","og_title":"Doniczka klasyczna Terra DCE25 | Terakota - Selleetools.com","og_description":"Specyfikacja: &#8211; Wysoko\u015b\u0107:\u00a019,5 cm &#8211; \u015arednica:\u00a025 cm . &#8211; Produkt sprzedawany bez podstawki. &#8211; Pojemno\u015b\u0107:\u00a05 l Mo\u017cemy j\u0105 umie\u015bci\u0107: &#8211; w domu &#8211; przestronnym wn\u0119trzu &#8211; na tarasie &#8211; na balkonie &#8211; w ogrodzie Ponadczasowa doniczka Terra sprawdzi si\u0119 zar\u00f3wno w ogrodach jak i wn\u0119trzach. Produkt cechuje si\u0119 du\u017c\u0105 wytrzyma\u0142o\u015bci\u0105 na mr\u00f3z i warunki atmosferyczne. ... Read moreDoniczka klasyczna Terra DCE25 | Terakota","og_url":"https:\/\/selleetools.com\/pl\/product\/doniczka-klasyczna-terra-dce25-terakota\/","og_site_name":"Selleetools.com","article_modified_time":"2026-05-10T14:01:19+00:00","og_image":[{"width":996,"height":774,"url":"https:\/\/selleetools.com\/wp-content\/uploads\/2026\/04\/ac6fd8216062022b9364f3baef6605c6.jpg","type":"image\/jpeg"}],"twitter_card":"summary_large_image","twitter_misc":{"Est. reading time":"1 minuta"},"schema":{"@context":"https:\/\/schema.org","@graph":[{"@type":"Organization","@id":"https:\/\/selleetools.com\/#organization","name":"Selleetools","url":"https:\/\/selleetools.com\/","sameAs":[],"logo":{"@type":"ImageObject","inLanguage":"pl-PL","@id":"https:\/\/selleetools.com\/#\/schema\/logo\/image\/","url":"https:\/\/selleetools.com\/wp-content\/uploads\/2021\/10\/logo-dark.png","contentUrl":"https:\/\/selleetools.com\/wp-content\/uploads\/2021\/10\/logo-dark.png","width":320,"height":76,"caption":"Selleetools"},"image":{"@id":"https:\/\/selleetools.com\/#\/schema\/logo\/image\/"}},{"@type":"WebSite","@id":"https:\/\/selleetools.com\/#website","url":"https:\/\/selleetools.com\/","name":"Selleetools.com","description":"","publisher":{"@id":"https:\/\/selleetools.com\/#organization"},"potentialAction":[{"@type":"SearchAction","target":{"@type":"EntryPoint","urlTemplate":"https:\/\/selleetools.com\/?s={search_term_string}"},"query-input":"required name=search_term_string"}],"inLanguage":"pl-PL"},{"@type":"WebPage","@id":"https:\/\/selleetools.com\/pl\/product\/doniczka-klasyczna-terra-dce25-terakota\/","url":"https:\/\/selleetools.com\/pl\/product\/doniczka-klasyczna-terra-dce25-terakota\/","name":"Doniczka klasyczna Terra DCE25 | Terakota - Selleetools.com","isPartOf":{"@id":"https:\/\/selleetools.com\/#website"},"datePublished":"2026-04-28T23:20:29+00:00","dateModified":"2026-05-10T14:01:19+00:00","breadcrumb":{"@id":"https:\/\/selleetools.com\/pl\/product\/doniczka-klasyczna-terra-dce25-terakota\/#breadcrumb"},"inLanguage":"pl-PL","potentialAction":[{"@type":"ReadAction","target":["https:\/\/selleetools.com\/pl\/product\/doniczka-klasyczna-terra-dce25-terakota\/"]}]},{"@type":"BreadcrumbList","@id":"https:\/\/selleetools.com\/pl\/product\/doniczka-klasyczna-terra-dce25-terakota\/#breadcrumb","itemListElement":[{"@type":"ListItem","position":1,"name":"Home","item":"https:\/\/selleetools.com\/pl\/"},{"@type":"ListItem","position":2,"name":"Katalog","item":"https:\/\/selleetools.com\/pl\/katalog\/"},{"@type":"ListItem","position":3,"name":"Doniczka klasyczna Terra DCE25 | Terakota"}]}]}},"_links":{"self":[{"href":"https:\/\/selleetools.com\/pl\/wp-json\/wp\/v2\/product\/767076"}],"collection":[{"href":"https:\/\/selleetools.com\/pl\/wp-json\/wp\/v2\/product"}],"about":[{"href":"https:\/\/selleetools.com\/pl\/wp-json\/wp\/v2\/types\/product"}],"replies":[{"embeddable":true,"href":"https:\/\/selleetools.com\/pl\/wp-json\/wp\/v2\/comments?post=767076"}],"wp:featuredmedia":[{"embeddable":true,"href":"https:\/\/selleetools.com\/pl\/wp-json\/wp\/v2\/media\/767064"}],"wp:attachment":[{"href":"https:\/\/selleetools.com\/pl\/wp-json\/wp\/v2\/media?parent=767076"}],"curies":[{"name":"wp","href":"https:\/\/api.w.org\/{rel}","templated":true}]}}