{"id":766923,"date":"2026-04-29T01:18:54","date_gmt":"2026-04-28T23:18:54","guid":{"rendered":"https:\/\/selleetools.com\/?post_type=product&#038;p=766923"},"modified":"2026-05-10T14:28:20","modified_gmt":"2026-05-10T12:28:20","slug":"sciereczka-czyszczaca-do-nagrobkow-grobex","status":"publish","type":"product","link":"https:\/\/selleetools.com\/pl\/product\/sciereczka-czyszczaca-do-nagrobkow-grobex\/","title":{"rendered":"\u015aciereczka czyszcz\u0105ca do nagrobk\u00f3w GROBEX"},"content":{"rendered":"<p>\u015aciereczka czyszcz\u0105ca do nagrobk\u00f3w GROBEX Chusteczka do piel\u0119gnacji nagrobk\u00f3w. &#8211; Czy\u015bci, &#8211; nab\u0142yszcza, &#8211; piel\u0119gnuje, &#8211; ogranicza osadzanie si\u0119 kurzu. \u015aciereczka GROBEX jest nas\u0105czona specjalistycznym \u015brodkiem do usuwania brudu i plam z powierzchni: &#8211; marmuru, &#8211; granitu &#8211; innych polerowanych powierzchni kamiennych. \u015arodek ten r\u00f3wnocze\u015bnie konserwuje czyszczon\u0105 powierzchni\u0119 oraz pozostawia j\u0105 b\u0142yszcz\u0105c\u0105 na d\u0142ugi czas Rozmiar \u015bciereczki: 25&#215;23 cm<\/p>\n<p>\u015aciereczka czyszcz\u0105ca do nagrobk\u00f3w GROBEX Chusteczka do piel\u0119gnacji nagrobk\u00f3w. &#8211; Czy\u015bci, &#8211; nab\u0142yszcza, &#8211; piel\u0119gnuje, &#8211; ogranicza osadzanie si\u0119 kurzu. \u015aciereczka GROBEX jest nas\u0105czona specjalistycznym \u015brodkiem do usuwania brudu i plam z powierzchni: &#8211; marmuru, &#8211; granitu &#8211; innych polerowanych powierzchni kamiennych. \u015arodek ten r\u00f3wnocze\u015bnie konserwuje czyszczon\u0105 powierzchni\u0119 oraz pozostawia j\u0105 b\u0142yszcz\u0105c\u0105 na d\u0142ugi czas Rozmiar \u015bciereczki: 25&#215;23 cm<\/p>\n","protected":false},"excerpt":{"rendered":"<p>\u015aciereczka czyszcz\u0105ca do nagrobk\u00f3w GROBEX Chusteczka do piel\u0119gnacji nagrobk\u00f3w. &#8211; Czy\u015bci, &#8211; nab\u0142yszcza, &#8211; piel\u0119gnuje, &#8211; ogranicza osadzanie si\u0119 kurzu. \u015aciereczka GROBEX jest nas\u0105czona specjalistycznym \u015brodkiem do usuwania brudu i plam z powierzchni: &#8211; marmuru, &#8211; granitu &#8211; innych polerowanych powierzchni kamiennych. \u015arodek ten r\u00f3wnocze\u015bnie konserwuje czyszczon\u0105 powierzchni\u0119 oraz pozostawia j\u0105 b\u0142yszcz\u0105c\u0105 na d\u0142ugi czas &#8230; <a title=\"\u015aciereczka czyszcz\u0105ca do nagrobk\u00f3w GROBEX\" class=\"read-more\" href=\"https:\/\/selleetools.com\/pl\/product\/sciereczka-czyszczaca-do-nagrobkow-grobex\/\">Read more<span class=\"screen-reader-text\">\u015aciereczka czyszcz\u0105ca do nagrobk\u00f3w GROBEX<\/span><\/a><\/p>\n","protected":false},"featured_media":766917,"comment_status":"closed","ping_status":"closed","template":"","meta":{"_links_to":"","_links_to_target":""},"yoast_head":"<!-- This site is optimized with the Yoast SEO plugin v19.4 - https:\/\/yoast.com\/wordpress\/plugins\/seo\/ -->\n<title>\u015aciereczka czyszcz\u0105ca do nagrobk\u00f3w GROBEX - Selleetools.com<\/title>\n<meta name=\"robots\" content=\"index, follow, max-snippet:-1, max-image-preview:large, max-video-preview:-1\" \/>\n<link rel=\"canonical\" href=\"https:\/\/selleetools.com\/pl\/product\/sciereczka-czyszczaca-do-nagrobkow-grobex\/\" \/>\n<meta property=\"og:locale\" content=\"pl_PL\" \/>\n<meta property=\"og:type\" content=\"article\" \/>\n<meta property=\"og:title\" content=\"\u015aciereczka czyszcz\u0105ca do nagrobk\u00f3w GROBEX - Selleetools.com\" \/>\n<meta property=\"og:description\" content=\"\u015aciereczka czyszcz\u0105ca do nagrobk\u00f3w GROBEX Chusteczka do piel\u0119gnacji nagrobk\u00f3w. &#8211; Czy\u015bci, &#8211; nab\u0142yszcza, &#8211; piel\u0119gnuje, &#8211; ogranicza osadzanie si\u0119 kurzu. \u015aciereczka GROBEX jest nas\u0105czona specjalistycznym \u015brodkiem do usuwania brudu i plam z powierzchni: &#8211; marmuru, &#8211; granitu &#8211; innych polerowanych powierzchni kamiennych. \u015arodek ten r\u00f3wnocze\u015bnie konserwuje czyszczon\u0105 powierzchni\u0119 oraz pozostawia j\u0105 b\u0142yszcz\u0105c\u0105 na d\u0142ugi czas ... Read more\u015aciereczka czyszcz\u0105ca do nagrobk\u00f3w GROBEX\" \/>\n<meta property=\"og:url\" content=\"https:\/\/selleetools.com\/pl\/product\/sciereczka-czyszczaca-do-nagrobkow-grobex\/\" \/>\n<meta property=\"og:site_name\" content=\"Selleetools.com\" \/>\n<meta property=\"article:modified_time\" content=\"2026-05-10T12:28:20+00:00\" \/>\n<meta property=\"og:image\" content=\"https:\/\/selleetools.com\/wp-content\/uploads\/2026\/04\/df36d9f4fb7f02a99a00cd1e32929165.jpg\" \/>\n\t<meta property=\"og:image:width\" content=\"2560\" \/>\n\t<meta property=\"og:image:height\" content=\"1706\" \/>\n\t<meta property=\"og:image:type\" content=\"image\/jpeg\" \/>\n<meta name=\"twitter:card\" content=\"summary_large_image\" \/>\n<meta name=\"twitter:label1\" content=\"Est. reading time\" \/>\n\t<meta name=\"twitter:data1\" content=\"1 minuta\" \/>\n<!-- \/ Yoast SEO plugin. -->","yoast_head_json":{"title":"\u015aciereczka czyszcz\u0105ca do nagrobk\u00f3w GROBEX - Selleetools.com","robots":{"index":"index","follow":"follow","max-snippet":"max-snippet:-1","max-image-preview":"max-image-preview:large","max-video-preview":"max-video-preview:-1"},"canonical":"https:\/\/selleetools.com\/pl\/product\/sciereczka-czyszczaca-do-nagrobkow-grobex\/","og_locale":"pl_PL","og_type":"article","og_title":"\u015aciereczka czyszcz\u0105ca do nagrobk\u00f3w GROBEX - Selleetools.com","og_description":"\u015aciereczka czyszcz\u0105ca do nagrobk\u00f3w GROBEX Chusteczka do piel\u0119gnacji nagrobk\u00f3w. &#8211; Czy\u015bci, &#8211; nab\u0142yszcza, &#8211; piel\u0119gnuje, &#8211; ogranicza osadzanie si\u0119 kurzu. \u015aciereczka GROBEX jest nas\u0105czona specjalistycznym \u015brodkiem do usuwania brudu i plam z powierzchni: &#8211; marmuru, &#8211; granitu &#8211; innych polerowanych powierzchni kamiennych. \u015arodek ten r\u00f3wnocze\u015bnie konserwuje czyszczon\u0105 powierzchni\u0119 oraz pozostawia j\u0105 b\u0142yszcz\u0105c\u0105 na d\u0142ugi czas ... Read more\u015aciereczka czyszcz\u0105ca do nagrobk\u00f3w GROBEX","og_url":"https:\/\/selleetools.com\/pl\/product\/sciereczka-czyszczaca-do-nagrobkow-grobex\/","og_site_name":"Selleetools.com","article_modified_time":"2026-05-10T12:28:20+00:00","og_image":[{"width":2560,"height":1706,"url":"https:\/\/selleetools.com\/wp-content\/uploads\/2026\/04\/df36d9f4fb7f02a99a00cd1e32929165.jpg","type":"image\/jpeg"}],"twitter_card":"summary_large_image","twitter_misc":{"Est. reading time":"1 minuta"},"schema":{"@context":"https:\/\/schema.org","@graph":[{"@type":"Organization","@id":"https:\/\/selleetools.com\/#organization","name":"Selleetools","url":"https:\/\/selleetools.com\/","sameAs":[],"logo":{"@type":"ImageObject","inLanguage":"pl-PL","@id":"https:\/\/selleetools.com\/#\/schema\/logo\/image\/","url":"https:\/\/selleetools.com\/wp-content\/uploads\/2021\/10\/logo-dark.png","contentUrl":"https:\/\/selleetools.com\/wp-content\/uploads\/2021\/10\/logo-dark.png","width":320,"height":76,"caption":"Selleetools"},"image":{"@id":"https:\/\/selleetools.com\/#\/schema\/logo\/image\/"}},{"@type":"WebSite","@id":"https:\/\/selleetools.com\/#website","url":"https:\/\/selleetools.com\/","name":"Selleetools.com","description":"","publisher":{"@id":"https:\/\/selleetools.com\/#organization"},"potentialAction":[{"@type":"SearchAction","target":{"@type":"EntryPoint","urlTemplate":"https:\/\/selleetools.com\/?s={search_term_string}"},"query-input":"required name=search_term_string"}],"inLanguage":"pl-PL"},{"@type":"WebPage","@id":"https:\/\/selleetools.com\/pl\/product\/sciereczka-czyszczaca-do-nagrobkow-grobex\/","url":"https:\/\/selleetools.com\/pl\/product\/sciereczka-czyszczaca-do-nagrobkow-grobex\/","name":"\u015aciereczka czyszcz\u0105ca do nagrobk\u00f3w GROBEX - Selleetools.com","isPartOf":{"@id":"https:\/\/selleetools.com\/#website"},"datePublished":"2026-04-28T23:18:54+00:00","dateModified":"2026-05-10T12:28:20+00:00","breadcrumb":{"@id":"https:\/\/selleetools.com\/pl\/product\/sciereczka-czyszczaca-do-nagrobkow-grobex\/#breadcrumb"},"inLanguage":"pl-PL","potentialAction":[{"@type":"ReadAction","target":["https:\/\/selleetools.com\/pl\/product\/sciereczka-czyszczaca-do-nagrobkow-grobex\/"]}]},{"@type":"BreadcrumbList","@id":"https:\/\/selleetools.com\/pl\/product\/sciereczka-czyszczaca-do-nagrobkow-grobex\/#breadcrumb","itemListElement":[{"@type":"ListItem","position":1,"name":"Home","item":"https:\/\/selleetools.com\/pl\/"},{"@type":"ListItem","position":2,"name":"Katalog","item":"https:\/\/selleetools.com\/pl\/katalog\/"},{"@type":"ListItem","position":3,"name":"\u015aciereczka czyszcz\u0105ca do nagrobk\u00f3w GROBEX"}]}]}},"_links":{"self":[{"href":"https:\/\/selleetools.com\/pl\/wp-json\/wp\/v2\/product\/766923"}],"collection":[{"href":"https:\/\/selleetools.com\/pl\/wp-json\/wp\/v2\/product"}],"about":[{"href":"https:\/\/selleetools.com\/pl\/wp-json\/wp\/v2\/types\/product"}],"replies":[{"embeddable":true,"href":"https:\/\/selleetools.com\/pl\/wp-json\/wp\/v2\/comments?post=766923"}],"wp:featuredmedia":[{"embeddable":true,"href":"https:\/\/selleetools.com\/pl\/wp-json\/wp\/v2\/media\/766917"}],"wp:attachment":[{"href":"https:\/\/selleetools.com\/pl\/wp-json\/wp\/v2\/media?parent=766923"}],"curies":[{"name":"wp","href":"https:\/\/api.w.org\/{rel}","templated":true}]}}