{"id":766652,"date":"2026-04-29T01:15:56","date_gmt":"2026-04-28T23:15:56","guid":{"rendered":"https:\/\/selleetools.com\/?post_type=product&#038;p=766652"},"modified":"2026-05-10T13:59:49","modified_gmt":"2026-05-10T11:59:49","slug":"doniczka-coubi-dupp400-z-podstawka-grafit","status":"publish","type":"product","link":"https:\/\/selleetools.com\/pl\/product\/doniczka-coubi-dupp400-z-podstawka-grafit\/","title":{"rendered":"Doniczka COUBI DUPP400 z podstawk\u0105 | Grafit"},"content":{"rendered":"<p>Specyfikacja: &#8211; d\u0142ugo\u015b\u0107 &#8211; 40 cm &#8211; szeroko\u015b\u0107 &#8211; 19 cm &#8211; wysoko\u015b\u0107 &#8211; 18,5 cm &#8211; pojemno\u015b\u0107 &#8211; 7 l &#8211; materia\u0142 &#8211; tworzywo sztuczne (polipropylen) &#8211; waga &#8211; 0,55 kg Doniczka o bardzo nowoczesnym designie. Dzi\u0119ki g\u0142adkim, b\u0142yszcz\u0105cym \u015bciankom doniczki tej serii dodadz\u0105 ka\u017cdemu wn\u0119trzu stylu i elegancji. Wykonane z wysokiej jako\u015bci tworzywa sztucznego, odpornego na warunki atmosferyczne oraz promienie UV. Produkt z przeznaczeniem do wewn\u0105trz oraz na zewn\u0105trz budynk\u00f3w. Zestaw zawiera: &#8211; doniczk\u0119 COUBI DUP400 &#8211; podstawk\u0119 400P Doniczka COUBI DUPP jest niezwykle pojemna, lekka oraz co najwa\u017cniejsze\u00a0uniwersalna &#8211; \u00a0przeznaczona do uprawy ro\u015blin ozdobnych jak r\u00f3wnie\u017c do\u00a0zi\u00f3\u0142, takich jak: &#8211; bazylia, &#8211; tymianek, &#8211; rozmaryn, &#8211; szczypiorek, &#8211; lawenda.<\/p>\n<p>Specyfikacja: &#8211; d\u0142ugo\u015b\u0107 &#8211; 40 cm &#8211; szeroko\u015b\u0107 &#8211; 19 cm &#8211; wysoko\u015b\u0107 &#8211; 18,5 cm &#8211; pojemno\u015b\u0107 &#8211; 7 l &#8211; materia\u0142 &#8211; tworzywo sztuczne (polipropylen) &#8211; waga &#8211; 0,55 kg Doniczka o bardzo nowoczesnym designie. Dzi\u0119ki g\u0142adkim, b\u0142yszcz\u0105cym \u015bciankom doniczki tej serii dodadz\u0105 ka\u017cdemu wn\u0119trzu stylu i elegancji. Wykonane z wysokiej jako\u015bci tworzywa sztucznego, odpornego na warunki atmosferyczne oraz promienie UV. Produkt z przeznaczeniem do wewn\u0105trz oraz na zewn\u0105trz budynk\u00f3w. Zestaw zawiera: &#8211; doniczk\u0119 COUBI DUP400 &#8211; podstawk\u0119 400P Doniczka COUBI DUPP jest niezwykle pojemna, lekka oraz co najwa\u017cniejsze\u00a0uniwersalna &#8211; \u00a0przeznaczona do uprawy ro\u015blin ozdobnych jak r\u00f3wnie\u017c do\u00a0zi\u00f3\u0142, takich jak: &#8211; bazylia, &#8211; tymianek, &#8211; rozmaryn, &#8211; szczypiorek, &#8211; lawenda.<\/p>\n","protected":false},"excerpt":{"rendered":"<p>Specyfikacja: &#8211; d\u0142ugo\u015b\u0107 &#8211; 40 cm &#8211; szeroko\u015b\u0107 &#8211; 19 cm &#8211; wysoko\u015b\u0107 &#8211; 18,5 cm &#8211; pojemno\u015b\u0107 &#8211; 7 l &#8211; materia\u0142 &#8211; tworzywo sztuczne (polipropylen) &#8211; waga &#8211; 0,55 kg Doniczka o bardzo nowoczesnym designie. Dzi\u0119ki g\u0142adkim, b\u0142yszcz\u0105cym \u015bciankom doniczki tej serii dodadz\u0105 ka\u017cdemu wn\u0119trzu stylu i elegancji. Wykonane z wysokiej jako\u015bci tworzywa &#8230; <a title=\"Doniczka COUBI DUPP400 z podstawk\u0105 | Grafit\" class=\"read-more\" href=\"https:\/\/selleetools.com\/pl\/product\/doniczka-coubi-dupp400-z-podstawka-grafit\/\">Read more<span class=\"screen-reader-text\">Doniczka COUBI DUPP400 z podstawk\u0105 | Grafit<\/span><\/a><\/p>\n","protected":false},"featured_media":766646,"comment_status":"closed","ping_status":"closed","template":"","meta":{"_links_to":"","_links_to_target":""},"yoast_head":"<!-- This site is optimized with the Yoast SEO plugin v19.4 - https:\/\/yoast.com\/wordpress\/plugins\/seo\/ -->\n<title>Doniczka COUBI DUPP400 z podstawk\u0105 | Grafit - Selleetools.com<\/title>\n<meta name=\"robots\" content=\"index, follow, max-snippet:-1, max-image-preview:large, max-video-preview:-1\" \/>\n<link rel=\"canonical\" href=\"https:\/\/selleetools.com\/pl\/product\/doniczka-coubi-dupp400-z-podstawka-grafit\/\" \/>\n<meta property=\"og:locale\" content=\"pl_PL\" \/>\n<meta property=\"og:type\" content=\"article\" \/>\n<meta property=\"og:title\" content=\"Doniczka COUBI DUPP400 z podstawk\u0105 | Grafit - Selleetools.com\" \/>\n<meta property=\"og:description\" content=\"Specyfikacja: &#8211; d\u0142ugo\u015b\u0107 &#8211; 40 cm &#8211; szeroko\u015b\u0107 &#8211; 19 cm &#8211; wysoko\u015b\u0107 &#8211; 18,5 cm &#8211; pojemno\u015b\u0107 &#8211; 7 l &#8211; materia\u0142 &#8211; tworzywo sztuczne (polipropylen) &#8211; waga &#8211; 0,55 kg Doniczka o bardzo nowoczesnym designie. Dzi\u0119ki g\u0142adkim, b\u0142yszcz\u0105cym \u015bciankom doniczki tej serii dodadz\u0105 ka\u017cdemu wn\u0119trzu stylu i elegancji. Wykonane z wysokiej jako\u015bci tworzywa ... Read moreDoniczka COUBI DUPP400 z podstawk\u0105 | Grafit\" \/>\n<meta property=\"og:url\" content=\"https:\/\/selleetools.com\/pl\/product\/doniczka-coubi-dupp400-z-podstawka-grafit\/\" \/>\n<meta property=\"og:site_name\" content=\"Selleetools.com\" \/>\n<meta property=\"article:modified_time\" content=\"2026-05-10T11:59:49+00:00\" \/>\n<meta property=\"og:image\" content=\"https:\/\/selleetools.com\/wp-content\/uploads\/2026\/04\/e0dfb1ea9f0a02193daeee9a575f2fc5.jpg\" \/>\n\t<meta property=\"og:image:width\" content=\"1800\" \/>\n\t<meta property=\"og:image:height\" content=\"1350\" \/>\n\t<meta property=\"og:image:type\" content=\"image\/jpeg\" \/>\n<meta name=\"twitter:card\" content=\"summary_large_image\" \/>\n<meta name=\"twitter:label1\" content=\"Est. reading time\" \/>\n\t<meta name=\"twitter:data1\" content=\"1 minuta\" \/>\n<!-- \/ Yoast SEO plugin. -->","yoast_head_json":{"title":"Doniczka COUBI DUPP400 z podstawk\u0105 | Grafit - Selleetools.com","robots":{"index":"index","follow":"follow","max-snippet":"max-snippet:-1","max-image-preview":"max-image-preview:large","max-video-preview":"max-video-preview:-1"},"canonical":"https:\/\/selleetools.com\/pl\/product\/doniczka-coubi-dupp400-z-podstawka-grafit\/","og_locale":"pl_PL","og_type":"article","og_title":"Doniczka COUBI DUPP400 z podstawk\u0105 | Grafit - Selleetools.com","og_description":"Specyfikacja: &#8211; d\u0142ugo\u015b\u0107 &#8211; 40 cm &#8211; szeroko\u015b\u0107 &#8211; 19 cm &#8211; wysoko\u015b\u0107 &#8211; 18,5 cm &#8211; pojemno\u015b\u0107 &#8211; 7 l &#8211; materia\u0142 &#8211; tworzywo sztuczne (polipropylen) &#8211; waga &#8211; 0,55 kg Doniczka o bardzo nowoczesnym designie. Dzi\u0119ki g\u0142adkim, b\u0142yszcz\u0105cym \u015bciankom doniczki tej serii dodadz\u0105 ka\u017cdemu wn\u0119trzu stylu i elegancji. Wykonane z wysokiej jako\u015bci tworzywa ... Read moreDoniczka COUBI DUPP400 z podstawk\u0105 | Grafit","og_url":"https:\/\/selleetools.com\/pl\/product\/doniczka-coubi-dupp400-z-podstawka-grafit\/","og_site_name":"Selleetools.com","article_modified_time":"2026-05-10T11:59:49+00:00","og_image":[{"width":1800,"height":1350,"url":"https:\/\/selleetools.com\/wp-content\/uploads\/2026\/04\/e0dfb1ea9f0a02193daeee9a575f2fc5.jpg","type":"image\/jpeg"}],"twitter_card":"summary_large_image","twitter_misc":{"Est. reading time":"1 minuta"},"schema":{"@context":"https:\/\/schema.org","@graph":[{"@type":"Organization","@id":"https:\/\/selleetools.com\/#organization","name":"Selleetools","url":"https:\/\/selleetools.com\/","sameAs":[],"logo":{"@type":"ImageObject","inLanguage":"pl-PL","@id":"https:\/\/selleetools.com\/#\/schema\/logo\/image\/","url":"https:\/\/selleetools.com\/wp-content\/uploads\/2021\/10\/logo-dark.png","contentUrl":"https:\/\/selleetools.com\/wp-content\/uploads\/2021\/10\/logo-dark.png","width":320,"height":76,"caption":"Selleetools"},"image":{"@id":"https:\/\/selleetools.com\/#\/schema\/logo\/image\/"}},{"@type":"WebSite","@id":"https:\/\/selleetools.com\/#website","url":"https:\/\/selleetools.com\/","name":"Selleetools.com","description":"","publisher":{"@id":"https:\/\/selleetools.com\/#organization"},"potentialAction":[{"@type":"SearchAction","target":{"@type":"EntryPoint","urlTemplate":"https:\/\/selleetools.com\/?s={search_term_string}"},"query-input":"required name=search_term_string"}],"inLanguage":"pl-PL"},{"@type":"WebPage","@id":"https:\/\/selleetools.com\/pl\/product\/doniczka-coubi-dupp400-z-podstawka-grafit\/","url":"https:\/\/selleetools.com\/pl\/product\/doniczka-coubi-dupp400-z-podstawka-grafit\/","name":"Doniczka COUBI DUPP400 z podstawk\u0105 | Grafit - Selleetools.com","isPartOf":{"@id":"https:\/\/selleetools.com\/#website"},"datePublished":"2026-04-28T23:15:56+00:00","dateModified":"2026-05-10T11:59:49+00:00","breadcrumb":{"@id":"https:\/\/selleetools.com\/pl\/product\/doniczka-coubi-dupp400-z-podstawka-grafit\/#breadcrumb"},"inLanguage":"pl-PL","potentialAction":[{"@type":"ReadAction","target":["https:\/\/selleetools.com\/pl\/product\/doniczka-coubi-dupp400-z-podstawka-grafit\/"]}]},{"@type":"BreadcrumbList","@id":"https:\/\/selleetools.com\/pl\/product\/doniczka-coubi-dupp400-z-podstawka-grafit\/#breadcrumb","itemListElement":[{"@type":"ListItem","position":1,"name":"Home","item":"https:\/\/selleetools.com\/pl\/"},{"@type":"ListItem","position":2,"name":"Katalog","item":"https:\/\/selleetools.com\/pl\/katalog\/"},{"@type":"ListItem","position":3,"name":"Doniczka COUBI DUPP400 z podstawk\u0105 | Grafit"}]}]}},"_links":{"self":[{"href":"https:\/\/selleetools.com\/pl\/wp-json\/wp\/v2\/product\/766652"}],"collection":[{"href":"https:\/\/selleetools.com\/pl\/wp-json\/wp\/v2\/product"}],"about":[{"href":"https:\/\/selleetools.com\/pl\/wp-json\/wp\/v2\/types\/product"}],"replies":[{"embeddable":true,"href":"https:\/\/selleetools.com\/pl\/wp-json\/wp\/v2\/comments?post=766652"}],"wp:featuredmedia":[{"embeddable":true,"href":"https:\/\/selleetools.com\/pl\/wp-json\/wp\/v2\/media\/766646"}],"wp:attachment":[{"href":"https:\/\/selleetools.com\/pl\/wp-json\/wp\/v2\/media?parent=766652"}],"curies":[{"name":"wp","href":"https:\/\/api.w.org\/{rel}","templated":true}]}}