{"id":766595,"date":"2026-04-29T01:15:14","date_gmt":"2026-04-28T23:15:14","guid":{"rendered":"https:\/\/selleetools.com\/?post_type=product&#038;p=766595"},"modified":"2026-05-10T14:03:38","modified_gmt":"2026-05-10T12:03:38","slug":"filtr-weglowy-do-kompostownika-c2071-3-szt","status":"publish","type":"product","link":"https:\/\/selleetools.com\/pl\/product\/filtr-weglowy-do-kompostownika-c2071-3-szt\/","title":{"rendered":"Filtr w\u0119glowy do kompostownika C2071, 3 szt."},"content":{"rendered":"<p>Filtr w\u0119glowy do kompostownika kuchennego C2071 &#8211; 3 sztuki Zestaw sk\u0142adaj\u0105cy si\u0119 z: &#8211; 3 filtr\u00f3w w\u0119glowych &#8211; o \u015brednicy 13 cm posiadaj\u0105cych w\u0142a\u015bciwo\u015bci absorbuj\u0105ce oraz neutralizuj\u0105ce przykre zapachy. Filtr pasuje do kompostownika kuchennego C2071, kt\u00f3ry dost\u0119pny\u00a0jest na innych aukcjach. Filtry w\u0119glowe wychwytuj\u0105 z przep\u0142ywaj\u0105cego powietrza zanieczyszczenia poprzez proces adsorpcji. Mi\u0119dzy innymi w\u0142a\u015bnie dzi\u0119ki du\u017cej porowato\u015bci i powierzchni organiczne zwi\u0105zki chemiczne znajduj\u0105ce si\u0119 w powietrzu \u201eprzyklejaj\u0105\u201d si\u0119 do powierzchni w\u0119gla aktywnego. W szczeg\u00f3lno\u015bci filtr w\u0119glowy jest skuteczny w zwalczaniu: &#8211; gaz\u00f3w, &#8211; przykrych zapach\u00f3w, &#8211; opar\u00f3w, &#8211; zarodk\u00f3w ple\u015bni. Fitry w\u0119glowe przystosowane s\u0105 do kompostownika kuchennego holenderskiej firmy Esschert Design. Kompostownik jest bardzo solidnie wykonany z metalu, \u015brodek jest g\u0142adki, dzi\u0119ki czemu \u0142atwo mo\u017cna go wyczy\u015bci\u0107. W pokrywie umieszczony jest: &#8211; aktywny w\u0119glowy filtr, poch\u0142aniaj\u0105cy nieprzyjemne zapachy. Pojemno\u015b\u0107 kompostownika kuchennego &#8211; \u00a06,3 litra. Aran\u017cacja:<\/p>\n<p>Filtr w\u0119glowy do kompostownika kuchennego C2071 &#8211; 3 sztuki Zestaw sk\u0142adaj\u0105cy si\u0119 z: &#8211; 3 filtr\u00f3w w\u0119glowych &#8211; o \u015brednicy 13 cm posiadaj\u0105cych w\u0142a\u015bciwo\u015bci absorbuj\u0105ce oraz neutralizuj\u0105ce przykre zapachy. Filtr pasuje do kompostownika kuchennego C2071, kt\u00f3ry dost\u0119pny\u00a0jest na innych aukcjach. Filtry w\u0119glowe wychwytuj\u0105 z przep\u0142ywaj\u0105cego powietrza zanieczyszczenia poprzez proces adsorpcji. Mi\u0119dzy innymi w\u0142a\u015bnie dzi\u0119ki du\u017cej porowato\u015bci i powierzchni organiczne zwi\u0105zki chemiczne znajduj\u0105ce si\u0119 w powietrzu \u201eprzyklejaj\u0105\u201d si\u0119 do powierzchni w\u0119gla aktywnego. W szczeg\u00f3lno\u015bci filtr w\u0119glowy jest skuteczny w zwalczaniu: &#8211; gaz\u00f3w, &#8211; przykrych zapach\u00f3w, &#8211; opar\u00f3w, &#8211; zarodk\u00f3w ple\u015bni. Fitry w\u0119glowe przystosowane s\u0105 do kompostownika kuchennego holenderskiej firmy Esschert Design. Kompostownik jest bardzo solidnie wykonany z metalu, \u015brodek jest g\u0142adki, dzi\u0119ki czemu \u0142atwo mo\u017cna go wyczy\u015bci\u0107. W pokrywie umieszczony jest: &#8211; aktywny w\u0119glowy filtr, poch\u0142aniaj\u0105cy nieprzyjemne zapachy. Pojemno\u015b\u0107 kompostownika kuchennego &#8211; \u00a06,3 litra. Aran\u017cacja:<\/p>\n","protected":false},"excerpt":{"rendered":"<p>Filtr w\u0119glowy do kompostownika kuchennego C2071 &#8211; 3 sztuki Zestaw sk\u0142adaj\u0105cy si\u0119 z: &#8211; 3 filtr\u00f3w w\u0119glowych &#8211; o \u015brednicy 13 cm posiadaj\u0105cych w\u0142a\u015bciwo\u015bci absorbuj\u0105ce oraz neutralizuj\u0105ce przykre zapachy. Filtr pasuje do kompostownika kuchennego C2071, kt\u00f3ry dost\u0119pny\u00a0jest na innych aukcjach. Filtry w\u0119glowe wychwytuj\u0105 z przep\u0142ywaj\u0105cego powietrza zanieczyszczenia poprzez proces adsorpcji. Mi\u0119dzy innymi w\u0142a\u015bnie dzi\u0119ki du\u017cej &#8230; <a title=\"Filtr w\u0119glowy do kompostownika C2071, 3 szt.\" class=\"read-more\" href=\"https:\/\/selleetools.com\/pl\/product\/filtr-weglowy-do-kompostownika-c2071-3-szt\/\">Read more<span class=\"screen-reader-text\">Filtr w\u0119glowy do kompostownika C2071, 3 szt.<\/span><\/a><\/p>\n","protected":false},"featured_media":766579,"comment_status":"closed","ping_status":"closed","template":"","meta":{"_links_to":"","_links_to_target":""},"yoast_head":"<!-- This site is optimized with the Yoast SEO plugin v19.4 - https:\/\/yoast.com\/wordpress\/plugins\/seo\/ -->\n<title>Filtr w\u0119glowy do kompostownika C2071, 3 szt. - Selleetools.com<\/title>\n<meta name=\"robots\" content=\"index, follow, max-snippet:-1, max-image-preview:large, max-video-preview:-1\" \/>\n<link rel=\"canonical\" href=\"https:\/\/selleetools.com\/pl\/product\/filtr-weglowy-do-kompostownika-c2071-3-szt\/\" \/>\n<meta property=\"og:locale\" content=\"pl_PL\" \/>\n<meta property=\"og:type\" content=\"article\" \/>\n<meta property=\"og:title\" content=\"Filtr w\u0119glowy do kompostownika C2071, 3 szt. - Selleetools.com\" \/>\n<meta property=\"og:description\" content=\"Filtr w\u0119glowy do kompostownika kuchennego C2071 &#8211; 3 sztuki Zestaw sk\u0142adaj\u0105cy si\u0119 z: &#8211; 3 filtr\u00f3w w\u0119glowych &#8211; o \u015brednicy 13 cm posiadaj\u0105cych w\u0142a\u015bciwo\u015bci absorbuj\u0105ce oraz neutralizuj\u0105ce przykre zapachy. Filtr pasuje do kompostownika kuchennego C2071, kt\u00f3ry dost\u0119pny\u00a0jest na innych aukcjach. Filtry w\u0119glowe wychwytuj\u0105 z przep\u0142ywaj\u0105cego powietrza zanieczyszczenia poprzez proces adsorpcji. Mi\u0119dzy innymi w\u0142a\u015bnie dzi\u0119ki du\u017cej ... Read moreFiltr w\u0119glowy do kompostownika C2071, 3 szt.\" \/>\n<meta property=\"og:url\" content=\"https:\/\/selleetools.com\/pl\/product\/filtr-weglowy-do-kompostownika-c2071-3-szt\/\" \/>\n<meta property=\"og:site_name\" content=\"Selleetools.com\" \/>\n<meta property=\"article:modified_time\" content=\"2026-05-10T12:03:38+00:00\" \/>\n<meta property=\"og:image\" content=\"https:\/\/selleetools.com\/wp-content\/uploads\/2026\/04\/92e6d5eb418771c1964b8fd00bb9e448.jpg\" \/>\n\t<meta property=\"og:image:width\" content=\"2440\" \/>\n\t<meta property=\"og:image:height\" content=\"2440\" \/>\n\t<meta property=\"og:image:type\" content=\"image\/jpeg\" \/>\n<meta name=\"twitter:card\" content=\"summary_large_image\" \/>\n<meta name=\"twitter:label1\" content=\"Est. reading time\" \/>\n\t<meta name=\"twitter:data1\" content=\"2 minuty\" \/>\n<!-- \/ Yoast SEO plugin. -->","yoast_head_json":{"title":"Filtr w\u0119glowy do kompostownika C2071, 3 szt. - Selleetools.com","robots":{"index":"index","follow":"follow","max-snippet":"max-snippet:-1","max-image-preview":"max-image-preview:large","max-video-preview":"max-video-preview:-1"},"canonical":"https:\/\/selleetools.com\/pl\/product\/filtr-weglowy-do-kompostownika-c2071-3-szt\/","og_locale":"pl_PL","og_type":"article","og_title":"Filtr w\u0119glowy do kompostownika C2071, 3 szt. - Selleetools.com","og_description":"Filtr w\u0119glowy do kompostownika kuchennego C2071 &#8211; 3 sztuki Zestaw sk\u0142adaj\u0105cy si\u0119 z: &#8211; 3 filtr\u00f3w w\u0119glowych &#8211; o \u015brednicy 13 cm posiadaj\u0105cych w\u0142a\u015bciwo\u015bci absorbuj\u0105ce oraz neutralizuj\u0105ce przykre zapachy. Filtr pasuje do kompostownika kuchennego C2071, kt\u00f3ry dost\u0119pny\u00a0jest na innych aukcjach. Filtry w\u0119glowe wychwytuj\u0105 z przep\u0142ywaj\u0105cego powietrza zanieczyszczenia poprzez proces adsorpcji. Mi\u0119dzy innymi w\u0142a\u015bnie dzi\u0119ki du\u017cej ... Read moreFiltr w\u0119glowy do kompostownika C2071, 3 szt.","og_url":"https:\/\/selleetools.com\/pl\/product\/filtr-weglowy-do-kompostownika-c2071-3-szt\/","og_site_name":"Selleetools.com","article_modified_time":"2026-05-10T12:03:38+00:00","og_image":[{"width":2440,"height":2440,"url":"https:\/\/selleetools.com\/wp-content\/uploads\/2026\/04\/92e6d5eb418771c1964b8fd00bb9e448.jpg","type":"image\/jpeg"}],"twitter_card":"summary_large_image","twitter_misc":{"Est. reading time":"2 minuty"},"schema":{"@context":"https:\/\/schema.org","@graph":[{"@type":"Organization","@id":"https:\/\/selleetools.com\/#organization","name":"Selleetools","url":"https:\/\/selleetools.com\/","sameAs":[],"logo":{"@type":"ImageObject","inLanguage":"pl-PL","@id":"https:\/\/selleetools.com\/#\/schema\/logo\/image\/","url":"https:\/\/selleetools.com\/wp-content\/uploads\/2021\/10\/logo-dark.png","contentUrl":"https:\/\/selleetools.com\/wp-content\/uploads\/2021\/10\/logo-dark.png","width":320,"height":76,"caption":"Selleetools"},"image":{"@id":"https:\/\/selleetools.com\/#\/schema\/logo\/image\/"}},{"@type":"WebSite","@id":"https:\/\/selleetools.com\/#website","url":"https:\/\/selleetools.com\/","name":"Selleetools.com","description":"","publisher":{"@id":"https:\/\/selleetools.com\/#organization"},"potentialAction":[{"@type":"SearchAction","target":{"@type":"EntryPoint","urlTemplate":"https:\/\/selleetools.com\/?s={search_term_string}"},"query-input":"required name=search_term_string"}],"inLanguage":"pl-PL"},{"@type":"WebPage","@id":"https:\/\/selleetools.com\/pl\/product\/filtr-weglowy-do-kompostownika-c2071-3-szt\/","url":"https:\/\/selleetools.com\/pl\/product\/filtr-weglowy-do-kompostownika-c2071-3-szt\/","name":"Filtr w\u0119glowy do kompostownika C2071, 3 szt. - Selleetools.com","isPartOf":{"@id":"https:\/\/selleetools.com\/#website"},"datePublished":"2026-04-28T23:15:14+00:00","dateModified":"2026-05-10T12:03:38+00:00","breadcrumb":{"@id":"https:\/\/selleetools.com\/pl\/product\/filtr-weglowy-do-kompostownika-c2071-3-szt\/#breadcrumb"},"inLanguage":"pl-PL","potentialAction":[{"@type":"ReadAction","target":["https:\/\/selleetools.com\/pl\/product\/filtr-weglowy-do-kompostownika-c2071-3-szt\/"]}]},{"@type":"BreadcrumbList","@id":"https:\/\/selleetools.com\/pl\/product\/filtr-weglowy-do-kompostownika-c2071-3-szt\/#breadcrumb","itemListElement":[{"@type":"ListItem","position":1,"name":"Home","item":"https:\/\/selleetools.com\/pl\/"},{"@type":"ListItem","position":2,"name":"Katalog","item":"https:\/\/selleetools.com\/pl\/katalog\/"},{"@type":"ListItem","position":3,"name":"Filtr w\u0119glowy do kompostownika C2071, 3 szt."}]}]}},"_links":{"self":[{"href":"https:\/\/selleetools.com\/pl\/wp-json\/wp\/v2\/product\/766595"}],"collection":[{"href":"https:\/\/selleetools.com\/pl\/wp-json\/wp\/v2\/product"}],"about":[{"href":"https:\/\/selleetools.com\/pl\/wp-json\/wp\/v2\/types\/product"}],"replies":[{"embeddable":true,"href":"https:\/\/selleetools.com\/pl\/wp-json\/wp\/v2\/comments?post=766595"}],"wp:featuredmedia":[{"embeddable":true,"href":"https:\/\/selleetools.com\/pl\/wp-json\/wp\/v2\/media\/766579"}],"wp:attachment":[{"href":"https:\/\/selleetools.com\/pl\/wp-json\/wp\/v2\/media?parent=766595"}],"curies":[{"name":"wp","href":"https:\/\/api.w.org\/{rel}","templated":true}]}}