{"id":766459,"date":"2026-04-29T01:13:52","date_gmt":"2026-04-28T23:13:52","guid":{"rendered":"https:\/\/selleetools.com\/?post_type=product&#038;p=766459"},"modified":"2026-05-10T13:52:25","modified_gmt":"2026-05-10T11:52:25","slug":"podloze-do-roslin-kwasnolubnych-greengarden-50l","status":"publish","type":"product","link":"https:\/\/selleetools.com\/pl\/product\/podloze-do-roslin-kwasnolubnych-greengarden-50l\/","title":{"rendered":"Pod\u0142o\u017ce do ro\u015blin kwa\u015bnolubnych GreenGarden 50l"},"content":{"rendered":"<section class=\"section\">\n<div class=\"item item-6\">\n<section class=\"text-item\">\n<p>Pod\u0142o\u017ce do ro\u015blin kwa\u015bnolubnych GreenGarden 50l<\/p>\n<p><b>To pod\u0142o\u017ce do ro\u015blin:<\/b><\/p>\n<ul>\n<li>kwitn\u0105cych<\/li>\n<li>zielonych<\/li>\n<li>warzyw<\/li>\n<\/ul>\n<p><b>Ziemia uszlachetniona nawozem idealnie nadaje si\u0119 do:<\/b><\/p>\n<ul>\n<li>upraw pod os\u0142onami,<\/li>\n<li>na dzia\u0142k\u0119,<\/li>\n<li>na balkony,<\/li>\n<li>do ro\u015blin domowych.<\/li>\n<\/ul>\n<p><b>Doskonale nadaje si\u0119 r\u00f3wnie\u017c:<\/b><\/p>\n<ul>\n<li>pod zapraw\u0119 do\u0142k\u00f3w pod krzewy i drzewka,<\/li>\n<li>tak\u017ce do hobbystycznej uprawy ro\u015blin zielonych i kwitn\u0105cych<\/li>\n<\/ul>\n<ul>\n<li>\u00a0<\/li>\n<\/ul>\n<p><b>Warto\u015b\u0107 pH: 3,5-4,5<\/b>.<\/p>\n<p>&nbsp;<\/p>\n<p>&nbsp;<\/p>\n<\/section>\n<\/div>\n<div class=\"item item-6\">\n<section class=\"image-item\"><img src=\"https:\/\/upload.cdn.baselinker.com\/products\/3011337\/6909dd6f13494cc103566f31dfe6877e.jpg\" \/><\/section>\n<\/div>\n<\/section>\n<p>Pod\u0142o\u017ce do ro\u015blin kwa\u015bnolubnych GreenGarden 50 Pod\u0142o\u017ce przeznaczone do uprawy ro\u015blin kwa\u015bnolubnych: &#8211; rododendron\u00f3w, &#8211; azalii, &#8211; bor\u00f3wek Zawiera komplet sk\u0142adnik\u00f3w od\u017cywczych. Charakteryzuje si\u0119 kwa\u015bnym odczynem (nisk\u0105 warto\u015bci\u0105 pH: 3,5-4,5). Opakowanie foliowe. Cechami odr\u00f3\u017cniaj\u0105cymi pod\u0142o\u017ca z mikroorganizmami od wielosk\u0142adnikowych pod\u0142o\u017cy z nawozem wysokiej klasy oraz pod\u0142o\u017cy ogrodniczych \u015bredniej klasy s\u0105: &#8211; lepsze napowietrzenie i utrzymanie wilgoci &#8211; samoczynne utrzymywanie stabilnego pH pod\u0142o\u017ca &#8211; szybki i bezzapachowy rozk\u0142ad obumar\u0142ych cz\u0119\u015bci ro\u015blin &#8211; uwalnianie zwi\u0105zanych w glebie mikro- i makroelement\u00f3w &#8211; przetwarzanie substancji od\u017cywczych do form naj\u0142atwiej przyswajalnych przez ro\u015bliny &#8211; samoczynne niszczenie pochodz\u0105cych z gleby patogen\u00f3w (czynnik\u00f3w chorobotw\u00f3rczych) &#8211; rozk\u0142ad szkodliwych substancji zawartych w glebie &#8211; w\u0142a\u015bciwo\u015bci probiotyczne (zaszczepiaj\u0105ce ro\u015bliny), stwierdzone naukowo &#8211; r\u00f3\u017cnorodno\u015b\u0107 zawartych substancji od\u017cywczych &#8211; nie wymaga dodatkowego nawo\u017cenia przy uprawach hobbystycznych &#8211; produkt w 100% naturalny, nie alergizuje, nadaje si\u0119 do upraw ekologicznych &#8211; zawiera a\u017c 12% nawozu wielosk\u0142adnikowego (w por\u00f3wnaniu do 1-3% w innych pod\u0142o\u017cach orgodniczych)<\/p>\n","protected":false},"excerpt":{"rendered":"<p>Pod\u0142o\u017ce do ro\u015blin kwa\u015bnolubnych GreenGarden 50l To pod\u0142o\u017ce do ro\u015blin: kwitn\u0105cych zielonych warzyw Ziemia uszlachetniona nawozem idealnie nadaje si\u0119 do: upraw pod os\u0142onami, na dzia\u0142k\u0119, na balkony, do ro\u015blin domowych. Doskonale nadaje si\u0119 r\u00f3wnie\u017c: pod zapraw\u0119 do\u0142k\u00f3w pod krzewy i drzewka, tak\u017ce do hobbystycznej uprawy ro\u015blin zielonych i kwitn\u0105cych \u00a0 Warto\u015b\u0107 pH: 3,5-4,5. &nbsp; &nbsp; &#8230; <a title=\"Pod\u0142o\u017ce do ro\u015blin kwa\u015bnolubnych GreenGarden 50l\" class=\"read-more\" href=\"https:\/\/selleetools.com\/pl\/product\/podloze-do-roslin-kwasnolubnych-greengarden-50l\/\">Read more<span class=\"screen-reader-text\">Pod\u0142o\u017ce do ro\u015blin kwa\u015bnolubnych GreenGarden 50l<\/span><\/a><\/p>\n","protected":false},"featured_media":766457,"comment_status":"closed","ping_status":"closed","template":"","meta":{"_links_to":"","_links_to_target":""},"yoast_head":"<!-- This site is optimized with the Yoast SEO plugin v19.4 - https:\/\/yoast.com\/wordpress\/plugins\/seo\/ -->\n<title>Pod\u0142o\u017ce do ro\u015blin kwa\u015bnolubnych GreenGarden 50l - Selleetools.com<\/title>\n<meta name=\"robots\" content=\"index, follow, max-snippet:-1, max-image-preview:large, max-video-preview:-1\" \/>\n<link rel=\"canonical\" href=\"https:\/\/selleetools.com\/pl\/product\/podloze-do-roslin-kwasnolubnych-greengarden-50l\/\" \/>\n<meta property=\"og:locale\" content=\"pl_PL\" \/>\n<meta property=\"og:type\" content=\"article\" \/>\n<meta property=\"og:title\" content=\"Pod\u0142o\u017ce do ro\u015blin kwa\u015bnolubnych GreenGarden 50l - Selleetools.com\" \/>\n<meta property=\"og:description\" content=\"Pod\u0142o\u017ce do ro\u015blin kwa\u015bnolubnych GreenGarden 50l To pod\u0142o\u017ce do ro\u015blin: kwitn\u0105cych zielonych warzyw Ziemia uszlachetniona nawozem idealnie nadaje si\u0119 do: upraw pod os\u0142onami, na dzia\u0142k\u0119, na balkony, do ro\u015blin domowych. Doskonale nadaje si\u0119 r\u00f3wnie\u017c: pod zapraw\u0119 do\u0142k\u00f3w pod krzewy i drzewka, tak\u017ce do hobbystycznej uprawy ro\u015blin zielonych i kwitn\u0105cych \u00a0 Warto\u015b\u0107 pH: 3,5-4,5. &nbsp; &nbsp; ... Read morePod\u0142o\u017ce do ro\u015blin kwa\u015bnolubnych GreenGarden 50l\" \/>\n<meta property=\"og:url\" content=\"https:\/\/selleetools.com\/pl\/product\/podloze-do-roslin-kwasnolubnych-greengarden-50l\/\" \/>\n<meta property=\"og:site_name\" content=\"Selleetools.com\" \/>\n<meta property=\"article:modified_time\" content=\"2026-05-10T11:52:25+00:00\" \/>\n<meta property=\"og:image\" content=\"https:\/\/selleetools.com\/wp-content\/uploads\/2026\/04\/6909dd6f13494cc103566f31dfe6877e.jpg\" \/>\n\t<meta property=\"og:image:width\" content=\"1935\" \/>\n\t<meta property=\"og:image:height\" content=\"2500\" \/>\n\t<meta property=\"og:image:type\" content=\"image\/jpeg\" \/>\n<meta name=\"twitter:card\" content=\"summary_large_image\" \/>\n<meta name=\"twitter:label1\" content=\"Est. reading time\" \/>\n\t<meta name=\"twitter:data1\" content=\"1 minuta\" \/>\n<!-- \/ Yoast SEO plugin. -->","yoast_head_json":{"title":"Pod\u0142o\u017ce do ro\u015blin kwa\u015bnolubnych GreenGarden 50l - Selleetools.com","robots":{"index":"index","follow":"follow","max-snippet":"max-snippet:-1","max-image-preview":"max-image-preview:large","max-video-preview":"max-video-preview:-1"},"canonical":"https:\/\/selleetools.com\/pl\/product\/podloze-do-roslin-kwasnolubnych-greengarden-50l\/","og_locale":"pl_PL","og_type":"article","og_title":"Pod\u0142o\u017ce do ro\u015blin kwa\u015bnolubnych GreenGarden 50l - Selleetools.com","og_description":"Pod\u0142o\u017ce do ro\u015blin kwa\u015bnolubnych GreenGarden 50l To pod\u0142o\u017ce do ro\u015blin: kwitn\u0105cych zielonych warzyw Ziemia uszlachetniona nawozem idealnie nadaje si\u0119 do: upraw pod os\u0142onami, na dzia\u0142k\u0119, na balkony, do ro\u015blin domowych. Doskonale nadaje si\u0119 r\u00f3wnie\u017c: pod zapraw\u0119 do\u0142k\u00f3w pod krzewy i drzewka, tak\u017ce do hobbystycznej uprawy ro\u015blin zielonych i kwitn\u0105cych \u00a0 Warto\u015b\u0107 pH: 3,5-4,5. &nbsp; &nbsp; ... Read morePod\u0142o\u017ce do ro\u015blin kwa\u015bnolubnych GreenGarden 50l","og_url":"https:\/\/selleetools.com\/pl\/product\/podloze-do-roslin-kwasnolubnych-greengarden-50l\/","og_site_name":"Selleetools.com","article_modified_time":"2026-05-10T11:52:25+00:00","og_image":[{"width":1935,"height":2500,"url":"https:\/\/selleetools.com\/wp-content\/uploads\/2026\/04\/6909dd6f13494cc103566f31dfe6877e.jpg","type":"image\/jpeg"}],"twitter_card":"summary_large_image","twitter_misc":{"Est. reading time":"1 minuta"},"schema":{"@context":"https:\/\/schema.org","@graph":[{"@type":"Organization","@id":"https:\/\/selleetools.com\/#organization","name":"Selleetools","url":"https:\/\/selleetools.com\/","sameAs":[],"logo":{"@type":"ImageObject","inLanguage":"pl-PL","@id":"https:\/\/selleetools.com\/#\/schema\/logo\/image\/","url":"https:\/\/selleetools.com\/wp-content\/uploads\/2021\/10\/logo-dark.png","contentUrl":"https:\/\/selleetools.com\/wp-content\/uploads\/2021\/10\/logo-dark.png","width":320,"height":76,"caption":"Selleetools"},"image":{"@id":"https:\/\/selleetools.com\/#\/schema\/logo\/image\/"}},{"@type":"WebSite","@id":"https:\/\/selleetools.com\/#website","url":"https:\/\/selleetools.com\/","name":"Selleetools.com","description":"","publisher":{"@id":"https:\/\/selleetools.com\/#organization"},"potentialAction":[{"@type":"SearchAction","target":{"@type":"EntryPoint","urlTemplate":"https:\/\/selleetools.com\/?s={search_term_string}"},"query-input":"required name=search_term_string"}],"inLanguage":"pl-PL"},{"@type":"WebPage","@id":"https:\/\/selleetools.com\/pl\/product\/podloze-do-roslin-kwasnolubnych-greengarden-50l\/","url":"https:\/\/selleetools.com\/pl\/product\/podloze-do-roslin-kwasnolubnych-greengarden-50l\/","name":"Pod\u0142o\u017ce do ro\u015blin kwa\u015bnolubnych GreenGarden 50l - Selleetools.com","isPartOf":{"@id":"https:\/\/selleetools.com\/#website"},"datePublished":"2026-04-28T23:13:52+00:00","dateModified":"2026-05-10T11:52:25+00:00","breadcrumb":{"@id":"https:\/\/selleetools.com\/pl\/product\/podloze-do-roslin-kwasnolubnych-greengarden-50l\/#breadcrumb"},"inLanguage":"pl-PL","potentialAction":[{"@type":"ReadAction","target":["https:\/\/selleetools.com\/pl\/product\/podloze-do-roslin-kwasnolubnych-greengarden-50l\/"]}]},{"@type":"BreadcrumbList","@id":"https:\/\/selleetools.com\/pl\/product\/podloze-do-roslin-kwasnolubnych-greengarden-50l\/#breadcrumb","itemListElement":[{"@type":"ListItem","position":1,"name":"Home","item":"https:\/\/selleetools.com\/pl\/"},{"@type":"ListItem","position":2,"name":"Katalog","item":"https:\/\/selleetools.com\/pl\/katalog\/"},{"@type":"ListItem","position":3,"name":"Pod\u0142o\u017ce do ro\u015blin kwa\u015bnolubnych GreenGarden 50l"}]}]}},"_links":{"self":[{"href":"https:\/\/selleetools.com\/pl\/wp-json\/wp\/v2\/product\/766459"}],"collection":[{"href":"https:\/\/selleetools.com\/pl\/wp-json\/wp\/v2\/product"}],"about":[{"href":"https:\/\/selleetools.com\/pl\/wp-json\/wp\/v2\/types\/product"}],"replies":[{"embeddable":true,"href":"https:\/\/selleetools.com\/pl\/wp-json\/wp\/v2\/comments?post=766459"}],"wp:featuredmedia":[{"embeddable":true,"href":"https:\/\/selleetools.com\/pl\/wp-json\/wp\/v2\/media\/766457"}],"wp:attachment":[{"href":"https:\/\/selleetools.com\/pl\/wp-json\/wp\/v2\/media?parent=766459"}],"curies":[{"name":"wp","href":"https:\/\/api.w.org\/{rel}","templated":true}]}}