{"id":766266,"date":"2026-04-29T01:12:17","date_gmt":"2026-04-28T23:12:17","guid":{"rendered":"https:\/\/selleetools.com\/?post_type=product&#038;p=766266"},"modified":"2026-05-10T13:43:33","modified_gmt":"2026-05-10T11:43:33","slug":"konewka-ogrodowa-agri-10l-ikag100","status":"publish","type":"product","link":"https:\/\/selleetools.com\/pl\/product\/konewka-ogrodowa-agri-10l-ikag100\/","title":{"rendered":"Konewka ogrodowa Agri 10l IKAG100"},"content":{"rendered":"<p>Konewka ogrodowa Agri 10l IKAG100 Specyfikacja: &#8211; Pojemno\u015b\u0107 &#8211;\u00a010 l &#8211; Wysoko\u015b\u0107 &#8211;\u00a040 cm &#8211; D\u0142ugo\u015b\u0107 &#8211;\u00a063,5 cm &#8211; Szeroko\u015b\u0107 -18 cm &#8211; Materia\u0142 &#8211; tworzywo sztuczne Informacje dodatkowe: &#8211; Konewka posiada wygodn\u0105 r\u0105czk\u0119 &#8211; Zdejmowane sitko &#8211; Wytrzyma\u0142a na uszkodzenia mechaniczne &#8211; Odporna na promieniowanie s\u0142oneczne Producent: Galeria:<\/p>\n<p>Konewka ogrodowa Agri 10l IKAG100 Specyfikacja: &#8211; Pojemno\u015b\u0107 &#8211;\u00a010 l &#8211; Wysoko\u015b\u0107 &#8211;\u00a040 cm &#8211; D\u0142ugo\u015b\u0107 &#8211;\u00a063,5 cm &#8211; Szeroko\u015b\u0107 -18 cm &#8211; Materia\u0142 &#8211; tworzywo sztuczne Informacje dodatkowe: &#8211; Konewka posiada wygodn\u0105 r\u0105czk\u0119 &#8211; Zdejmowane sitko &#8211; Wytrzyma\u0142a na uszkodzenia mechaniczne &#8211; Odporna na promieniowanie s\u0142oneczne Producent: Galeria:<\/p>\n","protected":false},"excerpt":{"rendered":"<p>Konewka ogrodowa Agri 10l IKAG100 Specyfikacja: &#8211; Pojemno\u015b\u0107 &#8211;\u00a010 l &#8211; Wysoko\u015b\u0107 &#8211;\u00a040 cm &#8211; D\u0142ugo\u015b\u0107 &#8211;\u00a063,5 cm &#8211; Szeroko\u015b\u0107 -18 cm &#8211; Materia\u0142 &#8211; tworzywo sztuczne Informacje dodatkowe: &#8211; Konewka posiada wygodn\u0105 r\u0105czk\u0119 &#8211; Zdejmowane sitko &#8211; Wytrzyma\u0142a na uszkodzenia mechaniczne &#8211; Odporna na promieniowanie s\u0142oneczne Producent: Galeria: Konewka ogrodowa Agri 10l IKAG100 Specyfikacja: &#8230; <a title=\"Konewka ogrodowa Agri 10l IKAG100\" class=\"read-more\" href=\"https:\/\/selleetools.com\/pl\/product\/konewka-ogrodowa-agri-10l-ikag100\/\">Read more<span class=\"screen-reader-text\">Konewka ogrodowa Agri 10l IKAG100<\/span><\/a><\/p>\n","protected":false},"featured_media":766252,"comment_status":"closed","ping_status":"closed","template":"","meta":{"_links_to":"","_links_to_target":""},"yoast_head":"<!-- This site is optimized with the Yoast SEO plugin v19.4 - https:\/\/yoast.com\/wordpress\/plugins\/seo\/ -->\n<title>Konewka ogrodowa Agri 10l IKAG100 - Selleetools.com<\/title>\n<meta name=\"robots\" content=\"index, follow, max-snippet:-1, max-image-preview:large, max-video-preview:-1\" \/>\n<link rel=\"canonical\" href=\"https:\/\/selleetools.com\/pl\/product\/konewka-ogrodowa-agri-10l-ikag100\/\" \/>\n<meta property=\"og:locale\" content=\"pl_PL\" \/>\n<meta property=\"og:type\" content=\"article\" \/>\n<meta property=\"og:title\" content=\"Konewka ogrodowa Agri 10l IKAG100 - Selleetools.com\" \/>\n<meta property=\"og:description\" content=\"Konewka ogrodowa Agri 10l IKAG100 Specyfikacja: &#8211; Pojemno\u015b\u0107 &#8211;\u00a010 l &#8211; Wysoko\u015b\u0107 &#8211;\u00a040 cm &#8211; D\u0142ugo\u015b\u0107 &#8211;\u00a063,5 cm &#8211; Szeroko\u015b\u0107 -18 cm &#8211; Materia\u0142 &#8211; tworzywo sztuczne Informacje dodatkowe: &#8211; Konewka posiada wygodn\u0105 r\u0105czk\u0119 &#8211; Zdejmowane sitko &#8211; Wytrzyma\u0142a na uszkodzenia mechaniczne &#8211; Odporna na promieniowanie s\u0142oneczne Producent: Galeria: Konewka ogrodowa Agri 10l IKAG100 Specyfikacja: ... Read moreKonewka ogrodowa Agri 10l IKAG100\" \/>\n<meta property=\"og:url\" content=\"https:\/\/selleetools.com\/pl\/product\/konewka-ogrodowa-agri-10l-ikag100\/\" \/>\n<meta property=\"og:site_name\" content=\"Selleetools.com\" \/>\n<meta property=\"article:modified_time\" content=\"2026-05-10T11:43:33+00:00\" \/>\n<meta property=\"og:image\" content=\"https:\/\/selleetools.com\/wp-content\/uploads\/2026\/04\/653b444c53ad94c5e14def0f459ff5f1.jpg\" \/>\n\t<meta property=\"og:image:width\" content=\"1790\" \/>\n\t<meta property=\"og:image:height\" content=\"1550\" \/>\n\t<meta property=\"og:image:type\" content=\"image\/jpeg\" \/>\n<meta name=\"twitter:card\" content=\"summary_large_image\" \/>\n<meta name=\"twitter:label1\" content=\"Est. reading time\" \/>\n\t<meta name=\"twitter:data1\" content=\"1 minuta\" \/>\n<!-- \/ Yoast SEO plugin. -->","yoast_head_json":{"title":"Konewka ogrodowa Agri 10l IKAG100 - Selleetools.com","robots":{"index":"index","follow":"follow","max-snippet":"max-snippet:-1","max-image-preview":"max-image-preview:large","max-video-preview":"max-video-preview:-1"},"canonical":"https:\/\/selleetools.com\/pl\/product\/konewka-ogrodowa-agri-10l-ikag100\/","og_locale":"pl_PL","og_type":"article","og_title":"Konewka ogrodowa Agri 10l IKAG100 - Selleetools.com","og_description":"Konewka ogrodowa Agri 10l IKAG100 Specyfikacja: &#8211; Pojemno\u015b\u0107 &#8211;\u00a010 l &#8211; Wysoko\u015b\u0107 &#8211;\u00a040 cm &#8211; D\u0142ugo\u015b\u0107 &#8211;\u00a063,5 cm &#8211; Szeroko\u015b\u0107 -18 cm &#8211; Materia\u0142 &#8211; tworzywo sztuczne Informacje dodatkowe: &#8211; Konewka posiada wygodn\u0105 r\u0105czk\u0119 &#8211; Zdejmowane sitko &#8211; Wytrzyma\u0142a na uszkodzenia mechaniczne &#8211; Odporna na promieniowanie s\u0142oneczne Producent: Galeria: Konewka ogrodowa Agri 10l IKAG100 Specyfikacja: ... Read moreKonewka ogrodowa Agri 10l IKAG100","og_url":"https:\/\/selleetools.com\/pl\/product\/konewka-ogrodowa-agri-10l-ikag100\/","og_site_name":"Selleetools.com","article_modified_time":"2026-05-10T11:43:33+00:00","og_image":[{"width":1790,"height":1550,"url":"https:\/\/selleetools.com\/wp-content\/uploads\/2026\/04\/653b444c53ad94c5e14def0f459ff5f1.jpg","type":"image\/jpeg"}],"twitter_card":"summary_large_image","twitter_misc":{"Est. reading time":"1 minuta"},"schema":{"@context":"https:\/\/schema.org","@graph":[{"@type":"Organization","@id":"https:\/\/selleetools.com\/#organization","name":"Selleetools","url":"https:\/\/selleetools.com\/","sameAs":[],"logo":{"@type":"ImageObject","inLanguage":"pl-PL","@id":"https:\/\/selleetools.com\/#\/schema\/logo\/image\/","url":"https:\/\/selleetools.com\/wp-content\/uploads\/2021\/10\/logo-dark.png","contentUrl":"https:\/\/selleetools.com\/wp-content\/uploads\/2021\/10\/logo-dark.png","width":320,"height":76,"caption":"Selleetools"},"image":{"@id":"https:\/\/selleetools.com\/#\/schema\/logo\/image\/"}},{"@type":"WebSite","@id":"https:\/\/selleetools.com\/#website","url":"https:\/\/selleetools.com\/","name":"Selleetools.com","description":"","publisher":{"@id":"https:\/\/selleetools.com\/#organization"},"potentialAction":[{"@type":"SearchAction","target":{"@type":"EntryPoint","urlTemplate":"https:\/\/selleetools.com\/?s={search_term_string}"},"query-input":"required name=search_term_string"}],"inLanguage":"pl-PL"},{"@type":"WebPage","@id":"https:\/\/selleetools.com\/pl\/product\/konewka-ogrodowa-agri-10l-ikag100\/","url":"https:\/\/selleetools.com\/pl\/product\/konewka-ogrodowa-agri-10l-ikag100\/","name":"Konewka ogrodowa Agri 10l IKAG100 - Selleetools.com","isPartOf":{"@id":"https:\/\/selleetools.com\/#website"},"datePublished":"2026-04-28T23:12:17+00:00","dateModified":"2026-05-10T11:43:33+00:00","breadcrumb":{"@id":"https:\/\/selleetools.com\/pl\/product\/konewka-ogrodowa-agri-10l-ikag100\/#breadcrumb"},"inLanguage":"pl-PL","potentialAction":[{"@type":"ReadAction","target":["https:\/\/selleetools.com\/pl\/product\/konewka-ogrodowa-agri-10l-ikag100\/"]}]},{"@type":"BreadcrumbList","@id":"https:\/\/selleetools.com\/pl\/product\/konewka-ogrodowa-agri-10l-ikag100\/#breadcrumb","itemListElement":[{"@type":"ListItem","position":1,"name":"Home","item":"https:\/\/selleetools.com\/pl\/"},{"@type":"ListItem","position":2,"name":"Katalog","item":"https:\/\/selleetools.com\/pl\/katalog\/"},{"@type":"ListItem","position":3,"name":"Konewka ogrodowa Agri 10l IKAG100"}]}]}},"_links":{"self":[{"href":"https:\/\/selleetools.com\/pl\/wp-json\/wp\/v2\/product\/766266"}],"collection":[{"href":"https:\/\/selleetools.com\/pl\/wp-json\/wp\/v2\/product"}],"about":[{"href":"https:\/\/selleetools.com\/pl\/wp-json\/wp\/v2\/types\/product"}],"replies":[{"embeddable":true,"href":"https:\/\/selleetools.com\/pl\/wp-json\/wp\/v2\/comments?post=766266"}],"wp:featuredmedia":[{"embeddable":true,"href":"https:\/\/selleetools.com\/pl\/wp-json\/wp\/v2\/media\/766252"}],"wp:attachment":[{"href":"https:\/\/selleetools.com\/pl\/wp-json\/wp\/v2\/media?parent=766266"}],"curies":[{"name":"wp","href":"https:\/\/api.w.org\/{rel}","templated":true}]}}