{"id":765162,"date":"2026-04-29T01:03:14","date_gmt":"2026-04-28T23:03:14","guid":{"rendered":"https:\/\/selleetools.com\/?post_type=product&#038;p=765162"},"modified":"2026-05-10T11:55:31","modified_gmt":"2026-05-10T09:55:31","slug":"doniczka-okragla-lofly-dlof200-antracyt","status":"publish","type":"product","link":"https:\/\/selleetools.com\/pl\/product\/doniczka-okragla-lofly-dlof200-antracyt\/","title":{"rendered":"Doniczka okr\u0105g\u0142a Lofly DLOF200 | Antracyt"},"content":{"rendered":"<p>Specyfikacja: &#8211; \u015brednica\u00a0&#8211;\u00a020 cm &#8211; wysoko\u015b\u0107 &#8211;\u00a018 cm &#8211; pojemno\u015b\u0107 &#8211;\u00a03,4 l &#8211; materia\u0142 &#8211; tworzywo sztuczne &#8211; efekt powierzchni &#8211; mat Informacj\u0119 dodatkowe: &#8211; Nie posiada otwor\u00f3w w dnie &#8211; Mrozoodporna Mo\u017cemy j\u0105 umie\u015bci\u0107: &#8211; w domu &#8211; przestronnym wn\u0119trzu &#8211; na tarasie &#8211; na balkonie &#8211; w ogrodzie &#8211; w patio &#8211; w pasa\u017cach &#8211; w galeriach &#8211; na skwerach Doniczka Lofly to dekoracyjna doniczka wykonana z wysokiej jako\u015bci tworzywa sztucznego, dzi\u0119ki temu jest bardzo lekka a zarazem wytrzyma\u0142a. &#8211; Charakteryzuje si\u0119 zgrabn\u0105 form\u0105 zw\u0119\u017can\u0105 ku do\u0142owi. &#8211; Lekka i nowoczesna, pasuje do ka\u017cdego wn\u0119trza. &#8211; Stanowi elegancki i stylowy element zar\u00f3wno we wn\u0119trzach nowoczesnych, jak i tradycyjnych. &#8211; \u0141atwa w utrzymaniu czysto\u015bci. &#8211; Odporna na dzia\u0142anie warunk\u00f3w atmosferycznych i promieni UV. Oferta dotyczy doniczki DLOF200, pasuj\u0105ca podstawka to PPLF155 Doniczka Lofly Square pozwala kreowa\u0107 pi\u0119kne unikatowe wn\u0119trza i bez ogranicze\u0144 aran\u017cowa\u0107 przestrze\u0144 w domu i wok\u00f3\u0142 niego. Dzi\u0119ki klasycznej, czystej formie nadaje si\u0119 do wszystkich pomieszcze\u0144, godz\u0105c r\u00f3\u017cne style i upodobania. Jej funkcjonalno\u015b\u0107 wyra\u017ca si\u0119 przede wszystkim w komforcie u\u017cytkowania bez wzgl\u0119du na aur\u0119.<\/p>\n<p>Specyfikacja: &#8211; \u015brednica\u00a0&#8211;\u00a020 cm &#8211; wysoko\u015b\u0107 &#8211;\u00a018 cm &#8211; pojemno\u015b\u0107 &#8211;\u00a03,4 l &#8211; materia\u0142 &#8211; tworzywo sztuczne &#8211; efekt powierzchni &#8211; mat Informacj\u0119 dodatkowe: &#8211; Nie posiada otwor\u00f3w w dnie &#8211; Mrozoodporna Mo\u017cemy j\u0105 umie\u015bci\u0107: &#8211; w domu &#8211; przestronnym wn\u0119trzu &#8211; na tarasie &#8211; na balkonie &#8211; w ogrodzie &#8211; w patio &#8211; w pasa\u017cach &#8211; w galeriach &#8211; na skwerach Doniczka Lofly to dekoracyjna doniczka wykonana z wysokiej jako\u015bci tworzywa sztucznego, dzi\u0119ki temu jest bardzo lekka a zarazem wytrzyma\u0142a. &#8211; Charakteryzuje si\u0119 zgrabn\u0105 form\u0105 zw\u0119\u017can\u0105 ku do\u0142owi. &#8211; Lekka i nowoczesna, pasuje do ka\u017cdego wn\u0119trza. &#8211; Stanowi elegancki i stylowy element zar\u00f3wno we wn\u0119trzach nowoczesnych, jak i tradycyjnych. &#8211; \u0141atwa w utrzymaniu czysto\u015bci. &#8211; Odporna na dzia\u0142anie warunk\u00f3w atmosferycznych i promieni UV. Oferta dotyczy doniczki DLOF200, pasuj\u0105ca podstawka to PPLF155 Doniczka Lofly Square pozwala kreowa\u0107 pi\u0119kne unikatowe wn\u0119trza i bez ogranicze\u0144 aran\u017cowa\u0107 przestrze\u0144 w domu i wok\u00f3\u0142 niego. Dzi\u0119ki klasycznej, czystej formie nadaje si\u0119 do wszystkich pomieszcze\u0144, godz\u0105c r\u00f3\u017cne style i upodobania. Jej funkcjonalno\u015b\u0107 wyra\u017ca si\u0119 przede wszystkim w komforcie u\u017cytkowania bez wzgl\u0119du na aur\u0119.<\/p>\n","protected":false},"excerpt":{"rendered":"<p>Specyfikacja: &#8211; \u015brednica\u00a0&#8211;\u00a020 cm &#8211; wysoko\u015b\u0107 &#8211;\u00a018 cm &#8211; pojemno\u015b\u0107 &#8211;\u00a03,4 l &#8211; materia\u0142 &#8211; tworzywo sztuczne &#8211; efekt powierzchni &#8211; mat Informacj\u0119 dodatkowe: &#8211; Nie posiada otwor\u00f3w w dnie &#8211; Mrozoodporna Mo\u017cemy j\u0105 umie\u015bci\u0107: &#8211; w domu &#8211; przestronnym wn\u0119trzu &#8211; na tarasie &#8211; na balkonie &#8211; w ogrodzie &#8211; w patio &#8211; w &#8230; <a title=\"Doniczka okr\u0105g\u0142a Lofly DLOF200 | Antracyt\" class=\"read-more\" href=\"https:\/\/selleetools.com\/pl\/product\/doniczka-okragla-lofly-dlof200-antracyt\/\">Read more<span class=\"screen-reader-text\">Doniczka okr\u0105g\u0142a Lofly DLOF200 | Antracyt<\/span><\/a><\/p>\n","protected":false},"featured_media":765136,"comment_status":"closed","ping_status":"closed","template":"","meta":{"_links_to":"","_links_to_target":""},"yoast_head":"<!-- This site is optimized with the Yoast SEO plugin v19.4 - https:\/\/yoast.com\/wordpress\/plugins\/seo\/ -->\n<title>Doniczka okr\u0105g\u0142a Lofly DLOF200 | Antracyt - Selleetools.com<\/title>\n<meta name=\"robots\" content=\"index, follow, max-snippet:-1, max-image-preview:large, max-video-preview:-1\" \/>\n<link rel=\"canonical\" href=\"https:\/\/selleetools.com\/pl\/product\/doniczka-okragla-lofly-dlof200-antracyt\/\" \/>\n<meta property=\"og:locale\" content=\"pl_PL\" \/>\n<meta property=\"og:type\" content=\"article\" \/>\n<meta property=\"og:title\" content=\"Doniczka okr\u0105g\u0142a Lofly DLOF200 | Antracyt - Selleetools.com\" \/>\n<meta property=\"og:description\" content=\"Specyfikacja: &#8211; \u015brednica\u00a0&#8211;\u00a020 cm &#8211; wysoko\u015b\u0107 &#8211;\u00a018 cm &#8211; pojemno\u015b\u0107 &#8211;\u00a03,4 l &#8211; materia\u0142 &#8211; tworzywo sztuczne &#8211; efekt powierzchni &#8211; mat Informacj\u0119 dodatkowe: &#8211; Nie posiada otwor\u00f3w w dnie &#8211; Mrozoodporna Mo\u017cemy j\u0105 umie\u015bci\u0107: &#8211; w domu &#8211; przestronnym wn\u0119trzu &#8211; na tarasie &#8211; na balkonie &#8211; w ogrodzie &#8211; w patio &#8211; w ... Read moreDoniczka okr\u0105g\u0142a Lofly DLOF200 | Antracyt\" \/>\n<meta property=\"og:url\" content=\"https:\/\/selleetools.com\/pl\/product\/doniczka-okragla-lofly-dlof200-antracyt\/\" \/>\n<meta property=\"og:site_name\" content=\"Selleetools.com\" \/>\n<meta property=\"article:modified_time\" content=\"2026-05-10T09:55:31+00:00\" \/>\n<meta property=\"og:image\" content=\"https:\/\/selleetools.com\/wp-content\/uploads\/2026\/04\/2594845fc53e9040655d756d6d8eca18.jpg\" \/>\n\t<meta property=\"og:image:width\" content=\"1434\" \/>\n\t<meta property=\"og:image:height\" content=\"1771\" \/>\n\t<meta property=\"og:image:type\" content=\"image\/jpeg\" \/>\n<meta name=\"twitter:card\" content=\"summary_large_image\" \/>\n<meta name=\"twitter:label1\" content=\"Est. reading time\" \/>\n\t<meta name=\"twitter:data1\" content=\"2 minuty\" \/>\n<!-- \/ Yoast SEO plugin. -->","yoast_head_json":{"title":"Doniczka okr\u0105g\u0142a Lofly DLOF200 | Antracyt - Selleetools.com","robots":{"index":"index","follow":"follow","max-snippet":"max-snippet:-1","max-image-preview":"max-image-preview:large","max-video-preview":"max-video-preview:-1"},"canonical":"https:\/\/selleetools.com\/pl\/product\/doniczka-okragla-lofly-dlof200-antracyt\/","og_locale":"pl_PL","og_type":"article","og_title":"Doniczka okr\u0105g\u0142a Lofly DLOF200 | Antracyt - Selleetools.com","og_description":"Specyfikacja: &#8211; \u015brednica\u00a0&#8211;\u00a020 cm &#8211; wysoko\u015b\u0107 &#8211;\u00a018 cm &#8211; pojemno\u015b\u0107 &#8211;\u00a03,4 l &#8211; materia\u0142 &#8211; tworzywo sztuczne &#8211; efekt powierzchni &#8211; mat Informacj\u0119 dodatkowe: &#8211; Nie posiada otwor\u00f3w w dnie &#8211; Mrozoodporna Mo\u017cemy j\u0105 umie\u015bci\u0107: &#8211; w domu &#8211; przestronnym wn\u0119trzu &#8211; na tarasie &#8211; na balkonie &#8211; w ogrodzie &#8211; w patio &#8211; w ... Read moreDoniczka okr\u0105g\u0142a Lofly DLOF200 | Antracyt","og_url":"https:\/\/selleetools.com\/pl\/product\/doniczka-okragla-lofly-dlof200-antracyt\/","og_site_name":"Selleetools.com","article_modified_time":"2026-05-10T09:55:31+00:00","og_image":[{"width":1434,"height":1771,"url":"https:\/\/selleetools.com\/wp-content\/uploads\/2026\/04\/2594845fc53e9040655d756d6d8eca18.jpg","type":"image\/jpeg"}],"twitter_card":"summary_large_image","twitter_misc":{"Est. reading time":"2 minuty"},"schema":{"@context":"https:\/\/schema.org","@graph":[{"@type":"Organization","@id":"https:\/\/selleetools.com\/#organization","name":"Selleetools","url":"https:\/\/selleetools.com\/","sameAs":[],"logo":{"@type":"ImageObject","inLanguage":"pl-PL","@id":"https:\/\/selleetools.com\/#\/schema\/logo\/image\/","url":"https:\/\/selleetools.com\/wp-content\/uploads\/2021\/10\/logo-dark.png","contentUrl":"https:\/\/selleetools.com\/wp-content\/uploads\/2021\/10\/logo-dark.png","width":320,"height":76,"caption":"Selleetools"},"image":{"@id":"https:\/\/selleetools.com\/#\/schema\/logo\/image\/"}},{"@type":"WebSite","@id":"https:\/\/selleetools.com\/#website","url":"https:\/\/selleetools.com\/","name":"Selleetools.com","description":"","publisher":{"@id":"https:\/\/selleetools.com\/#organization"},"potentialAction":[{"@type":"SearchAction","target":{"@type":"EntryPoint","urlTemplate":"https:\/\/selleetools.com\/?s={search_term_string}"},"query-input":"required name=search_term_string"}],"inLanguage":"pl-PL"},{"@type":"WebPage","@id":"https:\/\/selleetools.com\/pl\/product\/doniczka-okragla-lofly-dlof200-antracyt\/","url":"https:\/\/selleetools.com\/pl\/product\/doniczka-okragla-lofly-dlof200-antracyt\/","name":"Doniczka okr\u0105g\u0142a Lofly DLOF200 | Antracyt - Selleetools.com","isPartOf":{"@id":"https:\/\/selleetools.com\/#website"},"datePublished":"2026-04-28T23:03:14+00:00","dateModified":"2026-05-10T09:55:31+00:00","breadcrumb":{"@id":"https:\/\/selleetools.com\/pl\/product\/doniczka-okragla-lofly-dlof200-antracyt\/#breadcrumb"},"inLanguage":"pl-PL","potentialAction":[{"@type":"ReadAction","target":["https:\/\/selleetools.com\/pl\/product\/doniczka-okragla-lofly-dlof200-antracyt\/"]}]},{"@type":"BreadcrumbList","@id":"https:\/\/selleetools.com\/pl\/product\/doniczka-okragla-lofly-dlof200-antracyt\/#breadcrumb","itemListElement":[{"@type":"ListItem","position":1,"name":"Home","item":"https:\/\/selleetools.com\/pl\/"},{"@type":"ListItem","position":2,"name":"Katalog","item":"https:\/\/selleetools.com\/pl\/katalog\/"},{"@type":"ListItem","position":3,"name":"Doniczka okr\u0105g\u0142a Lofly DLOF200 | Antracyt"}]}]}},"_links":{"self":[{"href":"https:\/\/selleetools.com\/pl\/wp-json\/wp\/v2\/product\/765162"}],"collection":[{"href":"https:\/\/selleetools.com\/pl\/wp-json\/wp\/v2\/product"}],"about":[{"href":"https:\/\/selleetools.com\/pl\/wp-json\/wp\/v2\/types\/product"}],"replies":[{"embeddable":true,"href":"https:\/\/selleetools.com\/pl\/wp-json\/wp\/v2\/comments?post=765162"}],"wp:featuredmedia":[{"embeddable":true,"href":"https:\/\/selleetools.com\/pl\/wp-json\/wp\/v2\/media\/765136"}],"wp:attachment":[{"href":"https:\/\/selleetools.com\/pl\/wp-json\/wp\/v2\/media?parent=765162"}],"curies":[{"name":"wp","href":"https:\/\/api.w.org\/{rel}","templated":true}]}}