{"id":764636,"date":"2026-04-29T00:58:29","date_gmt":"2026-04-28T22:58:29","guid":{"rendered":"https:\/\/selleetools.com\/?post_type=product&#038;p=764636"},"modified":"2026-05-10T11:53:15","modified_gmt":"2026-05-10T09:53:15","slug":"stojak-choinkowy-orbit-srebrny-2","status":"publish","type":"product","link":"https:\/\/selleetools.com\/pl\/product\/stojak-choinkowy-orbit-srebrny-2\/","title":{"rendered":"Stojak choinkowy Orbit | Srebrny"},"content":{"rendered":"<section class=\"section\">\n<div class=\"item item-6\">\n<section class=\"text-item\">\n<h1>Stojak choinkowy Orbit &#8211; srebrny<\/h1>\n<h2>Specyfikacja\u00a0produktu:<\/h2>\n<ul>\n<li>\u015brednica: 39,5 cm<\/li>\n<li>wysoko\u015b\u0107: 16,0 cm<\/li>\n<li>szeroko\u015b\u0107 pnia: 10,0 cm<\/li>\n<li>maksymalna wysoko\u015b\u0107 choinki: 2 m<\/li>\n<li>pojemno\u015b\u0107: 1l<\/li>\n<li>materia\u0142 wykonania: tworzywo sztuczne \/ plastik<\/li>\n<\/ul>\n<p>&nbsp;<\/p>\n<\/section>\n<\/div>\n<div class=\"item item-6\">\n<section class=\"image-item\"><img src=\"https:\/\/upload.cdn.baselinker.com\/products\/3011337\/1a6c3198e80f2c4329a892e4b0a074e8.jpg\" \/><\/section>\n<\/div>\n<\/section>\n<section class=\"section\">\n<div class=\"item item-6\">\n<section class=\"text-item\">\n<h2>Informacje dodatkowe:<\/h2>\n<ul>\n<li>Solidny i wytrzyma\u0142y<\/li>\n<li>Choinka b\u0119dzie sta\u0142a stabilnie i prosto<\/li>\n<li>Mo\u017cliwo\u015b\u0107 podlewania<\/li>\n<li>Maksymalna \u015brednica pnia to a\u017c 10 cm<\/li>\n<li>Utrzyma drzewko o wysoko\u015bci do 2 metr\u00f3w<\/li>\n<li>Regulacja \u015brubami<\/li>\n<li>\u0141atwy w u\u017cyciu<\/li>\n<\/ul>\n<p>&nbsp;<\/p>\n<\/section>\n<\/div>\n<div class=\"item item-6\">\n<section class=\"image-item\"><img src=\"https:\/\/upload.cdn.baselinker.com\/products\/3011337\/ee235b026cd2db89b7d6724ee20b92f3.jpg\" \/><\/section>\n<\/div>\n<\/section>\n<section class=\"section\">\n<div class=\"item item-12\">\n<section class=\"text-item\">\n<p><b>Stojak choinkowy\u00a0Orbit<\/b>\u00a0<b>:<\/b><\/p>\n<ul>\n<li>wykonany jest z tworzywa sztucznego o znacznej wytrzyma\u0142o\u015bci,<\/li>\n<li>specjalnie zaprojektowany tak, aby umieszczona w nim choinka nie mia\u0142a szansy si\u0119 przewr\u00f3ci,<\/li>\n<li>lekki i niewielkich rozmiar\u00f3w, co u\u0142atwia przechowywanie,<\/li>\n<li>wyposa\u017cony w szerok\u0105, grub\u0105 podstaw\u0119,<\/li>\n<li>u wylotu otworu na pie\u0144 umieszczono regulowane \u015bruby w celu wi\u0119kszej stabilizacji nawet wysokiego drzewka,<\/li>\n<li>przystosowano tak\u017ce do podlewania choinki, je\u015bli jest taka konieczno\u015b\u0107,\u00a0co pozwala zachowa\u0107 przez d\u0142ugi czas \u015bwie\u017co\u015b\u0107 i naturalny zapach choinki.<\/li>\n<\/ul>\n<p>&nbsp;<\/p>\n<\/section>\n<\/div>\n<\/section>\n<section class=\"section\">\n<div class=\"item item-12\">\n<section class=\"image-item\"><img src=\"https:\/\/upload.cdn.baselinker.com\/products\/3011337\/c0e9f48a32a7b3bad64603d1c4cbc822.jpg\" \/><\/section>\n<\/div>\n<\/section>\n<section class=\"section\">\n<div class=\"item item-12\">\n<section class=\"image-item\"><img src=\"https:\/\/upload.cdn.baselinker.com\/products\/3011337\/91323100c985e61a6557808ed4506512.jpg\" \/><\/section>\n<\/div>\n<\/section>\n<p>Stojak choinkowy Orbit &#8211; srebrny Specyfikacja\u00a0produktu: &#8211; \u015brednica: 39,5 cm &#8211; wysoko\u015b\u0107: 16,0 cm &#8211; szeroko\u015b\u0107 pnia: 10,0 cm &#8211; maksymalna wysoko\u015b\u0107 choinki: 2 m &#8211; pojemno\u015b\u0107: 1l &#8211; materia\u0142 wykonania: tworzywo sztuczne \/ plastik Stojak choinkowy\u00a0Orbit\u00a0: &#8211; wykonany jest z tworzywa sztucznego o znacznej wytrzyma\u0142o\u015bci, &#8211; specjalnie zaprojektowany tak, aby umieszczona w nim choinka nie mia\u0142a szansy si\u0119 przewr\u00f3ci, &#8211; lekki i niewielkich rozmiar\u00f3w, co u\u0142atwia przechowywanie, &#8211; wyposa\u017cony w szerok\u0105, grub\u0105 podstaw\u0119, &#8211; u wylotu otworu na pie\u0144 umieszczono regulowane \u015bruby w celu wi\u0119kszej stabilizacji nawet wysokiego drzewka, &#8211; przystosowano tak\u017ce do podlewania choinki, je\u015bli jest taka konieczno\u015b\u0107,\u00a0co pozwala zachowa\u0107 przez d\u0142ugi czas \u015bwie\u017co\u015b\u0107 i naturalny zapach choinki.<\/p>\n","protected":false},"excerpt":{"rendered":"<p>Stojak choinkowy Orbit &#8211; srebrny Specyfikacja\u00a0produktu: \u015brednica: 39,5 cm wysoko\u015b\u0107: 16,0 cm szeroko\u015b\u0107 pnia: 10,0 cm maksymalna wysoko\u015b\u0107 choinki: 2 m pojemno\u015b\u0107: 1l materia\u0142 wykonania: tworzywo sztuczne \/ plastik &nbsp; Informacje dodatkowe: Solidny i wytrzyma\u0142y Choinka b\u0119dzie sta\u0142a stabilnie i prosto Mo\u017cliwo\u015b\u0107 podlewania Maksymalna \u015brednica pnia to a\u017c 10 cm Utrzyma drzewko o wysoko\u015bci do &#8230; <a title=\"Stojak choinkowy Orbit | Srebrny\" class=\"read-more\" href=\"https:\/\/selleetools.com\/pl\/product\/stojak-choinkowy-orbit-srebrny-2\/\">Read more<span class=\"screen-reader-text\">Stojak choinkowy Orbit | Srebrny<\/span><\/a><\/p>\n","protected":false},"featured_media":764628,"comment_status":"closed","ping_status":"closed","template":"","meta":{"_links_to":"","_links_to_target":""},"yoast_head":"<!-- This site is optimized with the Yoast SEO plugin v19.4 - https:\/\/yoast.com\/wordpress\/plugins\/seo\/ -->\n<title>Stojak choinkowy Orbit | Srebrny - Selleetools.com<\/title>\n<meta name=\"robots\" content=\"index, follow, max-snippet:-1, max-image-preview:large, max-video-preview:-1\" \/>\n<link rel=\"canonical\" href=\"https:\/\/selleetools.com\/pl\/product\/stojak-choinkowy-orbit-srebrny-2\/\" \/>\n<meta property=\"og:locale\" content=\"pl_PL\" \/>\n<meta property=\"og:type\" content=\"article\" \/>\n<meta property=\"og:title\" content=\"Stojak choinkowy Orbit | Srebrny - Selleetools.com\" \/>\n<meta property=\"og:description\" content=\"Stojak choinkowy Orbit &#8211; srebrny Specyfikacja\u00a0produktu: \u015brednica: 39,5 cm wysoko\u015b\u0107: 16,0 cm szeroko\u015b\u0107 pnia: 10,0 cm maksymalna wysoko\u015b\u0107 choinki: 2 m pojemno\u015b\u0107: 1l materia\u0142 wykonania: tworzywo sztuczne \/ plastik &nbsp; Informacje dodatkowe: Solidny i wytrzyma\u0142y Choinka b\u0119dzie sta\u0142a stabilnie i prosto Mo\u017cliwo\u015b\u0107 podlewania Maksymalna \u015brednica pnia to a\u017c 10 cm Utrzyma drzewko o wysoko\u015bci do ... Read moreStojak choinkowy Orbit | Srebrny\" \/>\n<meta property=\"og:url\" content=\"https:\/\/selleetools.com\/pl\/product\/stojak-choinkowy-orbit-srebrny-2\/\" \/>\n<meta property=\"og:site_name\" content=\"Selleetools.com\" \/>\n<meta property=\"article:modified_time\" content=\"2026-05-10T09:53:15+00:00\" \/>\n<meta property=\"og:image\" content=\"https:\/\/selleetools.com\/wp-content\/uploads\/2026\/04\/1a6c3198e80f2c4329a892e4b0a074e8.jpg\" \/>\n\t<meta property=\"og:image:width\" content=\"2500\" \/>\n\t<meta property=\"og:image:height\" content=\"2500\" \/>\n\t<meta property=\"og:image:type\" content=\"image\/jpeg\" \/>\n<meta name=\"twitter:card\" content=\"summary_large_image\" \/>\n<meta name=\"twitter:label1\" content=\"Est. reading time\" \/>\n\t<meta name=\"twitter:data1\" content=\"1 minuta\" \/>\n<!-- \/ Yoast SEO plugin. -->","yoast_head_json":{"title":"Stojak choinkowy Orbit | Srebrny - Selleetools.com","robots":{"index":"index","follow":"follow","max-snippet":"max-snippet:-1","max-image-preview":"max-image-preview:large","max-video-preview":"max-video-preview:-1"},"canonical":"https:\/\/selleetools.com\/pl\/product\/stojak-choinkowy-orbit-srebrny-2\/","og_locale":"pl_PL","og_type":"article","og_title":"Stojak choinkowy Orbit | Srebrny - Selleetools.com","og_description":"Stojak choinkowy Orbit &#8211; srebrny Specyfikacja\u00a0produktu: \u015brednica: 39,5 cm wysoko\u015b\u0107: 16,0 cm szeroko\u015b\u0107 pnia: 10,0 cm maksymalna wysoko\u015b\u0107 choinki: 2 m pojemno\u015b\u0107: 1l materia\u0142 wykonania: tworzywo sztuczne \/ plastik &nbsp; Informacje dodatkowe: Solidny i wytrzyma\u0142y Choinka b\u0119dzie sta\u0142a stabilnie i prosto Mo\u017cliwo\u015b\u0107 podlewania Maksymalna \u015brednica pnia to a\u017c 10 cm Utrzyma drzewko o wysoko\u015bci do ... Read moreStojak choinkowy Orbit | Srebrny","og_url":"https:\/\/selleetools.com\/pl\/product\/stojak-choinkowy-orbit-srebrny-2\/","og_site_name":"Selleetools.com","article_modified_time":"2026-05-10T09:53:15+00:00","og_image":[{"width":2500,"height":2500,"url":"https:\/\/selleetools.com\/wp-content\/uploads\/2026\/04\/1a6c3198e80f2c4329a892e4b0a074e8.jpg","type":"image\/jpeg"}],"twitter_card":"summary_large_image","twitter_misc":{"Est. reading time":"1 minuta"},"schema":{"@context":"https:\/\/schema.org","@graph":[{"@type":"Organization","@id":"https:\/\/selleetools.com\/#organization","name":"Selleetools","url":"https:\/\/selleetools.com\/","sameAs":[],"logo":{"@type":"ImageObject","inLanguage":"pl-PL","@id":"https:\/\/selleetools.com\/#\/schema\/logo\/image\/","url":"https:\/\/selleetools.com\/wp-content\/uploads\/2021\/10\/logo-dark.png","contentUrl":"https:\/\/selleetools.com\/wp-content\/uploads\/2021\/10\/logo-dark.png","width":320,"height":76,"caption":"Selleetools"},"image":{"@id":"https:\/\/selleetools.com\/#\/schema\/logo\/image\/"}},{"@type":"WebSite","@id":"https:\/\/selleetools.com\/#website","url":"https:\/\/selleetools.com\/","name":"Selleetools.com","description":"","publisher":{"@id":"https:\/\/selleetools.com\/#organization"},"potentialAction":[{"@type":"SearchAction","target":{"@type":"EntryPoint","urlTemplate":"https:\/\/selleetools.com\/?s={search_term_string}"},"query-input":"required name=search_term_string"}],"inLanguage":"pl-PL"},{"@type":"WebPage","@id":"https:\/\/selleetools.com\/pl\/product\/stojak-choinkowy-orbit-srebrny-2\/","url":"https:\/\/selleetools.com\/pl\/product\/stojak-choinkowy-orbit-srebrny-2\/","name":"Stojak choinkowy Orbit | Srebrny - Selleetools.com","isPartOf":{"@id":"https:\/\/selleetools.com\/#website"},"datePublished":"2026-04-28T22:58:29+00:00","dateModified":"2026-05-10T09:53:15+00:00","breadcrumb":{"@id":"https:\/\/selleetools.com\/pl\/product\/stojak-choinkowy-orbit-srebrny-2\/#breadcrumb"},"inLanguage":"pl-PL","potentialAction":[{"@type":"ReadAction","target":["https:\/\/selleetools.com\/pl\/product\/stojak-choinkowy-orbit-srebrny-2\/"]}]},{"@type":"BreadcrumbList","@id":"https:\/\/selleetools.com\/pl\/product\/stojak-choinkowy-orbit-srebrny-2\/#breadcrumb","itemListElement":[{"@type":"ListItem","position":1,"name":"Home","item":"https:\/\/selleetools.com\/pl\/"},{"@type":"ListItem","position":2,"name":"Katalog","item":"https:\/\/selleetools.com\/pl\/katalog\/"},{"@type":"ListItem","position":3,"name":"Stojak choinkowy Orbit | Srebrny"}]}]}},"_links":{"self":[{"href":"https:\/\/selleetools.com\/pl\/wp-json\/wp\/v2\/product\/764636"}],"collection":[{"href":"https:\/\/selleetools.com\/pl\/wp-json\/wp\/v2\/product"}],"about":[{"href":"https:\/\/selleetools.com\/pl\/wp-json\/wp\/v2\/types\/product"}],"replies":[{"embeddable":true,"href":"https:\/\/selleetools.com\/pl\/wp-json\/wp\/v2\/comments?post=764636"}],"wp:featuredmedia":[{"embeddable":true,"href":"https:\/\/selleetools.com\/pl\/wp-json\/wp\/v2\/media\/764628"}],"wp:attachment":[{"href":"https:\/\/selleetools.com\/pl\/wp-json\/wp\/v2\/media?parent=764636"}],"curies":[{"name":"wp","href":"https:\/\/api.w.org\/{rel}","templated":true}]}}