{"id":676943,"date":"2026-02-19T16:41:36","date_gmt":"2026-02-19T15:41:36","guid":{"rendered":"https:\/\/selleetools.com\/?post_type=product&#038;p=676943"},"modified":"2026-04-08T16:35:41","modified_gmt":"2026-04-08T14:35:41","slug":"kwietnik-wysoki-dwustronny-standy-54h-czarny","status":"publish","type":"product","link":"https:\/\/selleetools.com\/pl\/product\/kwietnik-wysoki-dwustronny-standy-54h-czarny\/","title":{"rendered":"Kwietnik wysoki dwustronny Standy 54H | Czarny"},"content":{"rendered":"<section class=\"section\">\n<div class=\"item item-6\">\n<section class=\"text-item\">\n<h1>Kwietnik wysoki dwustronny Standy 54H &#8211; Czarny<\/h1>\n<p>Dwustronny kwietnik\/stojak na kwiaty, kt\u00f3ry z pewno\u015bci\u0105 stanie si\u0119 ozdob\u0105 ka\u017cdego wn\u0119trza. Dzi\u0119ki innowacyjnemu designowi, kwietnik mo\u017cna u\u017cywa\u0107 na dwa sposoby, co czyni go niezwykle praktycznym i funkcjonalnym.<\/p>\n<p><b>Specyfikacja kwietnika<\/b><b>:<\/b><\/p>\n<ul>\n<li>\u015brednica (jedna strona) &#8211; 24cm<\/li>\n<li>\u015brednica (druga strona) &#8211; 30cm<\/li>\n<li>wysoko\u015b\u0107 &#8211; 54 cm<\/li>\n<li>materia\u0142 &#8211; tworzywo sztuczne<\/li>\n<\/ul>\n<p><b>Mo\u017cemy go umie\u015bci\u0107:<\/b><\/p>\n<ul>\n<li>w domu<\/li>\n<li>przestronnym wn\u0119trzu<\/li>\n<li>na tarasie<\/li>\n<li>na balkonie<\/li>\n<li>w ogrodzie<\/li>\n<li>w patio<\/li>\n<li>w pasa\u017cach<\/li>\n<li>w galeriach<\/li>\n<li>na skwerach<\/li>\n<\/ul>\n<\/section><\/div>\n<div class=\"item item-6\">\n<section class=\"image-item\">\n            <img src=\"https:\/\/upload.cdn.baselinker.com\/products\/3028621\/9326ff46d6aa27c84b0dff48b9956d4a.jpg\" \/><br \/>\n        <\/section>\n<\/p><\/div>\n<\/section>\n<section class=\"section\">\n<div class=\"item item-6\">\n<section class=\"text-item\">\n<h1>Mo\u017cliwo\u015b\u0107 u\u017cycia wk\u0142adu o wymiarze 24 cm lub po przewr\u00f3ceniu do g\u00f3ry nogami &#8211; wk\u0142adu o wymiarze 30 cm.<\/h1>\n<\/section><\/div>\n<div class=\"item item-6\">\n<section class=\"image-item\">\n            <img src=\"https:\/\/upload.cdn.baselinker.com\/products\/3028621\/ae0ca6454b21bb2d200ce9b8256881ab.jpg\" \/><br \/>\n        <\/section>\n<\/p><\/div>\n<\/section>\n<section class=\"section\">\n<div class=\"item item-12\">\n<section class=\"text-item\">\n<p><b>Cechy produktu:<\/b><\/p>\n<ul>\n<li><b>Dwustronny design<\/b>: Mo\u017cliwo\u015b\u0107 u\u017cycia wk\u0142adu o wymiarze 24 cm lub po przewr\u00f3ceniu do g\u00f3ry nogami &#8211; wk\u0142adu o wymiarze 30 cm.<\/li>\n<li><b>Uniwersalno\u015b\u0107<\/b>: Idealny do ka\u017cdego rodzaju wn\u0119trza &#8211; od nowoczesnych po klasyczne.<\/li>\n<li><b>Wytrzyma\u0142y materia\u0142<\/b>: Wykonany z wysokiej jako\u015bci tworzywa sztucznego, co zapewnia d\u0142ug\u0105 trwa\u0142o\u015b\u0107 i \u0142atwo\u015b\u0107 w utrzymaniu czysto\u015bci.<\/li>\n<\/ul>\n<p><b>Zastosowanie:<\/b> Nasz kwietnik doskonale sprawdzi si\u0119 zar\u00f3wno w salonie, sypialni, jak i na tarasie czy balkonie. Dzi\u0119ki swojej uniwersalno\u015bci i eleganckiemu wygl\u0105dowi, b\u0119dzie idealnym dodatkiem do Twojego domu.<\/p>\n<\/section><\/div>\n<\/section>\n<section class=\"section\">\n<div class=\"item item-12\">\n<section class=\"text-item\">\n<p><b>Dlaczego warto wybra\u0107 nasz kwietnik?<\/b><\/p>\n<ul>\n<li><b>Funkcjonalno\u015b\u0107<\/b>: Dwa rozmiary w jednym produkcie.<\/li>\n<li><b>Styl<\/b>: Nowoczesny i elegancki design.<\/li>\n<li><b>Jako\u015b\u0107<\/b>: Trwa\u0142e i \u0142atwe do utrzymania tworzywo sztuczne.<\/li>\n<\/ul>\n<\/section><\/div>\n<\/section>\n","protected":false},"excerpt":{"rendered":"<p>Kwietnik wysoki dwustronny Standy 54H &#8211; Czarny Dwustronny kwietnik\/stojak na kwiaty, kt\u00f3ry z pewno\u015bci\u0105 stanie si\u0119 ozdob\u0105 ka\u017cdego wn\u0119trza. Dzi\u0119ki innowacyjnemu designowi, kwietnik mo\u017cna u\u017cywa\u0107 na dwa sposoby, co czyni go niezwykle praktycznym i funkcjonalnym. Specyfikacja kwietnika: \u015brednica (jedna strona) &#8211; 24cm \u015brednica (druga strona) &#8211; 30cm wysoko\u015b\u0107 &#8211; 54 cm materia\u0142 &#8211; tworzywo sztuczne &#8230; <a title=\"Kwietnik wysoki dwustronny Standy 54H | Czarny\" class=\"read-more\" href=\"https:\/\/selleetools.com\/pl\/product\/kwietnik-wysoki-dwustronny-standy-54h-czarny\/\">Read more<span class=\"screen-reader-text\">Kwietnik wysoki dwustronny Standy 54H | Czarny<\/span><\/a><\/p>\n","protected":false},"featured_media":676937,"comment_status":"open","ping_status":"closed","template":"","meta":{"_links_to":"","_links_to_target":""},"yoast_head":"<!-- This site is optimized with the Yoast SEO plugin v19.4 - https:\/\/yoast.com\/wordpress\/plugins\/seo\/ -->\n<title>Kwietnik wysoki dwustronny Standy 54H | Czarny - Selleetools.com<\/title>\n<meta name=\"robots\" content=\"index, follow, max-snippet:-1, max-image-preview:large, max-video-preview:-1\" \/>\n<link rel=\"canonical\" href=\"https:\/\/selleetools.com\/pl\/product\/kwietnik-wysoki-dwustronny-standy-54h-czarny\/\" \/>\n<meta property=\"og:locale\" content=\"pl_PL\" \/>\n<meta property=\"og:type\" content=\"article\" \/>\n<meta property=\"og:title\" content=\"Kwietnik wysoki dwustronny Standy 54H | Czarny - Selleetools.com\" \/>\n<meta property=\"og:description\" content=\"Kwietnik wysoki dwustronny Standy 54H &#8211; Czarny Dwustronny kwietnik\/stojak na kwiaty, kt\u00f3ry z pewno\u015bci\u0105 stanie si\u0119 ozdob\u0105 ka\u017cdego wn\u0119trza. Dzi\u0119ki innowacyjnemu designowi, kwietnik mo\u017cna u\u017cywa\u0107 na dwa sposoby, co czyni go niezwykle praktycznym i funkcjonalnym. Specyfikacja kwietnika: \u015brednica (jedna strona) &#8211; 24cm \u015brednica (druga strona) &#8211; 30cm wysoko\u015b\u0107 &#8211; 54 cm materia\u0142 &#8211; tworzywo sztuczne ... Read moreKwietnik wysoki dwustronny Standy 54H | Czarny\" \/>\n<meta property=\"og:url\" content=\"https:\/\/selleetools.com\/pl\/product\/kwietnik-wysoki-dwustronny-standy-54h-czarny\/\" \/>\n<meta property=\"og:site_name\" content=\"Selleetools.com\" \/>\n<meta property=\"article:modified_time\" content=\"2026-04-08T14:35:41+00:00\" \/>\n<meta property=\"og:image\" content=\"https:\/\/selleetools.com\/wp-content\/uploads\/2026\/02\/9326ff46d6aa27c84b0dff48b9956d4a.jpg\" \/>\n\t<meta property=\"og:image:width\" content=\"233\" \/>\n\t<meta property=\"og:image:height\" content=\"408\" \/>\n\t<meta property=\"og:image:type\" content=\"image\/jpeg\" \/>\n<meta name=\"twitter:card\" content=\"summary_large_image\" \/>\n<meta name=\"twitter:label1\" content=\"Est. reading time\" \/>\n\t<meta name=\"twitter:data1\" content=\"1 minuta\" \/>\n<!-- \/ Yoast SEO plugin. -->","yoast_head_json":{"title":"Kwietnik wysoki dwustronny Standy 54H | Czarny - Selleetools.com","robots":{"index":"index","follow":"follow","max-snippet":"max-snippet:-1","max-image-preview":"max-image-preview:large","max-video-preview":"max-video-preview:-1"},"canonical":"https:\/\/selleetools.com\/pl\/product\/kwietnik-wysoki-dwustronny-standy-54h-czarny\/","og_locale":"pl_PL","og_type":"article","og_title":"Kwietnik wysoki dwustronny Standy 54H | Czarny - Selleetools.com","og_description":"Kwietnik wysoki dwustronny Standy 54H &#8211; Czarny Dwustronny kwietnik\/stojak na kwiaty, kt\u00f3ry z pewno\u015bci\u0105 stanie si\u0119 ozdob\u0105 ka\u017cdego wn\u0119trza. Dzi\u0119ki innowacyjnemu designowi, kwietnik mo\u017cna u\u017cywa\u0107 na dwa sposoby, co czyni go niezwykle praktycznym i funkcjonalnym. Specyfikacja kwietnika: \u015brednica (jedna strona) &#8211; 24cm \u015brednica (druga strona) &#8211; 30cm wysoko\u015b\u0107 &#8211; 54 cm materia\u0142 &#8211; tworzywo sztuczne ... Read moreKwietnik wysoki dwustronny Standy 54H | Czarny","og_url":"https:\/\/selleetools.com\/pl\/product\/kwietnik-wysoki-dwustronny-standy-54h-czarny\/","og_site_name":"Selleetools.com","article_modified_time":"2026-04-08T14:35:41+00:00","og_image":[{"width":233,"height":408,"url":"https:\/\/selleetools.com\/wp-content\/uploads\/2026\/02\/9326ff46d6aa27c84b0dff48b9956d4a.jpg","type":"image\/jpeg"}],"twitter_card":"summary_large_image","twitter_misc":{"Est. reading time":"1 minuta"},"schema":{"@context":"https:\/\/schema.org","@graph":[{"@type":"Organization","@id":"https:\/\/selleetools.com\/#organization","name":"Selleetools","url":"https:\/\/selleetools.com\/","sameAs":[],"logo":{"@type":"ImageObject","inLanguage":"pl-PL","@id":"https:\/\/selleetools.com\/#\/schema\/logo\/image\/","url":"https:\/\/selleetools.com\/wp-content\/uploads\/2021\/10\/logo-dark.png","contentUrl":"https:\/\/selleetools.com\/wp-content\/uploads\/2021\/10\/logo-dark.png","width":320,"height":76,"caption":"Selleetools"},"image":{"@id":"https:\/\/selleetools.com\/#\/schema\/logo\/image\/"}},{"@type":"WebSite","@id":"https:\/\/selleetools.com\/#website","url":"https:\/\/selleetools.com\/","name":"Selleetools.com","description":"","publisher":{"@id":"https:\/\/selleetools.com\/#organization"},"potentialAction":[{"@type":"SearchAction","target":{"@type":"EntryPoint","urlTemplate":"https:\/\/selleetools.com\/?s={search_term_string}"},"query-input":"required name=search_term_string"}],"inLanguage":"pl-PL"},{"@type":"WebPage","@id":"https:\/\/selleetools.com\/pl\/product\/kwietnik-wysoki-dwustronny-standy-54h-czarny\/","url":"https:\/\/selleetools.com\/pl\/product\/kwietnik-wysoki-dwustronny-standy-54h-czarny\/","name":"Kwietnik wysoki dwustronny Standy 54H | Czarny - Selleetools.com","isPartOf":{"@id":"https:\/\/selleetools.com\/#website"},"datePublished":"2026-02-19T15:41:36+00:00","dateModified":"2026-04-08T14:35:41+00:00","breadcrumb":{"@id":"https:\/\/selleetools.com\/pl\/product\/kwietnik-wysoki-dwustronny-standy-54h-czarny\/#breadcrumb"},"inLanguage":"pl-PL","potentialAction":[{"@type":"ReadAction","target":["https:\/\/selleetools.com\/pl\/product\/kwietnik-wysoki-dwustronny-standy-54h-czarny\/"]}]},{"@type":"BreadcrumbList","@id":"https:\/\/selleetools.com\/pl\/product\/kwietnik-wysoki-dwustronny-standy-54h-czarny\/#breadcrumb","itemListElement":[{"@type":"ListItem","position":1,"name":"Home","item":"https:\/\/selleetools.com\/pl\/"},{"@type":"ListItem","position":2,"name":"Katalog","item":"https:\/\/selleetools.com\/pl\/katalog\/"},{"@type":"ListItem","position":3,"name":"Kwietnik wysoki dwustronny Standy 54H | Czarny"}]}]}},"_links":{"self":[{"href":"https:\/\/selleetools.com\/pl\/wp-json\/wp\/v2\/product\/676943"}],"collection":[{"href":"https:\/\/selleetools.com\/pl\/wp-json\/wp\/v2\/product"}],"about":[{"href":"https:\/\/selleetools.com\/pl\/wp-json\/wp\/v2\/types\/product"}],"replies":[{"embeddable":true,"href":"https:\/\/selleetools.com\/pl\/wp-json\/wp\/v2\/comments?post=676943"}],"wp:featuredmedia":[{"embeddable":true,"href":"https:\/\/selleetools.com\/pl\/wp-json\/wp\/v2\/media\/676937"}],"wp:attachment":[{"href":"https:\/\/selleetools.com\/pl\/wp-json\/wp\/v2\/media?parent=676943"}],"curies":[{"name":"wp","href":"https:\/\/api.w.org\/{rel}","templated":true}]}}