{"id":676891,"date":"2026-02-19T16:41:07","date_gmt":"2026-02-19T15:41:07","guid":{"rendered":"https:\/\/selleetools.com\/?post_type=product&#038;p=676891"},"modified":"2026-04-08T16:35:41","modified_gmt":"2026-04-08T14:35:41","slug":"doniczka-okragla-sahara-dunes-slim-40-czarny","status":"publish","type":"product","link":"https:\/\/selleetools.com\/pl\/product\/doniczka-okragla-sahara-dunes-slim-40-czarny\/","title":{"rendered":"Doniczka okr\u0105g\u0142a Sahara Dunes Slim 40 | Czarny"},"content":{"rendered":"<section class=\"section\">\n<div class=\"item item-6\">\n<section class=\"text-item\">\n<h1>Donica okr\u0105g\u0142a wysoka Sahara Dunes Slim 40 &#8211; Czarny<\/h1>\n<h2>Dane techniczne \/ parametry<\/h2>\n<ul>\n<li>\u015brednica g\u00f3ry &#8211; 39,5 cm<\/li>\n<li>\u015brednica podstawy &#8211; 25 cm<\/li>\n<li>wysoko\u015b\u0107 &#8211;\u00a079,5 cm,<\/li>\n<li>pojemno\u015b\u0107 donicy &#8211;\u00a063 l,<\/li>\n<li>materia\u0142: tworzywo sztuczne<\/li>\n<li>Produkt polski<\/li>\n<\/ul>\n<p><b>Dzi\u0119ki wykonaniu z mrozoodpornego tworzywa sztucznego, odpornego na warunki atmosferyczne oraz promieniowaniu UV, mo\u017cesz j\u0105 umie\u015bci\u0107:<\/b><\/p>\n<ul>\n<li>w domu<\/li>\n<li>przestronnym wn\u0119trzu<\/li>\n<li>na tarasie<\/li>\n<li>na balkonie<\/li>\n<li>w ogrodzie<\/li>\n<\/ul>\n<p><b>Informacj\u0119 dodatkowe:<\/b><\/p>\n<ul>\n<li>doniczka nie posiada podstawki<\/li>\n<li>doniczka nie posiada otwor\u00f3w w dnie<\/li>\n<\/ul>\n<\/section><\/div>\n<div class=\"item item-6\">\n<section class=\"image-item\">\n            <img src=\"https:\/\/upload.cdn.baselinker.com\/products\/3028621\/02d5cea3dc223741da3da1080a887ae3.jpg\" \/><br \/>\n        <\/section>\n<\/p><\/div>\n<\/section>\n<section class=\"section\">\n<div class=\"item item-6\">\n<section class=\"text-item\">\n<p><b>Specyfikacja wk\u0142adu Sahara Slim 40:<\/b><\/p>\n<ul>\n<li>\u015brednica g\u00f3ry &#8211; 36cm<\/li>\n<li>\u015brednica podstawy &#8211; 27cm<\/li>\n<li>wysoko\u015b\u0107 &#8211; 22cm<\/li>\n<li>pojemno\u015b\u0107 wk\u0142adu &#8211;\u00a013,7 l<\/li>\n<li>materia\u0142 &#8211; tworzywo sztuczne<\/li>\n<\/ul>\n<\/section><\/div>\n<div class=\"item item-6\">\n<section class=\"image-item\">\n            <img src=\"https:\/\/upload.cdn.baselinker.com\/products\/3028621\/65b5fced68f07c0d3e06460e2470c52c.jpg\" \/><br \/>\n        <\/section>\n<\/p><\/div>\n<\/section>\n<section class=\"section\">\n<div class=\"item item-12\">\n<section class=\"text-item\">\n<p>Produkt z przeznaczeniem do wewn\u0105trz oraz na zewn\u0105trz budynk\u00f3w. Mrozoodporne donice o ciekawej powierzchni z efektem przypominaj\u0105cym pofalowane piaski pustyni. Doniczka swoj\u0105 wysublimowan\u0105 estetyk\u0105 ociepl\u0105 surowe pomieszczenia, odmieni\u0105 nie do poznania trakty, pasa\u017ce czy skwery. Sprawdz\u0105 si\u0119 r\u00f3wnie\u017c w miejskiej przestrzeni publicznej, np. przyjaznych do wypoczynku i spotka\u0144, niezwykle modnych patio.<\/p>\n<h2>W sk\u0142ad zestawu wchodzi:<\/h2>\n<ol>\n<li>Donica okr\u0105g\u0142a wysoka Sahara Dunes Slim 30<\/li>\n<li>Wk\u0142ad wewn\u0119trzny \/ dystansowy z uchwytami o pojemno\u015b\u0107 5,5l<\/li>\n<\/ol>\n<\/section><\/div>\n<\/section>\n","protected":false},"excerpt":{"rendered":"<p>Donica okr\u0105g\u0142a wysoka Sahara Dunes Slim 40 &#8211; Czarny Dane techniczne \/ parametry \u015brednica g\u00f3ry &#8211; 39,5 cm \u015brednica podstawy &#8211; 25 cm wysoko\u015b\u0107 &#8211;\u00a079,5 cm, pojemno\u015b\u0107 donicy &#8211;\u00a063 l, materia\u0142: tworzywo sztuczne Produkt polski Dzi\u0119ki wykonaniu z mrozoodpornego tworzywa sztucznego, odpornego na warunki atmosferyczne oraz promieniowaniu UV, mo\u017cesz j\u0105 umie\u015bci\u0107: w domu przestronnym wn\u0119trzu &#8230; <a title=\"Doniczka okr\u0105g\u0142a Sahara Dunes Slim 40 | Czarny\" class=\"read-more\" href=\"https:\/\/selleetools.com\/pl\/product\/doniczka-okragla-sahara-dunes-slim-40-czarny\/\">Read more<span class=\"screen-reader-text\">Doniczka okr\u0105g\u0142a Sahara Dunes Slim 40 | Czarny<\/span><\/a><\/p>\n","protected":false},"featured_media":676881,"comment_status":"closed","ping_status":"closed","template":"","meta":{"_links_to":"","_links_to_target":""},"yoast_head":"<!-- This site is optimized with the Yoast SEO plugin v19.4 - https:\/\/yoast.com\/wordpress\/plugins\/seo\/ -->\n<title>Doniczka okr\u0105g\u0142a Sahara Dunes Slim 40 | Czarny - Selleetools.com<\/title>\n<meta name=\"robots\" content=\"index, follow, max-snippet:-1, max-image-preview:large, max-video-preview:-1\" \/>\n<link rel=\"canonical\" href=\"https:\/\/selleetools.com\/pl\/product\/doniczka-okragla-sahara-dunes-slim-40-czarny\/\" \/>\n<meta property=\"og:locale\" content=\"pl_PL\" \/>\n<meta property=\"og:type\" content=\"article\" \/>\n<meta property=\"og:title\" content=\"Doniczka okr\u0105g\u0142a Sahara Dunes Slim 40 | Czarny - Selleetools.com\" \/>\n<meta property=\"og:description\" content=\"Donica okr\u0105g\u0142a wysoka Sahara Dunes Slim 40 &#8211; Czarny Dane techniczne \/ parametry \u015brednica g\u00f3ry &#8211; 39,5 cm \u015brednica podstawy &#8211; 25 cm wysoko\u015b\u0107 &#8211;\u00a079,5 cm, pojemno\u015b\u0107 donicy &#8211;\u00a063 l, materia\u0142: tworzywo sztuczne Produkt polski Dzi\u0119ki wykonaniu z mrozoodpornego tworzywa sztucznego, odpornego na warunki atmosferyczne oraz promieniowaniu UV, mo\u017cesz j\u0105 umie\u015bci\u0107: w domu przestronnym wn\u0119trzu ... Read moreDoniczka okr\u0105g\u0142a Sahara Dunes Slim 40 | Czarny\" \/>\n<meta property=\"og:url\" content=\"https:\/\/selleetools.com\/pl\/product\/doniczka-okragla-sahara-dunes-slim-40-czarny\/\" \/>\n<meta property=\"og:site_name\" content=\"Selleetools.com\" \/>\n<meta property=\"article:modified_time\" content=\"2026-04-08T14:35:41+00:00\" \/>\n<meta property=\"og:image\" content=\"https:\/\/selleetools.com\/wp-content\/uploads\/2026\/02\/02d5cea3dc223741da3da1080a887ae3.jpg\" \/>\n\t<meta property=\"og:image:width\" content=\"2500\" \/>\n\t<meta property=\"og:image:height\" content=\"2500\" \/>\n\t<meta property=\"og:image:type\" content=\"image\/jpeg\" \/>\n<meta name=\"twitter:card\" content=\"summary_large_image\" \/>\n<meta name=\"twitter:label1\" content=\"Est. reading time\" \/>\n\t<meta name=\"twitter:data1\" content=\"1 minuta\" \/>\n<!-- \/ Yoast SEO plugin. -->","yoast_head_json":{"title":"Doniczka okr\u0105g\u0142a Sahara Dunes Slim 40 | Czarny - Selleetools.com","robots":{"index":"index","follow":"follow","max-snippet":"max-snippet:-1","max-image-preview":"max-image-preview:large","max-video-preview":"max-video-preview:-1"},"canonical":"https:\/\/selleetools.com\/pl\/product\/doniczka-okragla-sahara-dunes-slim-40-czarny\/","og_locale":"pl_PL","og_type":"article","og_title":"Doniczka okr\u0105g\u0142a Sahara Dunes Slim 40 | Czarny - Selleetools.com","og_description":"Donica okr\u0105g\u0142a wysoka Sahara Dunes Slim 40 &#8211; Czarny Dane techniczne \/ parametry \u015brednica g\u00f3ry &#8211; 39,5 cm \u015brednica podstawy &#8211; 25 cm wysoko\u015b\u0107 &#8211;\u00a079,5 cm, pojemno\u015b\u0107 donicy &#8211;\u00a063 l, materia\u0142: tworzywo sztuczne Produkt polski Dzi\u0119ki wykonaniu z mrozoodpornego tworzywa sztucznego, odpornego na warunki atmosferyczne oraz promieniowaniu UV, mo\u017cesz j\u0105 umie\u015bci\u0107: w domu przestronnym wn\u0119trzu ... Read moreDoniczka okr\u0105g\u0142a Sahara Dunes Slim 40 | Czarny","og_url":"https:\/\/selleetools.com\/pl\/product\/doniczka-okragla-sahara-dunes-slim-40-czarny\/","og_site_name":"Selleetools.com","article_modified_time":"2026-04-08T14:35:41+00:00","og_image":[{"width":2500,"height":2500,"url":"https:\/\/selleetools.com\/wp-content\/uploads\/2026\/02\/02d5cea3dc223741da3da1080a887ae3.jpg","type":"image\/jpeg"}],"twitter_card":"summary_large_image","twitter_misc":{"Est. reading time":"1 minuta"},"schema":{"@context":"https:\/\/schema.org","@graph":[{"@type":"Organization","@id":"https:\/\/selleetools.com\/#organization","name":"Selleetools","url":"https:\/\/selleetools.com\/","sameAs":[],"logo":{"@type":"ImageObject","inLanguage":"pl-PL","@id":"https:\/\/selleetools.com\/#\/schema\/logo\/image\/","url":"https:\/\/selleetools.com\/wp-content\/uploads\/2021\/10\/logo-dark.png","contentUrl":"https:\/\/selleetools.com\/wp-content\/uploads\/2021\/10\/logo-dark.png","width":320,"height":76,"caption":"Selleetools"},"image":{"@id":"https:\/\/selleetools.com\/#\/schema\/logo\/image\/"}},{"@type":"WebSite","@id":"https:\/\/selleetools.com\/#website","url":"https:\/\/selleetools.com\/","name":"Selleetools.com","description":"","publisher":{"@id":"https:\/\/selleetools.com\/#organization"},"potentialAction":[{"@type":"SearchAction","target":{"@type":"EntryPoint","urlTemplate":"https:\/\/selleetools.com\/?s={search_term_string}"},"query-input":"required name=search_term_string"}],"inLanguage":"pl-PL"},{"@type":"WebPage","@id":"https:\/\/selleetools.com\/pl\/product\/doniczka-okragla-sahara-dunes-slim-40-czarny\/","url":"https:\/\/selleetools.com\/pl\/product\/doniczka-okragla-sahara-dunes-slim-40-czarny\/","name":"Doniczka okr\u0105g\u0142a Sahara Dunes Slim 40 | Czarny - Selleetools.com","isPartOf":{"@id":"https:\/\/selleetools.com\/#website"},"datePublished":"2026-02-19T15:41:07+00:00","dateModified":"2026-04-08T14:35:41+00:00","breadcrumb":{"@id":"https:\/\/selleetools.com\/pl\/product\/doniczka-okragla-sahara-dunes-slim-40-czarny\/#breadcrumb"},"inLanguage":"pl-PL","potentialAction":[{"@type":"ReadAction","target":["https:\/\/selleetools.com\/pl\/product\/doniczka-okragla-sahara-dunes-slim-40-czarny\/"]}]},{"@type":"BreadcrumbList","@id":"https:\/\/selleetools.com\/pl\/product\/doniczka-okragla-sahara-dunes-slim-40-czarny\/#breadcrumb","itemListElement":[{"@type":"ListItem","position":1,"name":"Home","item":"https:\/\/selleetools.com\/pl\/"},{"@type":"ListItem","position":2,"name":"Katalog","item":"https:\/\/selleetools.com\/pl\/katalog\/"},{"@type":"ListItem","position":3,"name":"Doniczka okr\u0105g\u0142a Sahara Dunes Slim 40 | Czarny"}]}]}},"_links":{"self":[{"href":"https:\/\/selleetools.com\/pl\/wp-json\/wp\/v2\/product\/676891"}],"collection":[{"href":"https:\/\/selleetools.com\/pl\/wp-json\/wp\/v2\/product"}],"about":[{"href":"https:\/\/selleetools.com\/pl\/wp-json\/wp\/v2\/types\/product"}],"replies":[{"embeddable":true,"href":"https:\/\/selleetools.com\/pl\/wp-json\/wp\/v2\/comments?post=676891"}],"wp:featuredmedia":[{"embeddable":true,"href":"https:\/\/selleetools.com\/pl\/wp-json\/wp\/v2\/media\/676881"}],"wp:attachment":[{"href":"https:\/\/selleetools.com\/pl\/wp-json\/wp\/v2\/media?parent=676891"}],"curies":[{"name":"wp","href":"https:\/\/api.w.org\/{rel}","templated":true}]}}