{"id":676862,"date":"2026-02-19T16:40:49","date_gmt":"2026-02-19T15:40:49","guid":{"rendered":"https:\/\/selleetools.com\/?post_type=product&#038;p=676862"},"modified":"2026-04-08T16:35:41","modified_gmt":"2026-04-08T14:35:41","slug":"doniczka-kwadratowa-furu-square-dfsh300-295x295x55cm-kolor-niebieski-skandynawski","status":"publish","type":"product","link":"https:\/\/selleetools.com\/pl\/product\/doniczka-kwadratowa-furu-square-dfsh300-295x295x55cm-kolor-niebieski-skandynawski\/","title":{"rendered":"Doniczka kwadratowa Furu Square DFSH300, 29,5&#215;29,5x55cm, Kolor Niebieski skandynawski"},"content":{"rendered":"<section class=\"section\">\n<div class=\"item item-6\">\n<section class=\"text-item\">\n<h1>Doniczka kwadratowa Furu Square DFSH300 z wk\u0142adem &#8211; Niebieski<\/h1>\n<p><b>Specyfikacja doniczki<\/b><b>:<\/b><\/p>\n<ul>\n<li>d\u0142ugo\u015b\u0107 &#8211; 29,5 cm<\/li>\n<li>szeroko\u015b\u0107 &#8211; 29,5 cm<\/li>\n<li>wysoko\u015b\u0107 &#8211; 55 cm<\/li>\n<li>pojemno\u015b\u0107 &#8211; 35 l<\/li>\n<li>materia\u0142 &#8211; tworzywo sztuczne<\/li>\n<\/ul>\n<p><b>Informacj\u0119 dodatkowe:<\/b><\/p>\n<ul>\n<li>doniczka nie posiada podstawki<\/li>\n<li>doniczka posiada wk\u0142ad<\/li>\n<\/ul>\n<p><b>Mo\u017cemy je umie\u015bci\u0107:<\/b><\/p>\n<ul>\n<li>w domu<\/li>\n<li>przestronnym wn\u0119trzu<\/li>\n<li>na tarasie<\/li>\n<li>na balkonie<\/li>\n<li>w ogrodzie<\/li>\n<\/ul>\n<\/section><\/div>\n<div class=\"item item-6\">\n<section class=\"image-item\">\n            <img src=\"https:\/\/upload.cdn.baselinker.com\/products\/3028621\/5958f102aaa9992ce9f7720fd17dd22c.webp\" \/><br \/>\n        <\/section>\n<\/p><\/div>\n<\/section>\n<section class=\"section\">\n<div class=\"item item-6\">\n<section class=\"text-item\">\n<p>Wk\u0142ad wewn\u0119trzny do doniczek pozwala na zmniejszenie przestrzeni wewn\u0119trznej a tym samy wykorzystanie mniejszej ilo\u015bci ziemi.<\/p>\n<p><b>Specyfikacja\u00a0wk\u0142adu:<\/b><\/p>\n<ul>\n<li>d\u0142ugo\u015b\u0107 &#8211; 29 cm<\/li>\n<li>szeroko\u015b\u0107 &#8211; 29 cm<\/li>\n<li>wysoko\u015b\u0107 &#8211; 22,5 cm<\/li>\n<li>pojemno\u015b\u0107 &#8211; 14 l<\/li>\n<li>materia\u0142 &#8211; tworzywo sztuczne<\/li>\n<\/ul>\n<\/section><\/div>\n<div class=\"item item-6\">\n<section class=\"image-item\">\n            <img src=\"https:\/\/upload.cdn.baselinker.com\/products\/3028621\/ca93374e36329a03de841aa7bbbca1d6.png\" \/><br \/>\n        <\/section>\n<\/p><\/div>\n<\/section>\n<section class=\"section\">\n<div class=\"item item-12\">\n<section class=\"text-item\">\n<p>Doniczki wykonane z trwa\u0142ego plastiku. Nowoczesny design, doda ka\u017cdemu wn\u0119trzu stylu i elegancji. Mog\u0105 s\u0142u\u017cy\u0107 jako os\u0142onki, ale tak\u017ce jako doniczki.<\/p>\n<ul>\n<li>Charakteryzuje si\u0119 zgrabn\u0105, form\u0105 zw\u0119\u017can\u0105 ku do\u0142owi.<\/li>\n<li>Lekka i nowoczesna,<\/li>\n<li>Stanowi elegancki i stylowy element zar\u00f3wno we wn\u0119trzach nowoczesnych, jak i tradycyjnych.<\/li>\n<li>\u0141atwa w utrzymaniu czysto\u015bci.<\/li>\n<li>Odporna na dzia\u0142anie warunk\u00f3w atmosferycznych i promieni UV.<\/li>\n<\/ul>\n<p><b>Mo\u017cemy j\u0105 umie\u015bci\u0107:<\/b><\/p>\n<ul>\n<li>w domu<\/li>\n<li>przestronnym wn\u0119trzu<\/li>\n<li>na tarasie<\/li>\n<li>na balkonie<\/li>\n<li>w ogrodzie<\/li>\n<\/ul>\n<\/section><\/div>\n<\/section>\n","protected":false},"excerpt":{"rendered":"<p>Doniczka kwadratowa Furu Square DFSH300 z wk\u0142adem &#8211; Niebieski Specyfikacja doniczki: d\u0142ugo\u015b\u0107 &#8211; 29,5 cm szeroko\u015b\u0107 &#8211; 29,5 cm wysoko\u015b\u0107 &#8211; 55 cm pojemno\u015b\u0107 &#8211; 35 l materia\u0142 &#8211; tworzywo sztuczne Informacj\u0119 dodatkowe: doniczka nie posiada podstawki doniczka posiada wk\u0142ad Mo\u017cemy je umie\u015bci\u0107: w domu przestronnym wn\u0119trzu na tarasie na balkonie w ogrodzie Wk\u0142ad wewn\u0119trzny &#8230; <a title=\"Doniczka kwadratowa Furu Square DFSH300, 29,5&#215;29,5x55cm, Kolor Niebieski skandynawski\" class=\"read-more\" href=\"https:\/\/selleetools.com\/pl\/product\/doniczka-kwadratowa-furu-square-dfsh300-295x295x55cm-kolor-niebieski-skandynawski\/\">Read more<span class=\"screen-reader-text\">Doniczka kwadratowa Furu Square DFSH300, 29,5&#215;29,5x55cm, Kolor Niebieski skandynawski<\/span><\/a><\/p>\n","protected":false},"featured_media":676854,"comment_status":"open","ping_status":"closed","template":"","meta":{"_links_to":"","_links_to_target":""},"yoast_head":"<!-- This site is optimized with the Yoast SEO plugin v19.4 - https:\/\/yoast.com\/wordpress\/plugins\/seo\/ -->\n<title>Doniczka kwadratowa Furu Square DFSH300, 29,5x29,5x55cm, Kolor Niebieski skandynawski - Selleetools.com<\/title>\n<meta name=\"robots\" content=\"index, follow, max-snippet:-1, max-image-preview:large, max-video-preview:-1\" \/>\n<link rel=\"canonical\" href=\"https:\/\/selleetools.com\/pl\/product\/doniczka-kwadratowa-furu-square-dfsh300-295x295x55cm-kolor-niebieski-skandynawski\/\" \/>\n<meta property=\"og:locale\" content=\"pl_PL\" \/>\n<meta property=\"og:type\" content=\"article\" \/>\n<meta property=\"og:title\" content=\"Doniczka kwadratowa Furu Square DFSH300, 29,5x29,5x55cm, Kolor Niebieski skandynawski - Selleetools.com\" \/>\n<meta property=\"og:description\" content=\"Doniczka kwadratowa Furu Square DFSH300 z wk\u0142adem &#8211; Niebieski Specyfikacja doniczki: d\u0142ugo\u015b\u0107 &#8211; 29,5 cm szeroko\u015b\u0107 &#8211; 29,5 cm wysoko\u015b\u0107 &#8211; 55 cm pojemno\u015b\u0107 &#8211; 35 l materia\u0142 &#8211; tworzywo sztuczne Informacj\u0119 dodatkowe: doniczka nie posiada podstawki doniczka posiada wk\u0142ad Mo\u017cemy je umie\u015bci\u0107: w domu przestronnym wn\u0119trzu na tarasie na balkonie w ogrodzie Wk\u0142ad wewn\u0119trzny ... Read moreDoniczka kwadratowa Furu Square DFSH300, 29,5&#215;29,5x55cm, Kolor Niebieski skandynawski\" \/>\n<meta property=\"og:url\" content=\"https:\/\/selleetools.com\/pl\/product\/doniczka-kwadratowa-furu-square-dfsh300-295x295x55cm-kolor-niebieski-skandynawski\/\" \/>\n<meta property=\"og:site_name\" content=\"Selleetools.com\" \/>\n<meta property=\"article:modified_time\" content=\"2026-04-08T14:35:41+00:00\" \/>\n<meta property=\"og:image\" content=\"https:\/\/selleetools.com\/wp-content\/uploads\/2026\/02\/5958f102aaa9992ce9f7720fd17dd22c.webp\" \/>\n\t<meta property=\"og:image:width\" content=\"1024\" \/>\n\t<meta property=\"og:image:height\" content=\"1024\" \/>\n\t<meta property=\"og:image:type\" content=\"image\/webp\" \/>\n<meta name=\"twitter:card\" content=\"summary_large_image\" \/>\n<meta name=\"twitter:label1\" content=\"Est. reading time\" \/>\n\t<meta name=\"twitter:data1\" content=\"1 minuta\" \/>\n<!-- \/ Yoast SEO plugin. -->","yoast_head_json":{"title":"Doniczka kwadratowa Furu Square DFSH300, 29,5x29,5x55cm, Kolor Niebieski skandynawski - Selleetools.com","robots":{"index":"index","follow":"follow","max-snippet":"max-snippet:-1","max-image-preview":"max-image-preview:large","max-video-preview":"max-video-preview:-1"},"canonical":"https:\/\/selleetools.com\/pl\/product\/doniczka-kwadratowa-furu-square-dfsh300-295x295x55cm-kolor-niebieski-skandynawski\/","og_locale":"pl_PL","og_type":"article","og_title":"Doniczka kwadratowa Furu Square DFSH300, 29,5x29,5x55cm, Kolor Niebieski skandynawski - Selleetools.com","og_description":"Doniczka kwadratowa Furu Square DFSH300 z wk\u0142adem &#8211; Niebieski Specyfikacja doniczki: d\u0142ugo\u015b\u0107 &#8211; 29,5 cm szeroko\u015b\u0107 &#8211; 29,5 cm wysoko\u015b\u0107 &#8211; 55 cm pojemno\u015b\u0107 &#8211; 35 l materia\u0142 &#8211; tworzywo sztuczne Informacj\u0119 dodatkowe: doniczka nie posiada podstawki doniczka posiada wk\u0142ad Mo\u017cemy je umie\u015bci\u0107: w domu przestronnym wn\u0119trzu na tarasie na balkonie w ogrodzie Wk\u0142ad wewn\u0119trzny ... Read moreDoniczka kwadratowa Furu Square DFSH300, 29,5&#215;29,5x55cm, Kolor Niebieski skandynawski","og_url":"https:\/\/selleetools.com\/pl\/product\/doniczka-kwadratowa-furu-square-dfsh300-295x295x55cm-kolor-niebieski-skandynawski\/","og_site_name":"Selleetools.com","article_modified_time":"2026-04-08T14:35:41+00:00","og_image":[{"width":1024,"height":1024,"url":"https:\/\/selleetools.com\/wp-content\/uploads\/2026\/02\/5958f102aaa9992ce9f7720fd17dd22c.webp","type":"image\/webp"}],"twitter_card":"summary_large_image","twitter_misc":{"Est. reading time":"1 minuta"},"schema":{"@context":"https:\/\/schema.org","@graph":[{"@type":"Organization","@id":"https:\/\/selleetools.com\/#organization","name":"Selleetools","url":"https:\/\/selleetools.com\/","sameAs":[],"logo":{"@type":"ImageObject","inLanguage":"pl-PL","@id":"https:\/\/selleetools.com\/#\/schema\/logo\/image\/","url":"https:\/\/selleetools.com\/wp-content\/uploads\/2021\/10\/logo-dark.png","contentUrl":"https:\/\/selleetools.com\/wp-content\/uploads\/2021\/10\/logo-dark.png","width":320,"height":76,"caption":"Selleetools"},"image":{"@id":"https:\/\/selleetools.com\/#\/schema\/logo\/image\/"}},{"@type":"WebSite","@id":"https:\/\/selleetools.com\/#website","url":"https:\/\/selleetools.com\/","name":"Selleetools.com","description":"","publisher":{"@id":"https:\/\/selleetools.com\/#organization"},"potentialAction":[{"@type":"SearchAction","target":{"@type":"EntryPoint","urlTemplate":"https:\/\/selleetools.com\/?s={search_term_string}"},"query-input":"required name=search_term_string"}],"inLanguage":"pl-PL"},{"@type":"WebPage","@id":"https:\/\/selleetools.com\/pl\/product\/doniczka-kwadratowa-furu-square-dfsh300-295x295x55cm-kolor-niebieski-skandynawski\/","url":"https:\/\/selleetools.com\/pl\/product\/doniczka-kwadratowa-furu-square-dfsh300-295x295x55cm-kolor-niebieski-skandynawski\/","name":"Doniczka kwadratowa Furu Square DFSH300, 29,5x29,5x55cm, Kolor Niebieski skandynawski - Selleetools.com","isPartOf":{"@id":"https:\/\/selleetools.com\/#website"},"datePublished":"2026-02-19T15:40:49+00:00","dateModified":"2026-04-08T14:35:41+00:00","breadcrumb":{"@id":"https:\/\/selleetools.com\/pl\/product\/doniczka-kwadratowa-furu-square-dfsh300-295x295x55cm-kolor-niebieski-skandynawski\/#breadcrumb"},"inLanguage":"pl-PL","potentialAction":[{"@type":"ReadAction","target":["https:\/\/selleetools.com\/pl\/product\/doniczka-kwadratowa-furu-square-dfsh300-295x295x55cm-kolor-niebieski-skandynawski\/"]}]},{"@type":"BreadcrumbList","@id":"https:\/\/selleetools.com\/pl\/product\/doniczka-kwadratowa-furu-square-dfsh300-295x295x55cm-kolor-niebieski-skandynawski\/#breadcrumb","itemListElement":[{"@type":"ListItem","position":1,"name":"Home","item":"https:\/\/selleetools.com\/pl\/"},{"@type":"ListItem","position":2,"name":"Katalog","item":"https:\/\/selleetools.com\/pl\/katalog\/"},{"@type":"ListItem","position":3,"name":"Doniczka kwadratowa Furu Square DFSH300, 29,5&#215;29,5x55cm, Kolor Niebieski skandynawski"}]}]}},"_links":{"self":[{"href":"https:\/\/selleetools.com\/pl\/wp-json\/wp\/v2\/product\/676862"}],"collection":[{"href":"https:\/\/selleetools.com\/pl\/wp-json\/wp\/v2\/product"}],"about":[{"href":"https:\/\/selleetools.com\/pl\/wp-json\/wp\/v2\/types\/product"}],"replies":[{"embeddable":true,"href":"https:\/\/selleetools.com\/pl\/wp-json\/wp\/v2\/comments?post=676862"}],"wp:featuredmedia":[{"embeddable":true,"href":"https:\/\/selleetools.com\/pl\/wp-json\/wp\/v2\/media\/676854"}],"wp:attachment":[{"href":"https:\/\/selleetools.com\/pl\/wp-json\/wp\/v2\/media?parent=676862"}],"curies":[{"name":"wp","href":"https:\/\/api.w.org\/{rel}","templated":true}]}}