{"id":676818,"date":"2026-02-19T16:40:10","date_gmt":"2026-02-19T15:40:10","guid":{"rendered":"https:\/\/selleetools.com\/?post_type=product&#038;p=676818"},"modified":"2026-04-18T09:59:52","modified_gmt":"2026-04-18T07:59:52","slug":"pulapka-na-krety-zwykla-zestaw-5-sztuk","status":"publish","type":"product","link":"https:\/\/selleetools.com\/pl\/product\/pulapka-na-krety-zwykla-zestaw-5-sztuk\/","title":{"rendered":"Pu\u0142apka na krety zwyk\u0142a &#8211; zestaw 5 sztuk"},"content":{"rendered":"<section class=\"section\">\n<div class=\"item item-6\">\n<section class=\"text-item\">\n<h1>5x Pu\u0142apka na krety z d\u0142ugo\u015b\u0107 210 mm, \u015brednica fi 50 mm<\/h1>\n<p><b>Specyfikacja:<\/b><\/p>\n<ul>\n<li>d\u0142ugo\u015b\u0107 &#8211; 210mm<\/li>\n<li>\u015brednica &#8211; 50mm<\/li>\n<li>materia\u0142 pu\u0142apki &#8211; tworzywo PP<\/li>\n<li>materia\u0142 zapadki &#8211; blacha i drut ocynkowany<\/li>\n<\/ul>\n<p><b>Zestaw zawiera:<\/b><\/p>\n<ul>\n<li><b>Pu\u0142apka na krety z x5<\/b><\/li>\n<\/ul>\n<\/section>\n<\/div>\n<div class=\"item item-6\">\n<section class=\"image-item\"><img src=\"https:\/\/upload.cdn.baselinker.com\/products\/3028621\/9ee900af92c372a876e3763982a14d6b.jpg\" \/><\/section>\n<\/div>\n<\/section>\n<section class=\"section\">\n<div class=\"item item-6\">\n<section class=\"text-item\">\n<p>Pu\u0142apka wykonana z tworzywa PP, <b>posiada trzy otwory do monitorowania zawarto\u015bci.<\/b> Zapadki wykonane z blachy i drutu ocynkowanego, <b>otwieraj\u0105ce si\u0119 tylko do wewn\u0105trz<\/b> co uniemo\u017cliwia wydostanie si\u0119 gryzonia.<\/p>\n<p><b>Do ka\u017cdego kompletu do\u0142\u0105czona jest ulotka z instrukcj\u0105 monta\u017cu<\/b>.<\/p>\n<\/section>\n<\/div>\n<div class=\"item item-6\">\n<section class=\"image-item\"><img src=\"https:\/\/upload.cdn.baselinker.com\/products\/3028621\/b1ce28c551c0dfc1caca4aa32d708000.jpg\" \/><\/section>\n<\/div>\n<\/section>\n<section class=\"section\">\n<div class=\"item item-6\">\n<section class=\"text-item\">\n<h1>Do ka\u017cdego kompletu do\u0142\u0105czona jest ulotka z instrukcj\u0105 monta\u017cu.<\/h1>\n<\/section>\n<\/div>\n<div class=\"item item-6\">\n<section class=\"image-item\"><img src=\"https:\/\/upload.cdn.baselinker.com\/products\/3028621\/d287e2efbce861012e5b9945ccbe0c9d.jpg\" \/><\/section>\n<\/div>\n<\/section>\n<section class=\"section\">\n<div class=\"item item-6\">\n<section class=\"text-item\">\n<p><b>Spos\u00f3b u\u017cycia\u00a0<\/b><\/p>\n<p>1. Za\u0142o\u017cy\u0107 r\u0119kawice ochronne, aby nie pozostawi\u0107 zapachu na pu\u0142apce<\/p>\n<p>2. Aby zamontowa\u0107 pu\u0142apk\u0119, nale\u017cy odkry\u0107 i dok\u0142adnie udro\u017cni\u0107 podziemny kana\u0142.<\/p>\n<p>3. W tak przygotowanym miejscu umie\u015bci\u0107 pu\u0142apk\u0119, a nast\u0119pnie przykry\u0107 foli\u0105, kamieniem , lub desk\u0105.<\/p>\n<p>4. Co jaki\u015b czas nale\u017cy sprawdzi\u0107 czy w pu\u0142apce znajduj\u0119 si\u0119 gryzo\u0144 , z\u0142apanego w ten spos\u00f3b gryzonia nale\u017cy wywie\u017a\u0107 i wypu\u015bci\u0107 na wolno\u015b\u0107<\/p>\n<p>&nbsp;<\/p>\n<\/section>\n<\/div>\n<div class=\"item item-6\">\n<section class=\"image-item\"><img src=\"https:\/\/upload.cdn.baselinker.com\/products\/3028621\/0fb6876944c7b9940004d13aa9cdca3e.jpg\" \/><\/section>\n<\/div>\n<\/section>\n","protected":false},"excerpt":{"rendered":"<p>5x Pu\u0142apka na krety z d\u0142ugo\u015b\u0107 210 mm, \u015brednica fi 50 mm Specyfikacja: d\u0142ugo\u015b\u0107 &#8211; 210mm \u015brednica &#8211; 50mm materia\u0142 pu\u0142apki &#8211; tworzywo PP materia\u0142 zapadki &#8211; blacha i drut ocynkowany Zestaw zawiera: Pu\u0142apka na krety z x5 Pu\u0142apka wykonana z tworzywa PP, posiada trzy otwory do monitorowania zawarto\u015bci. Zapadki wykonane z blachy i drutu &#8230; <a title=\"Pu\u0142apka na krety zwyk\u0142a &#8211; zestaw 5 sztuk\" class=\"read-more\" href=\"https:\/\/selleetools.com\/pl\/product\/pulapka-na-krety-zwykla-zestaw-5-sztuk\/\">Read more<span class=\"screen-reader-text\">Pu\u0142apka na krety zwyk\u0142a &#8211; zestaw 5 sztuk<\/span><\/a><\/p>\n","protected":false},"featured_media":676804,"comment_status":"closed","ping_status":"closed","template":"","meta":{"_links_to":"","_links_to_target":""},"yoast_head":"<!-- This site is optimized with the Yoast SEO plugin v19.4 - https:\/\/yoast.com\/wordpress\/plugins\/seo\/ -->\n<title>Pu\u0142apka na krety zwyk\u0142a - zestaw 5 sztuk - Selleetools.com<\/title>\n<meta name=\"robots\" content=\"index, follow, max-snippet:-1, max-image-preview:large, max-video-preview:-1\" \/>\n<link rel=\"canonical\" href=\"https:\/\/selleetools.com\/pl\/product\/pulapka-na-krety-zwykla-zestaw-5-sztuk\/\" \/>\n<meta property=\"og:locale\" content=\"pl_PL\" \/>\n<meta property=\"og:type\" content=\"article\" \/>\n<meta property=\"og:title\" content=\"Pu\u0142apka na krety zwyk\u0142a - zestaw 5 sztuk - Selleetools.com\" \/>\n<meta property=\"og:description\" content=\"5x Pu\u0142apka na krety z d\u0142ugo\u015b\u0107 210 mm, \u015brednica fi 50 mm Specyfikacja: d\u0142ugo\u015b\u0107 &#8211; 210mm \u015brednica &#8211; 50mm materia\u0142 pu\u0142apki &#8211; tworzywo PP materia\u0142 zapadki &#8211; blacha i drut ocynkowany Zestaw zawiera: Pu\u0142apka na krety z x5 Pu\u0142apka wykonana z tworzywa PP, posiada trzy otwory do monitorowania zawarto\u015bci. Zapadki wykonane z blachy i drutu ... Read morePu\u0142apka na krety zwyk\u0142a &#8211; zestaw 5 sztuk\" \/>\n<meta property=\"og:url\" content=\"https:\/\/selleetools.com\/pl\/product\/pulapka-na-krety-zwykla-zestaw-5-sztuk\/\" \/>\n<meta property=\"og:site_name\" content=\"Selleetools.com\" \/>\n<meta property=\"article:modified_time\" content=\"2026-04-18T07:59:52+00:00\" \/>\n<meta property=\"og:image\" content=\"https:\/\/selleetools.com\/wp-content\/uploads\/2026\/02\/9ee900af92c372a876e3763982a14d6b.jpg\" \/>\n\t<meta property=\"og:image:width\" content=\"2500\" \/>\n\t<meta property=\"og:image:height\" content=\"2500\" \/>\n\t<meta property=\"og:image:type\" content=\"image\/jpeg\" \/>\n<meta name=\"twitter:card\" content=\"summary_large_image\" \/>\n<meta name=\"twitter:label1\" content=\"Est. reading time\" \/>\n\t<meta name=\"twitter:data1\" content=\"1 minuta\" \/>\n<!-- \/ Yoast SEO plugin. -->","yoast_head_json":{"title":"Pu\u0142apka na krety zwyk\u0142a - zestaw 5 sztuk - Selleetools.com","robots":{"index":"index","follow":"follow","max-snippet":"max-snippet:-1","max-image-preview":"max-image-preview:large","max-video-preview":"max-video-preview:-1"},"canonical":"https:\/\/selleetools.com\/pl\/product\/pulapka-na-krety-zwykla-zestaw-5-sztuk\/","og_locale":"pl_PL","og_type":"article","og_title":"Pu\u0142apka na krety zwyk\u0142a - zestaw 5 sztuk - Selleetools.com","og_description":"5x Pu\u0142apka na krety z d\u0142ugo\u015b\u0107 210 mm, \u015brednica fi 50 mm Specyfikacja: d\u0142ugo\u015b\u0107 &#8211; 210mm \u015brednica &#8211; 50mm materia\u0142 pu\u0142apki &#8211; tworzywo PP materia\u0142 zapadki &#8211; blacha i drut ocynkowany Zestaw zawiera: Pu\u0142apka na krety z x5 Pu\u0142apka wykonana z tworzywa PP, posiada trzy otwory do monitorowania zawarto\u015bci. Zapadki wykonane z blachy i drutu ... Read morePu\u0142apka na krety zwyk\u0142a &#8211; zestaw 5 sztuk","og_url":"https:\/\/selleetools.com\/pl\/product\/pulapka-na-krety-zwykla-zestaw-5-sztuk\/","og_site_name":"Selleetools.com","article_modified_time":"2026-04-18T07:59:52+00:00","og_image":[{"width":2500,"height":2500,"url":"https:\/\/selleetools.com\/wp-content\/uploads\/2026\/02\/9ee900af92c372a876e3763982a14d6b.jpg","type":"image\/jpeg"}],"twitter_card":"summary_large_image","twitter_misc":{"Est. reading time":"1 minuta"},"schema":{"@context":"https:\/\/schema.org","@graph":[{"@type":"Organization","@id":"https:\/\/selleetools.com\/#organization","name":"Selleetools","url":"https:\/\/selleetools.com\/","sameAs":[],"logo":{"@type":"ImageObject","inLanguage":"pl-PL","@id":"https:\/\/selleetools.com\/#\/schema\/logo\/image\/","url":"https:\/\/selleetools.com\/wp-content\/uploads\/2021\/10\/logo-dark.png","contentUrl":"https:\/\/selleetools.com\/wp-content\/uploads\/2021\/10\/logo-dark.png","width":320,"height":76,"caption":"Selleetools"},"image":{"@id":"https:\/\/selleetools.com\/#\/schema\/logo\/image\/"}},{"@type":"WebSite","@id":"https:\/\/selleetools.com\/#website","url":"https:\/\/selleetools.com\/","name":"Selleetools.com","description":"","publisher":{"@id":"https:\/\/selleetools.com\/#organization"},"potentialAction":[{"@type":"SearchAction","target":{"@type":"EntryPoint","urlTemplate":"https:\/\/selleetools.com\/?s={search_term_string}"},"query-input":"required name=search_term_string"}],"inLanguage":"pl-PL"},{"@type":"WebPage","@id":"https:\/\/selleetools.com\/pl\/product\/pulapka-na-krety-zwykla-zestaw-5-sztuk\/","url":"https:\/\/selleetools.com\/pl\/product\/pulapka-na-krety-zwykla-zestaw-5-sztuk\/","name":"Pu\u0142apka na krety zwyk\u0142a - zestaw 5 sztuk - Selleetools.com","isPartOf":{"@id":"https:\/\/selleetools.com\/#website"},"datePublished":"2026-02-19T15:40:10+00:00","dateModified":"2026-04-18T07:59:52+00:00","breadcrumb":{"@id":"https:\/\/selleetools.com\/pl\/product\/pulapka-na-krety-zwykla-zestaw-5-sztuk\/#breadcrumb"},"inLanguage":"pl-PL","potentialAction":[{"@type":"ReadAction","target":["https:\/\/selleetools.com\/pl\/product\/pulapka-na-krety-zwykla-zestaw-5-sztuk\/"]}]},{"@type":"BreadcrumbList","@id":"https:\/\/selleetools.com\/pl\/product\/pulapka-na-krety-zwykla-zestaw-5-sztuk\/#breadcrumb","itemListElement":[{"@type":"ListItem","position":1,"name":"Home","item":"https:\/\/selleetools.com\/pl\/"},{"@type":"ListItem","position":2,"name":"Katalog","item":"https:\/\/selleetools.com\/pl\/katalog\/"},{"@type":"ListItem","position":3,"name":"Pu\u0142apka na krety zwyk\u0142a &#8211; zestaw 5 sztuk"}]}]}},"_links":{"self":[{"href":"https:\/\/selleetools.com\/pl\/wp-json\/wp\/v2\/product\/676818"}],"collection":[{"href":"https:\/\/selleetools.com\/pl\/wp-json\/wp\/v2\/product"}],"about":[{"href":"https:\/\/selleetools.com\/pl\/wp-json\/wp\/v2\/types\/product"}],"replies":[{"embeddable":true,"href":"https:\/\/selleetools.com\/pl\/wp-json\/wp\/v2\/comments?post=676818"}],"wp:featuredmedia":[{"embeddable":true,"href":"https:\/\/selleetools.com\/pl\/wp-json\/wp\/v2\/media\/676804"}],"wp:attachment":[{"href":"https:\/\/selleetools.com\/pl\/wp-json\/wp\/v2\/media?parent=676818"}],"curies":[{"name":"wp","href":"https:\/\/api.w.org\/{rel}","templated":true}]}}