{"id":676803,"date":"2026-02-19T16:40:02","date_gmt":"2026-02-19T15:40:02","guid":{"rendered":"https:\/\/selleetools.com\/?post_type=product&#038;p=676803"},"modified":"2026-04-18T09:59:52","modified_gmt":"2026-04-18T07:59:52","slug":"pulapka-na-krety-z-sygnalizatorem-zestaw-5-sztuk","status":"publish","type":"product","link":"https:\/\/selleetools.com\/pl\/product\/pulapka-na-krety-z-sygnalizatorem-zestaw-5-sztuk\/","title":{"rendered":"Pu\u0142apka na krety z sygnalizatorem &#8211; zestaw 5 sztuk"},"content":{"rendered":"<section class=\"section\">\n<div class=\"item item-6\">\n<section class=\"text-item\">\n<h1>5x Pu\u0142apka na krety z sygnalizatorem d\u0142ugo\u015b\u0107 250 mm, \u015brednica fi 50 mm + czarna folia do przykrycia x5, r\u0119kawiczki<\/h1>\n<p><b>Specyfikacja:<\/b><\/p>\n<ul>\n<li>d\u0142ugo\u015b\u0107 &#8211; 250mm<\/li>\n<li>\u015brednica &#8211; 50mm<\/li>\n<li>materia\u0142 pu\u0142apki &#8211; tworzywo PP<\/li>\n<li>materia\u0142 zapadki &#8211; blacha i drut ocynkowany<\/li>\n<\/ul>\n<p><b>Zestaw zawiera:<\/b><\/p>\n<ul>\n<li><b>Pu\u0142apka na krety z sygnalizatorem x5<\/b><\/li>\n<li>Czarna folia do przykrycia x5<\/li>\n<li>R\u0119kawiczki x1<\/li>\n<\/ul>\n<\/section><\/div>\n<div class=\"item item-6\">\n<section class=\"image-item\">\n            <img src=\"https:\/\/upload.cdn.baselinker.com\/products\/3028621\/b1e86484913d721c1bf8fe6d1188319a.jpg\" \/><br \/>\n        <\/section>\n<\/p><\/div>\n<\/section>\n<section class=\"section\">\n<div class=\"item item-6\">\n<section class=\"text-item\">\n<p>Pu\u0142apka wykonana z tworzywa PP, <b>posiada sygnalizator<\/b> z drutu. Zapadki wykonane z blachy i drutu ocynkowanego, <b>otwieraj\u0105ce si\u0119 tylko do wewn\u0105trz<\/b> co uniemo\u017cliwia wydostanie si\u0119 gryzonia. Pu\u0142apka posiada zamontowany sygnalizator.<\/p>\n<p><b>Do ka\u017cdego kompletu do\u0142\u0105czona jest ulotka z instrukcj\u0105 monta\u017cu<\/b>.<\/p>\n<p>\u0141apka na krety zbudowana jest z rurki PCV z obustronnie zamontowanymi zapadkami. Pu\u0142apk\u0119 nale\u017cy umie\u015bci\u0107 w korytarzu u\u017cywanym przez kreta do przemieszczania si\u0119 pod ziemi\u0105. Kret, kt\u00f3ry wejdzie do pu\u0142apki nie mo\u017ce ju\u017c z niej wyj\u015b\u0107, gdy\u017c zapadki mo\u017cna otworzy\u0107 tylko od zewn\u0119trznej strony. Ten prosty mechanizm stanowi o skuteczno\u015bci i niezawodno\u015bci mechanizmu \u017cywo\u0142apki na krety. O z\u0142apaniu kreta sygnalizuje zmiana po\u0142o\u017cenia sygnalizatora.<\/p>\n<\/section><\/div>\n<div class=\"item item-6\">\n<section class=\"image-item\">\n            <img src=\"https:\/\/upload.cdn.baselinker.com\/products\/3028621\/1ec2cc9e8509c54cf80069eb9bf0e69e.jpg\" \/><br \/>\n        <\/section>\n<\/p><\/div>\n<\/section>\n<section class=\"section\">\n<div class=\"item item-6\">\n<section class=\"text-item\">\n<h1>Do ka\u017cdego kompletu do\u0142\u0105czona jest ulotka z instrukcj\u0105 monta\u017cu.<\/h1>\n<\/section><\/div>\n<div class=\"item item-6\">\n<section class=\"image-item\">\n            <img src=\"https:\/\/upload.cdn.baselinker.com\/products\/3028621\/c90b0dd5374f284666421f5b9d31a680.png\" \/><br \/>\n        <\/section>\n<\/p><\/div>\n<\/section>\n<section class=\"section\">\n<div class=\"item item-6\">\n<section class=\"text-item\">\n<p><b>Instrukcja monta\u017cu:<\/b><\/p>\n<p>Na d\u0142ugo\u015b\u0107 pu\u0142apki nale\u017cy odkry\u0107 podziemny kana\u0142, kt\u00f3rym poruszaj\u0105 si\u0119 krety lub nornice. Istotne jest, aby zrobi\u0107 to starannie \u2013 tak, aby kana\u0142 by\u0142 odpowiednio oczyszczony i przede wszystkim dro\u017cny. Kolejnym krokiem jest umieszczenie w odkrytym kanale pu\u0142apki. Sygna<b>lizator musi by\u0107 skierowany do g\u00f3ry i ustawiony w poprzek pu\u0142apki.<\/b> Zmiana jego po\u0142o\u017cenia mo\u017ce oznacza\u0107, \u017ce w \u0142apk\u0119 z\u0142apa\u0142 si\u0119 szkodnik.<\/p>\n<\/p>\n<\/section><\/div>\n<div class=\"item item-6\">\n<section class=\"image-item\">\n            <img src=\"https:\/\/upload.cdn.baselinker.com\/products\/3028621\/e231ea43334f474287e8159fb96b7e66.jpg\" \/><br \/>\n        <\/section>\n<\/p><\/div>\n<\/section>\n","protected":false},"excerpt":{"rendered":"<p>5x Pu\u0142apka na krety z sygnalizatorem d\u0142ugo\u015b\u0107 250 mm, \u015brednica fi 50 mm + czarna folia do przykrycia x5, r\u0119kawiczki Specyfikacja: d\u0142ugo\u015b\u0107 &#8211; 250mm \u015brednica &#8211; 50mm materia\u0142 pu\u0142apki &#8211; tworzywo PP materia\u0142 zapadki &#8211; blacha i drut ocynkowany Zestaw zawiera: Pu\u0142apka na krety z sygnalizatorem x5 Czarna folia do przykrycia x5 R\u0119kawiczki x1 Pu\u0142apka &#8230; <a title=\"Pu\u0142apka na krety z sygnalizatorem &#8211; zestaw 5 sztuk\" class=\"read-more\" href=\"https:\/\/selleetools.com\/pl\/product\/pulapka-na-krety-z-sygnalizatorem-zestaw-5-sztuk\/\">Read more<span class=\"screen-reader-text\">Pu\u0142apka na krety z sygnalizatorem &#8211; zestaw 5 sztuk<\/span><\/a><\/p>\n","protected":false},"featured_media":676787,"comment_status":"open","ping_status":"closed","template":"","meta":{"_links_to":"","_links_to_target":""},"yoast_head":"<!-- This site is optimized with the Yoast SEO plugin v19.4 - https:\/\/yoast.com\/wordpress\/plugins\/seo\/ -->\n<title>Pu\u0142apka na krety z sygnalizatorem - zestaw 5 sztuk - Selleetools.com<\/title>\n<meta name=\"robots\" content=\"index, follow, max-snippet:-1, max-image-preview:large, max-video-preview:-1\" \/>\n<link rel=\"canonical\" href=\"https:\/\/selleetools.com\/pl\/product\/pulapka-na-krety-z-sygnalizatorem-zestaw-5-sztuk\/\" \/>\n<meta property=\"og:locale\" content=\"pl_PL\" \/>\n<meta property=\"og:type\" content=\"article\" \/>\n<meta property=\"og:title\" content=\"Pu\u0142apka na krety z sygnalizatorem - zestaw 5 sztuk - Selleetools.com\" \/>\n<meta property=\"og:description\" content=\"5x Pu\u0142apka na krety z sygnalizatorem d\u0142ugo\u015b\u0107 250 mm, \u015brednica fi 50 mm + czarna folia do przykrycia x5, r\u0119kawiczki Specyfikacja: d\u0142ugo\u015b\u0107 &#8211; 250mm \u015brednica &#8211; 50mm materia\u0142 pu\u0142apki &#8211; tworzywo PP materia\u0142 zapadki &#8211; blacha i drut ocynkowany Zestaw zawiera: Pu\u0142apka na krety z sygnalizatorem x5 Czarna folia do przykrycia x5 R\u0119kawiczki x1 Pu\u0142apka ... Read morePu\u0142apka na krety z sygnalizatorem &#8211; zestaw 5 sztuk\" \/>\n<meta property=\"og:url\" content=\"https:\/\/selleetools.com\/pl\/product\/pulapka-na-krety-z-sygnalizatorem-zestaw-5-sztuk\/\" \/>\n<meta property=\"og:site_name\" content=\"Selleetools.com\" \/>\n<meta property=\"article:modified_time\" content=\"2026-04-18T07:59:52+00:00\" \/>\n<meta property=\"og:image\" content=\"https:\/\/selleetools.com\/wp-content\/uploads\/2026\/02\/b1e86484913d721c1bf8fe6d1188319a.jpg\" \/>\n\t<meta property=\"og:image:width\" content=\"2500\" \/>\n\t<meta property=\"og:image:height\" content=\"2500\" \/>\n\t<meta property=\"og:image:type\" content=\"image\/jpeg\" \/>\n<meta name=\"twitter:card\" content=\"summary_large_image\" \/>\n<meta name=\"twitter:label1\" content=\"Est. reading time\" \/>\n\t<meta name=\"twitter:data1\" content=\"1 minuta\" \/>\n<!-- \/ Yoast SEO plugin. -->","yoast_head_json":{"title":"Pu\u0142apka na krety z sygnalizatorem - zestaw 5 sztuk - Selleetools.com","robots":{"index":"index","follow":"follow","max-snippet":"max-snippet:-1","max-image-preview":"max-image-preview:large","max-video-preview":"max-video-preview:-1"},"canonical":"https:\/\/selleetools.com\/pl\/product\/pulapka-na-krety-z-sygnalizatorem-zestaw-5-sztuk\/","og_locale":"pl_PL","og_type":"article","og_title":"Pu\u0142apka na krety z sygnalizatorem - zestaw 5 sztuk - Selleetools.com","og_description":"5x Pu\u0142apka na krety z sygnalizatorem d\u0142ugo\u015b\u0107 250 mm, \u015brednica fi 50 mm + czarna folia do przykrycia x5, r\u0119kawiczki Specyfikacja: d\u0142ugo\u015b\u0107 &#8211; 250mm \u015brednica &#8211; 50mm materia\u0142 pu\u0142apki &#8211; tworzywo PP materia\u0142 zapadki &#8211; blacha i drut ocynkowany Zestaw zawiera: Pu\u0142apka na krety z sygnalizatorem x5 Czarna folia do przykrycia x5 R\u0119kawiczki x1 Pu\u0142apka ... Read morePu\u0142apka na krety z sygnalizatorem &#8211; zestaw 5 sztuk","og_url":"https:\/\/selleetools.com\/pl\/product\/pulapka-na-krety-z-sygnalizatorem-zestaw-5-sztuk\/","og_site_name":"Selleetools.com","article_modified_time":"2026-04-18T07:59:52+00:00","og_image":[{"width":2500,"height":2500,"url":"https:\/\/selleetools.com\/wp-content\/uploads\/2026\/02\/b1e86484913d721c1bf8fe6d1188319a.jpg","type":"image\/jpeg"}],"twitter_card":"summary_large_image","twitter_misc":{"Est. reading time":"1 minuta"},"schema":{"@context":"https:\/\/schema.org","@graph":[{"@type":"Organization","@id":"https:\/\/selleetools.com\/#organization","name":"Selleetools","url":"https:\/\/selleetools.com\/","sameAs":[],"logo":{"@type":"ImageObject","inLanguage":"pl-PL","@id":"https:\/\/selleetools.com\/#\/schema\/logo\/image\/","url":"https:\/\/selleetools.com\/wp-content\/uploads\/2021\/10\/logo-dark.png","contentUrl":"https:\/\/selleetools.com\/wp-content\/uploads\/2021\/10\/logo-dark.png","width":320,"height":76,"caption":"Selleetools"},"image":{"@id":"https:\/\/selleetools.com\/#\/schema\/logo\/image\/"}},{"@type":"WebSite","@id":"https:\/\/selleetools.com\/#website","url":"https:\/\/selleetools.com\/","name":"Selleetools.com","description":"","publisher":{"@id":"https:\/\/selleetools.com\/#organization"},"potentialAction":[{"@type":"SearchAction","target":{"@type":"EntryPoint","urlTemplate":"https:\/\/selleetools.com\/?s={search_term_string}"},"query-input":"required name=search_term_string"}],"inLanguage":"pl-PL"},{"@type":"WebPage","@id":"https:\/\/selleetools.com\/pl\/product\/pulapka-na-krety-z-sygnalizatorem-zestaw-5-sztuk\/","url":"https:\/\/selleetools.com\/pl\/product\/pulapka-na-krety-z-sygnalizatorem-zestaw-5-sztuk\/","name":"Pu\u0142apka na krety z sygnalizatorem - zestaw 5 sztuk - Selleetools.com","isPartOf":{"@id":"https:\/\/selleetools.com\/#website"},"datePublished":"2026-02-19T15:40:02+00:00","dateModified":"2026-04-18T07:59:52+00:00","breadcrumb":{"@id":"https:\/\/selleetools.com\/pl\/product\/pulapka-na-krety-z-sygnalizatorem-zestaw-5-sztuk\/#breadcrumb"},"inLanguage":"pl-PL","potentialAction":[{"@type":"ReadAction","target":["https:\/\/selleetools.com\/pl\/product\/pulapka-na-krety-z-sygnalizatorem-zestaw-5-sztuk\/"]}]},{"@type":"BreadcrumbList","@id":"https:\/\/selleetools.com\/pl\/product\/pulapka-na-krety-z-sygnalizatorem-zestaw-5-sztuk\/#breadcrumb","itemListElement":[{"@type":"ListItem","position":1,"name":"Home","item":"https:\/\/selleetools.com\/pl\/"},{"@type":"ListItem","position":2,"name":"Katalog","item":"https:\/\/selleetools.com\/pl\/katalog\/"},{"@type":"ListItem","position":3,"name":"Pu\u0142apka na krety z sygnalizatorem &#8211; zestaw 5 sztuk"}]}]}},"_links":{"self":[{"href":"https:\/\/selleetools.com\/pl\/wp-json\/wp\/v2\/product\/676803"}],"collection":[{"href":"https:\/\/selleetools.com\/pl\/wp-json\/wp\/v2\/product"}],"about":[{"href":"https:\/\/selleetools.com\/pl\/wp-json\/wp\/v2\/types\/product"}],"replies":[{"embeddable":true,"href":"https:\/\/selleetools.com\/pl\/wp-json\/wp\/v2\/comments?post=676803"}],"wp:featuredmedia":[{"embeddable":true,"href":"https:\/\/selleetools.com\/pl\/wp-json\/wp\/v2\/media\/676787"}],"wp:attachment":[{"href":"https:\/\/selleetools.com\/pl\/wp-json\/wp\/v2\/media?parent=676803"}],"curies":[{"name":"wp","href":"https:\/\/api.w.org\/{rel}","templated":true}]}}