{"id":676786,"date":"2026-02-19T16:39:52","date_gmt":"2026-02-19T15:39:52","guid":{"rendered":"https:\/\/selleetools.com\/?post_type=product&#038;p=676786"},"modified":"2026-04-08T16:35:42","modified_gmt":"2026-04-08T14:35:42","slug":"skrzynka-narzedziowa-warsztatowa-dark-kdr5025n","status":"publish","type":"product","link":"https:\/\/selleetools.com\/pl\/product\/skrzynka-narzedziowa-warsztatowa-dark-kdr5025n\/","title":{"rendered":"Skrzynka narz\u0119dziowa, warsztatowa DARK KDR5025N"},"content":{"rendered":"<section class=\"section\">\n<div class=\"item item-6\">\n<section class=\"text-item\">\n<h1>Skrzynka narz\u0119dziowa, warsztatowa DARK KDR5025N<\/h1>\n<p><b>Specyfikacja:<\/b><\/p>\n<ul>\n<li>d\u0142ugo\u015b\u0107 &#8211; 47,6 cm<\/li>\n<li>szeroko\u015b\u0107 &#8211; 25,8 cm<\/li>\n<li>wysoko\u015b\u0107 &#8211; 22,6 cm<\/li>\n<li>materia\u0142 &#8211; tworzywo sztuczne<\/li>\n<\/ul>\n<p><b>Skrzynka narz\u0119dziowa <\/b>kt\u00f3ra idealnie sprawdzi si\u0119 w firmach \u015bwiadcz\u0105cych us\u0142ugi serwisowe, w warsztatach samochodowych, a tak\u017ce w gara\u017cu ka\u017cdego majsterkowicza. Idealne rozwi\u0105zanie dla profesjonalist\u00f3w ceni\u0105cych sobie mobilno\u015b\u0107, bezpiecze\u0144stwo oraz elastyczno\u015b\u0107.<\/p>\n<\/section><\/div>\n<div class=\"item item-6\">\n<section class=\"image-item\">\n            <img src=\"https:\/\/upload.cdn.baselinker.com\/products\/3028621\/79b9c5684d9769c30751f6878cc01e88.jpg\" \/><br \/>\n        <\/section>\n<\/p><\/div>\n<\/section>\n<section class=\"section\">\n<div class=\"item item-6\">\n<section class=\"text-item\">\n<p><b>Skrzynka kt\u00f3ra \u015bwietnie sie sprawdzi w wielu bran\u017cach takich jak:<\/b><\/p>\n<ul>\n<li>budownictwo,<\/li>\n<li>przemys\u0142,<\/li>\n<li>motoryzacja,<\/li>\n<li>logistyka.<\/li>\n<\/ul>\n<p><b>Skrzynka dzi\u0119ki kt\u00f3rej jasno i przejrzy\u015bcie posortujesz drobne elementy:<\/b><\/p>\n<ul>\n<li>w pracy<\/li>\n<li>magazynie<\/li>\n<li>gara\u017cu<\/li>\n<li>w domu.<\/li>\n<\/ul>\n<\/section><\/div>\n<div class=\"item item-6\">\n<section class=\"image-item\">\n            <img src=\"https:\/\/upload.cdn.baselinker.com\/products\/3028621\/34f35b29eac54f317c86d17895e444fe.jpg\" \/><br \/>\n        <\/section>\n<\/p><\/div>\n<\/section>\n<section class=\"section\">\n<div class=\"item item-6\">\n<section class=\"text-item\">\n<p><b>Informacje dodatkowe:<\/b><\/p>\n<ul>\n<li><b>Wytrzyma\u0142e zapi\u0119cia<\/b> z ABS<\/li>\n<li><b>Solidne zawiasy<\/b>, kt\u00f3re s\u0105 tak wykonane aby pokrywa nie odpina\u0142a si\u0119 od do\u0142u skrzynki.<\/li>\n<li>Ergonomiczny uchwyt,<\/li>\n<li>Multifunkcjonalne <b>nosid\u0142o narz\u0119dziowe<\/b>,<\/li>\n<li>Korpus wykonany z wytrzyma\u0142ej mieszanki polimer\u00f3w,<\/li>\n<li>Pokrywa nie ma organizer\u00f3w, dzi\u0119ki czemu jest przydatna przy ci\u0119\u017ckich, profesjonalnych pracach.<\/li>\n<li>Posiada specjalna faktur\u0119 na czarnych elementach<\/li>\n<li><b>\u0141adowno\u015b\u0107 do 12 kg<\/b><\/li>\n<\/ul>\n<\/section><\/div>\n<div class=\"item item-6\">\n<section class=\"image-item\">\n            <img src=\"https:\/\/upload.cdn.baselinker.com\/products\/3028621\/1e700b11298e5b14f74f1b6915bf20f9.jpg\" \/><br \/>\n        <\/section>\n<\/p><\/div>\n<\/section>\n<section class=\"section\">\n<div class=\"item item-6\">\n<section class=\"text-item\">\n<p>Skrzynka zawiera wewn\u0105trz multifunkcjon\u0105 tack\u0119 narz\u0119dziow\u0105.<\/p>\n<p><b> Zalety nosid\u0142a narz\u0119dziowego:<\/b><\/p>\n<ol>\n<li>Organizacja narz\u0119dzi: Tacka wewn\u0119trzna pozwala na lepsz\u0105 organizacj\u0119 narz\u0119dzi i drobnych akcesori\u00f3w, dzi\u0119ki czemu s\u0105 one zawsze \u0142atwo dost\u0119pne podczas pracy.<\/li>\n<li>\u0141atwo\u015b\u0107 przenoszenia: Nosid\u0142o narz\u0119dziowe umo\u017cliwia wygodne przenoszenie najcz\u0119\u015bciej u\u017cywanych narz\u0119dzi, co zwi\u0119ksza efektywno\u015b\u0107 i komfort pracy.<\/li>\n<li>Osobne komory: Tacka posiada osobne przegr\u00f3dki, kt\u00f3re pomagaj\u0105 w segregacji narz\u0119dzi r\u00f3\u017cnych rozmiar\u00f3w, co minimalizuje ryzyko zagubienia mniejszych element\u00f3w.<\/li>\n<li>Mobilno\u015b\u0107: Tacka mo\u017ce by\u0107 \u0142atwo wyjmowana ze skrzynki, co pozwala na szybki dost\u0119p do narz\u0119dzi bez konieczno\u015bci przeszukiwania ca\u0142ej skrzynki.<\/li>\n<li>Wielofunkcyjno\u015b\u0107: Tacka mo\u017ce by\u0107 u\u017cywana r\u00f3wnie\u017c poza skrzynk\u0105 narz\u0119dziow\u0105 jako samodzielne nosid\u0142o, co zwi\u0119ksza jej wszechstronno\u015b\u0107.<\/li>\n<li>Bezpiecze\u0144stwo: Dzi\u0119ki tackom narz\u0119dzia s\u0105 lepiej zabezpieczone przed uszkodzeniami mechanicznymi i przypadkowym wypadni\u0119ciem.<\/li>\n<\/ol>\n<\/section><\/div>\n<div class=\"item item-6\">\n<section class=\"image-item\">\n            <img src=\"https:\/\/upload.cdn.baselinker.com\/products\/3028621\/f6a6f8b0b21a2df9b70bc9a3caec5256.jpg\" \/><br \/>\n        <\/section>\n<\/p><\/div>\n<\/section>\n","protected":false},"excerpt":{"rendered":"<p>Skrzynka narz\u0119dziowa, warsztatowa DARK KDR5025N Specyfikacja: d\u0142ugo\u015b\u0107 &#8211; 47,6 cm szeroko\u015b\u0107 &#8211; 25,8 cm wysoko\u015b\u0107 &#8211; 22,6 cm materia\u0142 &#8211; tworzywo sztuczne Skrzynka narz\u0119dziowa kt\u00f3ra idealnie sprawdzi si\u0119 w firmach \u015bwiadcz\u0105cych us\u0142ugi serwisowe, w warsztatach samochodowych, a tak\u017ce w gara\u017cu ka\u017cdego majsterkowicza. Idealne rozwi\u0105zanie dla profesjonalist\u00f3w ceni\u0105cych sobie mobilno\u015b\u0107, bezpiecze\u0144stwo oraz elastyczno\u015b\u0107. Skrzynka kt\u00f3ra \u015bwietnie &#8230; <a title=\"Skrzynka narz\u0119dziowa, warsztatowa DARK KDR5025N\" class=\"read-more\" href=\"https:\/\/selleetools.com\/pl\/product\/skrzynka-narzedziowa-warsztatowa-dark-kdr5025n\/\">Read more<span class=\"screen-reader-text\">Skrzynka narz\u0119dziowa, warsztatowa DARK KDR5025N<\/span><\/a><\/p>\n","protected":false},"featured_media":676776,"comment_status":"open","ping_status":"closed","template":"","meta":{"_links_to":"","_links_to_target":""},"yoast_head":"<!-- This site is optimized with the Yoast SEO plugin v19.4 - https:\/\/yoast.com\/wordpress\/plugins\/seo\/ -->\n<title>Skrzynka narz\u0119dziowa, warsztatowa DARK KDR5025N - Selleetools.com<\/title>\n<meta name=\"robots\" content=\"index, follow, max-snippet:-1, max-image-preview:large, max-video-preview:-1\" \/>\n<link rel=\"canonical\" href=\"https:\/\/selleetools.com\/pl\/product\/skrzynka-narzedziowa-warsztatowa-dark-kdr5025n\/\" \/>\n<meta property=\"og:locale\" content=\"pl_PL\" \/>\n<meta property=\"og:type\" content=\"article\" \/>\n<meta property=\"og:title\" content=\"Skrzynka narz\u0119dziowa, warsztatowa DARK KDR5025N - Selleetools.com\" \/>\n<meta property=\"og:description\" content=\"Skrzynka narz\u0119dziowa, warsztatowa DARK KDR5025N Specyfikacja: d\u0142ugo\u015b\u0107 &#8211; 47,6 cm szeroko\u015b\u0107 &#8211; 25,8 cm wysoko\u015b\u0107 &#8211; 22,6 cm materia\u0142 &#8211; tworzywo sztuczne Skrzynka narz\u0119dziowa kt\u00f3ra idealnie sprawdzi si\u0119 w firmach \u015bwiadcz\u0105cych us\u0142ugi serwisowe, w warsztatach samochodowych, a tak\u017ce w gara\u017cu ka\u017cdego majsterkowicza. Idealne rozwi\u0105zanie dla profesjonalist\u00f3w ceni\u0105cych sobie mobilno\u015b\u0107, bezpiecze\u0144stwo oraz elastyczno\u015b\u0107. Skrzynka kt\u00f3ra \u015bwietnie ... Read moreSkrzynka narz\u0119dziowa, warsztatowa DARK KDR5025N\" \/>\n<meta property=\"og:url\" content=\"https:\/\/selleetools.com\/pl\/product\/skrzynka-narzedziowa-warsztatowa-dark-kdr5025n\/\" \/>\n<meta property=\"og:site_name\" content=\"Selleetools.com\" \/>\n<meta property=\"article:modified_time\" content=\"2026-04-08T14:35:42+00:00\" \/>\n<meta property=\"og:image\" content=\"https:\/\/selleetools.com\/wp-content\/uploads\/2026\/02\/79b9c5684d9769c30751f6878cc01e88.jpg\" \/>\n\t<meta property=\"og:image:width\" content=\"2500\" \/>\n\t<meta property=\"og:image:height\" content=\"2500\" \/>\n\t<meta property=\"og:image:type\" content=\"image\/jpeg\" \/>\n<meta name=\"twitter:card\" content=\"summary_large_image\" \/>\n<meta name=\"twitter:label1\" content=\"Est. reading time\" \/>\n\t<meta name=\"twitter:data1\" content=\"2 minuty\" \/>\n<!-- \/ Yoast SEO plugin. -->","yoast_head_json":{"title":"Skrzynka narz\u0119dziowa, warsztatowa DARK KDR5025N - Selleetools.com","robots":{"index":"index","follow":"follow","max-snippet":"max-snippet:-1","max-image-preview":"max-image-preview:large","max-video-preview":"max-video-preview:-1"},"canonical":"https:\/\/selleetools.com\/pl\/product\/skrzynka-narzedziowa-warsztatowa-dark-kdr5025n\/","og_locale":"pl_PL","og_type":"article","og_title":"Skrzynka narz\u0119dziowa, warsztatowa DARK KDR5025N - Selleetools.com","og_description":"Skrzynka narz\u0119dziowa, warsztatowa DARK KDR5025N Specyfikacja: d\u0142ugo\u015b\u0107 &#8211; 47,6 cm szeroko\u015b\u0107 &#8211; 25,8 cm wysoko\u015b\u0107 &#8211; 22,6 cm materia\u0142 &#8211; tworzywo sztuczne Skrzynka narz\u0119dziowa kt\u00f3ra idealnie sprawdzi si\u0119 w firmach \u015bwiadcz\u0105cych us\u0142ugi serwisowe, w warsztatach samochodowych, a tak\u017ce w gara\u017cu ka\u017cdego majsterkowicza. Idealne rozwi\u0105zanie dla profesjonalist\u00f3w ceni\u0105cych sobie mobilno\u015b\u0107, bezpiecze\u0144stwo oraz elastyczno\u015b\u0107. Skrzynka kt\u00f3ra \u015bwietnie ... Read moreSkrzynka narz\u0119dziowa, warsztatowa DARK KDR5025N","og_url":"https:\/\/selleetools.com\/pl\/product\/skrzynka-narzedziowa-warsztatowa-dark-kdr5025n\/","og_site_name":"Selleetools.com","article_modified_time":"2026-04-08T14:35:42+00:00","og_image":[{"width":2500,"height":2500,"url":"https:\/\/selleetools.com\/wp-content\/uploads\/2026\/02\/79b9c5684d9769c30751f6878cc01e88.jpg","type":"image\/jpeg"}],"twitter_card":"summary_large_image","twitter_misc":{"Est. reading time":"2 minuty"},"schema":{"@context":"https:\/\/schema.org","@graph":[{"@type":"Organization","@id":"https:\/\/selleetools.com\/#organization","name":"Selleetools","url":"https:\/\/selleetools.com\/","sameAs":[],"logo":{"@type":"ImageObject","inLanguage":"pl-PL","@id":"https:\/\/selleetools.com\/#\/schema\/logo\/image\/","url":"https:\/\/selleetools.com\/wp-content\/uploads\/2021\/10\/logo-dark.png","contentUrl":"https:\/\/selleetools.com\/wp-content\/uploads\/2021\/10\/logo-dark.png","width":320,"height":76,"caption":"Selleetools"},"image":{"@id":"https:\/\/selleetools.com\/#\/schema\/logo\/image\/"}},{"@type":"WebSite","@id":"https:\/\/selleetools.com\/#website","url":"https:\/\/selleetools.com\/","name":"Selleetools.com","description":"","publisher":{"@id":"https:\/\/selleetools.com\/#organization"},"potentialAction":[{"@type":"SearchAction","target":{"@type":"EntryPoint","urlTemplate":"https:\/\/selleetools.com\/?s={search_term_string}"},"query-input":"required name=search_term_string"}],"inLanguage":"pl-PL"},{"@type":"WebPage","@id":"https:\/\/selleetools.com\/pl\/product\/skrzynka-narzedziowa-warsztatowa-dark-kdr5025n\/","url":"https:\/\/selleetools.com\/pl\/product\/skrzynka-narzedziowa-warsztatowa-dark-kdr5025n\/","name":"Skrzynka narz\u0119dziowa, warsztatowa DARK KDR5025N - Selleetools.com","isPartOf":{"@id":"https:\/\/selleetools.com\/#website"},"datePublished":"2026-02-19T15:39:52+00:00","dateModified":"2026-04-08T14:35:42+00:00","breadcrumb":{"@id":"https:\/\/selleetools.com\/pl\/product\/skrzynka-narzedziowa-warsztatowa-dark-kdr5025n\/#breadcrumb"},"inLanguage":"pl-PL","potentialAction":[{"@type":"ReadAction","target":["https:\/\/selleetools.com\/pl\/product\/skrzynka-narzedziowa-warsztatowa-dark-kdr5025n\/"]}]},{"@type":"BreadcrumbList","@id":"https:\/\/selleetools.com\/pl\/product\/skrzynka-narzedziowa-warsztatowa-dark-kdr5025n\/#breadcrumb","itemListElement":[{"@type":"ListItem","position":1,"name":"Home","item":"https:\/\/selleetools.com\/pl\/"},{"@type":"ListItem","position":2,"name":"Katalog","item":"https:\/\/selleetools.com\/pl\/katalog\/"},{"@type":"ListItem","position":3,"name":"Skrzynka narz\u0119dziowa, warsztatowa DARK KDR5025N"}]}]}},"_links":{"self":[{"href":"https:\/\/selleetools.com\/pl\/wp-json\/wp\/v2\/product\/676786"}],"collection":[{"href":"https:\/\/selleetools.com\/pl\/wp-json\/wp\/v2\/product"}],"about":[{"href":"https:\/\/selleetools.com\/pl\/wp-json\/wp\/v2\/types\/product"}],"replies":[{"embeddable":true,"href":"https:\/\/selleetools.com\/pl\/wp-json\/wp\/v2\/comments?post=676786"}],"wp:featuredmedia":[{"embeddable":true,"href":"https:\/\/selleetools.com\/pl\/wp-json\/wp\/v2\/media\/676776"}],"wp:attachment":[{"href":"https:\/\/selleetools.com\/pl\/wp-json\/wp\/v2\/media?parent=676786"}],"curies":[{"name":"wp","href":"https:\/\/api.w.org\/{rel}","templated":true}]}}