{"id":676593,"date":"2026-02-19T16:36:54","date_gmt":"2026-02-19T15:36:54","guid":{"rendered":"https:\/\/selleetools.com\/?post_type=product&#038;p=676593"},"modified":"2026-04-08T16:35:43","modified_gmt":"2026-04-08T14:35:43","slug":"system-nawadniajacy-okragly-wr2-do-rozmiaru-250","status":"publish","type":"product","link":"https:\/\/selleetools.com\/pl\/product\/system-nawadniajacy-okragly-wr2-do-rozmiaru-250\/","title":{"rendered":"System nawadniaj\u0105cy okr\u0105g\u0142y WR2 do rozmiaru 250"},"content":{"rendered":"<section class=\"section\">\n<div class=\"item item-12\">\n<section class=\"text-item\">\n<h1>System nawadniaj\u0105cy okr\u0105g\u0142y WR2<\/h1>\n<p><b>Specyfikacja:<\/b><\/p>\n<ul>\n<li>szeroko\u015b\u0107 \/ d\u0142ugo\u015b\u0107 &#8211; 16,8cm<\/li>\n<li>wysoko\u015b\u0107 &#8211; 20cm<\/li>\n<li>materia\u0142 &#8211; tworzywo sztuczne<\/li>\n<\/ul>\n<p><b>Zestaw zawiera:<\/b><\/p>\n<ul>\n<li>wk\u0142ad wewn\u0119trzny &#8211; podstawka wydzielaj\u0105ca przestrze\u0144 dla wody<\/li>\n<li>wska\u017anik poziomu wody<\/li>\n<li>lejek &#8211; do uzupe\u0142niania wody<\/li>\n<\/ul>\n<p><b>Zalety systemu nawadniania:<\/b><\/p>\n<ul>\n<li>wygodny spos\u00f3b prawid\u0142owego nawadniania ro\u015blin<\/li>\n<li>wyd\u0142u\u017ca czas, w kt\u00f3rym ziemia jest wilgotna<\/li>\n<li>zmniejsza cz\u0119stotliwo\u015b\u0107 podlewania<\/li>\n<li>pozwala kontrolowa\u0107 poziom wody w doniczce<\/li>\n<li>pozwala zaoszcz\u0119dzi\u0107 do 50% wody przez mniejsze odparowanie<\/li>\n<li>wyje\u017cd\u017caj\u0105c zostawiasz ro\u015blin\u0119 w dobrych r\u0119kach systemu nawadniania<\/li>\n<\/ul>\n<p><b>Dedykowany do doniczek firmy Prosperplast:<\/b><\/p>\n<ul>\n<li>DTUS250<\/li>\n<li>DTUS250S<\/li>\n<li>DTUS250C<\/li>\n<li>DTUS250E<\/li>\n<li>DRTUS250<\/li>\n<li>DRTUS250L<\/li>\n<li>DURO250<\/li>\n<li>DBMIL240<\/li>\n<li>DFR250<\/li>\n<\/ul>\n<\/section><\/div>\n<\/section>\n<section class=\"section\">\n<div class=\"item item-12\">\n<section class=\"image-item\">\n            <img src=\"https:\/\/upload.cdn.baselinker.com\/products\/3028621\/4e69831827b058488a08fb5c5a19d739.jpg\" \/><br \/>\n        <\/section>\n<\/p><\/div>\n<\/section>\n<section class=\"section\">\n<div class=\"item item-12\">\n<section class=\"text-item\">\n<p>System umo\u017cliwia upraw\u0119 hydroponiczn\u0105. W tego typu uprawie korzenie ro\u015bliny znajduj\u0105 si\u0119 w naczyniu wewn\u0119trznym z tworzywa sztucznego, wype\u0142nionym oboj\u0119tnym pod\u0142o\u017cem (np. keramzytem). Naczynie wewn\u0119trzne, wraz ze wska\u017anikiem pokazuj\u0105cym optymalny poziom wody, znajduje si\u0119 w naczyniu zewn\u0119trznym, kt\u00f3re wype\u0142nione jest wod\u0105 z dodatkiem sk\u0142adnik\u00f3w pokarmowych. W ten spos\u00f3b najlepiej uprawia\u0107 ro\u015bliny lubi\u0105ce du\u017co wilgoci, metod\u0119 t\u0105 mo\u017cna jednak zastosowa\u0107 w zasadzie do uprawy wszystkich ro\u015blin domowych, nawet sukulent\u00f3w.<\/p>\n<\/section><\/div>\n<\/section>\n","protected":false},"excerpt":{"rendered":"<p>System nawadniaj\u0105cy okr\u0105g\u0142y WR2 Specyfikacja: szeroko\u015b\u0107 \/ d\u0142ugo\u015b\u0107 &#8211; 16,8cm wysoko\u015b\u0107 &#8211; 20cm materia\u0142 &#8211; tworzywo sztuczne Zestaw zawiera: wk\u0142ad wewn\u0119trzny &#8211; podstawka wydzielaj\u0105ca przestrze\u0144 dla wody wska\u017anik poziomu wody lejek &#8211; do uzupe\u0142niania wody Zalety systemu nawadniania: wygodny spos\u00f3b prawid\u0142owego nawadniania ro\u015blin wyd\u0142u\u017ca czas, w kt\u00f3rym ziemia jest wilgotna zmniejsza cz\u0119stotliwo\u015b\u0107 podlewania pozwala kontrolowa\u0107 &#8230; <a title=\"System nawadniaj\u0105cy okr\u0105g\u0142y WR2 do rozmiaru 250\" class=\"read-more\" href=\"https:\/\/selleetools.com\/pl\/product\/system-nawadniajacy-okragly-wr2-do-rozmiaru-250\/\">Read more<span class=\"screen-reader-text\">System nawadniaj\u0105cy okr\u0105g\u0142y WR2 do rozmiaru 250<\/span><\/a><\/p>\n","protected":false},"featured_media":676589,"comment_status":"open","ping_status":"closed","template":"","meta":{"_links_to":"","_links_to_target":""},"yoast_head":"<!-- This site is optimized with the Yoast SEO plugin v19.4 - https:\/\/yoast.com\/wordpress\/plugins\/seo\/ -->\n<title>System nawadniaj\u0105cy okr\u0105g\u0142y WR2 do rozmiaru 250 - Selleetools.com<\/title>\n<meta name=\"robots\" content=\"index, follow, max-snippet:-1, max-image-preview:large, max-video-preview:-1\" \/>\n<link rel=\"canonical\" href=\"https:\/\/selleetools.com\/pl\/product\/system-nawadniajacy-okragly-wr2-do-rozmiaru-250\/\" \/>\n<meta property=\"og:locale\" content=\"pl_PL\" \/>\n<meta property=\"og:type\" content=\"article\" \/>\n<meta property=\"og:title\" content=\"System nawadniaj\u0105cy okr\u0105g\u0142y WR2 do rozmiaru 250 - Selleetools.com\" \/>\n<meta property=\"og:description\" content=\"System nawadniaj\u0105cy okr\u0105g\u0142y WR2 Specyfikacja: szeroko\u015b\u0107 \/ d\u0142ugo\u015b\u0107 &#8211; 16,8cm wysoko\u015b\u0107 &#8211; 20cm materia\u0142 &#8211; tworzywo sztuczne Zestaw zawiera: wk\u0142ad wewn\u0119trzny &#8211; podstawka wydzielaj\u0105ca przestrze\u0144 dla wody wska\u017anik poziomu wody lejek &#8211; do uzupe\u0142niania wody Zalety systemu nawadniania: wygodny spos\u00f3b prawid\u0142owego nawadniania ro\u015blin wyd\u0142u\u017ca czas, w kt\u00f3rym ziemia jest wilgotna zmniejsza cz\u0119stotliwo\u015b\u0107 podlewania pozwala kontrolowa\u0107 ... Read moreSystem nawadniaj\u0105cy okr\u0105g\u0142y WR2 do rozmiaru 250\" \/>\n<meta property=\"og:url\" content=\"https:\/\/selleetools.com\/pl\/product\/system-nawadniajacy-okragly-wr2-do-rozmiaru-250\/\" \/>\n<meta property=\"og:site_name\" content=\"Selleetools.com\" \/>\n<meta property=\"article:modified_time\" content=\"2026-04-08T14:35:43+00:00\" \/>\n<meta property=\"og:image\" content=\"https:\/\/selleetools.com\/wp-content\/uploads\/2026\/02\/4e69831827b058488a08fb5c5a19d739.jpg\" \/>\n\t<meta property=\"og:image:width\" content=\"2284\" \/>\n\t<meta property=\"og:image:height\" content=\"2455\" \/>\n\t<meta property=\"og:image:type\" content=\"image\/jpeg\" \/>\n<meta name=\"twitter:card\" content=\"summary_large_image\" \/>\n<meta name=\"twitter:label1\" content=\"Est. reading time\" \/>\n\t<meta name=\"twitter:data1\" content=\"1 minuta\" \/>\n<!-- \/ Yoast SEO plugin. -->","yoast_head_json":{"title":"System nawadniaj\u0105cy okr\u0105g\u0142y WR2 do rozmiaru 250 - Selleetools.com","robots":{"index":"index","follow":"follow","max-snippet":"max-snippet:-1","max-image-preview":"max-image-preview:large","max-video-preview":"max-video-preview:-1"},"canonical":"https:\/\/selleetools.com\/pl\/product\/system-nawadniajacy-okragly-wr2-do-rozmiaru-250\/","og_locale":"pl_PL","og_type":"article","og_title":"System nawadniaj\u0105cy okr\u0105g\u0142y WR2 do rozmiaru 250 - Selleetools.com","og_description":"System nawadniaj\u0105cy okr\u0105g\u0142y WR2 Specyfikacja: szeroko\u015b\u0107 \/ d\u0142ugo\u015b\u0107 &#8211; 16,8cm wysoko\u015b\u0107 &#8211; 20cm materia\u0142 &#8211; tworzywo sztuczne Zestaw zawiera: wk\u0142ad wewn\u0119trzny &#8211; podstawka wydzielaj\u0105ca przestrze\u0144 dla wody wska\u017anik poziomu wody lejek &#8211; do uzupe\u0142niania wody Zalety systemu nawadniania: wygodny spos\u00f3b prawid\u0142owego nawadniania ro\u015blin wyd\u0142u\u017ca czas, w kt\u00f3rym ziemia jest wilgotna zmniejsza cz\u0119stotliwo\u015b\u0107 podlewania pozwala kontrolowa\u0107 ... Read moreSystem nawadniaj\u0105cy okr\u0105g\u0142y WR2 do rozmiaru 250","og_url":"https:\/\/selleetools.com\/pl\/product\/system-nawadniajacy-okragly-wr2-do-rozmiaru-250\/","og_site_name":"Selleetools.com","article_modified_time":"2026-04-08T14:35:43+00:00","og_image":[{"width":2284,"height":2455,"url":"https:\/\/selleetools.com\/wp-content\/uploads\/2026\/02\/4e69831827b058488a08fb5c5a19d739.jpg","type":"image\/jpeg"}],"twitter_card":"summary_large_image","twitter_misc":{"Est. reading time":"1 minuta"},"schema":{"@context":"https:\/\/schema.org","@graph":[{"@type":"Organization","@id":"https:\/\/selleetools.com\/#organization","name":"Selleetools","url":"https:\/\/selleetools.com\/","sameAs":[],"logo":{"@type":"ImageObject","inLanguage":"pl-PL","@id":"https:\/\/selleetools.com\/#\/schema\/logo\/image\/","url":"https:\/\/selleetools.com\/wp-content\/uploads\/2021\/10\/logo-dark.png","contentUrl":"https:\/\/selleetools.com\/wp-content\/uploads\/2021\/10\/logo-dark.png","width":320,"height":76,"caption":"Selleetools"},"image":{"@id":"https:\/\/selleetools.com\/#\/schema\/logo\/image\/"}},{"@type":"WebSite","@id":"https:\/\/selleetools.com\/#website","url":"https:\/\/selleetools.com\/","name":"Selleetools.com","description":"","publisher":{"@id":"https:\/\/selleetools.com\/#organization"},"potentialAction":[{"@type":"SearchAction","target":{"@type":"EntryPoint","urlTemplate":"https:\/\/selleetools.com\/?s={search_term_string}"},"query-input":"required name=search_term_string"}],"inLanguage":"pl-PL"},{"@type":"WebPage","@id":"https:\/\/selleetools.com\/pl\/product\/system-nawadniajacy-okragly-wr2-do-rozmiaru-250\/","url":"https:\/\/selleetools.com\/pl\/product\/system-nawadniajacy-okragly-wr2-do-rozmiaru-250\/","name":"System nawadniaj\u0105cy okr\u0105g\u0142y WR2 do rozmiaru 250 - Selleetools.com","isPartOf":{"@id":"https:\/\/selleetools.com\/#website"},"datePublished":"2026-02-19T15:36:54+00:00","dateModified":"2026-04-08T14:35:43+00:00","breadcrumb":{"@id":"https:\/\/selleetools.com\/pl\/product\/system-nawadniajacy-okragly-wr2-do-rozmiaru-250\/#breadcrumb"},"inLanguage":"pl-PL","potentialAction":[{"@type":"ReadAction","target":["https:\/\/selleetools.com\/pl\/product\/system-nawadniajacy-okragly-wr2-do-rozmiaru-250\/"]}]},{"@type":"BreadcrumbList","@id":"https:\/\/selleetools.com\/pl\/product\/system-nawadniajacy-okragly-wr2-do-rozmiaru-250\/#breadcrumb","itemListElement":[{"@type":"ListItem","position":1,"name":"Home","item":"https:\/\/selleetools.com\/pl\/"},{"@type":"ListItem","position":2,"name":"Katalog","item":"https:\/\/selleetools.com\/pl\/katalog\/"},{"@type":"ListItem","position":3,"name":"System nawadniaj\u0105cy okr\u0105g\u0142y WR2 do rozmiaru 250"}]}]}},"_links":{"self":[{"href":"https:\/\/selleetools.com\/pl\/wp-json\/wp\/v2\/product\/676593"}],"collection":[{"href":"https:\/\/selleetools.com\/pl\/wp-json\/wp\/v2\/product"}],"about":[{"href":"https:\/\/selleetools.com\/pl\/wp-json\/wp\/v2\/types\/product"}],"replies":[{"embeddable":true,"href":"https:\/\/selleetools.com\/pl\/wp-json\/wp\/v2\/comments?post=676593"}],"wp:featuredmedia":[{"embeddable":true,"href":"https:\/\/selleetools.com\/pl\/wp-json\/wp\/v2\/media\/676589"}],"wp:attachment":[{"href":"https:\/\/selleetools.com\/pl\/wp-json\/wp\/v2\/media?parent=676593"}],"curies":[{"name":"wp","href":"https:\/\/api.w.org\/{rel}","templated":true}]}}