{"id":676558,"date":"2026-02-19T16:36:20","date_gmt":"2026-02-19T15:36:20","guid":{"rendered":"https:\/\/selleetools.com\/?post_type=product&#038;p=676558"},"modified":"2026-04-08T16:35:43","modified_gmt":"2026-04-08T14:35:43","slug":"doniczka-okragla-gobi-slim-40-z-wkladem-bialy","status":"publish","type":"product","link":"https:\/\/selleetools.com\/pl\/product\/doniczka-okragla-gobi-slim-40-z-wkladem-bialy\/","title":{"rendered":"Doniczka okr\u0105g\u0142a Gobi Slim 40 z wk\u0142adem | Bia\u0142y"},"content":{"rendered":"<section class=\"section\">\n<div class=\"item item-12\">\n<section class=\"text-item\">\n<h1>Doniczka okr\u0105g\u0142a Gobi Slim 40 z wk\u0142adem &#8211; Bia\u0142y<\/h1>\n<p><b>Specyfikacja:<\/b><\/p>\n<ul>\n<li>\u015brednica &#8211; 38,5 cm<\/li>\n<li>wysoko\u015b\u0107 &#8211; 58 cm<\/li>\n<li>pojemno\u015b\u0107 &#8211; 51 l<\/li>\n<li>materia\u0142 &#8211; tworzywo sztuczne<\/li>\n<\/ul>\n<p><b>Zastosowanie:<\/b><\/p>\n<ul>\n<li>wewn\u0119trzne<\/li>\n<li>zewn\u0119trzne<\/li>\n<\/ul>\n<p><b>Mo\u017cemy j\u0105 umie\u015bci\u0107:<\/b><\/p>\n<ul>\n<li>w domu<\/li>\n<li>przestronnym wn\u0119trzu<\/li>\n<li>na tarasie<\/li>\n<li>na balkonie<\/li>\n<li>w ogrodzie<\/li>\n<li>w patio<\/li>\n<li>w pasa\u017cach<\/li>\n<li>w galeriach<\/li>\n<li>na skwerach<\/li>\n<\/ul>\n<p>Doniczka okr\u0105g\u0142a, wykonana z wysokiej jako\u015bci tworzywa sztucznego. Idealnie sprawdzi si\u0119 na zewn\u0105trz, jak r\u00f3wnie\u017c znajdzie zastosowanie w aran\u017cacji wn\u0119trz. Nowoczesny design i prosta forma sprawia, \u017ce pasuje do nowoczesnych jak i tradycyjnie urz\u0105dzonych wn\u0119trz.<\/p>\n<\/section><\/div>\n<\/section>\n<section class=\"section\">\n<div class=\"item item-12\">\n<section class=\"image-item\">\n            <img src=\"https:\/\/upload.cdn.baselinker.com\/products\/3028621\/738b65d23057dce85b71a0c2e577dfa4.jpg\" \/><br \/>\n        <\/section>\n<\/p><\/div>\n<\/section>\n<section class=\"section\">\n<div class=\"item item-12\">\n<section class=\"text-item\">\n<p><b>Specyfikacja wk\u0142adu:<\/b><\/p>\n<ul>\n<li>\u015brednica g\u00f3ry &#8211; 36cm<\/li>\n<li>\u015brednica podstawy &#8211; 27cm<\/li>\n<li>wysoko\u015b\u0107 &#8211; 22cm<\/li>\n<li>pojemno\u015b\u0107 wk\u0142adu &#8211;\u00a013,7 l<\/li>\n<li>materia\u0142 &#8211; tworzywo sztuczne<\/li>\n<\/ul>\n<p>Wk\u0142ady dystansowe pozwalaj\u0105 zaoszcz\u0119dzi\u0107 ilo\u015b\u0107 ziemi jak\u0105 nale\u017cy wsypa\u0107 do doniczki, mo\u017cna r\u00f3wnie\u017c w \u0142atwy spos\u00f3b dokona\u0107 prze\u0142o\u017cenia kwiat\u00f3w do innej doniczki poprzez przeniesienie ca\u0142ego wk\u0142adu.<\/p>\n<\/section><\/div>\n<\/section>\n<section class=\"section\">\n<div class=\"item item-12\">\n<section class=\"image-item\">\n            <img src=\"https:\/\/upload.cdn.baselinker.com\/products\/3028621\/ac175a1d0d5d137618f048f8c4f7c290.jpg\" \/><br \/>\n        <\/section>\n<\/p><\/div>\n<\/section>\n","protected":false},"excerpt":{"rendered":"<p>Doniczka okr\u0105g\u0142a Gobi Slim 40 z wk\u0142adem &#8211; Bia\u0142y Specyfikacja: \u015brednica &#8211; 38,5 cm wysoko\u015b\u0107 &#8211; 58 cm pojemno\u015b\u0107 &#8211; 51 l materia\u0142 &#8211; tworzywo sztuczne Zastosowanie: wewn\u0119trzne zewn\u0119trzne Mo\u017cemy j\u0105 umie\u015bci\u0107: w domu przestronnym wn\u0119trzu na tarasie na balkonie w ogrodzie w patio w pasa\u017cach w galeriach na skwerach Doniczka okr\u0105g\u0142a, wykonana z wysokiej &#8230; <a title=\"Doniczka okr\u0105g\u0142a Gobi Slim 40 z wk\u0142adem | Bia\u0142y\" class=\"read-more\" href=\"https:\/\/selleetools.com\/pl\/product\/doniczka-okragla-gobi-slim-40-z-wkladem-bialy\/\">Read more<span class=\"screen-reader-text\">Doniczka okr\u0105g\u0142a Gobi Slim 40 z wk\u0142adem | Bia\u0142y<\/span><\/a><\/p>\n","protected":false},"featured_media":676552,"comment_status":"open","ping_status":"closed","template":"","meta":{"_links_to":"","_links_to_target":""},"yoast_head":"<!-- This site is optimized with the Yoast SEO plugin v19.4 - https:\/\/yoast.com\/wordpress\/plugins\/seo\/ -->\n<title>Doniczka okr\u0105g\u0142a Gobi Slim 40 z wk\u0142adem | Bia\u0142y - Selleetools.com<\/title>\n<meta name=\"robots\" content=\"index, follow, max-snippet:-1, max-image-preview:large, max-video-preview:-1\" \/>\n<link rel=\"canonical\" href=\"https:\/\/selleetools.com\/product\/doniczka-okragla-gobi-slim-40-z-wkladem-bialy\/\" \/>\n<meta property=\"og:locale\" content=\"pl_PL\" \/>\n<meta property=\"og:type\" content=\"article\" \/>\n<meta property=\"og:title\" content=\"Doniczka okr\u0105g\u0142a Gobi Slim 40 z wk\u0142adem | Bia\u0142y - Selleetools.com\" \/>\n<meta property=\"og:description\" content=\"Doniczka okr\u0105g\u0142a Gobi Slim 40 z wk\u0142adem &#8211; Bia\u0142y Specyfikacja: \u015brednica &#8211; 38,5 cm wysoko\u015b\u0107 &#8211; 58 cm pojemno\u015b\u0107 &#8211; 51 l materia\u0142 &#8211; tworzywo sztuczne Zastosowanie: wewn\u0119trzne zewn\u0119trzne Mo\u017cemy j\u0105 umie\u015bci\u0107: w domu przestronnym wn\u0119trzu na tarasie na balkonie w ogrodzie w patio w pasa\u017cach w galeriach na skwerach Doniczka okr\u0105g\u0142a, wykonana z wysokiej ... Read moreDoniczka okr\u0105g\u0142a Gobi Slim 40 z wk\u0142adem | Bia\u0142y\" \/>\n<meta property=\"og:url\" content=\"https:\/\/selleetools.com\/product\/doniczka-okragla-gobi-slim-40-z-wkladem-bialy\/\" \/>\n<meta property=\"og:site_name\" content=\"Selleetools.com\" \/>\n<meta property=\"article:modified_time\" content=\"2026-04-08T14:35:43+00:00\" \/>\n<meta property=\"og:image\" content=\"https:\/\/selleetools.com\/wp-content\/uploads\/2026\/02\/738b65d23057dce85b71a0c2e577dfa4.jpg\" \/>\n\t<meta property=\"og:image:width\" content=\"2500\" \/>\n\t<meta property=\"og:image:height\" content=\"2500\" \/>\n\t<meta property=\"og:image:type\" content=\"image\/jpeg\" \/>\n<meta name=\"twitter:card\" content=\"summary_large_image\" \/>\n<meta name=\"twitter:label1\" content=\"Est. reading time\" \/>\n\t<meta name=\"twitter:data1\" content=\"1 minuta\" \/>\n<!-- \/ Yoast SEO plugin. -->","yoast_head_json":{"title":"Doniczka okr\u0105g\u0142a Gobi Slim 40 z wk\u0142adem | Bia\u0142y - Selleetools.com","robots":{"index":"index","follow":"follow","max-snippet":"max-snippet:-1","max-image-preview":"max-image-preview:large","max-video-preview":"max-video-preview:-1"},"canonical":"https:\/\/selleetools.com\/product\/doniczka-okragla-gobi-slim-40-z-wkladem-bialy\/","og_locale":"pl_PL","og_type":"article","og_title":"Doniczka okr\u0105g\u0142a Gobi Slim 40 z wk\u0142adem | Bia\u0142y - Selleetools.com","og_description":"Doniczka okr\u0105g\u0142a Gobi Slim 40 z wk\u0142adem &#8211; Bia\u0142y Specyfikacja: \u015brednica &#8211; 38,5 cm wysoko\u015b\u0107 &#8211; 58 cm pojemno\u015b\u0107 &#8211; 51 l materia\u0142 &#8211; tworzywo sztuczne Zastosowanie: wewn\u0119trzne zewn\u0119trzne Mo\u017cemy j\u0105 umie\u015bci\u0107: w domu przestronnym wn\u0119trzu na tarasie na balkonie w ogrodzie w patio w pasa\u017cach w galeriach na skwerach Doniczka okr\u0105g\u0142a, wykonana z wysokiej ... Read moreDoniczka okr\u0105g\u0142a Gobi Slim 40 z wk\u0142adem | Bia\u0142y","og_url":"https:\/\/selleetools.com\/product\/doniczka-okragla-gobi-slim-40-z-wkladem-bialy\/","og_site_name":"Selleetools.com","article_modified_time":"2026-04-08T14:35:43+00:00","og_image":[{"width":2500,"height":2500,"url":"https:\/\/selleetools.com\/wp-content\/uploads\/2026\/02\/738b65d23057dce85b71a0c2e577dfa4.jpg","type":"image\/jpeg"}],"twitter_card":"summary_large_image","twitter_misc":{"Est. reading time":"1 minuta"},"schema":{"@context":"https:\/\/schema.org","@graph":[{"@type":"Organization","@id":"https:\/\/selleetools.com\/#organization","name":"Selleetools","url":"https:\/\/selleetools.com\/","sameAs":[],"logo":{"@type":"ImageObject","inLanguage":"pl-PL","@id":"https:\/\/selleetools.com\/#\/schema\/logo\/image\/","url":"https:\/\/selleetools.com\/wp-content\/uploads\/2021\/10\/logo-dark.png","contentUrl":"https:\/\/selleetools.com\/wp-content\/uploads\/2021\/10\/logo-dark.png","width":320,"height":76,"caption":"Selleetools"},"image":{"@id":"https:\/\/selleetools.com\/#\/schema\/logo\/image\/"}},{"@type":"WebSite","@id":"https:\/\/selleetools.com\/#website","url":"https:\/\/selleetools.com\/","name":"Selleetools.com","description":"","publisher":{"@id":"https:\/\/selleetools.com\/#organization"},"potentialAction":[{"@type":"SearchAction","target":{"@type":"EntryPoint","urlTemplate":"https:\/\/selleetools.com\/?s={search_term_string}"},"query-input":"required name=search_term_string"}],"inLanguage":"pl-PL"},{"@type":"WebPage","@id":"https:\/\/selleetools.com\/product\/doniczka-okragla-gobi-slim-40-z-wkladem-bialy\/","url":"https:\/\/selleetools.com\/product\/doniczka-okragla-gobi-slim-40-z-wkladem-bialy\/","name":"Doniczka okr\u0105g\u0142a Gobi Slim 40 z wk\u0142adem | Bia\u0142y - Selleetools.com","isPartOf":{"@id":"https:\/\/selleetools.com\/#website"},"datePublished":"2026-02-19T15:36:20+00:00","dateModified":"2026-04-08T14:35:43+00:00","breadcrumb":{"@id":"https:\/\/selleetools.com\/product\/doniczka-okragla-gobi-slim-40-z-wkladem-bialy\/#breadcrumb"},"inLanguage":"pl-PL","potentialAction":[{"@type":"ReadAction","target":["https:\/\/selleetools.com\/product\/doniczka-okragla-gobi-slim-40-z-wkladem-bialy\/"]}]},{"@type":"BreadcrumbList","@id":"https:\/\/selleetools.com\/product\/doniczka-okragla-gobi-slim-40-z-wkladem-bialy\/#breadcrumb","itemListElement":[{"@type":"ListItem","position":1,"name":"Home","item":"https:\/\/selleetools.com\/pl\/"},{"@type":"ListItem","position":2,"name":"Katalog","item":"https:\/\/selleetools.com\/pl\/katalog\/"},{"@type":"ListItem","position":3,"name":"Doniczka okr\u0105g\u0142a Gobi Slim 40 z wk\u0142adem | Bia\u0142y"}]}]}},"_links":{"self":[{"href":"https:\/\/selleetools.com\/pl\/wp-json\/wp\/v2\/product\/676558"}],"collection":[{"href":"https:\/\/selleetools.com\/pl\/wp-json\/wp\/v2\/product"}],"about":[{"href":"https:\/\/selleetools.com\/pl\/wp-json\/wp\/v2\/types\/product"}],"replies":[{"embeddable":true,"href":"https:\/\/selleetools.com\/pl\/wp-json\/wp\/v2\/comments?post=676558"}],"wp:featuredmedia":[{"embeddable":true,"href":"https:\/\/selleetools.com\/pl\/wp-json\/wp\/v2\/media\/676552"}],"wp:attachment":[{"href":"https:\/\/selleetools.com\/pl\/wp-json\/wp\/v2\/media?parent=676558"}],"curies":[{"name":"wp","href":"https:\/\/api.w.org\/{rel}","templated":true}]}}