{"id":676530,"date":"2026-02-19T16:35:59","date_gmt":"2026-02-19T15:35:59","guid":{"rendered":"https:\/\/selleetools.com\/?post_type=product&#038;p=676530"},"modified":"2026-04-08T16:35:43","modified_gmt":"2026-04-08T14:35:43","slug":"agrecol-odzywka-do-choinek-cietych-250ml","status":"publish","type":"product","link":"https:\/\/selleetools.com\/pl\/product\/agrecol-odzywka-do-choinek-cietych-250ml\/","title":{"rendered":"AGRECOL Od\u017cywka do choinek ci\u0119tych 250ml"},"content":{"rendered":"<section class=\"section\">\n<div class=\"item item-6\">\n<section class=\"text-item\">\n<h1>AGRECOL Od\u017cywka do choinek ci\u0119tych 250ml<\/h1>\n<p><b>Naw\u00f3z do choinek ci\u0119tych<\/b>, kt\u00f3ry <b>wspomaga<\/b> ich wygl\u0105d i kondycj\u0119 przez ca\u0142y okres \u015bwi\u0105teczny.<\/p>\n<p>P\u0142ynna od\u017cywka do choinek to preparat przeznaczony do przed\u0142u\u017cania \u017cywotno\u015bci choinek ci\u0119tych. Sprawia, \u017ce drzewka \u015bwi\u0105teczne oraz stroiki, wykonane z \u017cywych ga\u0142\u0105zek iglastych, znacznie d\u0142u\u017cej zachowuj\u0105 \u017cywotno\u015b\u0107, a przy tym wygl\u0105daj\u0105 zdrowo i \u015bwie\u017co. Roztw\u00f3r wodny od\u017cywki przez d\u0142ugi czas utrzymuje krystaliczn\u0105 czysto\u015b\u0107. Delikatnie od\u017cywia drzewka choinkowe, dzi\u0119ki czemu ig\u0142y d\u0142u\u017cej utrzymuj\u0105 si\u0119 na drzewku. Sprawia, \u017ce ro\u015bliny s\u0105 optymalnie nawodnione. P\u0142ynna od\u017cywka do choinek mo\u017ce by\u0107 r\u00f3wnie\u017c stosowana jako roztw\u00f3r z wod\u0105 do nas\u0105czania g\u0105bek florystycznych.<\/p>\n<\/section><\/div>\n<div class=\"item item-6\">\n<section class=\"image-item\">\n            <img src=\"https:\/\/upload.cdn.baselinker.com\/products\/3028621\/6c3c4af3a5450fa037127cd1ef233ece.jpg\" \/><br \/>\n        <\/section>\n<\/p><\/div>\n<\/section>\n<section class=\"section\">\n<div class=\"item item-12\">\n<section class=\"text-item\">\n<h2>Zalety nawozu:<\/h2>\n<ul>\n<li><b>Zachowanie atrakcyjnego wygl\u0105du:<\/b> naw\u00f3z pozwala cieszy\u0107 si\u0119 pi\u0119kn\u0105 i zdrow\u0105 choink\u0105 przez ca\u0142y okres \u015bwi\u0105t.<\/li>\n<li><b>Wspomaga nawodnienie: <\/b>sk\u0142adniki od\u017cywcze wspieraj\u0105 lepsze wch\u0142anianie wody, co pomaga utrzyma\u0107 \u015bwie\u017co\u015b\u0107 choinki.<\/li>\n<li><b>Op\u00f3\u017ania \u017c\u00f3\u0142kni\u0119cie i opadanie igie\u0142: <\/b>choinka wygl\u0105da d\u0142u\u017cej \u015bwie\u017co i pi\u0119knie.<\/li>\n<li><b>D\u0142u\u017csza \u015bwie\u017co\u015b\u0107 wody:<\/b> od\u017cywka przed\u0142u\u017ca \u015bwie\u017co\u015b\u0107 wody, zapewniaj\u0105c drzewku optymalne warunki.<\/li>\n<\/ul>\n<p><b>Specyfikacja:<\/b><\/p>\n<ul>\n<li>Pojemno\u015b\u0107 &#8211; 0.25l<\/li>\n<li>Producent &#8211; Agrecol<\/li>\n<\/ul>\n<\/section><\/div>\n<\/section>\n<p>Od\u017cywka do choinek Biopon 250ml<br \/>\nSpos\u00f3b u\u017cycia:<\/p>\n<p>Choinka w stojaku:<br \/>\n &#8211; nape\u0142ni\u0107 stojak wod\u0105 dodaj\u0105c 30ml od\u017cywki (3\/4 nakr\u0119tki) na ka\u017cdy litr wody,<br \/>\n &#8211; przed w\u0142o\u017ceniem choinki do stojaka, zaleca si\u0119 przyci\u0105\u0107 ko\u0144c\u00f3wk\u0119 jej pnia o min. 2cm,<br \/>\n &#8211; systematycznie sprawdza\u0107 poziom wody i w razie potrzeby uzupa\u0142nia\u0107 jej niedob\u00f3r, ka\u017cdorazowo dodaj\u0105c odpowiedni\u0105 ilos\u0107 od\u017cywki.<\/p>\n<p>Choinka w doniczce:<br \/>\n &#8211; stosowa\u0107 przy ka\u017cdym podlewaniu, dodaj\u0105c 30ml od\u017cywki (3\/4 nakr\u0119tki) na ka\u017cdy litr wody.<\/p>\n<p>Od\u017cywka do choinek BIOPON przed\u0142u\u017ca trwa\u0142o\u015b\u0107 \u017cywych choinek ci\u0119tych specjalny sk\u0142ad sprawia, \u017ce wszystkie ga\u0142\u0105zki drzewka s\u0105 lepiej nawodnione, co ogranicza \u017c\u00f3\u0142kni\u0119cieogranicza opadanie igie\u0142. Stosowanie od\u017cywki pozwala cieszy\u0107 si\u0119 pi\u0119knym wygl\u0105dem i zapachem choinki przez ca\u0142y \u015bwi\u0105teczny okres.<\/p>\n","protected":false},"excerpt":{"rendered":"<p>AGRECOL Od\u017cywka do choinek ci\u0119tych 250ml Naw\u00f3z do choinek ci\u0119tych, kt\u00f3ry wspomaga ich wygl\u0105d i kondycj\u0119 przez ca\u0142y okres \u015bwi\u0105teczny. P\u0142ynna od\u017cywka do choinek to preparat przeznaczony do przed\u0142u\u017cania \u017cywotno\u015bci choinek ci\u0119tych. Sprawia, \u017ce drzewka \u015bwi\u0105teczne oraz stroiki, wykonane z \u017cywych ga\u0142\u0105zek iglastych, znacznie d\u0142u\u017cej zachowuj\u0105 \u017cywotno\u015b\u0107, a przy tym wygl\u0105daj\u0105 zdrowo i \u015bwie\u017co. Roztw\u00f3r &#8230; <a title=\"AGRECOL Od\u017cywka do choinek ci\u0119tych 250ml\" class=\"read-more\" href=\"https:\/\/selleetools.com\/pl\/product\/agrecol-odzywka-do-choinek-cietych-250ml\/\">Read more<span class=\"screen-reader-text\">AGRECOL Od\u017cywka do choinek ci\u0119tych 250ml<\/span><\/a><\/p>\n","protected":false},"featured_media":676528,"comment_status":"open","ping_status":"closed","template":"","meta":{"_links_to":"","_links_to_target":""},"yoast_head":"<!-- This site is optimized with the Yoast SEO plugin v19.4 - https:\/\/yoast.com\/wordpress\/plugins\/seo\/ -->\n<title>AGRECOL Od\u017cywka do choinek ci\u0119tych 250ml - Selleetools.com<\/title>\n<meta name=\"robots\" content=\"index, follow, max-snippet:-1, max-image-preview:large, max-video-preview:-1\" \/>\n<link rel=\"canonical\" href=\"https:\/\/admincentral.selleetools.com\/product\/agrecol-odzywka-do-choinek-cietych-250ml\/\" \/>\n<meta property=\"og:locale\" content=\"pl_PL\" \/>\n<meta property=\"og:type\" content=\"article\" \/>\n<meta property=\"og:title\" content=\"AGRECOL Od\u017cywka do choinek ci\u0119tych 250ml - Selleetools.com\" \/>\n<meta property=\"og:description\" content=\"AGRECOL Od\u017cywka do choinek ci\u0119tych 250ml Naw\u00f3z do choinek ci\u0119tych, kt\u00f3ry wspomaga ich wygl\u0105d i kondycj\u0119 przez ca\u0142y okres \u015bwi\u0105teczny. P\u0142ynna od\u017cywka do choinek to preparat przeznaczony do przed\u0142u\u017cania \u017cywotno\u015bci choinek ci\u0119tych. Sprawia, \u017ce drzewka \u015bwi\u0105teczne oraz stroiki, wykonane z \u017cywych ga\u0142\u0105zek iglastych, znacznie d\u0142u\u017cej zachowuj\u0105 \u017cywotno\u015b\u0107, a przy tym wygl\u0105daj\u0105 zdrowo i \u015bwie\u017co. Roztw\u00f3r ... Read moreAGRECOL Od\u017cywka do choinek ci\u0119tych 250ml\" \/>\n<meta property=\"og:url\" content=\"https:\/\/admincentral.selleetools.com\/product\/agrecol-odzywka-do-choinek-cietych-250ml\/\" \/>\n<meta property=\"og:site_name\" content=\"Selleetools.com\" \/>\n<meta property=\"article:modified_time\" content=\"2026-04-08T14:35:43+00:00\" \/>\n<meta property=\"og:image\" content=\"https:\/\/selleetools.com\/wp-content\/uploads\/2026\/02\/6c3c4af3a5450fa037127cd1ef233ece.jpg\" \/>\n\t<meta property=\"og:image:width\" content=\"311\" \/>\n\t<meta property=\"og:image:height\" content=\"720\" \/>\n\t<meta property=\"og:image:type\" content=\"image\/jpeg\" \/>\n<meta name=\"twitter:card\" content=\"summary_large_image\" \/>\n<meta name=\"twitter:label1\" content=\"Est. reading time\" \/>\n\t<meta name=\"twitter:data1\" content=\"2 minuty\" \/>\n<!-- \/ Yoast SEO plugin. -->","yoast_head_json":{"title":"AGRECOL Od\u017cywka do choinek ci\u0119tych 250ml - Selleetools.com","robots":{"index":"index","follow":"follow","max-snippet":"max-snippet:-1","max-image-preview":"max-image-preview:large","max-video-preview":"max-video-preview:-1"},"canonical":"https:\/\/admincentral.selleetools.com\/product\/agrecol-odzywka-do-choinek-cietych-250ml\/","og_locale":"pl_PL","og_type":"article","og_title":"AGRECOL Od\u017cywka do choinek ci\u0119tych 250ml - Selleetools.com","og_description":"AGRECOL Od\u017cywka do choinek ci\u0119tych 250ml Naw\u00f3z do choinek ci\u0119tych, kt\u00f3ry wspomaga ich wygl\u0105d i kondycj\u0119 przez ca\u0142y okres \u015bwi\u0105teczny. P\u0142ynna od\u017cywka do choinek to preparat przeznaczony do przed\u0142u\u017cania \u017cywotno\u015bci choinek ci\u0119tych. Sprawia, \u017ce drzewka \u015bwi\u0105teczne oraz stroiki, wykonane z \u017cywych ga\u0142\u0105zek iglastych, znacznie d\u0142u\u017cej zachowuj\u0105 \u017cywotno\u015b\u0107, a przy tym wygl\u0105daj\u0105 zdrowo i \u015bwie\u017co. Roztw\u00f3r ... Read moreAGRECOL Od\u017cywka do choinek ci\u0119tych 250ml","og_url":"https:\/\/admincentral.selleetools.com\/product\/agrecol-odzywka-do-choinek-cietych-250ml\/","og_site_name":"Selleetools.com","article_modified_time":"2026-04-08T14:35:43+00:00","og_image":[{"width":311,"height":720,"url":"https:\/\/selleetools.com\/wp-content\/uploads\/2026\/02\/6c3c4af3a5450fa037127cd1ef233ece.jpg","type":"image\/jpeg"}],"twitter_card":"summary_large_image","twitter_misc":{"Est. reading time":"2 minuty"},"schema":{"@context":"https:\/\/schema.org","@graph":[{"@type":"Organization","@id":"https:\/\/selleetools.com\/#organization","name":"Selleetools","url":"https:\/\/selleetools.com\/","sameAs":[],"logo":{"@type":"ImageObject","inLanguage":"pl-PL","@id":"https:\/\/selleetools.com\/#\/schema\/logo\/image\/","url":"https:\/\/selleetools.com\/wp-content\/uploads\/2021\/10\/logo-dark.png","contentUrl":"https:\/\/selleetools.com\/wp-content\/uploads\/2021\/10\/logo-dark.png","width":320,"height":76,"caption":"Selleetools"},"image":{"@id":"https:\/\/selleetools.com\/#\/schema\/logo\/image\/"}},{"@type":"WebSite","@id":"https:\/\/selleetools.com\/#website","url":"https:\/\/selleetools.com\/","name":"Selleetools.com","description":"","publisher":{"@id":"https:\/\/selleetools.com\/#organization"},"potentialAction":[{"@type":"SearchAction","target":{"@type":"EntryPoint","urlTemplate":"https:\/\/selleetools.com\/?s={search_term_string}"},"query-input":"required name=search_term_string"}],"inLanguage":"pl-PL"},{"@type":"WebPage","@id":"https:\/\/admincentral.selleetools.com\/product\/agrecol-odzywka-do-choinek-cietych-250ml\/","url":"https:\/\/admincentral.selleetools.com\/product\/agrecol-odzywka-do-choinek-cietych-250ml\/","name":"AGRECOL Od\u017cywka do choinek ci\u0119tych 250ml - Selleetools.com","isPartOf":{"@id":"https:\/\/selleetools.com\/#website"},"datePublished":"2026-02-19T15:35:59+00:00","dateModified":"2026-04-08T14:35:43+00:00","breadcrumb":{"@id":"https:\/\/admincentral.selleetools.com\/product\/agrecol-odzywka-do-choinek-cietych-250ml\/#breadcrumb"},"inLanguage":"pl-PL","potentialAction":[{"@type":"ReadAction","target":["https:\/\/admincentral.selleetools.com\/product\/agrecol-odzywka-do-choinek-cietych-250ml\/"]}]},{"@type":"BreadcrumbList","@id":"https:\/\/admincentral.selleetools.com\/product\/agrecol-odzywka-do-choinek-cietych-250ml\/#breadcrumb","itemListElement":[{"@type":"ListItem","position":1,"name":"Home","item":"https:\/\/selleetools.com\/pl\/"},{"@type":"ListItem","position":2,"name":"Katalog","item":"https:\/\/selleetools.com\/pl\/katalog\/"},{"@type":"ListItem","position":3,"name":"AGRECOL Od\u017cywka do choinek ci\u0119tych 250ml"}]}]}},"_links":{"self":[{"href":"https:\/\/selleetools.com\/pl\/wp-json\/wp\/v2\/product\/676530"}],"collection":[{"href":"https:\/\/selleetools.com\/pl\/wp-json\/wp\/v2\/product"}],"about":[{"href":"https:\/\/selleetools.com\/pl\/wp-json\/wp\/v2\/types\/product"}],"replies":[{"embeddable":true,"href":"https:\/\/selleetools.com\/pl\/wp-json\/wp\/v2\/comments?post=676530"}],"wp:featuredmedia":[{"embeddable":true,"href":"https:\/\/selleetools.com\/pl\/wp-json\/wp\/v2\/media\/676528"}],"wp:attachment":[{"href":"https:\/\/selleetools.com\/pl\/wp-json\/wp\/v2\/media?parent=676530"}],"curies":[{"name":"wp","href":"https:\/\/api.w.org\/{rel}","templated":true}]}}