{"id":676453,"date":"2026-02-19T16:35:05","date_gmt":"2026-02-19T15:35:05","guid":{"rendered":"https:\/\/selleetools.com\/?post_type=product&#038;p=676453"},"modified":"2026-04-08T16:35:43","modified_gmt":"2026-04-08T14:35:43","slug":"plyn-do-spryskiwaczy-zimowy-22c-4l-phenix","status":"publish","type":"product","link":"https:\/\/selleetools.com\/pl\/product\/plyn-do-spryskiwaczy-zimowy-22c-4l-phenix\/","title":{"rendered":"P\u0142yn do spryskiwaczy zimowy -22\u00b0C, 4L Phenix"},"content":{"rendered":"<section class=\"section\">\n<div class=\"item item-12\">\n<section class=\"text-item\">\n<h1>P\u0142yn do spryskiwaczy zimowy -22\u00b0C, 4L Phenix<\/h1>\n<p><b>P\u0142yn zimowy skutecznie myje szyby usuwaj\u0105c:<\/b><\/p>\n<ul>\n<li>s\u00f3l,<\/li>\n<li>brud,<\/li>\n<li>\u015bnieg,<\/li>\n<li>b\u0142oto<\/li>\n<li>inne zanieczyszczenia wp\u0142ywaj\u0105ce ujemnie na widoczno\u015b\u0107.<\/li>\n<\/ul>\n<ol>\n<li>Przeciwdzia\u0142a oblodzeniu szyb podczas mroz\u00f3w,<\/li>\n<li>Pe\u0142ni funkcj\u0119 \u015brodka zapobiegaj\u0105cego oblodzeniu ko\u0144c\u00f3wki dyszy, zapewniaj\u0105c swobodny przep\u0142yw p\u0142ynu.<\/li>\n<li>Nie pozostawia smug, plam i zaciek\u00f3w.<\/li>\n<li>W zestawie z praktycznym lejkiem, u\u0142atwiaj\u0105cym uzupe\u0142nianie p\u0142ynu.<\/li>\n<\/ol>\n<p><b>Specyfikacja:<\/b><\/p>\n<ul>\n<li>temperatura pracy &#8211; do -22\u00b0 C<\/li>\n<li>ilo\u015b\u0107 &#8211;\u00a0 4 L<\/li>\n<li>produkt na etanolu<\/li>\n<\/ul>\n<p>&nbsp;<\/p>\n<\/section>\n<\/div>\n<\/section>\n<section class=\"section\">\n<div class=\"item item-12\">\n<section class=\"image-item\"><img src=\"https:\/\/upload.cdn.baselinker.com\/products\/3028621\/b578ada07f2a17de9e1b7026241f95a1.png\" \/><\/section>\n<\/div>\n<\/section>\n","protected":false},"excerpt":{"rendered":"<p>P\u0142yn do spryskiwaczy zimowy -22\u00b0C, 4L Phenix P\u0142yn zimowy skutecznie myje szyby usuwaj\u0105c: s\u00f3l, brud, \u015bnieg, b\u0142oto inne zanieczyszczenia wp\u0142ywaj\u0105ce ujemnie na widoczno\u015b\u0107. Przeciwdzia\u0142a oblodzeniu szyb podczas mroz\u00f3w, Pe\u0142ni funkcj\u0119 \u015brodka zapobiegaj\u0105cego oblodzeniu ko\u0144c\u00f3wki dyszy, zapewniaj\u0105c swobodny przep\u0142yw p\u0142ynu. Nie pozostawia smug, plam i zaciek\u00f3w. W zestawie z praktycznym lejkiem, u\u0142atwiaj\u0105cym uzupe\u0142nianie p\u0142ynu. Specyfikacja: temperatura &#8230; <a title=\"P\u0142yn do spryskiwaczy zimowy -22\u00b0C, 4L Phenix\" class=\"read-more\" href=\"https:\/\/selleetools.com\/pl\/product\/plyn-do-spryskiwaczy-zimowy-22c-4l-phenix\/\">Read more<span class=\"screen-reader-text\">P\u0142yn do spryskiwaczy zimowy -22\u00b0C, 4L Phenix<\/span><\/a><\/p>\n","protected":false},"featured_media":676451,"comment_status":"closed","ping_status":"closed","template":"","meta":{"_links_to":"","_links_to_target":""},"yoast_head":"<!-- This site is optimized with the Yoast SEO plugin v19.4 - https:\/\/yoast.com\/wordpress\/plugins\/seo\/ -->\n<title>P\u0142yn do spryskiwaczy zimowy -22\u00b0C, 4L Phenix - Selleetools.com<\/title>\n<meta name=\"robots\" content=\"index, follow, max-snippet:-1, max-image-preview:large, max-video-preview:-1\" \/>\n<link rel=\"canonical\" href=\"https:\/\/admincentral.selleetools.com\/product\/plyn-do-spryskiwaczy-zimowy-22c-4l-phenix\/\" \/>\n<meta property=\"og:locale\" content=\"pl_PL\" \/>\n<meta property=\"og:type\" content=\"article\" \/>\n<meta property=\"og:title\" content=\"P\u0142yn do spryskiwaczy zimowy -22\u00b0C, 4L Phenix - Selleetools.com\" \/>\n<meta property=\"og:description\" content=\"P\u0142yn do spryskiwaczy zimowy -22\u00b0C, 4L Phenix P\u0142yn zimowy skutecznie myje szyby usuwaj\u0105c: s\u00f3l, brud, \u015bnieg, b\u0142oto inne zanieczyszczenia wp\u0142ywaj\u0105ce ujemnie na widoczno\u015b\u0107. Przeciwdzia\u0142a oblodzeniu szyb podczas mroz\u00f3w, Pe\u0142ni funkcj\u0119 \u015brodka zapobiegaj\u0105cego oblodzeniu ko\u0144c\u00f3wki dyszy, zapewniaj\u0105c swobodny przep\u0142yw p\u0142ynu. Nie pozostawia smug, plam i zaciek\u00f3w. W zestawie z praktycznym lejkiem, u\u0142atwiaj\u0105cym uzupe\u0142nianie p\u0142ynu. Specyfikacja: temperatura ... Read moreP\u0142yn do spryskiwaczy zimowy -22\u00b0C, 4L Phenix\" \/>\n<meta property=\"og:url\" content=\"https:\/\/admincentral.selleetools.com\/product\/plyn-do-spryskiwaczy-zimowy-22c-4l-phenix\/\" \/>\n<meta property=\"og:site_name\" content=\"Selleetools.com\" \/>\n<meta property=\"article:modified_time\" content=\"2026-04-08T14:35:43+00:00\" \/>\n<meta property=\"og:image\" content=\"https:\/\/selleetools.com\/wp-content\/uploads\/2026\/02\/b578ada07f2a17de9e1b7026241f95a1.png\" \/>\n\t<meta property=\"og:image:width\" content=\"2197\" \/>\n\t<meta property=\"og:image:height\" content=\"2500\" \/>\n\t<meta property=\"og:image:type\" content=\"image\/png\" \/>\n<meta name=\"twitter:card\" content=\"summary_large_image\" \/>\n<!-- \/ Yoast SEO plugin. -->","yoast_head_json":{"title":"P\u0142yn do spryskiwaczy zimowy -22\u00b0C, 4L Phenix - Selleetools.com","robots":{"index":"index","follow":"follow","max-snippet":"max-snippet:-1","max-image-preview":"max-image-preview:large","max-video-preview":"max-video-preview:-1"},"canonical":"https:\/\/admincentral.selleetools.com\/product\/plyn-do-spryskiwaczy-zimowy-22c-4l-phenix\/","og_locale":"pl_PL","og_type":"article","og_title":"P\u0142yn do spryskiwaczy zimowy -22\u00b0C, 4L Phenix - Selleetools.com","og_description":"P\u0142yn do spryskiwaczy zimowy -22\u00b0C, 4L Phenix P\u0142yn zimowy skutecznie myje szyby usuwaj\u0105c: s\u00f3l, brud, \u015bnieg, b\u0142oto inne zanieczyszczenia wp\u0142ywaj\u0105ce ujemnie na widoczno\u015b\u0107. Przeciwdzia\u0142a oblodzeniu szyb podczas mroz\u00f3w, Pe\u0142ni funkcj\u0119 \u015brodka zapobiegaj\u0105cego oblodzeniu ko\u0144c\u00f3wki dyszy, zapewniaj\u0105c swobodny przep\u0142yw p\u0142ynu. Nie pozostawia smug, plam i zaciek\u00f3w. W zestawie z praktycznym lejkiem, u\u0142atwiaj\u0105cym uzupe\u0142nianie p\u0142ynu. Specyfikacja: temperatura ... Read moreP\u0142yn do spryskiwaczy zimowy -22\u00b0C, 4L Phenix","og_url":"https:\/\/admincentral.selleetools.com\/product\/plyn-do-spryskiwaczy-zimowy-22c-4l-phenix\/","og_site_name":"Selleetools.com","article_modified_time":"2026-04-08T14:35:43+00:00","og_image":[{"width":2197,"height":2500,"url":"https:\/\/selleetools.com\/wp-content\/uploads\/2026\/02\/b578ada07f2a17de9e1b7026241f95a1.png","type":"image\/png"}],"twitter_card":"summary_large_image","schema":{"@context":"https:\/\/schema.org","@graph":[{"@type":"Organization","@id":"https:\/\/selleetools.com\/#organization","name":"Selleetools","url":"https:\/\/selleetools.com\/","sameAs":[],"logo":{"@type":"ImageObject","inLanguage":"pl-PL","@id":"https:\/\/selleetools.com\/#\/schema\/logo\/image\/","url":"https:\/\/selleetools.com\/wp-content\/uploads\/2021\/10\/logo-dark.png","contentUrl":"https:\/\/selleetools.com\/wp-content\/uploads\/2021\/10\/logo-dark.png","width":320,"height":76,"caption":"Selleetools"},"image":{"@id":"https:\/\/selleetools.com\/#\/schema\/logo\/image\/"}},{"@type":"WebSite","@id":"https:\/\/selleetools.com\/#website","url":"https:\/\/selleetools.com\/","name":"Selleetools.com","description":"","publisher":{"@id":"https:\/\/selleetools.com\/#organization"},"potentialAction":[{"@type":"SearchAction","target":{"@type":"EntryPoint","urlTemplate":"https:\/\/selleetools.com\/?s={search_term_string}"},"query-input":"required name=search_term_string"}],"inLanguage":"pl-PL"},{"@type":"WebPage","@id":"https:\/\/admincentral.selleetools.com\/product\/plyn-do-spryskiwaczy-zimowy-22c-4l-phenix\/","url":"https:\/\/admincentral.selleetools.com\/product\/plyn-do-spryskiwaczy-zimowy-22c-4l-phenix\/","name":"P\u0142yn do spryskiwaczy zimowy -22\u00b0C, 4L Phenix - Selleetools.com","isPartOf":{"@id":"https:\/\/selleetools.com\/#website"},"datePublished":"2026-02-19T15:35:05+00:00","dateModified":"2026-04-08T14:35:43+00:00","breadcrumb":{"@id":"https:\/\/admincentral.selleetools.com\/product\/plyn-do-spryskiwaczy-zimowy-22c-4l-phenix\/#breadcrumb"},"inLanguage":"pl-PL","potentialAction":[{"@type":"ReadAction","target":["https:\/\/admincentral.selleetools.com\/product\/plyn-do-spryskiwaczy-zimowy-22c-4l-phenix\/"]}]},{"@type":"BreadcrumbList","@id":"https:\/\/admincentral.selleetools.com\/product\/plyn-do-spryskiwaczy-zimowy-22c-4l-phenix\/#breadcrumb","itemListElement":[{"@type":"ListItem","position":1,"name":"Home","item":"https:\/\/selleetools.com\/pl\/"},{"@type":"ListItem","position":2,"name":"Katalog","item":"https:\/\/selleetools.com\/pl\/katalog\/"},{"@type":"ListItem","position":3,"name":"P\u0142yn do spryskiwaczy zimowy -22\u00b0C, 4L Phenix"}]}]}},"_links":{"self":[{"href":"https:\/\/selleetools.com\/pl\/wp-json\/wp\/v2\/product\/676453"}],"collection":[{"href":"https:\/\/selleetools.com\/pl\/wp-json\/wp\/v2\/product"}],"about":[{"href":"https:\/\/selleetools.com\/pl\/wp-json\/wp\/v2\/types\/product"}],"replies":[{"embeddable":true,"href":"https:\/\/selleetools.com\/pl\/wp-json\/wp\/v2\/comments?post=676453"}],"wp:featuredmedia":[{"embeddable":true,"href":"https:\/\/selleetools.com\/pl\/wp-json\/wp\/v2\/media\/676451"}],"wp:attachment":[{"href":"https:\/\/selleetools.com\/pl\/wp-json\/wp\/v2\/media?parent=676453"}],"curies":[{"name":"wp","href":"https:\/\/api.w.org\/{rel}","templated":true}]}}