{"id":676450,"date":"2026-02-19T16:34:59","date_gmt":"2026-02-19T15:34:59","guid":{"rendered":"https:\/\/selleetools.com\/?post_type=product&#038;p=676450"},"modified":"2026-04-08T18:16:31","modified_gmt":"2026-04-08T16:16:31","slug":"nozyce-do-bonsai-gt296","status":"publish","type":"product","link":"https:\/\/selleetools.com\/pl\/product\/nozyce-do-bonsai-gt296\/","title":{"rendered":"No\u017cyce do Bonsai GT296"},"content":{"rendered":"<section class=\"section\">\n<div class=\"item item-12\">\n<section class=\"text-item\">\n<h1>No\u017cyce do Bonsai<\/h1>\n<p><b>Specyfikacja:<\/b><\/p>\n<ul>\n<li>Wysoko\u015b\u0107 &#8211; 18,3 cm<\/li>\n<li>Szeroko\u015b\u0107 &#8211; 8,7 cm<\/li>\n<li>G\u0142\u0119boko\u015b\u0107 &#8211; 1,8 cm.<\/li>\n<\/ul>\n<p>No\u017cyce przeznaczone do piel\u0119gnacji bonsai, mo\u017cemy je r\u00f3wnie\u017c wykorzysta\u0107 do podcinania ro\u015blin w domu i w ogrodzie.<\/p>\n<p>Wykonane z masywnej stali.<\/p>\n<p>Bonsai to staro\u017cytna technika przycinania, kt\u00f3ra kszta\u0142tuje drzewo lub krzew w drobn\u0105 wersj\u0119 samego siebie i utrzymuje j\u0105 w tym stanie.<\/p>\n<p>No\u017cyce do bonsai s\u0105 idealne do dok\u0142adnego przycinania, kszta\u0142towania i piel\u0119gnacji ro\u015blin.<\/p>\n<p>W celu kszta\u0142towania budowy drzewka i ograniczenia jego wzrostu wa\u017cne jest regularne przycinanie drzewka. Ci\u0119cie drzewka Bonsai nale\u017cy wykonywa\u0107 za pomoc\u0105 narz\u0119dzi specjalistycznych, takich jak no\u017cyce, pod odpowiednim k\u0105tem. Nast\u0119pnie nale\u017cy zabezpieczy\u0107 ma\u015bci\u0105 miejsce ci\u0119cia, w celu zapobiegni\u0119cia infekcji.<\/p>\n<p>&nbsp;<\/p>\n<\/section>\n<\/div>\n<\/section>\n","protected":false},"excerpt":{"rendered":"<p>No\u017cyce do Bonsai Specyfikacja: Wysoko\u015b\u0107 &#8211; 18,3 cm Szeroko\u015b\u0107 &#8211; 8,7 cm G\u0142\u0119boko\u015b\u0107 &#8211; 1,8 cm. No\u017cyce przeznaczone do piel\u0119gnacji bonsai, mo\u017cemy je r\u00f3wnie\u017c wykorzysta\u0107 do podcinania ro\u015blin w domu i w ogrodzie. Wykonane z masywnej stali. Bonsai to staro\u017cytna technika przycinania, kt\u00f3ra kszta\u0142tuje drzewo lub krzew w drobn\u0105 wersj\u0119 samego siebie i utrzymuje j\u0105 &#8230; <a title=\"No\u017cyce do Bonsai GT296\" class=\"read-more\" href=\"https:\/\/selleetools.com\/pl\/product\/nozyce-do-bonsai-gt296\/\">Read more<span class=\"screen-reader-text\">No\u017cyce do Bonsai GT296<\/span><\/a><\/p>\n","protected":false},"featured_media":676434,"comment_status":"closed","ping_status":"closed","template":"","meta":{"_links_to":"","_links_to_target":""},"yoast_head":"<!-- This site is optimized with the Yoast SEO plugin v19.4 - https:\/\/yoast.com\/wordpress\/plugins\/seo\/ -->\n<title>No\u017cyce do Bonsai GT296 - Selleetools.com<\/title>\n<meta name=\"robots\" content=\"index, follow, max-snippet:-1, max-image-preview:large, max-video-preview:-1\" \/>\n<link rel=\"canonical\" href=\"https:\/\/selleetools.com\/pl\/product\/nozyce-do-bonsai-gt296\/\" \/>\n<meta property=\"og:locale\" content=\"pl_PL\" \/>\n<meta property=\"og:type\" content=\"article\" \/>\n<meta property=\"og:title\" content=\"No\u017cyce do Bonsai GT296 - Selleetools.com\" \/>\n<meta property=\"og:description\" content=\"No\u017cyce do Bonsai Specyfikacja: Wysoko\u015b\u0107 &#8211; 18,3 cm Szeroko\u015b\u0107 &#8211; 8,7 cm G\u0142\u0119boko\u015b\u0107 &#8211; 1,8 cm. No\u017cyce przeznaczone do piel\u0119gnacji bonsai, mo\u017cemy je r\u00f3wnie\u017c wykorzysta\u0107 do podcinania ro\u015blin w domu i w ogrodzie. Wykonane z masywnej stali. Bonsai to staro\u017cytna technika przycinania, kt\u00f3ra kszta\u0142tuje drzewo lub krzew w drobn\u0105 wersj\u0119 samego siebie i utrzymuje j\u0105 ... Read moreNo\u017cyce do Bonsai GT296\" \/>\n<meta property=\"og:url\" content=\"https:\/\/selleetools.com\/pl\/product\/nozyce-do-bonsai-gt296\/\" \/>\n<meta property=\"og:site_name\" content=\"Selleetools.com\" \/>\n<meta property=\"article:modified_time\" content=\"2026-04-08T16:16:31+00:00\" \/>\n<meta property=\"og:image\" content=\"https:\/\/selleetools.com\/wp-content\/uploads\/2026\/02\/80e30a4ba5ef82c4459c6fe9b5e0ff28.png\" \/>\n\t<meta property=\"og:image:width\" content=\"740\" \/>\n\t<meta property=\"og:image:height\" content=\"740\" \/>\n\t<meta property=\"og:image:type\" content=\"image\/png\" \/>\n<meta name=\"twitter:card\" content=\"summary_large_image\" \/>\n<meta name=\"twitter:label1\" content=\"Est. reading time\" \/>\n\t<meta name=\"twitter:data1\" content=\"1 minuta\" \/>\n<!-- \/ Yoast SEO plugin. -->","yoast_head_json":{"title":"No\u017cyce do Bonsai GT296 - Selleetools.com","robots":{"index":"index","follow":"follow","max-snippet":"max-snippet:-1","max-image-preview":"max-image-preview:large","max-video-preview":"max-video-preview:-1"},"canonical":"https:\/\/selleetools.com\/pl\/product\/nozyce-do-bonsai-gt296\/","og_locale":"pl_PL","og_type":"article","og_title":"No\u017cyce do Bonsai GT296 - Selleetools.com","og_description":"No\u017cyce do Bonsai Specyfikacja: Wysoko\u015b\u0107 &#8211; 18,3 cm Szeroko\u015b\u0107 &#8211; 8,7 cm G\u0142\u0119boko\u015b\u0107 &#8211; 1,8 cm. No\u017cyce przeznaczone do piel\u0119gnacji bonsai, mo\u017cemy je r\u00f3wnie\u017c wykorzysta\u0107 do podcinania ro\u015blin w domu i w ogrodzie. Wykonane z masywnej stali. Bonsai to staro\u017cytna technika przycinania, kt\u00f3ra kszta\u0142tuje drzewo lub krzew w drobn\u0105 wersj\u0119 samego siebie i utrzymuje j\u0105 ... Read moreNo\u017cyce do Bonsai GT296","og_url":"https:\/\/selleetools.com\/pl\/product\/nozyce-do-bonsai-gt296\/","og_site_name":"Selleetools.com","article_modified_time":"2026-04-08T16:16:31+00:00","og_image":[{"width":740,"height":740,"url":"https:\/\/selleetools.com\/wp-content\/uploads\/2026\/02\/80e30a4ba5ef82c4459c6fe9b5e0ff28.png","type":"image\/png"}],"twitter_card":"summary_large_image","twitter_misc":{"Est. reading time":"1 minuta"},"schema":{"@context":"https:\/\/schema.org","@graph":[{"@type":"Organization","@id":"https:\/\/selleetools.com\/#organization","name":"Selleetools","url":"https:\/\/selleetools.com\/","sameAs":[],"logo":{"@type":"ImageObject","inLanguage":"pl-PL","@id":"https:\/\/selleetools.com\/#\/schema\/logo\/image\/","url":"https:\/\/selleetools.com\/wp-content\/uploads\/2021\/10\/logo-dark.png","contentUrl":"https:\/\/selleetools.com\/wp-content\/uploads\/2021\/10\/logo-dark.png","width":320,"height":76,"caption":"Selleetools"},"image":{"@id":"https:\/\/selleetools.com\/#\/schema\/logo\/image\/"}},{"@type":"WebSite","@id":"https:\/\/selleetools.com\/#website","url":"https:\/\/selleetools.com\/","name":"Selleetools.com","description":"","publisher":{"@id":"https:\/\/selleetools.com\/#organization"},"potentialAction":[{"@type":"SearchAction","target":{"@type":"EntryPoint","urlTemplate":"https:\/\/selleetools.com\/?s={search_term_string}"},"query-input":"required name=search_term_string"}],"inLanguage":"pl-PL"},{"@type":"WebPage","@id":"https:\/\/selleetools.com\/pl\/product\/nozyce-do-bonsai-gt296\/","url":"https:\/\/selleetools.com\/pl\/product\/nozyce-do-bonsai-gt296\/","name":"No\u017cyce do Bonsai GT296 - Selleetools.com","isPartOf":{"@id":"https:\/\/selleetools.com\/#website"},"datePublished":"2026-02-19T15:34:59+00:00","dateModified":"2026-04-08T16:16:31+00:00","breadcrumb":{"@id":"https:\/\/selleetools.com\/pl\/product\/nozyce-do-bonsai-gt296\/#breadcrumb"},"inLanguage":"pl-PL","potentialAction":[{"@type":"ReadAction","target":["https:\/\/selleetools.com\/pl\/product\/nozyce-do-bonsai-gt296\/"]}]},{"@type":"BreadcrumbList","@id":"https:\/\/selleetools.com\/pl\/product\/nozyce-do-bonsai-gt296\/#breadcrumb","itemListElement":[{"@type":"ListItem","position":1,"name":"Home","item":"https:\/\/selleetools.com\/pl\/"},{"@type":"ListItem","position":2,"name":"Katalog","item":"https:\/\/selleetools.com\/pl\/katalog\/"},{"@type":"ListItem","position":3,"name":"No\u017cyce do Bonsai GT296"}]}]}},"_links":{"self":[{"href":"https:\/\/selleetools.com\/pl\/wp-json\/wp\/v2\/product\/676450"}],"collection":[{"href":"https:\/\/selleetools.com\/pl\/wp-json\/wp\/v2\/product"}],"about":[{"href":"https:\/\/selleetools.com\/pl\/wp-json\/wp\/v2\/types\/product"}],"replies":[{"embeddable":true,"href":"https:\/\/selleetools.com\/pl\/wp-json\/wp\/v2\/comments?post=676450"}],"wp:featuredmedia":[{"embeddable":true,"href":"https:\/\/selleetools.com\/pl\/wp-json\/wp\/v2\/media\/676434"}],"wp:attachment":[{"href":"https:\/\/selleetools.com\/pl\/wp-json\/wp\/v2\/media?parent=676450"}],"curies":[{"name":"wp","href":"https:\/\/api.w.org\/{rel}","templated":true}]}}