{"id":676382,"date":"2026-02-19T16:34:17","date_gmt":"2026-02-19T15:34:17","guid":{"rendered":"https:\/\/selleetools.com\/?post_type=product&#038;p=676382"},"modified":"2026-04-08T16:35:43","modified_gmt":"2026-04-08T14:35:43","slug":"skrzynia-narzedziowa-na-kolach-c-block-pro-40","status":"publish","type":"product","link":"https:\/\/selleetools.com\/pl\/product\/skrzynia-narzedziowa-na-kolach-c-block-pro-40\/","title":{"rendered":"Skrzynia narz\u0119dziowa na ko\u0142ach C BLOCK PRO 40"},"content":{"rendered":"<section class=\"section\">\t<\/p>\n<div class=\"item item-12\">\t\t<\/p>\n<section class=\"text-item\"><\/p>\n<h1>Skrzynia narz\u0119dziowa na ko\u0142ach C BLOCK PRO 40 KXC454040<\/h1>\n<p><\/p>\n<ul>\n<li>2 wyjmowane przegrody do aran\u017cacji przestrzeni wewn\u0119trznej<\/li>\n<li>2 uchwyty na narz\u0119dzia r\u0119czne<\/li>\n<li>1 nosid\u0142o na narz\u0119dzia<\/li>\n<li>Miara w centymetrach i calach wbudowana w pokryw\u0119<\/li>\n<li>Korpus wykonany z mieszanki polimer\u00f3w o podwy\u017cszonej wytrzyma\u0142o\u015bci<\/li>\n<li>Zapi\u0119cia z ABS oraz metalowe zawiasy<\/li>\n<li>Lita uszczelka zapewnia py\u0142oszczelno\u015b\u0107 oraz odporno\u015b\u0107 na zalanie<\/li>\n<li>Solidne bie\u017cnikowane ko\u0142a z elastomeru zapewniaj\u0105ce popraw\u0119 r\u00f3wnowagi oraz wy\u017cszy komfort prowadzenia<\/li>\n<li>Wytrzyma\u0142y, teleskopowy uchwyt<\/li>\n<li>Wytrzyma\u0142o\u015b\u0107 na obci\u0105\u017cenie do 100 kg<\/li>\n<\/ul>\n<p><\/p>\n<p><b>Kompatybilno\u015b\u0107 z produktami serii:<\/b><\/p>\n<p><\/p>\n<ul>\n<li>C BLOCK,<\/li>\n<li>C BLOCK BRIDGE,<\/li>\n<li>X BLOCK PRO,<\/li>\n<li>X BLOCK ALU LOG,<\/li>\n<li>S BLOCK 45<\/li>\n<\/ul>\n<p><\/p>\n<p><b>Specyfikacja:<\/b><\/p>\n<p><\/p>\n<ul>\n<li>Szeroko\u015b\u0107 &#8211; 45cm<\/li>\n<li>G\u0142\u0119boko\u015b\u0107 &#8211; 38cm<\/li>\n<li>Wysoko\u015b\u0107 &#8211; 38cm<\/li>\n<li>\u0141adowno\u015b\u0107 &#8211; 25kg<\/li>\n<\/ul>\n<p>\t\t<\/section>\n<p>\t<\/div>\n<p><\/section>\n<section class=\"section\">\t<\/p>\n<div class=\"item item-12\">\t\t<\/p>\n<section class=\"image-item\"><img src=\"https:\/\/upload.cdn.baselinker.com\/products\/3028621\/636a37029bc7f7ca459f0d6697d5fc1a.jpg\"><\/section>\n<p>\t<\/div>\n<p><\/section>\n<section class=\"section\">\t<\/p>\n<div class=\"item item-12\">\t\t<\/p>\n<section class=\"text-item\"><\/p>\n<p>C BLOCK PRO zapewnia u\u017cytkownikom wysoki komfort i ergonomi\u0119 pracy. Jest to mo\u017cliwe dzieki przemy\u015blanej, wzmocnionej konstrukcji tej skrzynki. R\u0105czka oraz plastikowe k\u00f3\u0142ka sprawiaj\u0105, \u017ce przenoszenie narz\u0119dzi nie b\u0119dzie sprawia\u0107 problemu.<\/p>\n<p><\/p>\n<ul>\n<li>R\u0105czka do ci\u0105gni\u0119cia z systemem blokowania.<\/li>\n<li>R\u0105czka do podnoszenia<\/li>\n<li>Mocne pokrywy organizer\u00f3w.<\/li>\n<li>Zapi\u0119cia oraz metalowe zawiasy<\/li>\n<li>Du\u017cy pojemnik na narz\u0119dzia<\/li>\n<li>Solidny system jezdny<\/li>\n<li>K\u00f3\u0142ka z plastiku s\u0105 zabezpieczone warstw\u0105 gumy zapewniaj\u0105cej odporno\u015b\u0107 na uszkodzenia mechaniczne.<\/li>\n<\/ul>\n<p><\/p>\n<p>C BLOCK PRO zapewnia u\u017cytkownikom wysoki komfort i ergonomi\u0119 pracy. Jest to mo\u017cliwe dzieki przemy\u015blanej, wzmocnionej konstrukcji tej skrzynki. R\u0105czka oraz plastikowe k\u00f3\u0142ka sprawiaj\u0105, \u017ce przenoszenie narz\u0119dzi nie b\u0119dzie sprawia\u0107 problemu.<\/p>\n<p><\/p>\n<p><b>Skrzynka dzi\u0119ki kt\u00f3rej jasno i przejrzy\u015bcie posortujesz drobne elementy:<\/b><\/p>\n<p><\/p>\n<ul>\n<li>w pracy<\/li>\n<li>magazynie<\/li>\n<li>gara\u017cu<\/li>\n<li>w domu.<\/li>\n<\/ul>\n<p>\t\t<\/section>\n<p>\t<\/div>\n<p><\/section>\n<section class=\"section\">\t<\/p>\n<div class=\"item item-12\">\t\t<\/p>\n<section class=\"image-item\"><img src=\"https:\/\/upload.cdn.baselinker.com\/products\/3028621\/48c9421f40abedc705aa0876b905c2d9.jpg\"><\/section>\n<p>\t<\/div>\n<p><\/section>\n<section class=\"section\">\t<\/p>\n<div class=\"item item-6\">\t\t<\/p>\n<section class=\"image-item\"><img src=\"https:\/\/upload.cdn.baselinker.com\/products\/3028621\/636a37029bc7f7ca459f0d6697d5fc1a.jpg\"><\/section>\n<p>\t<\/div>\n<p>\t<\/p>\n<div class=\"item item-6\">\t\t<\/p>\n<section class=\"image-item\"><img src=\"https:\/\/upload.cdn.baselinker.com\/products\/3028621\/48c9421f40abedc705aa0876b905c2d9.jpg\"><\/section>\n<p>\t<\/div>\n<p><\/section>\n<section class=\"section\">\t<\/p>\n<div class=\"item item-12\">\t\t<\/p>\n<section class=\"image-item\"><img src=\"https:\/\/upload.cdn.baselinker.com\/products\/3028621\/92c6498c14ecd2bad87814c145230a9c.jpg\"><\/section>\n<p>\t<\/div>\n<p><\/section>\n","protected":false},"excerpt":{"rendered":"<p>Skrzynia narz\u0119dziowa na ko\u0142ach C BLOCK PRO 40 KXC454040 2 wyjmowane przegrody do aran\u017cacji przestrzeni wewn\u0119trznej 2 uchwyty na narz\u0119dzia r\u0119czne 1 nosid\u0142o na narz\u0119dzia Miara w centymetrach i calach wbudowana w pokryw\u0119 Korpus wykonany z mieszanki polimer\u00f3w o podwy\u017cszonej wytrzyma\u0142o\u015bci Zapi\u0119cia z ABS oraz metalowe zawiasy Lita uszczelka zapewnia py\u0142oszczelno\u015b\u0107 oraz odporno\u015b\u0107 na zalanie &#8230; <a title=\"Skrzynia narz\u0119dziowa na ko\u0142ach C BLOCK PRO 40\" class=\"read-more\" href=\"https:\/\/selleetools.com\/pl\/product\/skrzynia-narzedziowa-na-kolach-c-block-pro-40\/\">Read more<span class=\"screen-reader-text\">Skrzynia narz\u0119dziowa na ko\u0142ach C BLOCK PRO 40<\/span><\/a><\/p>\n","protected":false},"featured_media":676376,"comment_status":"open","ping_status":"closed","template":"","meta":{"_links_to":"","_links_to_target":""},"yoast_head":"<!-- This site is optimized with the Yoast SEO plugin v19.4 - https:\/\/yoast.com\/wordpress\/plugins\/seo\/ -->\n<title>Skrzynia narz\u0119dziowa na ko\u0142ach C BLOCK PRO 40 - Selleetools.com<\/title>\n<meta name=\"robots\" content=\"index, follow, max-snippet:-1, max-image-preview:large, max-video-preview:-1\" \/>\n<link rel=\"canonical\" href=\"https:\/\/selleetools.com\/pl\/product\/skrzynia-narzedziowa-na-kolach-c-block-pro-40\/\" \/>\n<meta property=\"og:locale\" content=\"pl_PL\" \/>\n<meta property=\"og:type\" content=\"article\" \/>\n<meta property=\"og:title\" content=\"Skrzynia narz\u0119dziowa na ko\u0142ach C BLOCK PRO 40 - Selleetools.com\" \/>\n<meta property=\"og:description\" content=\"Skrzynia narz\u0119dziowa na ko\u0142ach C BLOCK PRO 40 KXC454040 2 wyjmowane przegrody do aran\u017cacji przestrzeni wewn\u0119trznej 2 uchwyty na narz\u0119dzia r\u0119czne 1 nosid\u0142o na narz\u0119dzia Miara w centymetrach i calach wbudowana w pokryw\u0119 Korpus wykonany z mieszanki polimer\u00f3w o podwy\u017cszonej wytrzyma\u0142o\u015bci Zapi\u0119cia z ABS oraz metalowe zawiasy Lita uszczelka zapewnia py\u0142oszczelno\u015b\u0107 oraz odporno\u015b\u0107 na zalanie ... Read moreSkrzynia narz\u0119dziowa na ko\u0142ach C BLOCK PRO 40\" \/>\n<meta property=\"og:url\" content=\"https:\/\/selleetools.com\/pl\/product\/skrzynia-narzedziowa-na-kolach-c-block-pro-40\/\" \/>\n<meta property=\"og:site_name\" content=\"Selleetools.com\" \/>\n<meta property=\"article:modified_time\" content=\"2026-04-08T14:35:43+00:00\" \/>\n<meta property=\"og:image\" content=\"https:\/\/selleetools.com\/wp-content\/uploads\/2026\/02\/636a37029bc7f7ca459f0d6697d5fc1a.jpg\" \/>\n\t<meta property=\"og:image:width\" content=\"1300\" \/>\n\t<meta property=\"og:image:height\" content=\"1413\" \/>\n\t<meta property=\"og:image:type\" content=\"image\/jpeg\" \/>\n<meta name=\"twitter:card\" content=\"summary_large_image\" \/>\n<meta name=\"twitter:label1\" content=\"Est. reading time\" \/>\n\t<meta name=\"twitter:data1\" content=\"1 minuta\" \/>\n<!-- \/ Yoast SEO plugin. -->","yoast_head_json":{"title":"Skrzynia narz\u0119dziowa na ko\u0142ach C BLOCK PRO 40 - Selleetools.com","robots":{"index":"index","follow":"follow","max-snippet":"max-snippet:-1","max-image-preview":"max-image-preview:large","max-video-preview":"max-video-preview:-1"},"canonical":"https:\/\/selleetools.com\/pl\/product\/skrzynia-narzedziowa-na-kolach-c-block-pro-40\/","og_locale":"pl_PL","og_type":"article","og_title":"Skrzynia narz\u0119dziowa na ko\u0142ach C BLOCK PRO 40 - Selleetools.com","og_description":"Skrzynia narz\u0119dziowa na ko\u0142ach C BLOCK PRO 40 KXC454040 2 wyjmowane przegrody do aran\u017cacji przestrzeni wewn\u0119trznej 2 uchwyty na narz\u0119dzia r\u0119czne 1 nosid\u0142o na narz\u0119dzia Miara w centymetrach i calach wbudowana w pokryw\u0119 Korpus wykonany z mieszanki polimer\u00f3w o podwy\u017cszonej wytrzyma\u0142o\u015bci Zapi\u0119cia z ABS oraz metalowe zawiasy Lita uszczelka zapewnia py\u0142oszczelno\u015b\u0107 oraz odporno\u015b\u0107 na zalanie ... Read moreSkrzynia narz\u0119dziowa na ko\u0142ach C BLOCK PRO 40","og_url":"https:\/\/selleetools.com\/pl\/product\/skrzynia-narzedziowa-na-kolach-c-block-pro-40\/","og_site_name":"Selleetools.com","article_modified_time":"2026-04-08T14:35:43+00:00","og_image":[{"width":1300,"height":1413,"url":"https:\/\/selleetools.com\/wp-content\/uploads\/2026\/02\/636a37029bc7f7ca459f0d6697d5fc1a.jpg","type":"image\/jpeg"}],"twitter_card":"summary_large_image","twitter_misc":{"Est. reading time":"1 minuta"},"schema":{"@context":"https:\/\/schema.org","@graph":[{"@type":"Organization","@id":"https:\/\/selleetools.com\/#organization","name":"Selleetools","url":"https:\/\/selleetools.com\/","sameAs":[],"logo":{"@type":"ImageObject","inLanguage":"pl-PL","@id":"https:\/\/selleetools.com\/#\/schema\/logo\/image\/","url":"https:\/\/selleetools.com\/wp-content\/uploads\/2021\/10\/logo-dark.png","contentUrl":"https:\/\/selleetools.com\/wp-content\/uploads\/2021\/10\/logo-dark.png","width":320,"height":76,"caption":"Selleetools"},"image":{"@id":"https:\/\/selleetools.com\/#\/schema\/logo\/image\/"}},{"@type":"WebSite","@id":"https:\/\/selleetools.com\/#website","url":"https:\/\/selleetools.com\/","name":"Selleetools.com","description":"","publisher":{"@id":"https:\/\/selleetools.com\/#organization"},"potentialAction":[{"@type":"SearchAction","target":{"@type":"EntryPoint","urlTemplate":"https:\/\/selleetools.com\/?s={search_term_string}"},"query-input":"required name=search_term_string"}],"inLanguage":"pl-PL"},{"@type":"WebPage","@id":"https:\/\/selleetools.com\/pl\/product\/skrzynia-narzedziowa-na-kolach-c-block-pro-40\/","url":"https:\/\/selleetools.com\/pl\/product\/skrzynia-narzedziowa-na-kolach-c-block-pro-40\/","name":"Skrzynia narz\u0119dziowa na ko\u0142ach C BLOCK PRO 40 - Selleetools.com","isPartOf":{"@id":"https:\/\/selleetools.com\/#website"},"datePublished":"2026-02-19T15:34:17+00:00","dateModified":"2026-04-08T14:35:43+00:00","breadcrumb":{"@id":"https:\/\/selleetools.com\/pl\/product\/skrzynia-narzedziowa-na-kolach-c-block-pro-40\/#breadcrumb"},"inLanguage":"pl-PL","potentialAction":[{"@type":"ReadAction","target":["https:\/\/selleetools.com\/pl\/product\/skrzynia-narzedziowa-na-kolach-c-block-pro-40\/"]}]},{"@type":"BreadcrumbList","@id":"https:\/\/selleetools.com\/pl\/product\/skrzynia-narzedziowa-na-kolach-c-block-pro-40\/#breadcrumb","itemListElement":[{"@type":"ListItem","position":1,"name":"Home","item":"https:\/\/selleetools.com\/pl\/"},{"@type":"ListItem","position":2,"name":"Katalog","item":"https:\/\/selleetools.com\/pl\/katalog\/"},{"@type":"ListItem","position":3,"name":"Skrzynia narz\u0119dziowa na ko\u0142ach C BLOCK PRO 40"}]}]}},"_links":{"self":[{"href":"https:\/\/selleetools.com\/pl\/wp-json\/wp\/v2\/product\/676382"}],"collection":[{"href":"https:\/\/selleetools.com\/pl\/wp-json\/wp\/v2\/product"}],"about":[{"href":"https:\/\/selleetools.com\/pl\/wp-json\/wp\/v2\/types\/product"}],"replies":[{"embeddable":true,"href":"https:\/\/selleetools.com\/pl\/wp-json\/wp\/v2\/comments?post=676382"}],"wp:featuredmedia":[{"embeddable":true,"href":"https:\/\/selleetools.com\/pl\/wp-json\/wp\/v2\/media\/676376"}],"wp:attachment":[{"href":"https:\/\/selleetools.com\/pl\/wp-json\/wp\/v2\/media?parent=676382"}],"curies":[{"name":"wp","href":"https:\/\/api.w.org\/{rel}","templated":true}]}}