{"id":676375,"date":"2026-02-19T16:34:12","date_gmt":"2026-02-19T15:34:12","guid":{"rendered":"https:\/\/selleetools.com\/?post_type=product&#038;p=676375"},"modified":"2026-04-18T15:39:27","modified_gmt":"2026-04-18T13:39:27","slug":"drewniana-podstawka-kwadratowa-na-kolkach-jasna","status":"publish","type":"product","link":"https:\/\/selleetools.com\/pl\/product\/drewniana-podstawka-kwadratowa-na-kolkach-jasna\/","title":{"rendered":"Drewniana podstawka kwadratowa na k\u00f3\u0142kach, jasna"},"content":{"rendered":"<section class=\"section\">\t<\/p>\n<div class=\"item item-6\">\t\t<\/p>\n<section class=\"text-item\"><\/p>\n<h1>Drewniana podstawka kwadratowa, w\u00f3zek na k\u00f3\u0142kach.<\/h1>\n<p><\/p>\n<p><b>Specyfikacja:<\/b><\/p>\n<p><\/p>\n<ul>\n<li>Wysoko\u015b\u0107 &#8211; 7,9 cm<\/li>\n<li>Szeroko\u015b\u0107 &#8211; 28,4 cm<\/li>\n<li>G\u0142\u0119boko\u015b\u0107 &#8211; 28,4 cm.<\/li>\n<\/ul>\n<p><\/p>\n<p>Podstawka kwadratowa pod doniczk\u0119 lub stojak na kwiaty wyposa\u017cony w 4 k\u00f3\u0142ka, wykonany z naturalnego drewna sosnowego z certyfikatem FSC. Praktyczny w\u00f3zek do u\u017cytku w pomieszczeniach jak i na tarasie lub ogrodzie.<\/p>\n<p><\/p>\n<p><b>Zalety:<\/b><\/p>\n<p><\/p>\n<ul>\n<li>Solidnie wykonany.<\/li>\n<li>Umo\u017cliwia przesuwanie m.in. ci\u0119\u017ckich donic w dowolne miejsce.<\/li>\n<li>Mo\u017ce s\u0142u\u017cy\u0107 r\u00f3wnie\u017c do przewo\u017cenia innych przedmiot\u00f3w z jednego miejsca na drugie.<\/li>\n<li>K\u00f3\u0142ka wykonane z polipropylenu.\u00a0<\/li>\n<\/ul>\n<p>\t\t<\/section>\n<p>\t<\/div>\n<p>\t<\/p>\n<div class=\"item item-6\">\t\t<\/p>\n<section class=\"image-item\"><img src=\"https:\/\/upload.cdn.baselinker.com\/products\/3028621\/9ef7da0fc6788b240515a53aa0220ce8.jpg\"><\/section>\n<p>\t<\/div>\n<p><\/section>\n<section class=\"section\">\t<\/p>\n<div class=\"item item-6\">\t\t<\/p>\n<section class=\"image-item\"><img src=\"https:\/\/upload.cdn.baselinker.com\/products\/3028621\/9ef7da0fc6788b240515a53aa0220ce8.jpg\"><\/section>\n<p>\t<\/div>\n<p>\t<\/p>\n<div class=\"item item-6\">\t\t<\/p>\n<section class=\"image-item\"><img src=\"https:\/\/upload.cdn.baselinker.com\/products\/3028621\/8f697328d79313fb1efc868f5972e0d5.jpg\"><\/section>\n<p>\t<\/div>\n<p><\/section>\n<section class=\"section\">\t<\/p>\n<div class=\"item item-6\">\t\t<\/p>\n<section class=\"image-item\"><img src=\"https:\/\/upload.cdn.baselinker.com\/products\/3028621\/c711ea12b30002e7f69ae2f438adf098.jpg\"><\/section>\n<p>\t<\/div>\n<p>\t<\/p>\n<div class=\"item item-6\">\t\t<\/p>\n<section class=\"image-item\"><img src=\"https:\/\/upload.cdn.baselinker.com\/products\/3028621\/63bc522610999c82b74700bba83c09f9.jpg\"><\/section>\n<p>\t<\/div>\n<p><\/section>\n<section class=\"section\">\t<\/p>\n<div class=\"item item-6\">\t\t<\/p>\n<section class=\"image-item\"><img src=\"https:\/\/upload.cdn.baselinker.com\/products\/3028621\/84d3d7c154aa07356e05c0f929a35002.jpg\"><\/section>\n<p>\t<\/div>\n<p>\t<\/p>\n<div class=\"item item-6\">\t\t<\/p>\n<section class=\"image-item\"><img src=\"https:\/\/upload.cdn.baselinker.com\/products\/3028621\/a6e9b363dea4d8e42842efce54150bfe.jpg\"><\/section>\n<p>\t<\/div>\n<p><\/section>\n<section class=\"section\">\t<\/p>\n<div class=\"item item-12\">\t\t<\/p>\n<section class=\"image-item\"><img src=\"https:\/\/upload.cdn.baselinker.com\/products\/3028621\/4176052002d0af2d50c412798122593c.jpg\"><\/section>\n<p>\t<\/div>\n<p><\/section>\n","protected":false},"excerpt":{"rendered":"<p>Drewniana podstawka kwadratowa, w\u00f3zek na k\u00f3\u0142kach. Specyfikacja: Wysoko\u015b\u0107 &#8211; 7,9 cm Szeroko\u015b\u0107 &#8211; 28,4 cm G\u0142\u0119boko\u015b\u0107 &#8211; 28,4 cm. Podstawka kwadratowa pod doniczk\u0119 lub stojak na kwiaty wyposa\u017cony w 4 k\u00f3\u0142ka, wykonany z naturalnego drewna sosnowego z certyfikatem FSC. Praktyczny w\u00f3zek do u\u017cytku w pomieszczeniach jak i na tarasie lub ogrodzie. Zalety: Solidnie wykonany. Umo\u017cliwia &#8230; <a title=\"Drewniana podstawka kwadratowa na k\u00f3\u0142kach, jasna\" class=\"read-more\" href=\"https:\/\/selleetools.com\/pl\/product\/drewniana-podstawka-kwadratowa-na-kolkach-jasna\/\">Read more<span class=\"screen-reader-text\">Drewniana podstawka kwadratowa na k\u00f3\u0142kach, jasna<\/span><\/a><\/p>\n","protected":false},"featured_media":676361,"comment_status":"open","ping_status":"closed","template":"","meta":{"_links_to":"","_links_to_target":""},"yoast_head":"<!-- This site is optimized with the Yoast SEO plugin v19.4 - https:\/\/yoast.com\/wordpress\/plugins\/seo\/ -->\n<title>Drewniana podstawka kwadratowa na k\u00f3\u0142kach, jasna - Selleetools.com<\/title>\n<meta name=\"robots\" content=\"index, follow, max-snippet:-1, max-image-preview:large, max-video-preview:-1\" \/>\n<link rel=\"canonical\" href=\"https:\/\/selleetools.com\/pl\/product\/drewniana-podstawka-kwadratowa-na-kolkach-jasna\/\" \/>\n<meta property=\"og:locale\" content=\"pl_PL\" \/>\n<meta property=\"og:type\" content=\"article\" \/>\n<meta property=\"og:title\" content=\"Drewniana podstawka kwadratowa na k\u00f3\u0142kach, jasna - Selleetools.com\" \/>\n<meta property=\"og:description\" content=\"Drewniana podstawka kwadratowa, w\u00f3zek na k\u00f3\u0142kach. Specyfikacja: Wysoko\u015b\u0107 &#8211; 7,9 cm Szeroko\u015b\u0107 &#8211; 28,4 cm G\u0142\u0119boko\u015b\u0107 &#8211; 28,4 cm. Podstawka kwadratowa pod doniczk\u0119 lub stojak na kwiaty wyposa\u017cony w 4 k\u00f3\u0142ka, wykonany z naturalnego drewna sosnowego z certyfikatem FSC. Praktyczny w\u00f3zek do u\u017cytku w pomieszczeniach jak i na tarasie lub ogrodzie. Zalety: Solidnie wykonany. Umo\u017cliwia ... Read moreDrewniana podstawka kwadratowa na k\u00f3\u0142kach, jasna\" \/>\n<meta property=\"og:url\" content=\"https:\/\/selleetools.com\/pl\/product\/drewniana-podstawka-kwadratowa-na-kolkach-jasna\/\" \/>\n<meta property=\"og:site_name\" content=\"Selleetools.com\" \/>\n<meta property=\"article:modified_time\" content=\"2026-04-18T13:39:27+00:00\" \/>\n<meta property=\"og:image\" content=\"https:\/\/selleetools.com\/wp-content\/uploads\/2026\/02\/9ef7da0fc6788b240515a53aa0220ce8.jpg\" \/>\n\t<meta property=\"og:image:width\" content=\"1240\" \/>\n\t<meta property=\"og:image:height\" content=\"1240\" \/>\n\t<meta property=\"og:image:type\" content=\"image\/jpeg\" \/>\n<meta name=\"twitter:card\" content=\"summary_large_image\" \/>\n<!-- \/ Yoast SEO plugin. -->","yoast_head_json":{"title":"Drewniana podstawka kwadratowa na k\u00f3\u0142kach, jasna - Selleetools.com","robots":{"index":"index","follow":"follow","max-snippet":"max-snippet:-1","max-image-preview":"max-image-preview:large","max-video-preview":"max-video-preview:-1"},"canonical":"https:\/\/selleetools.com\/pl\/product\/drewniana-podstawka-kwadratowa-na-kolkach-jasna\/","og_locale":"pl_PL","og_type":"article","og_title":"Drewniana podstawka kwadratowa na k\u00f3\u0142kach, jasna - Selleetools.com","og_description":"Drewniana podstawka kwadratowa, w\u00f3zek na k\u00f3\u0142kach. Specyfikacja: Wysoko\u015b\u0107 &#8211; 7,9 cm Szeroko\u015b\u0107 &#8211; 28,4 cm G\u0142\u0119boko\u015b\u0107 &#8211; 28,4 cm. Podstawka kwadratowa pod doniczk\u0119 lub stojak na kwiaty wyposa\u017cony w 4 k\u00f3\u0142ka, wykonany z naturalnego drewna sosnowego z certyfikatem FSC. Praktyczny w\u00f3zek do u\u017cytku w pomieszczeniach jak i na tarasie lub ogrodzie. Zalety: Solidnie wykonany. Umo\u017cliwia ... Read moreDrewniana podstawka kwadratowa na k\u00f3\u0142kach, jasna","og_url":"https:\/\/selleetools.com\/pl\/product\/drewniana-podstawka-kwadratowa-na-kolkach-jasna\/","og_site_name":"Selleetools.com","article_modified_time":"2026-04-18T13:39:27+00:00","og_image":[{"width":1240,"height":1240,"url":"https:\/\/selleetools.com\/wp-content\/uploads\/2026\/02\/9ef7da0fc6788b240515a53aa0220ce8.jpg","type":"image\/jpeg"}],"twitter_card":"summary_large_image","schema":{"@context":"https:\/\/schema.org","@graph":[{"@type":"Organization","@id":"https:\/\/selleetools.com\/#organization","name":"Selleetools","url":"https:\/\/selleetools.com\/","sameAs":[],"logo":{"@type":"ImageObject","inLanguage":"pl-PL","@id":"https:\/\/selleetools.com\/#\/schema\/logo\/image\/","url":"https:\/\/selleetools.com\/wp-content\/uploads\/2021\/10\/logo-dark.png","contentUrl":"https:\/\/selleetools.com\/wp-content\/uploads\/2021\/10\/logo-dark.png","width":320,"height":76,"caption":"Selleetools"},"image":{"@id":"https:\/\/selleetools.com\/#\/schema\/logo\/image\/"}},{"@type":"WebSite","@id":"https:\/\/selleetools.com\/#website","url":"https:\/\/selleetools.com\/","name":"Selleetools.com","description":"","publisher":{"@id":"https:\/\/selleetools.com\/#organization"},"potentialAction":[{"@type":"SearchAction","target":{"@type":"EntryPoint","urlTemplate":"https:\/\/selleetools.com\/?s={search_term_string}"},"query-input":"required name=search_term_string"}],"inLanguage":"pl-PL"},{"@type":"WebPage","@id":"https:\/\/selleetools.com\/pl\/product\/drewniana-podstawka-kwadratowa-na-kolkach-jasna\/","url":"https:\/\/selleetools.com\/pl\/product\/drewniana-podstawka-kwadratowa-na-kolkach-jasna\/","name":"Drewniana podstawka kwadratowa na k\u00f3\u0142kach, jasna - Selleetools.com","isPartOf":{"@id":"https:\/\/selleetools.com\/#website"},"datePublished":"2026-02-19T15:34:12+00:00","dateModified":"2026-04-18T13:39:27+00:00","breadcrumb":{"@id":"https:\/\/selleetools.com\/pl\/product\/drewniana-podstawka-kwadratowa-na-kolkach-jasna\/#breadcrumb"},"inLanguage":"pl-PL","potentialAction":[{"@type":"ReadAction","target":["https:\/\/selleetools.com\/pl\/product\/drewniana-podstawka-kwadratowa-na-kolkach-jasna\/"]}]},{"@type":"BreadcrumbList","@id":"https:\/\/selleetools.com\/pl\/product\/drewniana-podstawka-kwadratowa-na-kolkach-jasna\/#breadcrumb","itemListElement":[{"@type":"ListItem","position":1,"name":"Home","item":"https:\/\/selleetools.com\/pl\/"},{"@type":"ListItem","position":2,"name":"Katalog","item":"https:\/\/selleetools.com\/pl\/katalog\/"},{"@type":"ListItem","position":3,"name":"Drewniana podstawka kwadratowa na k\u00f3\u0142kach, jasna"}]}]}},"_links":{"self":[{"href":"https:\/\/selleetools.com\/pl\/wp-json\/wp\/v2\/product\/676375"}],"collection":[{"href":"https:\/\/selleetools.com\/pl\/wp-json\/wp\/v2\/product"}],"about":[{"href":"https:\/\/selleetools.com\/pl\/wp-json\/wp\/v2\/types\/product"}],"replies":[{"embeddable":true,"href":"https:\/\/selleetools.com\/pl\/wp-json\/wp\/v2\/comments?post=676375"}],"wp:featuredmedia":[{"embeddable":true,"href":"https:\/\/selleetools.com\/pl\/wp-json\/wp\/v2\/media\/676361"}],"wp:attachment":[{"href":"https:\/\/selleetools.com\/pl\/wp-json\/wp\/v2\/media?parent=676375"}],"curies":[{"name":"wp","href":"https:\/\/api.w.org\/{rel}","templated":true}]}}