{"id":676360,"date":"2026-02-19T16:34:05","date_gmt":"2026-02-19T15:34:05","guid":{"rendered":"https:\/\/selleetools.com\/?post_type=product&#038;p=676360"},"modified":"2026-04-18T15:03:12","modified_gmt":"2026-04-18T13:03:12","slug":"drewniana-podstawka-okragla-wozek-na-kolkach-braz","status":"publish","type":"product","link":"https:\/\/selleetools.com\/pl\/product\/drewniana-podstawka-okragla-wozek-na-kolkach-braz\/","title":{"rendered":"Drewniana podstawka okr\u0105g\u0142a, w\u00f3zek na k\u00f3\u0142kach, br\u0105z"},"content":{"rendered":"<section class=\"section\">\n<div class=\"item item-12\">\n<section class=\"text-item\">\n<h1>Drewniana podstawka okr\u0105g\u0142a, w\u00f3zek na k\u00f3\u0142kach.<\/h1>\n<p><b>Specyfikacja:<\/b><\/p>\n<ul>\n<li>Wysoko\u015b\u0107 &#8211; 8,3 cm<\/li>\n<li>\u015arednica &#8211; 28,8 cm<\/li>\n<\/ul>\n<p>Podstawka okr\u0105g\u0142a pod doniczk\u0119 lub stojak na kwiaty wyposa\u017cony w 4 k\u00f3\u0142ka, wykonany z naturalnego drewna sosnowego z certyfikatem FSC. Praktyczny w\u00f3zek do u\u017cytku w pomieszczeniach jak i na tarasie lub ogrodzie.<\/p>\n<p><b>Zalety:<\/b><\/p>\n<ul>\n<li>Solidnie wykonany.<\/li>\n<li>Umo\u017cliwia przesuwanie m.in. ci\u0119\u017ckich donic w dowolne miejsce.<\/li>\n<li>Mo\u017ce s\u0142u\u017cy\u0107 r\u00f3wnie\u017c do przewo\u017cenia innych przedmiot\u00f3w z jednego miejsca na drugie.<\/li>\n<li>K\u00f3\u0142ka wykonane z polipropylenu i gumy, kt\u00f3re zabezpieczaj\u0105 pod\u0142og\u0119 przed zarysowaniem.<\/li>\n<\/ul>\n<\/section><\/div>\n<\/section>\n<section class=\"section\">\n<div class=\"item item-12\">\n<section class=\"image-item\">\n            <img src=\"https:\/\/upload.cdn.baselinker.com\/products\/3028621\/3f25942e9e77ac9525918a608d759bdc.jpg\"><br \/>\n        <\/section>\n<\/p><\/div>\n<\/section>\n<section class=\"section\">\n<div class=\"item item-6\">\n<section class=\"image-item\">\n            <img src=\"https:\/\/upload.cdn.baselinker.com\/products\/3028621\/3f25942e9e77ac9525918a608d759bdc.jpg\"><br \/>\n        <\/section>\n<\/p><\/div>\n<div class=\"item item-6\">\n<section class=\"image-item\">\n            <img src=\"https:\/\/upload.cdn.baselinker.com\/products\/3028621\/9d27405d3444c0bf88ebba5e98a8e885.jpg\"><br \/>\n        <\/section>\n<\/p><\/div>\n<\/section>\n","protected":false},"excerpt":{"rendered":"<p>Drewniana podstawka okr\u0105g\u0142a, w\u00f3zek na k\u00f3\u0142kach. Specyfikacja: Wysoko\u015b\u0107 &#8211; 8,3 cm \u015arednica &#8211; 28,8 cm Podstawka okr\u0105g\u0142a pod doniczk\u0119 lub stojak na kwiaty wyposa\u017cony w 4 k\u00f3\u0142ka, wykonany z naturalnego drewna sosnowego z certyfikatem FSC. Praktyczny w\u00f3zek do u\u017cytku w pomieszczeniach jak i na tarasie lub ogrodzie. Zalety: Solidnie wykonany. Umo\u017cliwia przesuwanie m.in. ci\u0119\u017ckich donic &#8230; <a title=\"Drewniana podstawka okr\u0105g\u0142a, w\u00f3zek na k\u00f3\u0142kach, br\u0105z\" class=\"read-more\" href=\"https:\/\/selleetools.com\/pl\/product\/drewniana-podstawka-okragla-wozek-na-kolkach-braz\/\">Read more<span class=\"screen-reader-text\">Drewniana podstawka okr\u0105g\u0142a, w\u00f3zek na k\u00f3\u0142kach, br\u0105z<\/span><\/a><\/p>\n","protected":false},"featured_media":676354,"comment_status":"open","ping_status":"closed","template":"","meta":{"_links_to":"","_links_to_target":""},"yoast_head":"<!-- This site is optimized with the Yoast SEO plugin v19.4 - https:\/\/yoast.com\/wordpress\/plugins\/seo\/ -->\n<title>Drewniana podstawka okr\u0105g\u0142a, w\u00f3zek na k\u00f3\u0142kach, br\u0105z - Selleetools.com<\/title>\n<meta name=\"robots\" content=\"index, follow, max-snippet:-1, max-image-preview:large, max-video-preview:-1\" \/>\n<link rel=\"canonical\" href=\"https:\/\/selleetools.com\/pl\/product\/drewniana-podstawka-okragla-wozek-na-kolkach-braz\/\" \/>\n<meta property=\"og:locale\" content=\"pl_PL\" \/>\n<meta property=\"og:type\" content=\"article\" \/>\n<meta property=\"og:title\" content=\"Drewniana podstawka okr\u0105g\u0142a, w\u00f3zek na k\u00f3\u0142kach, br\u0105z - Selleetools.com\" \/>\n<meta property=\"og:description\" content=\"Drewniana podstawka okr\u0105g\u0142a, w\u00f3zek na k\u00f3\u0142kach. Specyfikacja: Wysoko\u015b\u0107 &#8211; 8,3 cm \u015arednica &#8211; 28,8 cm Podstawka okr\u0105g\u0142a pod doniczk\u0119 lub stojak na kwiaty wyposa\u017cony w 4 k\u00f3\u0142ka, wykonany z naturalnego drewna sosnowego z certyfikatem FSC. Praktyczny w\u00f3zek do u\u017cytku w pomieszczeniach jak i na tarasie lub ogrodzie. Zalety: Solidnie wykonany. Umo\u017cliwia przesuwanie m.in. ci\u0119\u017ckich donic ... Read moreDrewniana podstawka okr\u0105g\u0142a, w\u00f3zek na k\u00f3\u0142kach, br\u0105z\" \/>\n<meta property=\"og:url\" content=\"https:\/\/selleetools.com\/pl\/product\/drewniana-podstawka-okragla-wozek-na-kolkach-braz\/\" \/>\n<meta property=\"og:site_name\" content=\"Selleetools.com\" \/>\n<meta property=\"article:modified_time\" content=\"2026-04-18T13:03:12+00:00\" \/>\n<meta property=\"og:image\" content=\"https:\/\/selleetools.com\/wp-content\/uploads\/2026\/02\/3f25942e9e77ac9525918a608d759bdc.jpg\" \/>\n\t<meta property=\"og:image:width\" content=\"1024\" \/>\n\t<meta property=\"og:image:height\" content=\"1024\" \/>\n\t<meta property=\"og:image:type\" content=\"image\/jpeg\" \/>\n<meta name=\"twitter:card\" content=\"summary_large_image\" \/>\n<!-- \/ Yoast SEO plugin. -->","yoast_head_json":{"title":"Drewniana podstawka okr\u0105g\u0142a, w\u00f3zek na k\u00f3\u0142kach, br\u0105z - Selleetools.com","robots":{"index":"index","follow":"follow","max-snippet":"max-snippet:-1","max-image-preview":"max-image-preview:large","max-video-preview":"max-video-preview:-1"},"canonical":"https:\/\/selleetools.com\/pl\/product\/drewniana-podstawka-okragla-wozek-na-kolkach-braz\/","og_locale":"pl_PL","og_type":"article","og_title":"Drewniana podstawka okr\u0105g\u0142a, w\u00f3zek na k\u00f3\u0142kach, br\u0105z - Selleetools.com","og_description":"Drewniana podstawka okr\u0105g\u0142a, w\u00f3zek na k\u00f3\u0142kach. Specyfikacja: Wysoko\u015b\u0107 &#8211; 8,3 cm \u015arednica &#8211; 28,8 cm Podstawka okr\u0105g\u0142a pod doniczk\u0119 lub stojak na kwiaty wyposa\u017cony w 4 k\u00f3\u0142ka, wykonany z naturalnego drewna sosnowego z certyfikatem FSC. Praktyczny w\u00f3zek do u\u017cytku w pomieszczeniach jak i na tarasie lub ogrodzie. Zalety: Solidnie wykonany. Umo\u017cliwia przesuwanie m.in. ci\u0119\u017ckich donic ... Read moreDrewniana podstawka okr\u0105g\u0142a, w\u00f3zek na k\u00f3\u0142kach, br\u0105z","og_url":"https:\/\/selleetools.com\/pl\/product\/drewniana-podstawka-okragla-wozek-na-kolkach-braz\/","og_site_name":"Selleetools.com","article_modified_time":"2026-04-18T13:03:12+00:00","og_image":[{"width":1024,"height":1024,"url":"https:\/\/selleetools.com\/wp-content\/uploads\/2026\/02\/3f25942e9e77ac9525918a608d759bdc.jpg","type":"image\/jpeg"}],"twitter_card":"summary_large_image","schema":{"@context":"https:\/\/schema.org","@graph":[{"@type":"Organization","@id":"https:\/\/selleetools.com\/#organization","name":"Selleetools","url":"https:\/\/selleetools.com\/","sameAs":[],"logo":{"@type":"ImageObject","inLanguage":"pl-PL","@id":"https:\/\/selleetools.com\/#\/schema\/logo\/image\/","url":"https:\/\/selleetools.com\/wp-content\/uploads\/2021\/10\/logo-dark.png","contentUrl":"https:\/\/selleetools.com\/wp-content\/uploads\/2021\/10\/logo-dark.png","width":320,"height":76,"caption":"Selleetools"},"image":{"@id":"https:\/\/selleetools.com\/#\/schema\/logo\/image\/"}},{"@type":"WebSite","@id":"https:\/\/selleetools.com\/#website","url":"https:\/\/selleetools.com\/","name":"Selleetools.com","description":"","publisher":{"@id":"https:\/\/selleetools.com\/#organization"},"potentialAction":[{"@type":"SearchAction","target":{"@type":"EntryPoint","urlTemplate":"https:\/\/selleetools.com\/?s={search_term_string}"},"query-input":"required name=search_term_string"}],"inLanguage":"pl-PL"},{"@type":"WebPage","@id":"https:\/\/selleetools.com\/pl\/product\/drewniana-podstawka-okragla-wozek-na-kolkach-braz\/","url":"https:\/\/selleetools.com\/pl\/product\/drewniana-podstawka-okragla-wozek-na-kolkach-braz\/","name":"Drewniana podstawka okr\u0105g\u0142a, w\u00f3zek na k\u00f3\u0142kach, br\u0105z - Selleetools.com","isPartOf":{"@id":"https:\/\/selleetools.com\/#website"},"datePublished":"2026-02-19T15:34:05+00:00","dateModified":"2026-04-18T13:03:12+00:00","breadcrumb":{"@id":"https:\/\/selleetools.com\/pl\/product\/drewniana-podstawka-okragla-wozek-na-kolkach-braz\/#breadcrumb"},"inLanguage":"pl-PL","potentialAction":[{"@type":"ReadAction","target":["https:\/\/selleetools.com\/pl\/product\/drewniana-podstawka-okragla-wozek-na-kolkach-braz\/"]}]},{"@type":"BreadcrumbList","@id":"https:\/\/selleetools.com\/pl\/product\/drewniana-podstawka-okragla-wozek-na-kolkach-braz\/#breadcrumb","itemListElement":[{"@type":"ListItem","position":1,"name":"Home","item":"https:\/\/selleetools.com\/pl\/"},{"@type":"ListItem","position":2,"name":"Katalog","item":"https:\/\/selleetools.com\/pl\/katalog\/"},{"@type":"ListItem","position":3,"name":"Drewniana podstawka okr\u0105g\u0142a, w\u00f3zek na k\u00f3\u0142kach, br\u0105z"}]}]}},"_links":{"self":[{"href":"https:\/\/selleetools.com\/pl\/wp-json\/wp\/v2\/product\/676360"}],"collection":[{"href":"https:\/\/selleetools.com\/pl\/wp-json\/wp\/v2\/product"}],"about":[{"href":"https:\/\/selleetools.com\/pl\/wp-json\/wp\/v2\/types\/product"}],"replies":[{"embeddable":true,"href":"https:\/\/selleetools.com\/pl\/wp-json\/wp\/v2\/comments?post=676360"}],"wp:featuredmedia":[{"embeddable":true,"href":"https:\/\/selleetools.com\/pl\/wp-json\/wp\/v2\/media\/676354"}],"wp:attachment":[{"href":"https:\/\/selleetools.com\/pl\/wp-json\/wp\/v2\/media?parent=676360"}],"curies":[{"name":"wp","href":"https:\/\/api.w.org\/{rel}","templated":true}]}}