{"id":676342,"date":"2026-02-19T16:33:51","date_gmt":"2026-02-19T15:33:51","guid":{"rendered":"https:\/\/selleetools.com\/?post_type=product&#038;p=676342"},"modified":"2026-04-08T16:35:44","modified_gmt":"2026-04-08T14:35:44","slug":"regal-szufladkowy-kmc501","status":"publish","type":"product","link":"https:\/\/selleetools.com\/pl\/product\/regal-szufladkowy-kmc501\/","title":{"rendered":"Rega\u0142 szufladkowy KMC501"},"content":{"rendered":"<section class=\"section\">\t<\/p>\n<div class=\"item item-6\">\t\t<\/p>\n<section class=\"image-item\"><img src=\"https:\/\/upload.cdn.baselinker.com\/products\/3028621\/237ce1f7e406347307a6349b998dca39.jpg\"><\/section>\n<p>\t<\/div>\n<p>\t<\/p>\n<div class=\"item item-6\">\t\t<\/p>\n<section class=\"text-item\"><\/p>\n<h1>Rega\u0142 szufladkowy KMC501<\/h1>\n<p><b>Specyfikacja rega\u0142u<\/b>:<\/p>\n<ul>\n<li>g\u0142\u0119boko\u015b\u0107 &#8211; 20cm<\/li>\n<li>szeroko\u015b\u0107 &#8211; 40cm<\/li>\n<li>wysoko\u015b\u0107 &#8211; 39,2cm<\/li>\n<li>materia\u0142 &#8211; tworzywo sztuczne<\/li>\n<\/ul>\n<p><b>Informacje dodatkowe:<\/b><\/p>\n<ul>\n<li>3 szufladki (185x100x65mm)<\/li>\n<li>4 szufladki (185x160x65mm)<\/li>\n<li>2 szufladkI (185x325x65mm)<\/li>\n<li>Organizer z prze\u017aroczyst\u0105 pokryw\u0105 w obudowie rega\u0142u.<\/li>\n<li>Organizer sprzedawany z czerwonymi zatrzaskami.<\/li>\n<\/ul>\n<p><b>Zdj\u0119cia w galerii z elementami \u017c\u00f3\u0142tymi s\u0105 zdj\u0119ciami podgl\u0105dowymi, organizer sprzedawany z czerwonymi zatrzaskami.<\/b><\/p>\n<p>\t\t<\/section>\n<p>\t<\/div>\n<p><\/section>\n<section class=\"section\">\t<\/p>\n<div class=\"item item-12\">\t\t<\/p>\n<section class=\"text-item\"><\/p>\n<p><b>Rega\u0142 szufladkowy przydatny w:<\/b><\/p>\n<ul>\n<li>sklepie,<\/li>\n<li>magazynie,<\/li>\n<li>warsztacie,<\/li>\n<li>laboratoriach, <\/li>\n<li>w punktach serwisowych.<\/li>\n<\/ul>\n<p>Rega\u0142 KMC501 wyposa\u017cony w 9 szufladek w 3 rozmiarach oraz organizer z prze\u017aroczyst\u0105 pokryw\u0105 w obudowie regalika. Konstrukcja zosta\u0142a wyposa\u017cona w praktyczn\u0105 r\u0105czk\u0119 do \u0142atwego transportu. Szufladki zosta\u0142y wzbogacone o zabezpieczenie przed wysuni\u0119ciem lub wypadni\u0119ciem z obudowy . Rega\u0142 mo\u017cna postawi\u0107 lub powiesi\u0107 na \u015bcianie. Kompaktowa obudowa pozwala na stawianie dowolnych regalik\u00f3w z tego rodzaju jeden na drugim. Polecany tam gdzie jest wymagany porz\u0105dek, przejrzysto\u015b\u0107 asortymentu oraz mobilno\u015b\u0107.<\/p>\n<p>\t\t<\/section>\n<p>\t<\/div>\n<p><\/section>\n<section class=\"section\">\t<\/p>\n<div class=\"item item-12\">\t\t<\/p>\n<section class=\"text-item\"><\/p>\n<p><b>W tej ofercie kupujesz:<\/b><\/p>\n<p>\t\t<\/section>\n<p>\t<\/div>\n<p><\/section>\n<section class=\"section\">\t<\/p>\n<div class=\"item item-12\">\t\t<\/p>\n<section class=\"image-item\"><img src=\"https:\/\/upload.cdn.baselinker.com\/products\/3028621\/885d5de3029b5970c5138f4302f6f7e5.jpg\"><\/section>\n<p>\t<\/div>\n<p><\/section>\n<section class=\"section\">\t<\/p>\n<div class=\"item item-6\">\t\t<\/p>\n<section class=\"text-item\"><\/p>\n<p><b>Producent::<\/b><\/p>\n<p>\t\t<\/section>\n<p>\t<\/div>\n<p>\t<\/p>\n<div class=\"item item-6\">\t\t<\/p>\n<section class=\"image-item\"><img src=\"https:\/\/upload.cdn.baselinker.com\/products\/3028621\/51593e86f9e3ae4c534aff1f1a2572de.jpg\"><\/section>\n<p>\t<\/div>\n<p><\/section>\n<section class=\"section\">\t<\/p>\n<div class=\"item item-12\">\t\t<\/p>\n<section class=\"text-item\"><\/p>\n<p><b>Galeria:<\/b><\/p>\n<p>\t\t<\/section>\n<p>\t<\/div>\n<p><\/section>\n<section class=\"section\">\t<\/p>\n<div class=\"item item-6\">\t\t<\/p>\n<section class=\"image-item\"><img src=\"https:\/\/upload.cdn.baselinker.com\/products\/3028621\/f1f53842253547e05a2a1579c3603849.jpg\"><\/section>\n<p>\t<\/div>\n<p>\t<\/p>\n<div class=\"item item-6\">\t\t<\/p>\n<section class=\"image-item\"><img src=\"https:\/\/upload.cdn.baselinker.com\/products\/3028621\/2d17689c07e85663de5d6c02fb3ce8cb.jpg\"><\/section>\n<p>\t<\/div>\n<p><\/section>\n<section class=\"section\">\t<\/p>\n<div class=\"item item-12\">\t\t<\/p>\n<section class=\"image-item\"><img src=\"https:\/\/upload.cdn.baselinker.com\/products\/3028621\/ae13dc0c15e72fc07092a59707022a35.jpg\"><\/section>\n<p>\t<\/div>\n<p><\/section>\n","protected":false},"excerpt":{"rendered":"<p>Rega\u0142 szufladkowy KMC501 Specyfikacja rega\u0142u: g\u0142\u0119boko\u015b\u0107 &#8211; 20cm szeroko\u015b\u0107 &#8211; 40cm wysoko\u015b\u0107 &#8211; 39,2cm materia\u0142 &#8211; tworzywo sztuczne Informacje dodatkowe: 3 szufladki (185x100x65mm) 4 szufladki (185x160x65mm) 2 szufladkI (185x325x65mm) Organizer z prze\u017aroczyst\u0105 pokryw\u0105 w obudowie rega\u0142u. Organizer sprzedawany z czerwonymi zatrzaskami. Zdj\u0119cia w galerii z elementami \u017c\u00f3\u0142tymi s\u0105 zdj\u0119ciami podgl\u0105dowymi, organizer sprzedawany z czerwonymi zatrzaskami. &#8230; <a title=\"Rega\u0142 szufladkowy KMC501\" class=\"read-more\" href=\"https:\/\/selleetools.com\/pl\/product\/regal-szufladkowy-kmc501\/\">Read more<span class=\"screen-reader-text\">Rega\u0142 szufladkowy KMC501<\/span><\/a><\/p>\n","protected":false},"featured_media":676330,"comment_status":"open","ping_status":"closed","template":"","meta":{"_links_to":"","_links_to_target":""},"yoast_head":"<!-- This site is optimized with the Yoast SEO plugin v19.4 - https:\/\/yoast.com\/wordpress\/plugins\/seo\/ -->\n<title>Rega\u0142 szufladkowy KMC501 - Selleetools.com<\/title>\n<meta name=\"robots\" content=\"index, follow, max-snippet:-1, max-image-preview:large, max-video-preview:-1\" \/>\n<link rel=\"canonical\" href=\"https:\/\/selleetools.com\/pl\/product\/regal-szufladkowy-kmc501\/\" \/>\n<meta property=\"og:locale\" content=\"pl_PL\" \/>\n<meta property=\"og:type\" content=\"article\" \/>\n<meta property=\"og:title\" content=\"Rega\u0142 szufladkowy KMC501 - Selleetools.com\" \/>\n<meta property=\"og:description\" content=\"Rega\u0142 szufladkowy KMC501 Specyfikacja rega\u0142u: g\u0142\u0119boko\u015b\u0107 &#8211; 20cm szeroko\u015b\u0107 &#8211; 40cm wysoko\u015b\u0107 &#8211; 39,2cm materia\u0142 &#8211; tworzywo sztuczne Informacje dodatkowe: 3 szufladki (185x100x65mm) 4 szufladki (185x160x65mm) 2 szufladkI (185x325x65mm) Organizer z prze\u017aroczyst\u0105 pokryw\u0105 w obudowie rega\u0142u. Organizer sprzedawany z czerwonymi zatrzaskami. Zdj\u0119cia w galerii z elementami \u017c\u00f3\u0142tymi s\u0105 zdj\u0119ciami podgl\u0105dowymi, organizer sprzedawany z czerwonymi zatrzaskami. ... Read moreRega\u0142 szufladkowy KMC501\" \/>\n<meta property=\"og:url\" content=\"https:\/\/selleetools.com\/pl\/product\/regal-szufladkowy-kmc501\/\" \/>\n<meta property=\"og:site_name\" content=\"Selleetools.com\" \/>\n<meta property=\"article:modified_time\" content=\"2026-04-08T14:35:44+00:00\" \/>\n<meta property=\"og:image\" content=\"https:\/\/selleetools.com\/wp-content\/uploads\/2026\/02\/237ce1f7e406347307a6349b998dca39.jpg\" \/>\n\t<meta property=\"og:image:width\" content=\"645\" \/>\n\t<meta property=\"og:image:height\" content=\"649\" \/>\n\t<meta property=\"og:image:type\" content=\"image\/jpeg\" \/>\n<meta name=\"twitter:card\" content=\"summary_large_image\" \/>\n<meta name=\"twitter:label1\" content=\"Est. reading time\" \/>\n\t<meta name=\"twitter:data1\" content=\"1 minuta\" \/>\n<!-- \/ Yoast SEO plugin. -->","yoast_head_json":{"title":"Rega\u0142 szufladkowy KMC501 - Selleetools.com","robots":{"index":"index","follow":"follow","max-snippet":"max-snippet:-1","max-image-preview":"max-image-preview:large","max-video-preview":"max-video-preview:-1"},"canonical":"https:\/\/selleetools.com\/pl\/product\/regal-szufladkowy-kmc501\/","og_locale":"pl_PL","og_type":"article","og_title":"Rega\u0142 szufladkowy KMC501 - Selleetools.com","og_description":"Rega\u0142 szufladkowy KMC501 Specyfikacja rega\u0142u: g\u0142\u0119boko\u015b\u0107 &#8211; 20cm szeroko\u015b\u0107 &#8211; 40cm wysoko\u015b\u0107 &#8211; 39,2cm materia\u0142 &#8211; tworzywo sztuczne Informacje dodatkowe: 3 szufladki (185x100x65mm) 4 szufladki (185x160x65mm) 2 szufladkI (185x325x65mm) Organizer z prze\u017aroczyst\u0105 pokryw\u0105 w obudowie rega\u0142u. Organizer sprzedawany z czerwonymi zatrzaskami. Zdj\u0119cia w galerii z elementami \u017c\u00f3\u0142tymi s\u0105 zdj\u0119ciami podgl\u0105dowymi, organizer sprzedawany z czerwonymi zatrzaskami. ... Read moreRega\u0142 szufladkowy KMC501","og_url":"https:\/\/selleetools.com\/pl\/product\/regal-szufladkowy-kmc501\/","og_site_name":"Selleetools.com","article_modified_time":"2026-04-08T14:35:44+00:00","og_image":[{"width":645,"height":649,"url":"https:\/\/selleetools.com\/wp-content\/uploads\/2026\/02\/237ce1f7e406347307a6349b998dca39.jpg","type":"image\/jpeg"}],"twitter_card":"summary_large_image","twitter_misc":{"Est. reading time":"1 minuta"},"schema":{"@context":"https:\/\/schema.org","@graph":[{"@type":"Organization","@id":"https:\/\/selleetools.com\/#organization","name":"Selleetools","url":"https:\/\/selleetools.com\/","sameAs":[],"logo":{"@type":"ImageObject","inLanguage":"pl-PL","@id":"https:\/\/selleetools.com\/#\/schema\/logo\/image\/","url":"https:\/\/selleetools.com\/wp-content\/uploads\/2021\/10\/logo-dark.png","contentUrl":"https:\/\/selleetools.com\/wp-content\/uploads\/2021\/10\/logo-dark.png","width":320,"height":76,"caption":"Selleetools"},"image":{"@id":"https:\/\/selleetools.com\/#\/schema\/logo\/image\/"}},{"@type":"WebSite","@id":"https:\/\/selleetools.com\/#website","url":"https:\/\/selleetools.com\/","name":"Selleetools.com","description":"","publisher":{"@id":"https:\/\/selleetools.com\/#organization"},"potentialAction":[{"@type":"SearchAction","target":{"@type":"EntryPoint","urlTemplate":"https:\/\/selleetools.com\/?s={search_term_string}"},"query-input":"required name=search_term_string"}],"inLanguage":"pl-PL"},{"@type":"WebPage","@id":"https:\/\/selleetools.com\/pl\/product\/regal-szufladkowy-kmc501\/","url":"https:\/\/selleetools.com\/pl\/product\/regal-szufladkowy-kmc501\/","name":"Rega\u0142 szufladkowy KMC501 - Selleetools.com","isPartOf":{"@id":"https:\/\/selleetools.com\/#website"},"datePublished":"2026-02-19T15:33:51+00:00","dateModified":"2026-04-08T14:35:44+00:00","breadcrumb":{"@id":"https:\/\/selleetools.com\/pl\/product\/regal-szufladkowy-kmc501\/#breadcrumb"},"inLanguage":"pl-PL","potentialAction":[{"@type":"ReadAction","target":["https:\/\/selleetools.com\/pl\/product\/regal-szufladkowy-kmc501\/"]}]},{"@type":"BreadcrumbList","@id":"https:\/\/selleetools.com\/pl\/product\/regal-szufladkowy-kmc501\/#breadcrumb","itemListElement":[{"@type":"ListItem","position":1,"name":"Home","item":"https:\/\/selleetools.com\/pl\/"},{"@type":"ListItem","position":2,"name":"Katalog","item":"https:\/\/selleetools.com\/pl\/katalog\/"},{"@type":"ListItem","position":3,"name":"Rega\u0142 szufladkowy KMC501"}]}]}},"_links":{"self":[{"href":"https:\/\/selleetools.com\/pl\/wp-json\/wp\/v2\/product\/676342"}],"collection":[{"href":"https:\/\/selleetools.com\/pl\/wp-json\/wp\/v2\/product"}],"about":[{"href":"https:\/\/selleetools.com\/pl\/wp-json\/wp\/v2\/types\/product"}],"replies":[{"embeddable":true,"href":"https:\/\/selleetools.com\/pl\/wp-json\/wp\/v2\/comments?post=676342"}],"wp:featuredmedia":[{"embeddable":true,"href":"https:\/\/selleetools.com\/pl\/wp-json\/wp\/v2\/media\/676330"}],"wp:attachment":[{"href":"https:\/\/selleetools.com\/pl\/wp-json\/wp\/v2\/media?parent=676342"}],"curies":[{"name":"wp","href":"https:\/\/api.w.org\/{rel}","templated":true}]}}