{"id":676308,"date":"2026-02-19T16:33:35","date_gmt":"2026-02-19T15:33:35","guid":{"rendered":"https:\/\/selleetools.com\/?post_type=product&#038;p=676308"},"modified":"2026-04-08T16:35:44","modified_gmt":"2026-04-08T14:35:44","slug":"organizer-narzedziowy-classic-xl","status":"publish","type":"product","link":"https:\/\/selleetools.com\/pl\/product\/organizer-narzedziowy-classic-xl\/","title":{"rendered":"Organizer narz\u0119dziowy Classic XL"},"content":{"rendered":"<section class=\"section\">\t<\/p>\n<div class=\"item item-12\">\t\t<\/p>\n<section class=\"text-item\"><\/p>\n<h1>ORGANIZER XL (PG550000)<\/h1>\n<h1><\/h1>\n<ul><\/ul>\n<ul><\/ul>\n<ul><\/ul>\n<ul><\/ul>\n<ul><\/ul>\n<ul><\/ul>\n<ul><\/ul>\n<ul><\/ul>\n<ul><\/ul>\n<ul><\/ul>\n<ul><\/ul>\n<ul><\/ul>\n<ul><\/ul>\n<p>Organizer jest idealnym narz\u0119dziem, dzi\u0119ki kt\u00f3remu jasno i przejrzy\u015bcie posortujesz drobne oraz du\u017ce elementy zar\u00f3wno w pracy, gara\u017cu jak i w domu.<\/p>\n<p>Organizer sk\u0142ada si\u0119 z pi\u0119ciu g\u0142\u00f3wnych kom\u00f3r, trzy z nich dodatkowo posiadaj\u0105 16 wyjmowanych przegr\u00f3d.<\/p>\n<p>Mo\u017cliwo\u015b\u0107 regulacji kom\u00f3r pozwoli na dostosowanie ich do Twoich potrzeb.<\/p>\n<p>Sortownik posiada dwa zapi\u0119cia, ergonomiczny uchwyt oraz prze\u017aroczyst\u0105 pokryw\u0119, dzi\u0119ki kt\u00f3rej zawsze wszystko b\u0119dzie doskonale widoczne i \u0142atwo dost\u0119pne.<\/p>\n<p>Polecany tam gdzie jest wymagany porz\u0105dek i przejrzysto\u015b\u0107 asortymentu.<\/p>\n<h2>Dane techniczne:<\/h2>\n<ul>\n<li>d\u0142ugo\u015b\u0107 &#8211; 46 cm<\/li>\n<li>szeroko\u015b\u0107 &#8211; 32,5 cm<\/li>\n<li>wysoko\u015b\u0107 &#8211; 8 cm<\/li>\n<li>materia\u0142 &#8211; tworzywo sztuczne<\/li>\n<li>waga &#8211; 1,13 kg<\/li>\n<\/ul>\n<p>\t\t<\/section>\n<p>\t<\/div>\n<p><\/section>\n<section class=\"section\">\t<\/p>\n<div class=\"item item-12\">\t\t<\/p>\n<section class=\"image-item\"><img src=\"https:\/\/upload.cdn.baselinker.com\/products\/3028621\/c62e106125ab3aed7a4b17ac9661b5e1.jpg\"><\/section>\n<p>\t<\/div>\n<p><\/section>\n","protected":false},"excerpt":{"rendered":"<p>ORGANIZER XL (PG550000) Organizer jest idealnym narz\u0119dziem, dzi\u0119ki kt\u00f3remu jasno i przejrzy\u015bcie posortujesz drobne oraz du\u017ce elementy zar\u00f3wno w pracy, gara\u017cu jak i w domu. Organizer sk\u0142ada si\u0119 z pi\u0119ciu g\u0142\u00f3wnych kom\u00f3r, trzy z nich dodatkowo posiadaj\u0105 16 wyjmowanych przegr\u00f3d. Mo\u017cliwo\u015b\u0107 regulacji kom\u00f3r pozwoli na dostosowanie ich do Twoich potrzeb. Sortownik posiada dwa zapi\u0119cia, ergonomiczny &#8230; <a title=\"Organizer narz\u0119dziowy Classic XL\" class=\"read-more\" href=\"https:\/\/selleetools.com\/pl\/product\/organizer-narzedziowy-classic-xl\/\">Read more<span class=\"screen-reader-text\">Organizer narz\u0119dziowy Classic XL<\/span><\/a><\/p>\n","protected":false},"featured_media":676306,"comment_status":"open","ping_status":"closed","template":"","meta":{"_links_to":"","_links_to_target":""},"yoast_head":"<!-- This site is optimized with the Yoast SEO plugin v19.4 - https:\/\/yoast.com\/wordpress\/plugins\/seo\/ -->\n<title>Organizer narz\u0119dziowy Classic XL - Selleetools.com<\/title>\n<meta name=\"robots\" content=\"index, follow, max-snippet:-1, max-image-preview:large, max-video-preview:-1\" \/>\n<link rel=\"canonical\" href=\"https:\/\/selleetools.com\/pl\/product\/organizer-narzedziowy-classic-xl\/\" \/>\n<meta property=\"og:locale\" content=\"pl_PL\" \/>\n<meta property=\"og:type\" content=\"article\" \/>\n<meta property=\"og:title\" content=\"Organizer narz\u0119dziowy Classic XL - Selleetools.com\" \/>\n<meta property=\"og:description\" content=\"ORGANIZER XL (PG550000) Organizer jest idealnym narz\u0119dziem, dzi\u0119ki kt\u00f3remu jasno i przejrzy\u015bcie posortujesz drobne oraz du\u017ce elementy zar\u00f3wno w pracy, gara\u017cu jak i w domu. Organizer sk\u0142ada si\u0119 z pi\u0119ciu g\u0142\u00f3wnych kom\u00f3r, trzy z nich dodatkowo posiadaj\u0105 16 wyjmowanych przegr\u00f3d. Mo\u017cliwo\u015b\u0107 regulacji kom\u00f3r pozwoli na dostosowanie ich do Twoich potrzeb. Sortownik posiada dwa zapi\u0119cia, ergonomiczny ... Read moreOrganizer narz\u0119dziowy Classic XL\" \/>\n<meta property=\"og:url\" content=\"https:\/\/selleetools.com\/pl\/product\/organizer-narzedziowy-classic-xl\/\" \/>\n<meta property=\"og:site_name\" content=\"Selleetools.com\" \/>\n<meta property=\"article:modified_time\" content=\"2026-04-08T14:35:44+00:00\" \/>\n<meta property=\"og:image\" content=\"https:\/\/selleetools.com\/wp-content\/uploads\/2026\/02\/c62e106125ab3aed7a4b17ac9661b5e1.jpg\" \/>\n\t<meta property=\"og:image:width\" content=\"800\" \/>\n\t<meta property=\"og:image:height\" content=\"600\" \/>\n\t<meta property=\"og:image:type\" content=\"image\/jpeg\" \/>\n<meta name=\"twitter:card\" content=\"summary_large_image\" \/>\n<meta name=\"twitter:label1\" content=\"Est. reading time\" \/>\n\t<meta name=\"twitter:data1\" content=\"1 minuta\" \/>\n<!-- \/ Yoast SEO plugin. -->","yoast_head_json":{"title":"Organizer narz\u0119dziowy Classic XL - Selleetools.com","robots":{"index":"index","follow":"follow","max-snippet":"max-snippet:-1","max-image-preview":"max-image-preview:large","max-video-preview":"max-video-preview:-1"},"canonical":"https:\/\/selleetools.com\/pl\/product\/organizer-narzedziowy-classic-xl\/","og_locale":"pl_PL","og_type":"article","og_title":"Organizer narz\u0119dziowy Classic XL - Selleetools.com","og_description":"ORGANIZER XL (PG550000) Organizer jest idealnym narz\u0119dziem, dzi\u0119ki kt\u00f3remu jasno i przejrzy\u015bcie posortujesz drobne oraz du\u017ce elementy zar\u00f3wno w pracy, gara\u017cu jak i w domu. Organizer sk\u0142ada si\u0119 z pi\u0119ciu g\u0142\u00f3wnych kom\u00f3r, trzy z nich dodatkowo posiadaj\u0105 16 wyjmowanych przegr\u00f3d. Mo\u017cliwo\u015b\u0107 regulacji kom\u00f3r pozwoli na dostosowanie ich do Twoich potrzeb. Sortownik posiada dwa zapi\u0119cia, ergonomiczny ... Read moreOrganizer narz\u0119dziowy Classic XL","og_url":"https:\/\/selleetools.com\/pl\/product\/organizer-narzedziowy-classic-xl\/","og_site_name":"Selleetools.com","article_modified_time":"2026-04-08T14:35:44+00:00","og_image":[{"width":800,"height":600,"url":"https:\/\/selleetools.com\/wp-content\/uploads\/2026\/02\/c62e106125ab3aed7a4b17ac9661b5e1.jpg","type":"image\/jpeg"}],"twitter_card":"summary_large_image","twitter_misc":{"Est. reading time":"1 minuta"},"schema":{"@context":"https:\/\/schema.org","@graph":[{"@type":"Organization","@id":"https:\/\/selleetools.com\/#organization","name":"Selleetools","url":"https:\/\/selleetools.com\/","sameAs":[],"logo":{"@type":"ImageObject","inLanguage":"pl-PL","@id":"https:\/\/selleetools.com\/#\/schema\/logo\/image\/","url":"https:\/\/selleetools.com\/wp-content\/uploads\/2021\/10\/logo-dark.png","contentUrl":"https:\/\/selleetools.com\/wp-content\/uploads\/2021\/10\/logo-dark.png","width":320,"height":76,"caption":"Selleetools"},"image":{"@id":"https:\/\/selleetools.com\/#\/schema\/logo\/image\/"}},{"@type":"WebSite","@id":"https:\/\/selleetools.com\/#website","url":"https:\/\/selleetools.com\/","name":"Selleetools.com","description":"","publisher":{"@id":"https:\/\/selleetools.com\/#organization"},"potentialAction":[{"@type":"SearchAction","target":{"@type":"EntryPoint","urlTemplate":"https:\/\/selleetools.com\/?s={search_term_string}"},"query-input":"required name=search_term_string"}],"inLanguage":"pl-PL"},{"@type":"WebPage","@id":"https:\/\/selleetools.com\/pl\/product\/organizer-narzedziowy-classic-xl\/","url":"https:\/\/selleetools.com\/pl\/product\/organizer-narzedziowy-classic-xl\/","name":"Organizer narz\u0119dziowy Classic XL - Selleetools.com","isPartOf":{"@id":"https:\/\/selleetools.com\/#website"},"datePublished":"2026-02-19T15:33:35+00:00","dateModified":"2026-04-08T14:35:44+00:00","breadcrumb":{"@id":"https:\/\/selleetools.com\/pl\/product\/organizer-narzedziowy-classic-xl\/#breadcrumb"},"inLanguage":"pl-PL","potentialAction":[{"@type":"ReadAction","target":["https:\/\/selleetools.com\/pl\/product\/organizer-narzedziowy-classic-xl\/"]}]},{"@type":"BreadcrumbList","@id":"https:\/\/selleetools.com\/pl\/product\/organizer-narzedziowy-classic-xl\/#breadcrumb","itemListElement":[{"@type":"ListItem","position":1,"name":"Home","item":"https:\/\/selleetools.com\/pl\/"},{"@type":"ListItem","position":2,"name":"Katalog","item":"https:\/\/selleetools.com\/pl\/katalog\/"},{"@type":"ListItem","position":3,"name":"Organizer narz\u0119dziowy Classic XL"}]}]}},"_links":{"self":[{"href":"https:\/\/selleetools.com\/pl\/wp-json\/wp\/v2\/product\/676308"}],"collection":[{"href":"https:\/\/selleetools.com\/pl\/wp-json\/wp\/v2\/product"}],"about":[{"href":"https:\/\/selleetools.com\/pl\/wp-json\/wp\/v2\/types\/product"}],"replies":[{"embeddable":true,"href":"https:\/\/selleetools.com\/pl\/wp-json\/wp\/v2\/comments?post=676308"}],"wp:featuredmedia":[{"embeddable":true,"href":"https:\/\/selleetools.com\/pl\/wp-json\/wp\/v2\/media\/676306"}],"wp:attachment":[{"href":"https:\/\/selleetools.com\/pl\/wp-json\/wp\/v2\/media?parent=676308"}],"curies":[{"name":"wp","href":"https:\/\/api.w.org\/{rel}","templated":true}]}}