{"id":676305,"date":"2026-02-19T16:33:32","date_gmt":"2026-02-19T15:33:32","guid":{"rendered":"https:\/\/selleetools.com\/?post_type=product&#038;p=676305"},"modified":"2026-04-08T16:35:44","modified_gmt":"2026-04-08T14:35:44","slug":"organizer-narzedziowy-warsztatowy-knos403010b","status":"publish","type":"product","link":"https:\/\/selleetools.com\/pl\/product\/organizer-narzedziowy-warsztatowy-knos403010b\/","title":{"rendered":"Organizer narz\u0119dziowy, warsztatowy KNOS403010B"},"content":{"rendered":"<section class=\"section\">\t<\/p>\n<div class=\"item item-6\">\t\t<\/p>\n<section class=\"text-item\"><\/p>\n<h1>Organizer KNOS403010B<\/h1>\n<p>Organizer KNOS403010B to wersja organizera, ale w wersji &#8220;DUO&#8221; &#8211; to nic innego jak dwa organizery NORP&#8217;y tylko po\u0142\u0105czone ze sob\u0105 za pomoc\u0105 odpowiednich klips\u00f3w kt\u00f3re mo\u017cna w ka\u017cdej chwili zdj\u0105\u0107 i mamy wtedy do dyspozycji dwa pojedyncze NORP&#8217;y. To wygodne i u\u017cyteczne pojemniki, kt\u00f3re mo\u017cna praktycznie zastosowa\u0107 do wszystkiego. Dobre na drobiazgi, jak i na wi\u0119ksze elementy. Technologia zamkni\u0119cia sprawia, \u017ce w\u0142o\u017cony asortyment do wewn\u0105trz, nawet w przypadku u\u0142o\u017cenia organizera spodem do g\u00f3ry nie miesza si\u0119. Organizer wykonany z wytrzyma\u0142ego polipropylenu.<\/p>\n<p>Dane techniczne:<\/p>\n<ul>\n<li>d\u0142ugo\u015b\u0107: 40 cm<\/li>\n<li>szeroko\u015b\u0107: 30 cm<\/li>\n<li>wysoko\u015b\u0107 pojedynczego organizera: 5 cm<\/li>\n<li>materia\u0142: tworzywo sztuczne<\/li>\n<\/ul>\n<p>\t\t<\/section>\n<p>\t<\/div>\n<p>\t<\/p>\n<div class=\"item item-6\">\t\t<\/p>\n<section class=\"image-item\"><img src=\"https:\/\/upload.cdn.baselinker.com\/products\/3028621\/2f429824d28c38841cda02e66364dff9.jpg\"><\/section>\n<p>\t<\/div>\n<p><\/section>\n<section class=\"section\">\t<\/p>\n<div class=\"item item-6\">\t\t<\/p>\n<section class=\"image-item\"><img src=\"https:\/\/upload.cdn.baselinker.com\/products\/3028621\/453f577d4bf3d7c57f331d88b67bd6a8.jpg\"><\/section>\n<p>\t<\/div>\n<p>\t<\/p>\n<div class=\"item item-6\">\t\t<\/p>\n<section class=\"image-item\"><img src=\"https:\/\/upload.cdn.baselinker.com\/products\/3028621\/e6b7f063b2c4b7ffc8dcccf72f9d0330.jpg\"><\/section>\n<p>\t<\/div>\n<p><\/section>\n<section class=\"section\">\t<\/p>\n<div class=\"item item-6\">\t\t<\/p>\n<section class=\"image-item\"><img src=\"https:\/\/upload.cdn.baselinker.com\/products\/3028621\/6223fe4cc8a72f90ce892e3f2bd4c7d7.jpg\"><\/section>\n<p>\t<\/div>\n<p>\t<\/p>\n<div class=\"item item-6\">\t\t<\/p>\n<section class=\"image-item\"><img src=\"https:\/\/upload.cdn.baselinker.com\/products\/3028621\/4078d99a376f43845cedff2c8de735ac.jpg\"><\/section>\n<p>\t<\/div>\n<p><\/section>\n","protected":false},"excerpt":{"rendered":"<p>Organizer KNOS403010B Organizer KNOS403010B to wersja organizera, ale w wersji &#8220;DUO&#8221; &#8211; to nic innego jak dwa organizery NORP&#8217;y tylko po\u0142\u0105czone ze sob\u0105 za pomoc\u0105 odpowiednich klips\u00f3w kt\u00f3re mo\u017cna w ka\u017cdej chwili zdj\u0105\u0107 i mamy wtedy do dyspozycji dwa pojedyncze NORP&#8217;y. To wygodne i u\u017cyteczne pojemniki, kt\u00f3re mo\u017cna praktycznie zastosowa\u0107 do wszystkiego. Dobre na drobiazgi, &#8230; <a title=\"Organizer narz\u0119dziowy, warsztatowy KNOS403010B\" class=\"read-more\" href=\"https:\/\/selleetools.com\/pl\/product\/organizer-narzedziowy-warsztatowy-knos403010b\/\">Read more<span class=\"screen-reader-text\">Organizer narz\u0119dziowy, warsztatowy KNOS403010B<\/span><\/a><\/p>\n","protected":false},"featured_media":676289,"comment_status":"open","ping_status":"closed","template":"","meta":{"_links_to":"","_links_to_target":""},"yoast_head":"<!-- This site is optimized with the Yoast SEO plugin v19.4 - https:\/\/yoast.com\/wordpress\/plugins\/seo\/ -->\n<title>Organizer narz\u0119dziowy, warsztatowy KNOS403010B - Selleetools.com<\/title>\n<meta name=\"robots\" content=\"index, follow, max-snippet:-1, max-image-preview:large, max-video-preview:-1\" \/>\n<link rel=\"canonical\" href=\"https:\/\/selleetools.com\/pl\/product\/organizer-narzedziowy-warsztatowy-knos403010b\/\" \/>\n<meta property=\"og:locale\" content=\"pl_PL\" \/>\n<meta property=\"og:type\" content=\"article\" \/>\n<meta property=\"og:title\" content=\"Organizer narz\u0119dziowy, warsztatowy KNOS403010B - Selleetools.com\" \/>\n<meta property=\"og:description\" content=\"Organizer KNOS403010B Organizer KNOS403010B to wersja organizera, ale w wersji &#8220;DUO&#8221; &#8211; to nic innego jak dwa organizery NORP&#8217;y tylko po\u0142\u0105czone ze sob\u0105 za pomoc\u0105 odpowiednich klips\u00f3w kt\u00f3re mo\u017cna w ka\u017cdej chwili zdj\u0105\u0107 i mamy wtedy do dyspozycji dwa pojedyncze NORP&#8217;y. To wygodne i u\u017cyteczne pojemniki, kt\u00f3re mo\u017cna praktycznie zastosowa\u0107 do wszystkiego. Dobre na drobiazgi, ... Read moreOrganizer narz\u0119dziowy, warsztatowy KNOS403010B\" \/>\n<meta property=\"og:url\" content=\"https:\/\/selleetools.com\/pl\/product\/organizer-narzedziowy-warsztatowy-knos403010b\/\" \/>\n<meta property=\"og:site_name\" content=\"Selleetools.com\" \/>\n<meta property=\"article:modified_time\" content=\"2026-04-08T14:35:44+00:00\" \/>\n<meta property=\"og:image\" content=\"https:\/\/selleetools.com\/wp-content\/uploads\/2026\/02\/2f429824d28c38841cda02e66364dff9.jpg\" \/>\n\t<meta property=\"og:image:width\" content=\"773\" \/>\n\t<meta property=\"og:image:height\" content=\"817\" \/>\n\t<meta property=\"og:image:type\" content=\"image\/jpeg\" \/>\n<meta name=\"twitter:card\" content=\"summary_large_image\" \/>\n<meta name=\"twitter:label1\" content=\"Est. reading time\" \/>\n\t<meta name=\"twitter:data1\" content=\"1 minuta\" \/>\n<!-- \/ Yoast SEO plugin. -->","yoast_head_json":{"title":"Organizer narz\u0119dziowy, warsztatowy KNOS403010B - Selleetools.com","robots":{"index":"index","follow":"follow","max-snippet":"max-snippet:-1","max-image-preview":"max-image-preview:large","max-video-preview":"max-video-preview:-1"},"canonical":"https:\/\/selleetools.com\/pl\/product\/organizer-narzedziowy-warsztatowy-knos403010b\/","og_locale":"pl_PL","og_type":"article","og_title":"Organizer narz\u0119dziowy, warsztatowy KNOS403010B - Selleetools.com","og_description":"Organizer KNOS403010B Organizer KNOS403010B to wersja organizera, ale w wersji &#8220;DUO&#8221; &#8211; to nic innego jak dwa organizery NORP&#8217;y tylko po\u0142\u0105czone ze sob\u0105 za pomoc\u0105 odpowiednich klips\u00f3w kt\u00f3re mo\u017cna w ka\u017cdej chwili zdj\u0105\u0107 i mamy wtedy do dyspozycji dwa pojedyncze NORP&#8217;y. To wygodne i u\u017cyteczne pojemniki, kt\u00f3re mo\u017cna praktycznie zastosowa\u0107 do wszystkiego. Dobre na drobiazgi, ... Read moreOrganizer narz\u0119dziowy, warsztatowy KNOS403010B","og_url":"https:\/\/selleetools.com\/pl\/product\/organizer-narzedziowy-warsztatowy-knos403010b\/","og_site_name":"Selleetools.com","article_modified_time":"2026-04-08T14:35:44+00:00","og_image":[{"width":773,"height":817,"url":"https:\/\/selleetools.com\/wp-content\/uploads\/2026\/02\/2f429824d28c38841cda02e66364dff9.jpg","type":"image\/jpeg"}],"twitter_card":"summary_large_image","twitter_misc":{"Est. reading time":"1 minuta"},"schema":{"@context":"https:\/\/schema.org","@graph":[{"@type":"Organization","@id":"https:\/\/selleetools.com\/#organization","name":"Selleetools","url":"https:\/\/selleetools.com\/","sameAs":[],"logo":{"@type":"ImageObject","inLanguage":"pl-PL","@id":"https:\/\/selleetools.com\/#\/schema\/logo\/image\/","url":"https:\/\/selleetools.com\/wp-content\/uploads\/2021\/10\/logo-dark.png","contentUrl":"https:\/\/selleetools.com\/wp-content\/uploads\/2021\/10\/logo-dark.png","width":320,"height":76,"caption":"Selleetools"},"image":{"@id":"https:\/\/selleetools.com\/#\/schema\/logo\/image\/"}},{"@type":"WebSite","@id":"https:\/\/selleetools.com\/#website","url":"https:\/\/selleetools.com\/","name":"Selleetools.com","description":"","publisher":{"@id":"https:\/\/selleetools.com\/#organization"},"potentialAction":[{"@type":"SearchAction","target":{"@type":"EntryPoint","urlTemplate":"https:\/\/selleetools.com\/?s={search_term_string}"},"query-input":"required name=search_term_string"}],"inLanguage":"pl-PL"},{"@type":"WebPage","@id":"https:\/\/selleetools.com\/pl\/product\/organizer-narzedziowy-warsztatowy-knos403010b\/","url":"https:\/\/selleetools.com\/pl\/product\/organizer-narzedziowy-warsztatowy-knos403010b\/","name":"Organizer narz\u0119dziowy, warsztatowy KNOS403010B - Selleetools.com","isPartOf":{"@id":"https:\/\/selleetools.com\/#website"},"datePublished":"2026-02-19T15:33:32+00:00","dateModified":"2026-04-08T14:35:44+00:00","breadcrumb":{"@id":"https:\/\/selleetools.com\/pl\/product\/organizer-narzedziowy-warsztatowy-knos403010b\/#breadcrumb"},"inLanguage":"pl-PL","potentialAction":[{"@type":"ReadAction","target":["https:\/\/selleetools.com\/pl\/product\/organizer-narzedziowy-warsztatowy-knos403010b\/"]}]},{"@type":"BreadcrumbList","@id":"https:\/\/selleetools.com\/pl\/product\/organizer-narzedziowy-warsztatowy-knos403010b\/#breadcrumb","itemListElement":[{"@type":"ListItem","position":1,"name":"Home","item":"https:\/\/selleetools.com\/pl\/"},{"@type":"ListItem","position":2,"name":"Katalog","item":"https:\/\/selleetools.com\/pl\/katalog\/"},{"@type":"ListItem","position":3,"name":"Organizer narz\u0119dziowy, warsztatowy KNOS403010B"}]}]}},"_links":{"self":[{"href":"https:\/\/selleetools.com\/pl\/wp-json\/wp\/v2\/product\/676305"}],"collection":[{"href":"https:\/\/selleetools.com\/pl\/wp-json\/wp\/v2\/product"}],"about":[{"href":"https:\/\/selleetools.com\/pl\/wp-json\/wp\/v2\/types\/product"}],"replies":[{"embeddable":true,"href":"https:\/\/selleetools.com\/pl\/wp-json\/wp\/v2\/comments?post=676305"}],"wp:featuredmedia":[{"embeddable":true,"href":"https:\/\/selleetools.com\/pl\/wp-json\/wp\/v2\/media\/676289"}],"wp:attachment":[{"href":"https:\/\/selleetools.com\/pl\/wp-json\/wp\/v2\/media?parent=676305"}],"curies":[{"name":"wp","href":"https:\/\/api.w.org\/{rel}","templated":true}]}}