{"id":676288,"date":"2026-02-19T16:33:26","date_gmt":"2026-02-19T15:33:26","guid":{"rendered":"https:\/\/selleetools.com\/?post_type=product&#038;p=676288"},"modified":"2026-04-08T16:35:44","modified_gmt":"2026-04-08T14:35:44","slug":"organizer-narzedziowy-tandem-b-300","status":"publish","type":"product","link":"https:\/\/selleetools.com\/pl\/product\/organizer-narzedziowy-tandem-b-300\/","title":{"rendered":"Organizer narz\u0119dziowy Tandem B 300"},"content":{"rendered":"<section class=\"section\">\t<\/p>\n<div class=\"item item-6\">\t\t<\/p>\n<section class=\"text-item\"><\/p>\n<h1>Organizer narz\u0119dziowy Tandem B 300<\/h1>\n<p>Organizer jest idealnym narz\u0119dziem, dzi\u0119ki kt\u00f3remu jasno i przejrzy\u015bcie posortujesz drobne oraz wi\u0119ksze elementy zar\u00f3wno w pracy, gara\u017cu jak i w domu.Organizer sk\u0142ada si\u0119 z 14 kom\u00f3r. Mo\u017cliwo\u015b\u0107 regulacji kom\u00f3r pozwoli na dostosowanie ich do Twoich potrzeb.Sortownik posiada wygodny uchwyt oraz prze\u017aroczyst\u0105 pokryw\u0119, dzi\u0119ki kt\u00f3rej zawsze wszystko b\u0119dzie doskonale widoczne i \u0142atwo dost\u0119pne.<\/p>\n<p>Dwa organizery tego samego rozmiaru mo\u017cna \u0142\u0105czy\u0107 ze sob\u0105 za pomoc\u0105 specjalnych zatrzask\u00f3w. Walizki skierowane pokrywami do siebie pozwalaj\u0105 na 100% zabezpieczenie zawarto\u015bci.<\/p>\n<p>Polecany tam gdzie jest wymagany porz\u0105dek i przejrzysto\u015b\u0107 asortymentu.<\/p>\n<h2>Dane techniczne:<\/h2>\n<ul>\n<li>d\u0142ugo\u015b\u0107 &#8211; 28cm<\/li>\n<li>szeroko\u015b\u0107 &#8211; 19cm<\/li>\n<li>wysoko\u015b\u0107 &#8211; 5cm<\/li>\n<li>materia\u0142 &#8211; tworzywo sztuczne<\/li>\n<\/ul>\n<p>\t\t<\/section>\n<p>\t<\/div>\n<p>\t<\/p>\n<div class=\"item item-6\">\t\t<\/p>\n<section class=\"image-item\"><img src=\"https:\/\/upload.cdn.baselinker.com\/products\/3028621\/1ea2095cafd71b7e13af3cfe9bf4f012.jpg\"><\/section>\n<p>\t<\/div>\n<p><\/section>\n","protected":false},"excerpt":{"rendered":"<p>Organizer narz\u0119dziowy Tandem B 300 Organizer jest idealnym narz\u0119dziem, dzi\u0119ki kt\u00f3remu jasno i przejrzy\u015bcie posortujesz drobne oraz wi\u0119ksze elementy zar\u00f3wno w pracy, gara\u017cu jak i w domu.Organizer sk\u0142ada si\u0119 z 14 kom\u00f3r. Mo\u017cliwo\u015b\u0107 regulacji kom\u00f3r pozwoli na dostosowanie ich do Twoich potrzeb.Sortownik posiada wygodny uchwyt oraz prze\u017aroczyst\u0105 pokryw\u0119, dzi\u0119ki kt\u00f3rej zawsze wszystko b\u0119dzie doskonale widoczne &#8230; <a title=\"Organizer narz\u0119dziowy Tandem B 300\" class=\"read-more\" href=\"https:\/\/selleetools.com\/pl\/product\/organizer-narzedziowy-tandem-b-300\/\">Read more<span class=\"screen-reader-text\">Organizer narz\u0119dziowy Tandem B 300<\/span><\/a><\/p>\n","protected":false},"featured_media":676286,"comment_status":"open","ping_status":"closed","template":"","meta":{"_links_to":"","_links_to_target":""},"yoast_head":"<!-- This site is optimized with the Yoast SEO plugin v19.4 - https:\/\/yoast.com\/wordpress\/plugins\/seo\/ -->\n<title>Organizer narz\u0119dziowy Tandem B 300 - Selleetools.com<\/title>\n<meta name=\"robots\" content=\"index, follow, max-snippet:-1, max-image-preview:large, max-video-preview:-1\" \/>\n<link rel=\"canonical\" href=\"https:\/\/selleetools.com\/product\/organizer-narzedziowy-tandem-b-300\/\" \/>\n<meta property=\"og:locale\" content=\"pl_PL\" \/>\n<meta property=\"og:type\" content=\"article\" \/>\n<meta property=\"og:title\" content=\"Organizer narz\u0119dziowy Tandem B 300 - Selleetools.com\" \/>\n<meta property=\"og:description\" content=\"Organizer narz\u0119dziowy Tandem B 300 Organizer jest idealnym narz\u0119dziem, dzi\u0119ki kt\u00f3remu jasno i przejrzy\u015bcie posortujesz drobne oraz wi\u0119ksze elementy zar\u00f3wno w pracy, gara\u017cu jak i w domu.Organizer sk\u0142ada si\u0119 z 14 kom\u00f3r. Mo\u017cliwo\u015b\u0107 regulacji kom\u00f3r pozwoli na dostosowanie ich do Twoich potrzeb.Sortownik posiada wygodny uchwyt oraz prze\u017aroczyst\u0105 pokryw\u0119, dzi\u0119ki kt\u00f3rej zawsze wszystko b\u0119dzie doskonale widoczne ... Read moreOrganizer narz\u0119dziowy Tandem B 300\" \/>\n<meta property=\"og:url\" content=\"https:\/\/selleetools.com\/product\/organizer-narzedziowy-tandem-b-300\/\" \/>\n<meta property=\"og:site_name\" content=\"Selleetools.com\" \/>\n<meta property=\"article:modified_time\" content=\"2026-04-08T14:35:44+00:00\" \/>\n<meta property=\"og:image\" content=\"https:\/\/selleetools.com\/wp-content\/uploads\/2026\/02\/1ea2095cafd71b7e13af3cfe9bf4f012.jpg\" \/>\n\t<meta property=\"og:image:width\" content=\"2560\" \/>\n\t<meta property=\"og:image:height\" content=\"2243\" \/>\n\t<meta property=\"og:image:type\" content=\"image\/jpeg\" \/>\n<meta name=\"twitter:card\" content=\"summary_large_image\" \/>\n<meta name=\"twitter:label1\" content=\"Est. reading time\" \/>\n\t<meta name=\"twitter:data1\" content=\"1 minuta\" \/>\n<!-- \/ Yoast SEO plugin. -->","yoast_head_json":{"title":"Organizer narz\u0119dziowy Tandem B 300 - Selleetools.com","robots":{"index":"index","follow":"follow","max-snippet":"max-snippet:-1","max-image-preview":"max-image-preview:large","max-video-preview":"max-video-preview:-1"},"canonical":"https:\/\/selleetools.com\/product\/organizer-narzedziowy-tandem-b-300\/","og_locale":"pl_PL","og_type":"article","og_title":"Organizer narz\u0119dziowy Tandem B 300 - Selleetools.com","og_description":"Organizer narz\u0119dziowy Tandem B 300 Organizer jest idealnym narz\u0119dziem, dzi\u0119ki kt\u00f3remu jasno i przejrzy\u015bcie posortujesz drobne oraz wi\u0119ksze elementy zar\u00f3wno w pracy, gara\u017cu jak i w domu.Organizer sk\u0142ada si\u0119 z 14 kom\u00f3r. Mo\u017cliwo\u015b\u0107 regulacji kom\u00f3r pozwoli na dostosowanie ich do Twoich potrzeb.Sortownik posiada wygodny uchwyt oraz prze\u017aroczyst\u0105 pokryw\u0119, dzi\u0119ki kt\u00f3rej zawsze wszystko b\u0119dzie doskonale widoczne ... Read moreOrganizer narz\u0119dziowy Tandem B 300","og_url":"https:\/\/selleetools.com\/product\/organizer-narzedziowy-tandem-b-300\/","og_site_name":"Selleetools.com","article_modified_time":"2026-04-08T14:35:44+00:00","og_image":[{"width":2560,"height":2243,"url":"https:\/\/selleetools.com\/wp-content\/uploads\/2026\/02\/1ea2095cafd71b7e13af3cfe9bf4f012.jpg","type":"image\/jpeg"}],"twitter_card":"summary_large_image","twitter_misc":{"Est. reading time":"1 minuta"},"schema":{"@context":"https:\/\/schema.org","@graph":[{"@type":"Organization","@id":"https:\/\/selleetools.com\/#organization","name":"Selleetools","url":"https:\/\/selleetools.com\/","sameAs":[],"logo":{"@type":"ImageObject","inLanguage":"pl-PL","@id":"https:\/\/selleetools.com\/#\/schema\/logo\/image\/","url":"https:\/\/selleetools.com\/wp-content\/uploads\/2021\/10\/logo-dark.png","contentUrl":"https:\/\/selleetools.com\/wp-content\/uploads\/2021\/10\/logo-dark.png","width":320,"height":76,"caption":"Selleetools"},"image":{"@id":"https:\/\/selleetools.com\/#\/schema\/logo\/image\/"}},{"@type":"WebSite","@id":"https:\/\/selleetools.com\/#website","url":"https:\/\/selleetools.com\/","name":"Selleetools.com","description":"","publisher":{"@id":"https:\/\/selleetools.com\/#organization"},"potentialAction":[{"@type":"SearchAction","target":{"@type":"EntryPoint","urlTemplate":"https:\/\/selleetools.com\/?s={search_term_string}"},"query-input":"required name=search_term_string"}],"inLanguage":"pl-PL"},{"@type":"WebPage","@id":"https:\/\/selleetools.com\/product\/organizer-narzedziowy-tandem-b-300\/","url":"https:\/\/selleetools.com\/product\/organizer-narzedziowy-tandem-b-300\/","name":"Organizer narz\u0119dziowy Tandem B 300 - Selleetools.com","isPartOf":{"@id":"https:\/\/selleetools.com\/#website"},"datePublished":"2026-02-19T15:33:26+00:00","dateModified":"2026-04-08T14:35:44+00:00","breadcrumb":{"@id":"https:\/\/selleetools.com\/product\/organizer-narzedziowy-tandem-b-300\/#breadcrumb"},"inLanguage":"pl-PL","potentialAction":[{"@type":"ReadAction","target":["https:\/\/selleetools.com\/product\/organizer-narzedziowy-tandem-b-300\/"]}]},{"@type":"BreadcrumbList","@id":"https:\/\/selleetools.com\/product\/organizer-narzedziowy-tandem-b-300\/#breadcrumb","itemListElement":[{"@type":"ListItem","position":1,"name":"Home","item":"https:\/\/selleetools.com\/pl\/"},{"@type":"ListItem","position":2,"name":"Katalog","item":"https:\/\/selleetools.com\/pl\/katalog\/"},{"@type":"ListItem","position":3,"name":"Organizer narz\u0119dziowy Tandem B 300"}]}]}},"_links":{"self":[{"href":"https:\/\/selleetools.com\/pl\/wp-json\/wp\/v2\/product\/676288"}],"collection":[{"href":"https:\/\/selleetools.com\/pl\/wp-json\/wp\/v2\/product"}],"about":[{"href":"https:\/\/selleetools.com\/pl\/wp-json\/wp\/v2\/types\/product"}],"replies":[{"embeddable":true,"href":"https:\/\/selleetools.com\/pl\/wp-json\/wp\/v2\/comments?post=676288"}],"wp:featuredmedia":[{"embeddable":true,"href":"https:\/\/selleetools.com\/pl\/wp-json\/wp\/v2\/media\/676286"}],"wp:attachment":[{"href":"https:\/\/selleetools.com\/pl\/wp-json\/wp\/v2\/media?parent=676288"}],"curies":[{"name":"wp","href":"https:\/\/api.w.org\/{rel}","templated":true}]}}