{"id":676248,"date":"2026-02-19T16:33:05","date_gmt":"2026-02-19T15:33:05","guid":{"rendered":"https:\/\/selleetools.com\/?post_type=product&#038;p=676248"},"modified":"2026-04-08T16:35:44","modified_gmt":"2026-04-08T14:35:44","slug":"regal-szufladkowy-kmc301","status":"publish","type":"product","link":"https:\/\/selleetools.com\/pl\/product\/regal-szufladkowy-kmc301\/","title":{"rendered":"Rega\u0142 szufladkowy KMC301"},"content":{"rendered":"<section class=\"section\">\n<div class=\"item item-12\">\n<section class=\"text-item\">\n<p>Rega\u0142 szufladkowy KMC301<\/p>\n<p>Specyfikacja rega\u0142u:<\/p>\n<p>&#8211; g\u0142\u0119boko\u015b\u0107 &#8211; 20cm<\/p>\n<p>&#8211; szeroko\u015b\u0107 &#8211; 40cm<\/p>\n<p>&#8211; wysoko\u015b\u0107 &#8211; 26cm<\/p>\n<p>&#8211; materia\u0142 &#8211;&nbsp;tworzywo sztuczne<\/p>\n<p>Informacje dodatkowe:<\/p>\n<p>&#8211; 3 szufladki (185x100x65mm)<\/p>\n<p>&#8211; 2&nbsp;szufladki (185x160x65mm)<\/p>\n<p>&#8211; 1 szufladka (185x325x65mm)<\/p>\n<p>&#8211; Organizer z prze\u017aroczyst\u0105 pokryw\u0105 w obudowie rega\u0142u.<\/p>\n<p>&#8211; Organizer sprzedawany z czerwonymi zatrzaskami.<\/p>\n<p>Zdj\u0119cia w galerii z elementami \u017c\u00f3\u0142tymi s\u0105 zdj\u0119ciami podgl\u0105dowymi, organizer sprzedawany z czerwonymi zatrzaskami.<\/p>\n<p>Rega\u0142 szufladkowy przydatny w:<\/p>\n<p>&#8211; sklepie,<\/p>\n<p>&#8211; magazynie,<\/p>\n<p>&#8211; warsztacie,<\/p>\n<p>&#8211; laboratoriach,&nbsp;<\/p>\n<p>&#8211; w punktach serwisowych.<\/p>\n<p>Rega\u0142&nbsp;KMC301&nbsp;wyposa\u017cony w 6 szufladek w 3 rozmiarach oraz organizer z prze\u017aroczyst\u0105 pokryw\u0105 w obudowie regalika. Konstrukcja zosta\u0142a wyposa\u017cona w praktyczn\u0105 r\u0105czk\u0119 do \u0142atwego transportu. Szufladki zosta\u0142y wzbogacone o zabezpieczenie przed wysuni\u0119ciem lub wypadni\u0119ciem z obudowy. Rega\u0142 mo\u017cna postawi\u0107 lub powiesi\u0107 na \u015bcianie. Kompaktowa obudowa pozwala na stawianie dowolnych regalik\u00f3w z tego rodzaju jeden na drugim. Polecany tam gdzie jest wymagany porz\u0105dek, przejrzysto\u015b\u0107 asortymentu oraz mobilno\u015b\u0107.<\/p>\n<p>Na tej aukcji kupujesz:<\/p>\n<p>Producent:<\/p>\n<p>Galeria:<\/p>\n<\/section><\/div>\n<\/section>\n","protected":false},"excerpt":{"rendered":"<p>Rega\u0142 szufladkowy KMC301 Specyfikacja rega\u0142u: &#8211; g\u0142\u0119boko\u015b\u0107 &#8211; 20cm &#8211; szeroko\u015b\u0107 &#8211; 40cm &#8211; wysoko\u015b\u0107 &#8211; 26cm &#8211; materia\u0142 &#8211;&nbsp;tworzywo sztuczne Informacje dodatkowe: &#8211; 3 szufladki (185x100x65mm) &#8211; 2&nbsp;szufladki (185x160x65mm) &#8211; 1 szufladka (185x325x65mm) &#8211; Organizer z prze\u017aroczyst\u0105 pokryw\u0105 w obudowie rega\u0142u. &#8211; Organizer sprzedawany z czerwonymi zatrzaskami. Zdj\u0119cia w galerii z elementami \u017c\u00f3\u0142tymi s\u0105 &#8230; <a title=\"Rega\u0142 szufladkowy KMC301\" class=\"read-more\" href=\"https:\/\/selleetools.com\/pl\/product\/regal-szufladkowy-kmc301\/\">Read more<span class=\"screen-reader-text\">Rega\u0142 szufladkowy KMC301<\/span><\/a><\/p>\n","protected":false},"featured_media":676242,"comment_status":"open","ping_status":"closed","template":"","meta":{"_links_to":"","_links_to_target":""},"yoast_head":"<!-- This site is optimized with the Yoast SEO plugin v19.4 - https:\/\/yoast.com\/wordpress\/plugins\/seo\/ -->\n<title>Rega\u0142 szufladkowy KMC301 - Selleetools.com<\/title>\n<meta name=\"robots\" content=\"index, follow, max-snippet:-1, max-image-preview:large, max-video-preview:-1\" \/>\n<link rel=\"canonical\" href=\"https:\/\/selleetools.com\/pl\/product\/regal-szufladkowy-kmc301\/\" \/>\n<meta property=\"og:locale\" content=\"pl_PL\" \/>\n<meta property=\"og:type\" content=\"article\" \/>\n<meta property=\"og:title\" content=\"Rega\u0142 szufladkowy KMC301 - Selleetools.com\" \/>\n<meta property=\"og:description\" content=\"Rega\u0142 szufladkowy KMC301 Specyfikacja rega\u0142u: &#8211; g\u0142\u0119boko\u015b\u0107 &#8211; 20cm &#8211; szeroko\u015b\u0107 &#8211; 40cm &#8211; wysoko\u015b\u0107 &#8211; 26cm &#8211; materia\u0142 &#8211;&nbsp;tworzywo sztuczne Informacje dodatkowe: &#8211; 3 szufladki (185x100x65mm) &#8211; 2&nbsp;szufladki (185x160x65mm) &#8211; 1 szufladka (185x325x65mm) &#8211; Organizer z prze\u017aroczyst\u0105 pokryw\u0105 w obudowie rega\u0142u. &#8211; Organizer sprzedawany z czerwonymi zatrzaskami. Zdj\u0119cia w galerii z elementami \u017c\u00f3\u0142tymi s\u0105 ... Read moreRega\u0142 szufladkowy KMC301\" \/>\n<meta property=\"og:url\" content=\"https:\/\/selleetools.com\/pl\/product\/regal-szufladkowy-kmc301\/\" \/>\n<meta property=\"og:site_name\" content=\"Selleetools.com\" \/>\n<meta property=\"article:modified_time\" content=\"2026-04-08T14:35:44+00:00\" \/>\n<meta property=\"og:image\" content=\"https:\/\/selleetools.com\/wp-content\/uploads\/2026\/02\/699bbc3bbc7dc1aae9e45e26ab989738.png\" \/>\n\t<meta property=\"og:image:width\" content=\"1600\" \/>\n\t<meta property=\"og:image:height\" content=\"1302\" \/>\n\t<meta property=\"og:image:type\" content=\"image\/png\" \/>\n<meta name=\"twitter:card\" content=\"summary_large_image\" \/>\n<meta name=\"twitter:label1\" content=\"Est. reading time\" \/>\n\t<meta name=\"twitter:data1\" content=\"1 minuta\" \/>\n<!-- \/ Yoast SEO plugin. -->","yoast_head_json":{"title":"Rega\u0142 szufladkowy KMC301 - Selleetools.com","robots":{"index":"index","follow":"follow","max-snippet":"max-snippet:-1","max-image-preview":"max-image-preview:large","max-video-preview":"max-video-preview:-1"},"canonical":"https:\/\/selleetools.com\/pl\/product\/regal-szufladkowy-kmc301\/","og_locale":"pl_PL","og_type":"article","og_title":"Rega\u0142 szufladkowy KMC301 - Selleetools.com","og_description":"Rega\u0142 szufladkowy KMC301 Specyfikacja rega\u0142u: &#8211; g\u0142\u0119boko\u015b\u0107 &#8211; 20cm &#8211; szeroko\u015b\u0107 &#8211; 40cm &#8211; wysoko\u015b\u0107 &#8211; 26cm &#8211; materia\u0142 &#8211;&nbsp;tworzywo sztuczne Informacje dodatkowe: &#8211; 3 szufladki (185x100x65mm) &#8211; 2&nbsp;szufladki (185x160x65mm) &#8211; 1 szufladka (185x325x65mm) &#8211; Organizer z prze\u017aroczyst\u0105 pokryw\u0105 w obudowie rega\u0142u. &#8211; Organizer sprzedawany z czerwonymi zatrzaskami. Zdj\u0119cia w galerii z elementami \u017c\u00f3\u0142tymi s\u0105 ... Read moreRega\u0142 szufladkowy KMC301","og_url":"https:\/\/selleetools.com\/pl\/product\/regal-szufladkowy-kmc301\/","og_site_name":"Selleetools.com","article_modified_time":"2026-04-08T14:35:44+00:00","og_image":[{"width":1600,"height":1302,"url":"https:\/\/selleetools.com\/wp-content\/uploads\/2026\/02\/699bbc3bbc7dc1aae9e45e26ab989738.png","type":"image\/png"}],"twitter_card":"summary_large_image","twitter_misc":{"Est. reading time":"1 minuta"},"schema":{"@context":"https:\/\/schema.org","@graph":[{"@type":"Organization","@id":"https:\/\/selleetools.com\/#organization","name":"Selleetools","url":"https:\/\/selleetools.com\/","sameAs":[],"logo":{"@type":"ImageObject","inLanguage":"pl-PL","@id":"https:\/\/selleetools.com\/#\/schema\/logo\/image\/","url":"https:\/\/selleetools.com\/wp-content\/uploads\/2021\/10\/logo-dark.png","contentUrl":"https:\/\/selleetools.com\/wp-content\/uploads\/2021\/10\/logo-dark.png","width":320,"height":76,"caption":"Selleetools"},"image":{"@id":"https:\/\/selleetools.com\/#\/schema\/logo\/image\/"}},{"@type":"WebSite","@id":"https:\/\/selleetools.com\/#website","url":"https:\/\/selleetools.com\/","name":"Selleetools.com","description":"","publisher":{"@id":"https:\/\/selleetools.com\/#organization"},"potentialAction":[{"@type":"SearchAction","target":{"@type":"EntryPoint","urlTemplate":"https:\/\/selleetools.com\/?s={search_term_string}"},"query-input":"required name=search_term_string"}],"inLanguage":"pl-PL"},{"@type":"WebPage","@id":"https:\/\/selleetools.com\/pl\/product\/regal-szufladkowy-kmc301\/","url":"https:\/\/selleetools.com\/pl\/product\/regal-szufladkowy-kmc301\/","name":"Rega\u0142 szufladkowy KMC301 - Selleetools.com","isPartOf":{"@id":"https:\/\/selleetools.com\/#website"},"datePublished":"2026-02-19T15:33:05+00:00","dateModified":"2026-04-08T14:35:44+00:00","breadcrumb":{"@id":"https:\/\/selleetools.com\/pl\/product\/regal-szufladkowy-kmc301\/#breadcrumb"},"inLanguage":"pl-PL","potentialAction":[{"@type":"ReadAction","target":["https:\/\/selleetools.com\/pl\/product\/regal-szufladkowy-kmc301\/"]}]},{"@type":"BreadcrumbList","@id":"https:\/\/selleetools.com\/pl\/product\/regal-szufladkowy-kmc301\/#breadcrumb","itemListElement":[{"@type":"ListItem","position":1,"name":"Home","item":"https:\/\/selleetools.com\/pl\/"},{"@type":"ListItem","position":2,"name":"Katalog","item":"https:\/\/selleetools.com\/pl\/katalog\/"},{"@type":"ListItem","position":3,"name":"Rega\u0142 szufladkowy KMC301"}]}]}},"_links":{"self":[{"href":"https:\/\/selleetools.com\/pl\/wp-json\/wp\/v2\/product\/676248"}],"collection":[{"href":"https:\/\/selleetools.com\/pl\/wp-json\/wp\/v2\/product"}],"about":[{"href":"https:\/\/selleetools.com\/pl\/wp-json\/wp\/v2\/types\/product"}],"replies":[{"embeddable":true,"href":"https:\/\/selleetools.com\/pl\/wp-json\/wp\/v2\/comments?post=676248"}],"wp:featuredmedia":[{"embeddable":true,"href":"https:\/\/selleetools.com\/pl\/wp-json\/wp\/v2\/media\/676242"}],"wp:attachment":[{"href":"https:\/\/selleetools.com\/pl\/wp-json\/wp\/v2\/media?parent=676248"}],"curies":[{"name":"wp","href":"https:\/\/api.w.org\/{rel}","templated":true}]}}