{"id":676228,"date":"2026-02-19T16:32:51","date_gmt":"2026-02-19T15:32:51","guid":{"rendered":"https:\/\/selleetools.com\/?post_type=product&#038;p=676228"},"modified":"2026-04-08T16:35:44","modified_gmt":"2026-04-08T14:35:44","slug":"organizer-narzedziowy-warsztatowy-kno40307","status":"publish","type":"product","link":"https:\/\/selleetools.com\/pl\/product\/organizer-narzedziowy-warsztatowy-kno40307\/","title":{"rendered":"Organizer narz\u0119dziowy, warsztatowy KNO40307"},"content":{"rendered":"<section class=\"section\">\t<\/p>\n<div class=\"item item-6\">\t\t<\/p>\n<section class=\"image-item\"><img src=\"https:\/\/upload.cdn.baselinker.com\/products\/3028621\/ab11fc793d8fd9adf0047a87cb7347de.jpg\"><\/section>\n<p>\t<\/div>\n<p>\t<\/p>\n<div class=\"item item-6\">\t\t<\/p>\n<section class=\"text-item\"><\/p>\n<h1>ORGANIZER KNO40307 <\/h1>\n<h2>Specyfikacja:<\/h2>\n<ul>\n<li>d\u0142ugo\u015b\u0107 &#8211; 39cm<\/li>\n<li>szeroko\u015b\u0107 &#8211; 29cm<\/li>\n<li>wysoko\u015b\u0107 &#8211; 6,5cm<\/li>\n<li>materia\u0142 &#8211; tworzywo sztuczne<\/li>\n<\/ul>\n<p><b>Informacje dodatkowe:<\/b><\/p>\n<ul>\n<li>Maksymalnie mo\u017cna uzyska\u0107 15 kom\u00f3r.<\/li>\n<li>Mozliwo\u015b\u0107 regulacji kom\u00f3r<\/li>\n<li>Prze\u017aroczysta pokrywa<\/li>\n<\/ul>\n<p>\t\t<\/section>\n<p>\t<\/div>\n<p><\/section>\n<section class=\"section\">\t<\/p>\n<div class=\"item item-12\">\t\t<\/p>\n<section class=\"text-item\"><\/p>\n<p>Organizer jest idealnym narz\u0119dziem, dzi\u0119ki kt\u00f3remu jasno i przejrzy\u015bcie posortujesz drobne oraz du\u017ce elementy zar\u00f3wno w pracy, gara\u017cu jak i w domu.<\/p>\n<p>Polecany tam gdzie jest wymagany porz\u0105dek i przejrzysto\u015b\u0107 asortymentu.<\/p>\n<p>\t\t<\/section>\n<p>\t<\/div>\n<p><\/section>\n<section class=\"section\">\t<\/p>\n<div class=\"item item-12\">\t\t<\/p>\n<section class=\"text-item\"><\/p>\n<p><b>W tej ofercie kupujesz:<\/b><\/p>\n<p>\t\t<\/section>\n<p>\t<\/div>\n<p><\/section>\n<section class=\"section\">\t<\/p>\n<div class=\"item item-12\">\t\t<\/p>\n<section class=\"image-item\"><img src=\"https:\/\/upload.cdn.baselinker.com\/products\/3028621\/b73b2a7d8d43c2241391090f0a3cbab4.jpg\"><\/section>\n<p>\t<\/div>\n<p><\/section>\n<section class=\"section\">\t<\/p>\n<div class=\"item item-6\">\t\t<\/p>\n<section class=\"text-item\"><\/p>\n<p><b>Producent:<\/b><\/p>\n<p>\t\t<\/section>\n<p>\t<\/div>\n<p>\t<\/p>\n<div class=\"item item-6\">\t\t<\/p>\n<section class=\"image-item\"><img src=\"https:\/\/upload.cdn.baselinker.com\/products\/3028621\/a3646b0b4f139cff407f1f40427fbf48.jpg\"><\/section>\n<p>\t<\/div>\n<p><\/section>\n<section class=\"section\">\t<\/p>\n<div class=\"item item-12\">\t\t<\/p>\n<section class=\"text-item\"><\/p>\n<p><b>Galeria:<\/b><\/p>\n<p>\t\t<\/section>\n<p>\t<\/div>\n<p><\/section>\n<section class=\"section\">\t<\/p>\n<div class=\"item item-6\">\t\t<\/p>\n<section class=\"image-item\"><img src=\"https:\/\/upload.cdn.baselinker.com\/products\/3028621\/ab11fc793d8fd9adf0047a87cb7347de.jpg\"><\/section>\n<p>\t<\/div>\n<p>\t<\/p>\n<div class=\"item item-6\">\t\t<\/p>\n<section class=\"image-item\"><img src=\"https:\/\/upload.cdn.baselinker.com\/products\/3028621\/abe5ebb48b0497f6f4fda1604ace56f7.jpg\"><\/section>\n<p>\t<\/div>\n<p><\/section>\n<section class=\"section\">\t<\/p>\n<div class=\"item item-12\">\t\t<\/p>\n<section class=\"image-item\"><img src=\"https:\/\/upload.cdn.baselinker.com\/products\/3028621\/47f08451820faa659d7e026d1b109cb9.jpg\"><\/section>\n<p>\t<\/div>\n<p><\/section>\n","protected":false},"excerpt":{"rendered":"<p>ORGANIZER KNO40307 Specyfikacja: d\u0142ugo\u015b\u0107 &#8211; 39cm szeroko\u015b\u0107 &#8211; 29cm wysoko\u015b\u0107 &#8211; 6,5cm materia\u0142 &#8211; tworzywo sztuczne Informacje dodatkowe: Maksymalnie mo\u017cna uzyska\u0107 15 kom\u00f3r. Mozliwo\u015b\u0107 regulacji kom\u00f3r Prze\u017aroczysta pokrywa Organizer jest idealnym narz\u0119dziem, dzi\u0119ki kt\u00f3remu jasno i przejrzy\u015bcie posortujesz drobne oraz du\u017ce elementy zar\u00f3wno w pracy, gara\u017cu jak i w domu. Polecany tam gdzie jest wymagany &#8230; <a title=\"Organizer narz\u0119dziowy, warsztatowy KNO40307\" class=\"read-more\" href=\"https:\/\/selleetools.com\/pl\/product\/organizer-narzedziowy-warsztatowy-kno40307\/\">Read more<span class=\"screen-reader-text\">Organizer narz\u0119dziowy, warsztatowy KNO40307<\/span><\/a><\/p>\n","protected":false},"featured_media":676212,"comment_status":"open","ping_status":"closed","template":"","meta":{"_links_to":"","_links_to_target":""},"yoast_head":"<!-- This site is optimized with the Yoast SEO plugin v19.4 - https:\/\/yoast.com\/wordpress\/plugins\/seo\/ -->\n<title>Organizer narz\u0119dziowy, warsztatowy KNO40307 - Selleetools.com<\/title>\n<meta name=\"robots\" content=\"index, follow, max-snippet:-1, max-image-preview:large, max-video-preview:-1\" \/>\n<link rel=\"canonical\" href=\"https:\/\/admincentral.selleetools.com\/product\/organizer-narzedziowy-warsztatowy-kno40307\/\" \/>\n<meta property=\"og:locale\" content=\"pl_PL\" \/>\n<meta property=\"og:type\" content=\"article\" \/>\n<meta property=\"og:title\" content=\"Organizer narz\u0119dziowy, warsztatowy KNO40307 - Selleetools.com\" \/>\n<meta property=\"og:description\" content=\"ORGANIZER KNO40307 Specyfikacja: d\u0142ugo\u015b\u0107 &#8211; 39cm szeroko\u015b\u0107 &#8211; 29cm wysoko\u015b\u0107 &#8211; 6,5cm materia\u0142 &#8211; tworzywo sztuczne Informacje dodatkowe: Maksymalnie mo\u017cna uzyska\u0107 15 kom\u00f3r. Mozliwo\u015b\u0107 regulacji kom\u00f3r Prze\u017aroczysta pokrywa Organizer jest idealnym narz\u0119dziem, dzi\u0119ki kt\u00f3remu jasno i przejrzy\u015bcie posortujesz drobne oraz du\u017ce elementy zar\u00f3wno w pracy, gara\u017cu jak i w domu. Polecany tam gdzie jest wymagany ... Read moreOrganizer narz\u0119dziowy, warsztatowy KNO40307\" \/>\n<meta property=\"og:url\" content=\"https:\/\/admincentral.selleetools.com\/product\/organizer-narzedziowy-warsztatowy-kno40307\/\" \/>\n<meta property=\"og:site_name\" content=\"Selleetools.com\" \/>\n<meta property=\"article:modified_time\" content=\"2026-04-08T14:35:44+00:00\" \/>\n<meta property=\"og:image\" content=\"https:\/\/selleetools.com\/wp-content\/uploads\/2026\/02\/ab11fc793d8fd9adf0047a87cb7347de.jpg\" \/>\n\t<meta property=\"og:image:width\" content=\"2441\" \/>\n\t<meta property=\"og:image:height\" content=\"2136\" \/>\n\t<meta property=\"og:image:type\" content=\"image\/jpeg\" \/>\n<meta name=\"twitter:card\" content=\"summary_large_image\" \/>\n<!-- \/ Yoast SEO plugin. -->","yoast_head_json":{"title":"Organizer narz\u0119dziowy, warsztatowy KNO40307 - Selleetools.com","robots":{"index":"index","follow":"follow","max-snippet":"max-snippet:-1","max-image-preview":"max-image-preview:large","max-video-preview":"max-video-preview:-1"},"canonical":"https:\/\/admincentral.selleetools.com\/product\/organizer-narzedziowy-warsztatowy-kno40307\/","og_locale":"pl_PL","og_type":"article","og_title":"Organizer narz\u0119dziowy, warsztatowy KNO40307 - Selleetools.com","og_description":"ORGANIZER KNO40307 Specyfikacja: d\u0142ugo\u015b\u0107 &#8211; 39cm szeroko\u015b\u0107 &#8211; 29cm wysoko\u015b\u0107 &#8211; 6,5cm materia\u0142 &#8211; tworzywo sztuczne Informacje dodatkowe: Maksymalnie mo\u017cna uzyska\u0107 15 kom\u00f3r. Mozliwo\u015b\u0107 regulacji kom\u00f3r Prze\u017aroczysta pokrywa Organizer jest idealnym narz\u0119dziem, dzi\u0119ki kt\u00f3remu jasno i przejrzy\u015bcie posortujesz drobne oraz du\u017ce elementy zar\u00f3wno w pracy, gara\u017cu jak i w domu. Polecany tam gdzie jest wymagany ... Read moreOrganizer narz\u0119dziowy, warsztatowy KNO40307","og_url":"https:\/\/admincentral.selleetools.com\/product\/organizer-narzedziowy-warsztatowy-kno40307\/","og_site_name":"Selleetools.com","article_modified_time":"2026-04-08T14:35:44+00:00","og_image":[{"width":2441,"height":2136,"url":"https:\/\/selleetools.com\/wp-content\/uploads\/2026\/02\/ab11fc793d8fd9adf0047a87cb7347de.jpg","type":"image\/jpeg"}],"twitter_card":"summary_large_image","schema":{"@context":"https:\/\/schema.org","@graph":[{"@type":"Organization","@id":"https:\/\/selleetools.com\/#organization","name":"Selleetools","url":"https:\/\/selleetools.com\/","sameAs":[],"logo":{"@type":"ImageObject","inLanguage":"pl-PL","@id":"https:\/\/selleetools.com\/#\/schema\/logo\/image\/","url":"https:\/\/selleetools.com\/wp-content\/uploads\/2021\/10\/logo-dark.png","contentUrl":"https:\/\/selleetools.com\/wp-content\/uploads\/2021\/10\/logo-dark.png","width":320,"height":76,"caption":"Selleetools"},"image":{"@id":"https:\/\/selleetools.com\/#\/schema\/logo\/image\/"}},{"@type":"WebSite","@id":"https:\/\/selleetools.com\/#website","url":"https:\/\/selleetools.com\/","name":"Selleetools.com","description":"","publisher":{"@id":"https:\/\/selleetools.com\/#organization"},"potentialAction":[{"@type":"SearchAction","target":{"@type":"EntryPoint","urlTemplate":"https:\/\/selleetools.com\/?s={search_term_string}"},"query-input":"required name=search_term_string"}],"inLanguage":"pl-PL"},{"@type":"WebPage","@id":"https:\/\/admincentral.selleetools.com\/product\/organizer-narzedziowy-warsztatowy-kno40307\/","url":"https:\/\/admincentral.selleetools.com\/product\/organizer-narzedziowy-warsztatowy-kno40307\/","name":"Organizer narz\u0119dziowy, warsztatowy KNO40307 - Selleetools.com","isPartOf":{"@id":"https:\/\/selleetools.com\/#website"},"datePublished":"2026-02-19T15:32:51+00:00","dateModified":"2026-04-08T14:35:44+00:00","breadcrumb":{"@id":"https:\/\/admincentral.selleetools.com\/product\/organizer-narzedziowy-warsztatowy-kno40307\/#breadcrumb"},"inLanguage":"pl-PL","potentialAction":[{"@type":"ReadAction","target":["https:\/\/admincentral.selleetools.com\/product\/organizer-narzedziowy-warsztatowy-kno40307\/"]}]},{"@type":"BreadcrumbList","@id":"https:\/\/admincentral.selleetools.com\/product\/organizer-narzedziowy-warsztatowy-kno40307\/#breadcrumb","itemListElement":[{"@type":"ListItem","position":1,"name":"Home","item":"https:\/\/selleetools.com\/pl\/"},{"@type":"ListItem","position":2,"name":"Katalog","item":"https:\/\/selleetools.com\/pl\/katalog\/"},{"@type":"ListItem","position":3,"name":"Organizer narz\u0119dziowy, warsztatowy KNO40307"}]}]}},"_links":{"self":[{"href":"https:\/\/selleetools.com\/pl\/wp-json\/wp\/v2\/product\/676228"}],"collection":[{"href":"https:\/\/selleetools.com\/pl\/wp-json\/wp\/v2\/product"}],"about":[{"href":"https:\/\/selleetools.com\/pl\/wp-json\/wp\/v2\/types\/product"}],"replies":[{"embeddable":true,"href":"https:\/\/selleetools.com\/pl\/wp-json\/wp\/v2\/comments?post=676228"}],"wp:featuredmedia":[{"embeddable":true,"href":"https:\/\/selleetools.com\/pl\/wp-json\/wp\/v2\/media\/676212"}],"wp:attachment":[{"href":"https:\/\/selleetools.com\/pl\/wp-json\/wp\/v2\/media?parent=676228"}],"curies":[{"name":"wp","href":"https:\/\/api.w.org\/{rel}","templated":true}]}}