{"id":676187,"date":"2026-02-19T16:32:29","date_gmt":"2026-02-19T15:32:29","guid":{"rendered":"https:\/\/selleetools.com\/?post_type=product&#038;p=676187"},"modified":"2026-04-18T15:39:07","modified_gmt":"2026-04-18T13:39:07","slug":"walizka-narzedziowa-aluminiowa-400x270x90mm","status":"publish","type":"product","link":"https:\/\/selleetools.com\/pl\/product\/walizka-narzedziowa-aluminiowa-400x270x90mm\/","title":{"rendered":"Walizka narz\u0119dziowa aluminiowa 400x270x90mm"},"content":{"rendered":"<section class=\"section\">\t<\/p>\n<div class=\"item item-6\">\t\t<\/p>\n<section class=\"text-item\"><\/p>\n<h1>Walizka narz\u0119dziowa aluminiowa 400x270x90mm &#8211; CWA30<\/h1>\n<p><\/p>\n<h2>Specyfikacja:<\/h2>\n<p><\/p>\n<ul>\n<li>d\u0142ugo\u015b\u0107 zewn\u0119trzna &#8211; 40 cm<\/li>\n<li>d\u0142ugo\u015b\u0107 wewn\u0119trzna &#8211; 39 cm<\/li>\n<li>szeroko\u015b\u0107 zewn\u0119trzna &#8211; 27 cm<\/li>\n<li>szeroko\u015b\u0107 wewn\u0119trzna &#8211; 26 cm<\/li>\n<li>wysoko\u015b\u0107 zewn\u0119trzna &#8211; 9 cm<\/li>\n<li>wysoko\u015b\u0107 wewn\u0119trzna &#8211; 7 cm<\/li>\n<li>materia\u0142y &#8211; aluminium, plastik, tkanina<\/li>\n<\/ul>\n<p><\/p>\n<p><b>Informacje dodatkowe:<\/b><\/p>\n<p><\/p>\n<ul>\n<li>Dwa mocne, zamykane na klucz, metalowe zapi\u0119cia<\/li>\n<li>Ergonomiczna r\u0105czka<\/li>\n<li>Wieko skrzyni pracuje na dw\u00f3ch metalowych zawiasach<\/li>\n<li>Ca\u0142a konstrukcja zosta\u0142a wyposa\u017cona w dodatkowe wzmocnienia na obrze\u017cach oraz naro\u017cach walizki<\/li>\n<\/ul>\n<p>\t\t<\/section>\n<p>\t<\/div>\n<p>\t<\/p>\n<div class=\"item item-6\">\t\t<\/p>\n<section class=\"image-item\"><img src=\"https:\/\/upload.cdn.baselinker.com\/products\/3028621\/6bc56a2a6dcf585b19b59a7f68839a0a.jpg\"><\/section>\n<p>\t<\/div>\n<p><\/section>\n<section class=\"section\">\t<\/p>\n<div class=\"item item-12\">\t\t<\/p>\n<section class=\"text-item\"><\/p>\n<p><b>Idealna do:<\/b><\/p>\n<p><\/p>\n<ul>\n<li>warsztatu,<\/li>\n<li>gara\u017cu,<\/li>\n<li>na budow\u0119,<\/li>\n<li>dla serwisant\u00f3w,<\/li>\n<li>muzyk\u00f3w<\/li>\n<li>oraz do domu.<\/li>\n<\/ul>\n<p><\/p>\n<p>Uniwersalna walizka zar\u00f3wno dla majsterkowicz\u00f3w jak i profesjonalist\u00f3w.<\/p>\n<p>\t\t<\/section>\n<p>\t<\/div>\n<p><\/section>\n<section class=\"section\">\t<\/p>\n<div class=\"item item-6\">\t\t<\/p>\n<section class=\"image-item\"><img src=\"https:\/\/upload.cdn.baselinker.com\/products\/3028621\/6bc56a2a6dcf585b19b59a7f68839a0a.jpg\"><\/section>\n<p>\t<\/div>\n<p>\t<\/p>\n<div class=\"item item-6\">\t\t<\/p>\n<section class=\"image-item\"><img src=\"https:\/\/upload.cdn.baselinker.com\/products\/3028621\/98e81f26f087b4eded40a82444daf454.jpg\"><\/section>\n<p>\t<\/div>\n<p><\/section>\n<section class=\"section\">\t<\/p>\n<div class=\"item item-6\">\t\t<\/p>\n<section class=\"image-item\"><img src=\"https:\/\/upload.cdn.baselinker.com\/products\/3028621\/9a0a6ecb296e89e105ec1b9e9772aeaa.jpg\"><\/section>\n<p>\t<\/div>\n<p>\t<\/p>\n<div class=\"item item-6\">\t\t<\/p>\n<section class=\"image-item\"><img src=\"https:\/\/upload.cdn.baselinker.com\/products\/3028621\/55752b0b1eac1a7ba0ee0197c54e0564.jpg\"><\/section>\n<p>\t<\/div>\n<p><\/section>\n<section class=\"section\">\t<\/p>\n<div class=\"item item-6\">\t\t<\/p>\n<section class=\"image-item\"><img src=\"https:\/\/upload.cdn.baselinker.com\/products\/3028621\/20decbd16288ecc42436343daf09b413.jpg\"><\/section>\n<p>\t<\/div>\n<p>\t<\/p>\n<div class=\"item item-6\">\t\t<\/p>\n<section class=\"image-item\"><img src=\"https:\/\/upload.cdn.baselinker.com\/products\/3028621\/e39f87858c3904e60632a3e4864ed08c.jpg\"><\/section>\n<p>\t<\/div>\n<p><\/section>\n<section class=\"section\">\t<\/p>\n<div class=\"item item-6\">\t\t<\/p>\n<section class=\"image-item\"><img src=\"https:\/\/upload.cdn.baselinker.com\/products\/3028621\/6bc56a2a6dcf585b19b59a7f68839a0a.jpg\"><\/section>\n<p>\t<\/div>\n<p>\t<\/p>\n<div class=\"item item-6\">\t\t<\/p>\n<section class=\"image-item\"><img src=\"https:\/\/upload.cdn.baselinker.com\/products\/3028621\/98e81f26f087b4eded40a82444daf454.jpg\"><\/section>\n<p>\t<\/div>\n<p><\/section>\n<section class=\"section\">\t<\/p>\n<div class=\"item item-6\">\t\t<\/p>\n<section class=\"image-item\"><img src=\"https:\/\/upload.cdn.baselinker.com\/products\/3028621\/20decbd16288ecc42436343daf09b413.jpg\"><\/section>\n<p>\t<\/div>\n<p>\t<\/p>\n<div class=\"item item-6\">\t\t<\/p>\n<section class=\"image-item\"><img src=\"https:\/\/upload.cdn.baselinker.com\/products\/3028621\/9a0a6ecb296e89e105ec1b9e9772aeaa.jpg\"><\/section>\n<p>\t<\/div>\n<p><\/section>\n<section class=\"section\">\t<\/p>\n<div class=\"item item-6\">\t\t<\/p>\n<section class=\"image-item\"><img src=\"https:\/\/upload.cdn.baselinker.com\/products\/3028621\/55752b0b1eac1a7ba0ee0197c54e0564.jpg\"><\/section>\n<p>\t<\/div>\n<p>\t<\/p>\n<div class=\"item item-6\">\t\t<\/p>\n<section class=\"image-item\"><img src=\"https:\/\/upload.cdn.baselinker.com\/products\/3028621\/e39f87858c3904e60632a3e4864ed08c.jpg\"><\/section>\n<p>\t<\/div>\n<p><\/section>\n","protected":false},"excerpt":{"rendered":"<p>Walizka narz\u0119dziowa aluminiowa 400x270x90mm &#8211; CWA30 Specyfikacja: d\u0142ugo\u015b\u0107 zewn\u0119trzna &#8211; 40 cm d\u0142ugo\u015b\u0107 wewn\u0119trzna &#8211; 39 cm szeroko\u015b\u0107 zewn\u0119trzna &#8211; 27 cm szeroko\u015b\u0107 wewn\u0119trzna &#8211; 26 cm wysoko\u015b\u0107 zewn\u0119trzna &#8211; 9 cm wysoko\u015b\u0107 wewn\u0119trzna &#8211; 7 cm materia\u0142y &#8211; aluminium, plastik, tkanina Informacje dodatkowe: Dwa mocne, zamykane na klucz, metalowe zapi\u0119cia Ergonomiczna r\u0105czka Wieko skrzyni &#8230; <a title=\"Walizka narz\u0119dziowa aluminiowa 400x270x90mm\" class=\"read-more\" href=\"https:\/\/selleetools.com\/pl\/product\/walizka-narzedziowa-aluminiowa-400x270x90mm\/\">Read more<span class=\"screen-reader-text\">Walizka narz\u0119dziowa aluminiowa 400x270x90mm<\/span><\/a><\/p>\n","protected":false},"featured_media":676175,"comment_status":"open","ping_status":"closed","template":"","meta":{"_links_to":"","_links_to_target":""},"yoast_head":"<!-- This site is optimized with the Yoast SEO plugin v19.4 - https:\/\/yoast.com\/wordpress\/plugins\/seo\/ -->\n<title>Walizka narz\u0119dziowa aluminiowa 400x270x90mm - Selleetools.com<\/title>\n<meta name=\"robots\" content=\"index, follow, max-snippet:-1, max-image-preview:large, max-video-preview:-1\" \/>\n<link rel=\"canonical\" href=\"https:\/\/selleetools.com\/pl\/product\/walizka-narzedziowa-aluminiowa-400x270x90mm\/\" \/>\n<meta property=\"og:locale\" content=\"pl_PL\" \/>\n<meta property=\"og:type\" content=\"article\" \/>\n<meta property=\"og:title\" content=\"Walizka narz\u0119dziowa aluminiowa 400x270x90mm - Selleetools.com\" \/>\n<meta property=\"og:description\" content=\"Walizka narz\u0119dziowa aluminiowa 400x270x90mm &#8211; CWA30 Specyfikacja: d\u0142ugo\u015b\u0107 zewn\u0119trzna &#8211; 40 cm d\u0142ugo\u015b\u0107 wewn\u0119trzna &#8211; 39 cm szeroko\u015b\u0107 zewn\u0119trzna &#8211; 27 cm szeroko\u015b\u0107 wewn\u0119trzna &#8211; 26 cm wysoko\u015b\u0107 zewn\u0119trzna &#8211; 9 cm wysoko\u015b\u0107 wewn\u0119trzna &#8211; 7 cm materia\u0142y &#8211; aluminium, plastik, tkanina Informacje dodatkowe: Dwa mocne, zamykane na klucz, metalowe zapi\u0119cia Ergonomiczna r\u0105czka Wieko skrzyni ... Read moreWalizka narz\u0119dziowa aluminiowa 400x270x90mm\" \/>\n<meta property=\"og:url\" content=\"https:\/\/selleetools.com\/pl\/product\/walizka-narzedziowa-aluminiowa-400x270x90mm\/\" \/>\n<meta property=\"og:site_name\" content=\"Selleetools.com\" \/>\n<meta property=\"article:modified_time\" content=\"2026-04-18T13:39:07+00:00\" \/>\n<meta property=\"og:image\" content=\"https:\/\/selleetools.com\/wp-content\/uploads\/2026\/02\/6bc56a2a6dcf585b19b59a7f68839a0a.jpg\" \/>\n\t<meta property=\"og:image:width\" content=\"859\" \/>\n\t<meta property=\"og:image:height\" content=\"800\" \/>\n\t<meta property=\"og:image:type\" content=\"image\/jpeg\" \/>\n<meta name=\"twitter:card\" content=\"summary_large_image\" \/>\n<meta name=\"twitter:label1\" content=\"Est. reading time\" \/>\n\t<meta name=\"twitter:data1\" content=\"1 minuta\" \/>\n<!-- \/ Yoast SEO plugin. -->","yoast_head_json":{"title":"Walizka narz\u0119dziowa aluminiowa 400x270x90mm - Selleetools.com","robots":{"index":"index","follow":"follow","max-snippet":"max-snippet:-1","max-image-preview":"max-image-preview:large","max-video-preview":"max-video-preview:-1"},"canonical":"https:\/\/selleetools.com\/pl\/product\/walizka-narzedziowa-aluminiowa-400x270x90mm\/","og_locale":"pl_PL","og_type":"article","og_title":"Walizka narz\u0119dziowa aluminiowa 400x270x90mm - Selleetools.com","og_description":"Walizka narz\u0119dziowa aluminiowa 400x270x90mm &#8211; CWA30 Specyfikacja: d\u0142ugo\u015b\u0107 zewn\u0119trzna &#8211; 40 cm d\u0142ugo\u015b\u0107 wewn\u0119trzna &#8211; 39 cm szeroko\u015b\u0107 zewn\u0119trzna &#8211; 27 cm szeroko\u015b\u0107 wewn\u0119trzna &#8211; 26 cm wysoko\u015b\u0107 zewn\u0119trzna &#8211; 9 cm wysoko\u015b\u0107 wewn\u0119trzna &#8211; 7 cm materia\u0142y &#8211; aluminium, plastik, tkanina Informacje dodatkowe: Dwa mocne, zamykane na klucz, metalowe zapi\u0119cia Ergonomiczna r\u0105czka Wieko skrzyni ... Read moreWalizka narz\u0119dziowa aluminiowa 400x270x90mm","og_url":"https:\/\/selleetools.com\/pl\/product\/walizka-narzedziowa-aluminiowa-400x270x90mm\/","og_site_name":"Selleetools.com","article_modified_time":"2026-04-18T13:39:07+00:00","og_image":[{"width":859,"height":800,"url":"https:\/\/selleetools.com\/wp-content\/uploads\/2026\/02\/6bc56a2a6dcf585b19b59a7f68839a0a.jpg","type":"image\/jpeg"}],"twitter_card":"summary_large_image","twitter_misc":{"Est. reading time":"1 minuta"},"schema":{"@context":"https:\/\/schema.org","@graph":[{"@type":"Organization","@id":"https:\/\/selleetools.com\/#organization","name":"Selleetools","url":"https:\/\/selleetools.com\/","sameAs":[],"logo":{"@type":"ImageObject","inLanguage":"pl-PL","@id":"https:\/\/selleetools.com\/#\/schema\/logo\/image\/","url":"https:\/\/selleetools.com\/wp-content\/uploads\/2021\/10\/logo-dark.png","contentUrl":"https:\/\/selleetools.com\/wp-content\/uploads\/2021\/10\/logo-dark.png","width":320,"height":76,"caption":"Selleetools"},"image":{"@id":"https:\/\/selleetools.com\/#\/schema\/logo\/image\/"}},{"@type":"WebSite","@id":"https:\/\/selleetools.com\/#website","url":"https:\/\/selleetools.com\/","name":"Selleetools.com","description":"","publisher":{"@id":"https:\/\/selleetools.com\/#organization"},"potentialAction":[{"@type":"SearchAction","target":{"@type":"EntryPoint","urlTemplate":"https:\/\/selleetools.com\/?s={search_term_string}"},"query-input":"required name=search_term_string"}],"inLanguage":"pl-PL"},{"@type":"WebPage","@id":"https:\/\/selleetools.com\/pl\/product\/walizka-narzedziowa-aluminiowa-400x270x90mm\/","url":"https:\/\/selleetools.com\/pl\/product\/walizka-narzedziowa-aluminiowa-400x270x90mm\/","name":"Walizka narz\u0119dziowa aluminiowa 400x270x90mm - Selleetools.com","isPartOf":{"@id":"https:\/\/selleetools.com\/#website"},"datePublished":"2026-02-19T15:32:29+00:00","dateModified":"2026-04-18T13:39:07+00:00","breadcrumb":{"@id":"https:\/\/selleetools.com\/pl\/product\/walizka-narzedziowa-aluminiowa-400x270x90mm\/#breadcrumb"},"inLanguage":"pl-PL","potentialAction":[{"@type":"ReadAction","target":["https:\/\/selleetools.com\/pl\/product\/walizka-narzedziowa-aluminiowa-400x270x90mm\/"]}]},{"@type":"BreadcrumbList","@id":"https:\/\/selleetools.com\/pl\/product\/walizka-narzedziowa-aluminiowa-400x270x90mm\/#breadcrumb","itemListElement":[{"@type":"ListItem","position":1,"name":"Home","item":"https:\/\/selleetools.com\/pl\/"},{"@type":"ListItem","position":2,"name":"Katalog","item":"https:\/\/selleetools.com\/pl\/katalog\/"},{"@type":"ListItem","position":3,"name":"Walizka narz\u0119dziowa aluminiowa 400x270x90mm"}]}]}},"_links":{"self":[{"href":"https:\/\/selleetools.com\/pl\/wp-json\/wp\/v2\/product\/676187"}],"collection":[{"href":"https:\/\/selleetools.com\/pl\/wp-json\/wp\/v2\/product"}],"about":[{"href":"https:\/\/selleetools.com\/pl\/wp-json\/wp\/v2\/types\/product"}],"replies":[{"embeddable":true,"href":"https:\/\/selleetools.com\/pl\/wp-json\/wp\/v2\/comments?post=676187"}],"wp:featuredmedia":[{"embeddable":true,"href":"https:\/\/selleetools.com\/pl\/wp-json\/wp\/v2\/media\/676175"}],"wp:attachment":[{"href":"https:\/\/selleetools.com\/pl\/wp-json\/wp\/v2\/media?parent=676187"}],"curies":[{"name":"wp","href":"https:\/\/api.w.org\/{rel}","templated":true}]}}