{"id":676165,"date":"2026-02-19T16:32:17","date_gmt":"2026-02-19T15:32:17","guid":{"rendered":"https:\/\/selleetools.com\/?post_type=product&#038;p=676165"},"modified":"2026-04-08T16:35:44","modified_gmt":"2026-04-08T14:35:44","slug":"organizer-narzedziowy-warsztatowy-knos352510b","status":"publish","type":"product","link":"https:\/\/selleetools.com\/pl\/product\/organizer-narzedziowy-warsztatowy-knos352510b\/","title":{"rendered":"Organizer narz\u0119dziowy, warsztatowy KNOS352510B"},"content":{"rendered":"<section class=\"section\">\t<\/p>\n<div class=\"item item-6\">\t\t<\/p>\n<section class=\"text-item\"><\/p>\n<h1>Organizer KNOS352510B<\/h1>\n<p><b>Specyfikacja<\/b>:<\/p>\n<ul>\n<li>d\u0142ugo\u015b\u0107: 34,5 cm<\/li>\n<li>szeroko\u015b\u0107: 25 cm<\/li>\n<li>wysoko\u015b\u0107 pojedynczego organizera: 5 cm<\/li>\n<li>materia\u0142: tworzywo sztuczne<\/li>\n<\/ul>\n<p><b>Zestaw zawiera:<\/b><\/p>\n<ul>\n<li>Organizer &#8211; 2 elementy<\/li>\n<li>Kuweta 108&#215;108 &#8211; 2szt.<\/li>\n<li>Kuweta 105&#215;54 &#8211; 8szt.<\/li>\n<li>Kuweta 54&#215;54 &#8211; 12szt.<\/li>\n<\/ul>\n<p>\t\t<\/section>\n<p>\t<\/div>\n<p>\t<\/p>\n<div class=\"item item-6\">\t\t<\/p>\n<section class=\"image-item\"><img src=\"https:\/\/upload.cdn.baselinker.com\/products\/3028621\/39ac6aad920465b3f7510f2f09925d0a.jpg\"><\/section>\n<p>\t<\/div>\n<p><\/section>\n<section class=\"section\">\t<\/p>\n<div class=\"item item-6\">\t\t<\/p>\n<section class=\"image-item\"><img src=\"https:\/\/upload.cdn.baselinker.com\/products\/3028621\/a1e60dc3e70fd646ec0370ee38aa22f1.jpg\"><\/section>\n<p>\t<\/div>\n<p>\t<\/p>\n<div class=\"item item-6\">\t\t<\/p>\n<section class=\"image-item\"><img src=\"https:\/\/upload.cdn.baselinker.com\/products\/3028621\/9ec3f7ca022f246247668700bcbcfc7b.jpg\"><\/section>\n<p>\t<\/div>\n<p><\/section>\n<section class=\"section\">\t<\/p>\n<div class=\"item item-12\">\t\t<\/p>\n<section class=\"text-item\"><\/p>\n<p><b>W tej ofercie kupujesz:<\/b><\/p>\n<p>\t\t<\/section>\n<p>\t<\/div>\n<p><\/section>\n<section class=\"section\">\t<\/p>\n<div class=\"item item-12\">\t\t<\/p>\n<section class=\"image-item\"><img src=\"https:\/\/upload.cdn.baselinker.com\/products\/3028621\/df4b5589c556707a35da59b101ae5fb2.jpg\"><\/section>\n<p>\t<\/div>\n<p><\/section>\n<section class=\"section\">\t<\/p>\n<div class=\"item item-6\">\t\t<\/p>\n<section class=\"text-item\"><\/p>\n<p><b>Producent:<\/b><\/p>\n<p>\t\t<\/section>\n<p>\t<\/div>\n<p>\t<\/p>\n<div class=\"item item-6\">\t\t<\/p>\n<section class=\"image-item\"><img src=\"https:\/\/upload.cdn.baselinker.com\/products\/3028621\/fd506c832461baf4682186e1e6aa5567.jpg\"><\/section>\n<p>\t<\/div>\n<p><\/section>\n<section class=\"section\">\t<\/p>\n<div class=\"item item-12\">\t\t<\/p>\n<section class=\"text-item\"><\/p>\n<p>Organizer KNOS352510B to wersja organizera. To wygodne i u\u017cyteczne pojemniki, kt\u00f3re mo\u017cna praktycznie zastosowa\u0107 do wszystkiego. Dobre na drobiazgi, jak i na wi\u0119ksze elementy. Technologia zamkni\u0119cia sprawia, \u017ce w\u0142o\u017cony asortyment do wewn\u0105trz, nawet w przypadku u\u0142o\u017cenia organizera spodem do g\u00f3ry nie miesza si\u0119. Organizer wykonany z wytrzyma\u0142ego polipropylenu.<\/p>\n<p>\t\t<\/section>\n<p>\t<\/div>\n<p><\/section>\n<section class=\"section\">\t<\/p>\n<div class=\"item item-12\">\t\t<\/p>\n<section class=\"text-item\"><\/p>\n<p><b>Galeria:<\/b><\/p>\n<p>\t\t<\/section>\n<p>\t<\/div>\n<p><\/section>\n<section class=\"section\">\t<\/p>\n<div class=\"item item-6\">\t\t<\/p>\n<section class=\"image-item\"><img src=\"https:\/\/upload.cdn.baselinker.com\/products\/3028621\/b1a7752b2a6cad0d3cdc1660fd61f7f1.jpg\"><\/section>\n<p>\t<\/div>\n<p>\t<\/p>\n<div class=\"item item-6\">\t\t<\/p>\n<section class=\"image-item\"><img src=\"https:\/\/upload.cdn.baselinker.com\/products\/3028621\/ff45cec27f406220505f1d6ea00c32b9.jpg\"><\/section>\n<p>\t<\/div>\n<p><\/section>\n<section class=\"section\">\t<\/p>\n<div class=\"item item-6\">\t\t<\/p>\n<section class=\"image-item\"><img src=\"https:\/\/upload.cdn.baselinker.com\/products\/3028621\/a1e60dc3e70fd646ec0370ee38aa22f1.jpg\"><\/section>\n<p>\t<\/div>\n<p>\t<\/p>\n<div class=\"item item-6\">\t\t<\/p>\n<section class=\"image-item\"><img src=\"https:\/\/upload.cdn.baselinker.com\/products\/3028621\/213a93517d86fc92202412e26869e425.jpg\"><\/section>\n<p>\t<\/div>\n<p><\/section>\n","protected":false},"excerpt":{"rendered":"<p>Organizer KNOS352510B Specyfikacja: d\u0142ugo\u015b\u0107: 34,5 cm szeroko\u015b\u0107: 25 cm wysoko\u015b\u0107 pojedynczego organizera: 5 cm materia\u0142: tworzywo sztuczne Zestaw zawiera: Organizer &#8211; 2 elementy Kuweta 108&#215;108 &#8211; 2szt. Kuweta 105&#215;54 &#8211; 8szt. Kuweta 54&#215;54 &#8211; 12szt. W tej ofercie kupujesz: Producent: Organizer KNOS352510B to wersja organizera. To wygodne i u\u017cyteczne pojemniki, kt\u00f3re mo\u017cna praktycznie zastosowa\u0107 do &#8230; <a title=\"Organizer narz\u0119dziowy, warsztatowy KNOS352510B\" class=\"read-more\" href=\"https:\/\/selleetools.com\/pl\/product\/organizer-narzedziowy-warsztatowy-knos352510b\/\">Read more<span class=\"screen-reader-text\">Organizer narz\u0119dziowy, warsztatowy KNOS352510B<\/span><\/a><\/p>\n","protected":false},"featured_media":676143,"comment_status":"open","ping_status":"closed","template":"","meta":{"_links_to":"","_links_to_target":""},"yoast_head":"<!-- This site is optimized with the Yoast SEO plugin v19.4 - https:\/\/yoast.com\/wordpress\/plugins\/seo\/ -->\n<title>Organizer narz\u0119dziowy, warsztatowy KNOS352510B - Selleetools.com<\/title>\n<meta name=\"robots\" content=\"index, follow, max-snippet:-1, max-image-preview:large, max-video-preview:-1\" \/>\n<link rel=\"canonical\" href=\"https:\/\/admincentral.selleetools.com\/pl\/product\/organizer-narzedziowy-warsztatowy-knos352510b\/\" \/>\n<meta property=\"og:locale\" content=\"pl_PL\" \/>\n<meta property=\"og:type\" content=\"article\" \/>\n<meta property=\"og:title\" content=\"Organizer narz\u0119dziowy, warsztatowy KNOS352510B - Selleetools.com\" \/>\n<meta property=\"og:description\" content=\"Organizer KNOS352510B Specyfikacja: d\u0142ugo\u015b\u0107: 34,5 cm szeroko\u015b\u0107: 25 cm wysoko\u015b\u0107 pojedynczego organizera: 5 cm materia\u0142: tworzywo sztuczne Zestaw zawiera: Organizer &#8211; 2 elementy Kuweta 108&#215;108 &#8211; 2szt. Kuweta 105&#215;54 &#8211; 8szt. Kuweta 54&#215;54 &#8211; 12szt. W tej ofercie kupujesz: Producent: Organizer KNOS352510B to wersja organizera. To wygodne i u\u017cyteczne pojemniki, kt\u00f3re mo\u017cna praktycznie zastosowa\u0107 do ... Read moreOrganizer narz\u0119dziowy, warsztatowy KNOS352510B\" \/>\n<meta property=\"og:url\" content=\"https:\/\/admincentral.selleetools.com\/pl\/product\/organizer-narzedziowy-warsztatowy-knos352510b\/\" \/>\n<meta property=\"og:site_name\" content=\"Selleetools.com\" \/>\n<meta property=\"article:modified_time\" content=\"2026-04-08T14:35:44+00:00\" \/>\n<meta property=\"og:image\" content=\"https:\/\/selleetools.com\/wp-content\/uploads\/2026\/02\/39ac6aad920465b3f7510f2f09925d0a.jpg\" \/>\n\t<meta property=\"og:image:width\" content=\"1600\" \/>\n\t<meta property=\"og:image:height\" content=\"671\" \/>\n\t<meta property=\"og:image:type\" content=\"image\/jpeg\" \/>\n<meta name=\"twitter:card\" content=\"summary_large_image\" \/>\n<!-- \/ Yoast SEO plugin. -->","yoast_head_json":{"title":"Organizer narz\u0119dziowy, warsztatowy KNOS352510B - Selleetools.com","robots":{"index":"index","follow":"follow","max-snippet":"max-snippet:-1","max-image-preview":"max-image-preview:large","max-video-preview":"max-video-preview:-1"},"canonical":"https:\/\/admincentral.selleetools.com\/pl\/product\/organizer-narzedziowy-warsztatowy-knos352510b\/","og_locale":"pl_PL","og_type":"article","og_title":"Organizer narz\u0119dziowy, warsztatowy KNOS352510B - Selleetools.com","og_description":"Organizer KNOS352510B Specyfikacja: d\u0142ugo\u015b\u0107: 34,5 cm szeroko\u015b\u0107: 25 cm wysoko\u015b\u0107 pojedynczego organizera: 5 cm materia\u0142: tworzywo sztuczne Zestaw zawiera: Organizer &#8211; 2 elementy Kuweta 108&#215;108 &#8211; 2szt. Kuweta 105&#215;54 &#8211; 8szt. Kuweta 54&#215;54 &#8211; 12szt. W tej ofercie kupujesz: Producent: Organizer KNOS352510B to wersja organizera. To wygodne i u\u017cyteczne pojemniki, kt\u00f3re mo\u017cna praktycznie zastosowa\u0107 do ... Read moreOrganizer narz\u0119dziowy, warsztatowy KNOS352510B","og_url":"https:\/\/admincentral.selleetools.com\/pl\/product\/organizer-narzedziowy-warsztatowy-knos352510b\/","og_site_name":"Selleetools.com","article_modified_time":"2026-04-08T14:35:44+00:00","og_image":[{"width":1600,"height":671,"url":"https:\/\/selleetools.com\/wp-content\/uploads\/2026\/02\/39ac6aad920465b3f7510f2f09925d0a.jpg","type":"image\/jpeg"}],"twitter_card":"summary_large_image","schema":{"@context":"https:\/\/schema.org","@graph":[{"@type":"Organization","@id":"https:\/\/selleetools.com\/#organization","name":"Selleetools","url":"https:\/\/selleetools.com\/","sameAs":[],"logo":{"@type":"ImageObject","inLanguage":"pl-PL","@id":"https:\/\/selleetools.com\/#\/schema\/logo\/image\/","url":"https:\/\/selleetools.com\/wp-content\/uploads\/2021\/10\/logo-dark.png","contentUrl":"https:\/\/selleetools.com\/wp-content\/uploads\/2021\/10\/logo-dark.png","width":320,"height":76,"caption":"Selleetools"},"image":{"@id":"https:\/\/selleetools.com\/#\/schema\/logo\/image\/"}},{"@type":"WebSite","@id":"https:\/\/selleetools.com\/#website","url":"https:\/\/selleetools.com\/","name":"Selleetools.com","description":"","publisher":{"@id":"https:\/\/selleetools.com\/#organization"},"potentialAction":[{"@type":"SearchAction","target":{"@type":"EntryPoint","urlTemplate":"https:\/\/selleetools.com\/?s={search_term_string}"},"query-input":"required name=search_term_string"}],"inLanguage":"pl-PL"},{"@type":"WebPage","@id":"https:\/\/admincentral.selleetools.com\/pl\/product\/organizer-narzedziowy-warsztatowy-knos352510b\/","url":"https:\/\/admincentral.selleetools.com\/pl\/product\/organizer-narzedziowy-warsztatowy-knos352510b\/","name":"Organizer narz\u0119dziowy, warsztatowy KNOS352510B - Selleetools.com","isPartOf":{"@id":"https:\/\/selleetools.com\/#website"},"datePublished":"2026-02-19T15:32:17+00:00","dateModified":"2026-04-08T14:35:44+00:00","breadcrumb":{"@id":"https:\/\/admincentral.selleetools.com\/pl\/product\/organizer-narzedziowy-warsztatowy-knos352510b\/#breadcrumb"},"inLanguage":"pl-PL","potentialAction":[{"@type":"ReadAction","target":["https:\/\/admincentral.selleetools.com\/pl\/product\/organizer-narzedziowy-warsztatowy-knos352510b\/"]}]},{"@type":"BreadcrumbList","@id":"https:\/\/admincentral.selleetools.com\/pl\/product\/organizer-narzedziowy-warsztatowy-knos352510b\/#breadcrumb","itemListElement":[{"@type":"ListItem","position":1,"name":"Home","item":"https:\/\/selleetools.com\/pl\/"},{"@type":"ListItem","position":2,"name":"Katalog","item":"https:\/\/selleetools.com\/pl\/katalog\/"},{"@type":"ListItem","position":3,"name":"Organizer narz\u0119dziowy, warsztatowy KNOS352510B"}]}]}},"_links":{"self":[{"href":"https:\/\/selleetools.com\/pl\/wp-json\/wp\/v2\/product\/676165"}],"collection":[{"href":"https:\/\/selleetools.com\/pl\/wp-json\/wp\/v2\/product"}],"about":[{"href":"https:\/\/selleetools.com\/pl\/wp-json\/wp\/v2\/types\/product"}],"replies":[{"embeddable":true,"href":"https:\/\/selleetools.com\/pl\/wp-json\/wp\/v2\/comments?post=676165"}],"wp:featuredmedia":[{"embeddable":true,"href":"https:\/\/selleetools.com\/pl\/wp-json\/wp\/v2\/media\/676143"}],"wp:attachment":[{"href":"https:\/\/selleetools.com\/pl\/wp-json\/wp\/v2\/media?parent=676165"}],"curies":[{"name":"wp","href":"https:\/\/api.w.org\/{rel}","templated":true}]}}