{"id":676142,"date":"2026-02-19T16:32:10","date_gmt":"2026-02-19T15:32:10","guid":{"rendered":"https:\/\/selleetools.com\/?post_type=product&#038;p=676142"},"modified":"2026-04-08T16:35:44","modified_gmt":"2026-04-08T14:35:44","slug":"platforma-jezdna-okragla-ipmr300-antracyt","status":"publish","type":"product","link":"https:\/\/selleetools.com\/pl\/product\/platforma-jezdna-okragla-ipmr300-antracyt\/","title":{"rendered":"Platforma jezdna okr\u0105g\u0142a IPMR300 | Antracyt"},"content":{"rendered":"<section class=\"section\">\t<\/p>\n<div class=\"item item-6\">\t\t<\/p>\n<section class=\"image-item\"><img src=\"https:\/\/upload.cdn.baselinker.com\/products\/3028621\/2004f9595683e90aa48386042733892d.jpg\"><\/section>\n<p>\t<\/div>\n<p>\t<\/p>\n<div class=\"item item-6\">\t\t<\/p>\n<section class=\"text-item\"><\/p>\n<h1>Platforma jezdna okr\u0105g\u0142a IPMS300&nbsp;&#8211; Antracytowa<\/h1>\n<p><b>Specyfikacja:<\/b><\/p>\n<ul>\n<li>\u015brednica &#8211; 29,2cm<\/li>\n<li>wysoko\u015b\u0107 &#8211; 4cm<\/li>\n<li>materia\u0142 &#8211; tworzywo sztuczne<\/li>\n<li>maksymalny ud\u017awig platformy &#8211; 30kg<\/li>\n<\/ul>\n<ol>\n<li>Okr\u0105g\u0142a platforma jezdna z systemem 4 niezale\u017cnych, stabilnych rolek, obracaj\u0105cych si\u0119 o 360\u00b0.<\/li>\n<li>Dostosowana do przemieszczania ci\u0119\u017ckich, masywnych donic.<\/li>\n<li>Konstrukcja i mocowanie rolek sprawia, \u017ce s\u0105 one praktycznie niewidoczne.<\/li>\n<\/ol>\n<p>\t\t<\/section>\n<p>\t<\/div>\n<p><\/section>\n<section class=\"section\">\t<\/p>\n<div class=\"item item-6\">\t\t<\/p>\n<section class=\"text-item\"><\/p>\n<p><b>Producent:<\/b><\/p>\n<p>\t\t<\/section>\n<p>\t<\/div>\n<p>\t<\/p>\n<div class=\"item item-6\">\t\t<\/p>\n<section class=\"image-item\"><img src=\"https:\/\/upload.cdn.baselinker.com\/products\/3028621\/f5d3c1c3efec8ed3e1a1ce404d0d8303.jpg\"><\/section>\n<p>\t<\/div>\n<p><\/section>\n<section class=\"section\">\t<\/p>\n<div class=\"item item-12\">\t\t<\/p>\n<section class=\"text-item\"><\/p>\n<p><b>Galeria:<\/b><\/p>\n<p>\t\t<\/section>\n<p>\t<\/div>\n<p><\/section>\n<section class=\"section\">\t<\/p>\n<div class=\"item item-6\">\t\t<\/p>\n<section class=\"image-item\"><img src=\"https:\/\/upload.cdn.baselinker.com\/products\/3028621\/e230bf3cb63382c947b435872d19ce55.jpg\"><\/section>\n<p>\t<\/div>\n<p>\t<\/p>\n<div class=\"item item-6\">\t\t<\/p>\n<section class=\"image-item\"><img src=\"https:\/\/upload.cdn.baselinker.com\/products\/3028621\/0233f246c863eb37744922a933a16d08.jpg\"><\/section>\n<p>\t<\/div>\n<p><\/section>\n<section class=\"section\">\t<\/p>\n<div class=\"item item-6\">\t\t<\/p>\n<section class=\"image-item\"><img src=\"https:\/\/upload.cdn.baselinker.com\/products\/3028621\/49f65cbc660403445aa816196287ef59.jpg\"><\/section>\n<p>\t<\/div>\n<p>\t<\/p>\n<div class=\"item item-6\">\t\t<\/p>\n<section class=\"image-item\"><img src=\"https:\/\/upload.cdn.baselinker.com\/products\/3028621\/fbb5d7224e860190f39dfdc5f9bfdff2.jpg\"><\/section>\n<p>\t<\/div>\n<p><\/section>\n<section class=\"section\">\t<\/p>\n<div class=\"item item-12\">\t\t<\/p>\n<section class=\"image-item\"><img src=\"https:\/\/upload.cdn.baselinker.com\/products\/3028621\/85d011b4f9b2aa7a189bcf63cbd6ca29.jpg\"><\/section>\n<p>\t<\/div>\n<p><\/section>\n","protected":false},"excerpt":{"rendered":"<p>Platforma jezdna okr\u0105g\u0142a IPMS300&nbsp;&#8211; Antracytowa Specyfikacja: \u015brednica &#8211; 29,2cm wysoko\u015b\u0107 &#8211; 4cm materia\u0142 &#8211; tworzywo sztuczne maksymalny ud\u017awig platformy &#8211; 30kg Okr\u0105g\u0142a platforma jezdna z systemem 4 niezale\u017cnych, stabilnych rolek, obracaj\u0105cych si\u0119 o 360\u00b0. Dostosowana do przemieszczania ci\u0119\u017ckich, masywnych donic. Konstrukcja i mocowanie rolek sprawia, \u017ce s\u0105 one praktycznie niewidoczne. Producent: Galeria:<\/p>\n","protected":false},"featured_media":676126,"comment_status":"open","ping_status":"closed","template":"","meta":{"_links_to":"","_links_to_target":""},"yoast_head":"<!-- This site is optimized with the Yoast SEO plugin v19.4 - https:\/\/yoast.com\/wordpress\/plugins\/seo\/ -->\n<title>Platforma jezdna okr\u0105g\u0142a IPMR300 | Antracyt - Selleetools.com<\/title>\n<meta name=\"robots\" content=\"index, follow, max-snippet:-1, max-image-preview:large, max-video-preview:-1\" \/>\n<link rel=\"canonical\" href=\"https:\/\/admincentral.selleetools.com\/product\/platforma-jezdna-okragla-ipmr300-antracyt\/\" \/>\n<meta property=\"og:locale\" content=\"pl_PL\" \/>\n<meta property=\"og:type\" content=\"article\" \/>\n<meta property=\"og:title\" content=\"Platforma jezdna okr\u0105g\u0142a IPMR300 | Antracyt - Selleetools.com\" \/>\n<meta property=\"og:description\" content=\"Platforma jezdna okr\u0105g\u0142a IPMS300&nbsp;&#8211; Antracytowa Specyfikacja: \u015brednica &#8211; 29,2cm wysoko\u015b\u0107 &#8211; 4cm materia\u0142 &#8211; tworzywo sztuczne maksymalny ud\u017awig platformy &#8211; 30kg Okr\u0105g\u0142a platforma jezdna z systemem 4 niezale\u017cnych, stabilnych rolek, obracaj\u0105cych si\u0119 o 360\u00b0. Dostosowana do przemieszczania ci\u0119\u017ckich, masywnych donic. Konstrukcja i mocowanie rolek sprawia, \u017ce s\u0105 one praktycznie niewidoczne. Producent: Galeria:\" \/>\n<meta property=\"og:url\" content=\"https:\/\/admincentral.selleetools.com\/product\/platforma-jezdna-okragla-ipmr300-antracyt\/\" \/>\n<meta property=\"og:site_name\" content=\"Selleetools.com\" \/>\n<meta property=\"article:modified_time\" content=\"2026-04-08T14:35:44+00:00\" \/>\n<meta property=\"og:image\" content=\"https:\/\/selleetools.com\/wp-content\/uploads\/2026\/02\/2004f9595683e90aa48386042733892d.jpg\" \/>\n\t<meta property=\"og:image:width\" content=\"2560\" \/>\n\t<meta property=\"og:image:height\" content=\"1628\" \/>\n\t<meta property=\"og:image:type\" content=\"image\/jpeg\" \/>\n<meta name=\"twitter:card\" content=\"summary_large_image\" \/>\n<!-- \/ Yoast SEO plugin. -->","yoast_head_json":{"title":"Platforma jezdna okr\u0105g\u0142a IPMR300 | Antracyt - Selleetools.com","robots":{"index":"index","follow":"follow","max-snippet":"max-snippet:-1","max-image-preview":"max-image-preview:large","max-video-preview":"max-video-preview:-1"},"canonical":"https:\/\/admincentral.selleetools.com\/product\/platforma-jezdna-okragla-ipmr300-antracyt\/","og_locale":"pl_PL","og_type":"article","og_title":"Platforma jezdna okr\u0105g\u0142a IPMR300 | Antracyt - Selleetools.com","og_description":"Platforma jezdna okr\u0105g\u0142a IPMS300&nbsp;&#8211; Antracytowa Specyfikacja: \u015brednica &#8211; 29,2cm wysoko\u015b\u0107 &#8211; 4cm materia\u0142 &#8211; tworzywo sztuczne maksymalny ud\u017awig platformy &#8211; 30kg Okr\u0105g\u0142a platforma jezdna z systemem 4 niezale\u017cnych, stabilnych rolek, obracaj\u0105cych si\u0119 o 360\u00b0. Dostosowana do przemieszczania ci\u0119\u017ckich, masywnych donic. Konstrukcja i mocowanie rolek sprawia, \u017ce s\u0105 one praktycznie niewidoczne. Producent: Galeria:","og_url":"https:\/\/admincentral.selleetools.com\/product\/platforma-jezdna-okragla-ipmr300-antracyt\/","og_site_name":"Selleetools.com","article_modified_time":"2026-04-08T14:35:44+00:00","og_image":[{"width":2560,"height":1628,"url":"https:\/\/selleetools.com\/wp-content\/uploads\/2026\/02\/2004f9595683e90aa48386042733892d.jpg","type":"image\/jpeg"}],"twitter_card":"summary_large_image","schema":{"@context":"https:\/\/schema.org","@graph":[{"@type":"Organization","@id":"https:\/\/selleetools.com\/#organization","name":"Selleetools","url":"https:\/\/selleetools.com\/","sameAs":[],"logo":{"@type":"ImageObject","inLanguage":"pl-PL","@id":"https:\/\/selleetools.com\/#\/schema\/logo\/image\/","url":"https:\/\/selleetools.com\/wp-content\/uploads\/2021\/10\/logo-dark.png","contentUrl":"https:\/\/selleetools.com\/wp-content\/uploads\/2021\/10\/logo-dark.png","width":320,"height":76,"caption":"Selleetools"},"image":{"@id":"https:\/\/selleetools.com\/#\/schema\/logo\/image\/"}},{"@type":"WebSite","@id":"https:\/\/selleetools.com\/#website","url":"https:\/\/selleetools.com\/","name":"Selleetools.com","description":"","publisher":{"@id":"https:\/\/selleetools.com\/#organization"},"potentialAction":[{"@type":"SearchAction","target":{"@type":"EntryPoint","urlTemplate":"https:\/\/selleetools.com\/?s={search_term_string}"},"query-input":"required name=search_term_string"}],"inLanguage":"pl-PL"},{"@type":"WebPage","@id":"https:\/\/admincentral.selleetools.com\/product\/platforma-jezdna-okragla-ipmr300-antracyt\/","url":"https:\/\/admincentral.selleetools.com\/product\/platforma-jezdna-okragla-ipmr300-antracyt\/","name":"Platforma jezdna okr\u0105g\u0142a IPMR300 | Antracyt - Selleetools.com","isPartOf":{"@id":"https:\/\/selleetools.com\/#website"},"datePublished":"2026-02-19T15:32:10+00:00","dateModified":"2026-04-08T14:35:44+00:00","breadcrumb":{"@id":"https:\/\/admincentral.selleetools.com\/product\/platforma-jezdna-okragla-ipmr300-antracyt\/#breadcrumb"},"inLanguage":"pl-PL","potentialAction":[{"@type":"ReadAction","target":["https:\/\/admincentral.selleetools.com\/product\/platforma-jezdna-okragla-ipmr300-antracyt\/"]}]},{"@type":"BreadcrumbList","@id":"https:\/\/admincentral.selleetools.com\/product\/platforma-jezdna-okragla-ipmr300-antracyt\/#breadcrumb","itemListElement":[{"@type":"ListItem","position":1,"name":"Home","item":"https:\/\/selleetools.com\/pl\/"},{"@type":"ListItem","position":2,"name":"Katalog","item":"https:\/\/selleetools.com\/pl\/katalog\/"},{"@type":"ListItem","position":3,"name":"Platforma jezdna okr\u0105g\u0142a IPMR300 | Antracyt"}]}]}},"_links":{"self":[{"href":"https:\/\/selleetools.com\/pl\/wp-json\/wp\/v2\/product\/676142"}],"collection":[{"href":"https:\/\/selleetools.com\/pl\/wp-json\/wp\/v2\/product"}],"about":[{"href":"https:\/\/selleetools.com\/pl\/wp-json\/wp\/v2\/types\/product"}],"replies":[{"embeddable":true,"href":"https:\/\/selleetools.com\/pl\/wp-json\/wp\/v2\/comments?post=676142"}],"wp:featuredmedia":[{"embeddable":true,"href":"https:\/\/selleetools.com\/pl\/wp-json\/wp\/v2\/media\/676126"}],"wp:attachment":[{"href":"https:\/\/selleetools.com\/pl\/wp-json\/wp\/v2\/media?parent=676142"}],"curies":[{"name":"wp","href":"https:\/\/api.w.org\/{rel}","templated":true}]}}