{"id":676108,"date":"2026-02-19T16:31:55","date_gmt":"2026-02-19T15:31:55","guid":{"rendered":"https:\/\/selleetools.com\/?post_type=product&#038;p=676108"},"modified":"2026-04-08T16:35:44","modified_gmt":"2026-04-08T14:35:44","slug":"organizer-narzedziowy-warsztatowy-knos302010b","status":"publish","type":"product","link":"https:\/\/selleetools.com\/pl\/product\/organizer-narzedziowy-warsztatowy-knos302010b\/","title":{"rendered":"Organizer narz\u0119dziowy, warsztatowy KNOS302010B"},"content":{"rendered":"<section class=\"section\">\t<\/p>\n<div class=\"item item-6\">\t\t<\/p>\n<section class=\"text-item\"><\/p>\n<h1>Organizer KNOS302010B<\/h1>\n<p><b>Specyfikacja<\/b>:<\/p>\n<ul>\n<li>d\u0142ugo\u015b\u0107: 29 cm<\/li>\n<li>szeroko\u015b\u0107: 18,5 cm<\/li>\n<li>wysoko\u015b\u0107 pojedynczego organizera: 5 cm<\/li>\n<li>materia\u0142: tworzywo sztuczne<\/li>\n<\/ul>\n<p><b>Zestaw zawiera:<\/b><\/p>\n<ul>\n<li>Organizer &#8211; 2 elementy<\/li>\n<li>Kuweta 108&#215;108 &#8211; 2szt.<\/li>\n<li>Kuweta 105&#215;54 &#8211; 2szt.<\/li>\n<li>Kuweta 54&#215;54 &#8211; 8szt.<\/li>\n<\/ul>\n<p>\t\t<\/section>\n<p>\t<\/div>\n<p>\t<\/p>\n<div class=\"item item-6\">\t\t<\/p>\n<section class=\"image-item\"><img src=\"https:\/\/upload.cdn.baselinker.com\/products\/3028621\/22e4f6d047fec1ce4c5809ca40033559.jpg\"><\/section>\n<p>\t<\/div>\n<p><\/section>\n<section class=\"section\">\t<\/p>\n<div class=\"item item-6\">\t\t<\/p>\n<section class=\"image-item\"><img src=\"https:\/\/upload.cdn.baselinker.com\/products\/3028621\/f76f7bfb030c9220062c465f3b3dd9d7.jpg\"><\/section>\n<p>\t<\/div>\n<p>\t<\/p>\n<div class=\"item item-6\">\t\t<\/p>\n<section class=\"image-item\"><img src=\"https:\/\/upload.cdn.baselinker.com\/products\/3028621\/576c1b5cc5a332e6880cf4a4bbdc9d26.jpg\"><\/section>\n<p>\t<\/div>\n<p><\/section>\n<section class=\"section\">\t<\/p>\n<div class=\"item item-12\">\t\t<\/p>\n<section class=\"text-item\"><\/p>\n<p><b>W tej ofercie kupujesz:<\/b><\/p>\n<p>\t\t<\/section>\n<p>\t<\/div>\n<p><\/section>\n<section class=\"section\">\t<\/p>\n<div class=\"item item-12\">\t\t<\/p>\n<section class=\"image-item\"><img src=\"https:\/\/upload.cdn.baselinker.com\/products\/3028621\/7d22108d2483ff6b28c66f1bcfee0283.jpg\"><\/section>\n<p>\t<\/div>\n<p><\/section>\n<section class=\"section\">\t<\/p>\n<div class=\"item item-6\">\t\t<\/p>\n<section class=\"text-item\"><\/p>\n<p><b>Producent:<\/b><\/p>\n<p>\t\t<\/section>\n<p>\t<\/div>\n<p>\t<\/p>\n<div class=\"item item-6\">\t\t<\/p>\n<section class=\"image-item\"><img src=\"https:\/\/upload.cdn.baselinker.com\/products\/3028621\/18c5be68ba41005f1c330dc36f83615b.jpg\"><\/section>\n<p>\t<\/div>\n<p><\/section>\n<section class=\"section\">\t<\/p>\n<div class=\"item item-12\">\t\t<\/p>\n<section class=\"text-item\"><\/p>\n<p>To wygodne i u\u017cyteczne pojemniki, kt\u00f3re mo\u017cna praktycznie zastosowa\u0107 do wszystkiego. Dobre na drobiazgi, jak i na wi\u0119ksze elementy. Technologia zamkni\u0119cia sprawia, \u017ce w\u0142o\u017cony asortyment do wewn\u0105trz, nawet w przypadku u\u0142o\u017cenia organizera spodem do g\u00f3ry nie miesza si\u0119. Organizer wykonany z wytrzyma\u0142ego polipropylenu.<\/p>\n<p>\t\t<\/section>\n<p>\t<\/div>\n<p><\/section>\n<section class=\"section\">\t<\/p>\n<div class=\"item item-12\">\t\t<\/p>\n<section class=\"text-item\"><\/p>\n<p><b>Galeria:<\/b><\/p>\n<p>\t\t<\/section>\n<p>\t<\/div>\n<p><\/section>\n<section class=\"section\">\t<\/p>\n<div class=\"item item-12\">\t\t<\/p>\n<section class=\"image-item\"><img src=\"https:\/\/upload.cdn.baselinker.com\/products\/3028621\/d2788d163fcacf46af1e5e153ac58dad.jpg\"><\/section>\n<p>\t<\/div>\n<p><\/section>\n<section class=\"section\">\t<\/p>\n<div class=\"item item-6\">\t\t<\/p>\n<section class=\"image-item\"><img src=\"https:\/\/upload.cdn.baselinker.com\/products\/3028621\/f76f7bfb030c9220062c465f3b3dd9d7.jpg\"><\/section>\n<p>\t<\/div>\n<p>\t<\/p>\n<div class=\"item item-6\">\t\t<\/p>\n<section class=\"image-item\"><img src=\"https:\/\/upload.cdn.baselinker.com\/products\/3028621\/7f900415dfe8023ae44e7a5ba81d1bd1.jpg\"><\/section>\n<p>\t<\/div>\n<p><\/section>\n","protected":false},"excerpt":{"rendered":"<p>Organizer KNOS302010B Specyfikacja: d\u0142ugo\u015b\u0107: 29 cm szeroko\u015b\u0107: 18,5 cm wysoko\u015b\u0107 pojedynczego organizera: 5 cm materia\u0142: tworzywo sztuczne Zestaw zawiera: Organizer &#8211; 2 elementy Kuweta 108&#215;108 &#8211; 2szt. Kuweta 105&#215;54 &#8211; 2szt. Kuweta 54&#215;54 &#8211; 8szt. W tej ofercie kupujesz: Producent: To wygodne i u\u017cyteczne pojemniki, kt\u00f3re mo\u017cna praktycznie zastosowa\u0107 do wszystkiego. Dobre na drobiazgi, jak &#8230; <a title=\"Organizer narz\u0119dziowy, warsztatowy KNOS302010B\" class=\"read-more\" href=\"https:\/\/selleetools.com\/pl\/product\/organizer-narzedziowy-warsztatowy-knos302010b\/\">Read more<span class=\"screen-reader-text\">Organizer narz\u0119dziowy, warsztatowy KNOS302010B<\/span><\/a><\/p>\n","protected":false},"featured_media":676088,"comment_status":"open","ping_status":"closed","template":"","meta":{"_links_to":"","_links_to_target":""},"yoast_head":"<!-- This site is optimized with the Yoast SEO plugin v19.4 - https:\/\/yoast.com\/wordpress\/plugins\/seo\/ -->\n<title>Organizer narz\u0119dziowy, warsztatowy KNOS302010B - Selleetools.com<\/title>\n<meta name=\"robots\" content=\"index, follow, max-snippet:-1, max-image-preview:large, max-video-preview:-1\" \/>\n<link rel=\"canonical\" href=\"https:\/\/selleetools.com\/pl\/product\/organizer-narzedziowy-warsztatowy-knos302010b\/\" \/>\n<meta property=\"og:locale\" content=\"pl_PL\" \/>\n<meta property=\"og:type\" content=\"article\" \/>\n<meta property=\"og:title\" content=\"Organizer narz\u0119dziowy, warsztatowy KNOS302010B - Selleetools.com\" \/>\n<meta property=\"og:description\" content=\"Organizer KNOS302010B Specyfikacja: d\u0142ugo\u015b\u0107: 29 cm szeroko\u015b\u0107: 18,5 cm wysoko\u015b\u0107 pojedynczego organizera: 5 cm materia\u0142: tworzywo sztuczne Zestaw zawiera: Organizer &#8211; 2 elementy Kuweta 108&#215;108 &#8211; 2szt. Kuweta 105&#215;54 &#8211; 2szt. Kuweta 54&#215;54 &#8211; 8szt. W tej ofercie kupujesz: Producent: To wygodne i u\u017cyteczne pojemniki, kt\u00f3re mo\u017cna praktycznie zastosowa\u0107 do wszystkiego. Dobre na drobiazgi, jak ... Read moreOrganizer narz\u0119dziowy, warsztatowy KNOS302010B\" \/>\n<meta property=\"og:url\" content=\"https:\/\/selleetools.com\/pl\/product\/organizer-narzedziowy-warsztatowy-knos302010b\/\" \/>\n<meta property=\"og:site_name\" content=\"Selleetools.com\" \/>\n<meta property=\"article:modified_time\" content=\"2026-04-08T14:35:44+00:00\" \/>\n<meta property=\"og:image\" content=\"https:\/\/selleetools.com\/wp-content\/uploads\/2026\/02\/22e4f6d047fec1ce4c5809ca40033559.jpg\" \/>\n\t<meta property=\"og:image:width\" content=\"720\" \/>\n\t<meta property=\"og:image:height\" content=\"460\" \/>\n\t<meta property=\"og:image:type\" content=\"image\/jpeg\" \/>\n<meta name=\"twitter:card\" content=\"summary_large_image\" \/>\n<!-- \/ Yoast SEO plugin. -->","yoast_head_json":{"title":"Organizer narz\u0119dziowy, warsztatowy KNOS302010B - Selleetools.com","robots":{"index":"index","follow":"follow","max-snippet":"max-snippet:-1","max-image-preview":"max-image-preview:large","max-video-preview":"max-video-preview:-1"},"canonical":"https:\/\/selleetools.com\/pl\/product\/organizer-narzedziowy-warsztatowy-knos302010b\/","og_locale":"pl_PL","og_type":"article","og_title":"Organizer narz\u0119dziowy, warsztatowy KNOS302010B - Selleetools.com","og_description":"Organizer KNOS302010B Specyfikacja: d\u0142ugo\u015b\u0107: 29 cm szeroko\u015b\u0107: 18,5 cm wysoko\u015b\u0107 pojedynczego organizera: 5 cm materia\u0142: tworzywo sztuczne Zestaw zawiera: Organizer &#8211; 2 elementy Kuweta 108&#215;108 &#8211; 2szt. Kuweta 105&#215;54 &#8211; 2szt. Kuweta 54&#215;54 &#8211; 8szt. W tej ofercie kupujesz: Producent: To wygodne i u\u017cyteczne pojemniki, kt\u00f3re mo\u017cna praktycznie zastosowa\u0107 do wszystkiego. Dobre na drobiazgi, jak ... Read moreOrganizer narz\u0119dziowy, warsztatowy KNOS302010B","og_url":"https:\/\/selleetools.com\/pl\/product\/organizer-narzedziowy-warsztatowy-knos302010b\/","og_site_name":"Selleetools.com","article_modified_time":"2026-04-08T14:35:44+00:00","og_image":[{"width":720,"height":460,"url":"https:\/\/selleetools.com\/wp-content\/uploads\/2026\/02\/22e4f6d047fec1ce4c5809ca40033559.jpg","type":"image\/jpeg"}],"twitter_card":"summary_large_image","schema":{"@context":"https:\/\/schema.org","@graph":[{"@type":"Organization","@id":"https:\/\/selleetools.com\/#organization","name":"Selleetools","url":"https:\/\/selleetools.com\/","sameAs":[],"logo":{"@type":"ImageObject","inLanguage":"pl-PL","@id":"https:\/\/selleetools.com\/#\/schema\/logo\/image\/","url":"https:\/\/selleetools.com\/wp-content\/uploads\/2021\/10\/logo-dark.png","contentUrl":"https:\/\/selleetools.com\/wp-content\/uploads\/2021\/10\/logo-dark.png","width":320,"height":76,"caption":"Selleetools"},"image":{"@id":"https:\/\/selleetools.com\/#\/schema\/logo\/image\/"}},{"@type":"WebSite","@id":"https:\/\/selleetools.com\/#website","url":"https:\/\/selleetools.com\/","name":"Selleetools.com","description":"","publisher":{"@id":"https:\/\/selleetools.com\/#organization"},"potentialAction":[{"@type":"SearchAction","target":{"@type":"EntryPoint","urlTemplate":"https:\/\/selleetools.com\/?s={search_term_string}"},"query-input":"required name=search_term_string"}],"inLanguage":"pl-PL"},{"@type":"WebPage","@id":"https:\/\/selleetools.com\/pl\/product\/organizer-narzedziowy-warsztatowy-knos302010b\/","url":"https:\/\/selleetools.com\/pl\/product\/organizer-narzedziowy-warsztatowy-knos302010b\/","name":"Organizer narz\u0119dziowy, warsztatowy KNOS302010B - Selleetools.com","isPartOf":{"@id":"https:\/\/selleetools.com\/#website"},"datePublished":"2026-02-19T15:31:55+00:00","dateModified":"2026-04-08T14:35:44+00:00","breadcrumb":{"@id":"https:\/\/selleetools.com\/pl\/product\/organizer-narzedziowy-warsztatowy-knos302010b\/#breadcrumb"},"inLanguage":"pl-PL","potentialAction":[{"@type":"ReadAction","target":["https:\/\/selleetools.com\/pl\/product\/organizer-narzedziowy-warsztatowy-knos302010b\/"]}]},{"@type":"BreadcrumbList","@id":"https:\/\/selleetools.com\/pl\/product\/organizer-narzedziowy-warsztatowy-knos302010b\/#breadcrumb","itemListElement":[{"@type":"ListItem","position":1,"name":"Home","item":"https:\/\/selleetools.com\/pl\/"},{"@type":"ListItem","position":2,"name":"Katalog","item":"https:\/\/selleetools.com\/pl\/katalog\/"},{"@type":"ListItem","position":3,"name":"Organizer narz\u0119dziowy, warsztatowy KNOS302010B"}]}]}},"_links":{"self":[{"href":"https:\/\/selleetools.com\/pl\/wp-json\/wp\/v2\/product\/676108"}],"collection":[{"href":"https:\/\/selleetools.com\/pl\/wp-json\/wp\/v2\/product"}],"about":[{"href":"https:\/\/selleetools.com\/pl\/wp-json\/wp\/v2\/types\/product"}],"replies":[{"embeddable":true,"href":"https:\/\/selleetools.com\/pl\/wp-json\/wp\/v2\/comments?post=676108"}],"wp:featuredmedia":[{"embeddable":true,"href":"https:\/\/selleetools.com\/pl\/wp-json\/wp\/v2\/media\/676088"}],"wp:attachment":[{"href":"https:\/\/selleetools.com\/pl\/wp-json\/wp\/v2\/media?parent=676108"}],"curies":[{"name":"wp","href":"https:\/\/api.w.org\/{rel}","templated":true}]}}