{"id":676051,"date":"2026-02-19T16:31:30","date_gmt":"2026-02-19T15:31:30","guid":{"rendered":"https:\/\/selleetools.com\/?post_type=product&#038;p=676051"},"modified":"2026-04-08T16:35:45","modified_gmt":"2026-04-08T14:35:45","slug":"skrzynka-narzedziowa-warsztatowa-caliber-kcr5025","status":"publish","type":"product","link":"https:\/\/selleetools.com\/pl\/product\/skrzynka-narzedziowa-warsztatowa-caliber-kcr5025\/","title":{"rendered":"Skrzynka narz\u0119dziowa, warsztatowa Caliber KCR5025"},"content":{"rendered":"<section class=\"section\">\t<\/p>\n<div class=\"item item-6\">\t\t<\/p>\n<section class=\"image-item\"><img src=\"https:\/\/upload.cdn.baselinker.com\/products\/3028621\/f62173ddbdcd069661e3b79c04eedd0a.jpg\"><\/section>\n<p>\t<\/div>\n<p>\t<\/p>\n<div class=\"item item-6\">\t\t<\/p>\n<section class=\"text-item\"><\/p>\n<h1>Skrzynka narz\u0119dziowa, warsztatowa KCR5025<\/h1>\n<p><b>Specyfikacja:<\/b><\/p>\n<ul>\n<li>d\u0142ugo\u015b\u0107 &#8211; 46 cm<\/li>\n<li>szeroko\u015b\u0107 &#8211; 25,7 cm<\/li>\n<li>wysoko\u015b\u0107 &#8211; 22,7 cm<\/li>\n<li>materia\u0142 &#8211; tworzywo sztuczne<\/li>\n<li>ud\u017awig do 11,5 kg<\/li>\n<\/ul>\n<p>\t\t<\/section>\n<p>\t<\/div>\n<p><\/section>\n<section class=\"section\">\t<\/p>\n<div class=\"item item-6\">\t\t<\/p>\n<section class=\"text-item\"><\/p>\n<p><b>Informacje dodatkowe:<\/b><\/p>\n<ul>\n<li>Posiada solidne zapi\u0119cia<\/li>\n<li>Posiada wewn\u0119trzne nosid\u0142o, kt\u00f3re jest standardowym wyposa\u017ceniem<\/li>\n<li>Solidne zawiasy, kt\u00f3re s\u0105 tak wykonane aby pokrywa nie odpina\u0142a si\u0119 od do\u0142u skrzynki.<\/li>\n<li>Pokrywa nie ma organizer\u00f3w, dzi\u0119ki czemu jest przydatna przy ci\u0119\u017ckich, profesjonalnych pracach.<\/li>\n<li>Posiada specjalna faktur\u0119 na czarnych elementach<\/li>\n<li>Pokrywa jest wzmocniona (specjalne przet\u0142oczenia w kszta\u0142cie prostok\u0105t\u00f3w)<\/li>\n<li>Zawiera r\u00f3wnie\u017c uchwyt na zamkni\u0119cie skrzynki na k\u0142\u00f3dk\u0119<\/li>\n<li>No\u015bno\u015b\u0107 do 6 kg<\/li>\n<\/ul>\n<p>\t\t<\/section>\n<p>\t<\/div>\n<p>\t<\/p>\n<div class=\"item item-6\">\t\t<\/p>\n<section class=\"image-item\"><img src=\"https:\/\/upload.cdn.baselinker.com\/products\/3028621\/92884ad1c20c9b8c9c5ae8749c4bdcb7.jpg\"><\/section>\n<p>\t<\/div>\n<p><\/section>\n<section class=\"section\">\t<\/p>\n<div class=\"item item-6\">\t\t<\/p>\n<section class=\"image-item\"><img src=\"https:\/\/upload.cdn.baselinker.com\/products\/3028621\/25329dc10ce8090dc3b6d257685aa0ab.jpg\"><\/section>\n<p>\t<\/div>\n<p>\t<\/p>\n<div class=\"item item-6\">\t\t<\/p>\n<section class=\"text-item\"><\/p>\n<p>Skrzynka dzi\u0119ki kt\u00f3rej jasno i przejrzy\u015bcie posortujesz drobne elementy:<\/p>\n<ul>\n<li>w pracy<\/li>\n<li>magazynie<\/li>\n<li>gara\u017cu<\/li>\n<li>w domu.<\/li>\n<\/ul>\n<p>\t\t<\/section>\n<p>\t<\/div>\n<p><\/section>\n<section class=\"section\">\t<\/p>\n<div class=\"item item-6\">\t\t<\/p>\n<section class=\"text-item\"><\/p>\n<p><b>Producent:<\/b><\/p>\n<p>\t\t<\/section>\n<p>\t<\/div>\n<p>\t<\/p>\n<div class=\"item item-6\">\t\t<\/p>\n<section class=\"image-item\"><img src=\"https:\/\/upload.cdn.baselinker.com\/products\/3028621\/6fee016b63212b7b84faa1c72d795f8a.jpg\"><\/section>\n<p>\t<\/div>\n<p><\/section>\n<section class=\"section\">\t<\/p>\n<div class=\"item item-12\">\t\t<\/p>\n<section class=\"text-item\"><\/p>\n<p><b>W tej ofercie kupujesz skrzynk\u0119 KCR5025<\/b><\/p>\n<p>\t\t<\/section>\n<p>\t<\/div>\n<p><\/section>\n<section class=\"section\">\t<\/p>\n<div class=\"item item-12\">\t\t<\/p>\n<section class=\"image-item\"><img src=\"https:\/\/upload.cdn.baselinker.com\/products\/3028621\/93b483179459f7c2421843b1ac4c269c.jpg\"><\/section>\n<p>\t<\/div>\n<p><\/section>\n<section class=\"section\">\t<\/p>\n<div class=\"item item-12\">\t\t<\/p>\n<section class=\"text-item\"><\/p>\n<p><b>Galeria:<\/b><\/p>\n<p>\t\t<\/section>\n<p>\t<\/div>\n<p><\/section>\n<section class=\"section\">\t<\/p>\n<div class=\"item item-6\">\t\t<\/p>\n<section class=\"image-item\"><img src=\"https:\/\/upload.cdn.baselinker.com\/products\/3028621\/92884ad1c20c9b8c9c5ae8749c4bdcb7.jpg\"><\/section>\n<p>\t<\/div>\n<p>\t<\/p>\n<div class=\"item item-6\">\t\t<\/p>\n<section class=\"image-item\"><img src=\"https:\/\/upload.cdn.baselinker.com\/products\/3028621\/25329dc10ce8090dc3b6d257685aa0ab.jpg\"><\/section>\n<p>\t<\/div>\n<p><\/section>\n<section class=\"section\">\t<\/p>\n<div class=\"item item-12\">\t\t<\/p>\n<section class=\"image-item\"><img src=\"https:\/\/upload.cdn.baselinker.com\/products\/3028621\/93e31e87adf228816053649428828955.jpg\"><\/section>\n<p>\t<\/div>\n<p><\/section>\n","protected":false},"excerpt":{"rendered":"<p>Skrzynka narz\u0119dziowa, warsztatowa KCR5025 Specyfikacja: d\u0142ugo\u015b\u0107 &#8211; 46 cm szeroko\u015b\u0107 &#8211; 25,7 cm wysoko\u015b\u0107 &#8211; 22,7 cm materia\u0142 &#8211; tworzywo sztuczne ud\u017awig do 11,5 kg Informacje dodatkowe: Posiada solidne zapi\u0119cia Posiada wewn\u0119trzne nosid\u0142o, kt\u00f3re jest standardowym wyposa\u017ceniem Solidne zawiasy, kt\u00f3re s\u0105 tak wykonane aby pokrywa nie odpina\u0142a si\u0119 od do\u0142u skrzynki. Pokrywa nie ma organizer\u00f3w, &#8230; <a title=\"Skrzynka narz\u0119dziowa, warsztatowa Caliber KCR5025\" class=\"read-more\" href=\"https:\/\/selleetools.com\/pl\/product\/skrzynka-narzedziowa-warsztatowa-caliber-kcr5025\/\">Read more<span class=\"screen-reader-text\">Skrzynka narz\u0119dziowa, warsztatowa Caliber KCR5025<\/span><\/a><\/p>\n","protected":false},"featured_media":676035,"comment_status":"open","ping_status":"closed","template":"","meta":{"_links_to":"","_links_to_target":""},"yoast_head":"<!-- This site is optimized with the Yoast SEO plugin v19.4 - https:\/\/yoast.com\/wordpress\/plugins\/seo\/ -->\n<title>Skrzynka narz\u0119dziowa, warsztatowa Caliber KCR5025 - Selleetools.com<\/title>\n<meta name=\"robots\" content=\"index, follow, max-snippet:-1, max-image-preview:large, max-video-preview:-1\" \/>\n<link rel=\"canonical\" href=\"https:\/\/admincentral.selleetools.com\/product\/skrzynka-narzedziowa-warsztatowa-caliber-kcr5025\/\" \/>\n<meta property=\"og:locale\" content=\"pl_PL\" \/>\n<meta property=\"og:type\" content=\"article\" \/>\n<meta property=\"og:title\" content=\"Skrzynka narz\u0119dziowa, warsztatowa Caliber KCR5025 - Selleetools.com\" \/>\n<meta property=\"og:description\" content=\"Skrzynka narz\u0119dziowa, warsztatowa KCR5025 Specyfikacja: d\u0142ugo\u015b\u0107 &#8211; 46 cm szeroko\u015b\u0107 &#8211; 25,7 cm wysoko\u015b\u0107 &#8211; 22,7 cm materia\u0142 &#8211; tworzywo sztuczne ud\u017awig do 11,5 kg Informacje dodatkowe: Posiada solidne zapi\u0119cia Posiada wewn\u0119trzne nosid\u0142o, kt\u00f3re jest standardowym wyposa\u017ceniem Solidne zawiasy, kt\u00f3re s\u0105 tak wykonane aby pokrywa nie odpina\u0142a si\u0119 od do\u0142u skrzynki. Pokrywa nie ma organizer\u00f3w, ... Read moreSkrzynka narz\u0119dziowa, warsztatowa Caliber KCR5025\" \/>\n<meta property=\"og:url\" content=\"https:\/\/admincentral.selleetools.com\/product\/skrzynka-narzedziowa-warsztatowa-caliber-kcr5025\/\" \/>\n<meta property=\"og:site_name\" content=\"Selleetools.com\" \/>\n<meta property=\"article:modified_time\" content=\"2026-04-08T14:35:45+00:00\" \/>\n<meta property=\"og:image\" content=\"https:\/\/selleetools.com\/wp-content\/uploads\/2026\/02\/f62173ddbdcd069661e3b79c04eedd0a.jpg\" \/>\n\t<meta property=\"og:image:width\" content=\"800\" \/>\n\t<meta property=\"og:image:height\" content=\"537\" \/>\n\t<meta property=\"og:image:type\" content=\"image\/jpeg\" \/>\n<meta name=\"twitter:card\" content=\"summary_large_image\" \/>\n<meta name=\"twitter:label1\" content=\"Est. reading time\" \/>\n\t<meta name=\"twitter:data1\" content=\"1 minuta\" \/>\n<!-- \/ Yoast SEO plugin. -->","yoast_head_json":{"title":"Skrzynka narz\u0119dziowa, warsztatowa Caliber KCR5025 - Selleetools.com","robots":{"index":"index","follow":"follow","max-snippet":"max-snippet:-1","max-image-preview":"max-image-preview:large","max-video-preview":"max-video-preview:-1"},"canonical":"https:\/\/admincentral.selleetools.com\/product\/skrzynka-narzedziowa-warsztatowa-caliber-kcr5025\/","og_locale":"pl_PL","og_type":"article","og_title":"Skrzynka narz\u0119dziowa, warsztatowa Caliber KCR5025 - Selleetools.com","og_description":"Skrzynka narz\u0119dziowa, warsztatowa KCR5025 Specyfikacja: d\u0142ugo\u015b\u0107 &#8211; 46 cm szeroko\u015b\u0107 &#8211; 25,7 cm wysoko\u015b\u0107 &#8211; 22,7 cm materia\u0142 &#8211; tworzywo sztuczne ud\u017awig do 11,5 kg Informacje dodatkowe: Posiada solidne zapi\u0119cia Posiada wewn\u0119trzne nosid\u0142o, kt\u00f3re jest standardowym wyposa\u017ceniem Solidne zawiasy, kt\u00f3re s\u0105 tak wykonane aby pokrywa nie odpina\u0142a si\u0119 od do\u0142u skrzynki. Pokrywa nie ma organizer\u00f3w, ... Read moreSkrzynka narz\u0119dziowa, warsztatowa Caliber KCR5025","og_url":"https:\/\/admincentral.selleetools.com\/product\/skrzynka-narzedziowa-warsztatowa-caliber-kcr5025\/","og_site_name":"Selleetools.com","article_modified_time":"2026-04-08T14:35:45+00:00","og_image":[{"width":800,"height":537,"url":"https:\/\/selleetools.com\/wp-content\/uploads\/2026\/02\/f62173ddbdcd069661e3b79c04eedd0a.jpg","type":"image\/jpeg"}],"twitter_card":"summary_large_image","twitter_misc":{"Est. reading time":"1 minuta"},"schema":{"@context":"https:\/\/schema.org","@graph":[{"@type":"Organization","@id":"https:\/\/selleetools.com\/#organization","name":"Selleetools","url":"https:\/\/selleetools.com\/","sameAs":[],"logo":{"@type":"ImageObject","inLanguage":"pl-PL","@id":"https:\/\/selleetools.com\/#\/schema\/logo\/image\/","url":"https:\/\/selleetools.com\/wp-content\/uploads\/2021\/10\/logo-dark.png","contentUrl":"https:\/\/selleetools.com\/wp-content\/uploads\/2021\/10\/logo-dark.png","width":320,"height":76,"caption":"Selleetools"},"image":{"@id":"https:\/\/selleetools.com\/#\/schema\/logo\/image\/"}},{"@type":"WebSite","@id":"https:\/\/selleetools.com\/#website","url":"https:\/\/selleetools.com\/","name":"Selleetools.com","description":"","publisher":{"@id":"https:\/\/selleetools.com\/#organization"},"potentialAction":[{"@type":"SearchAction","target":{"@type":"EntryPoint","urlTemplate":"https:\/\/selleetools.com\/?s={search_term_string}"},"query-input":"required name=search_term_string"}],"inLanguage":"pl-PL"},{"@type":"WebPage","@id":"https:\/\/admincentral.selleetools.com\/product\/skrzynka-narzedziowa-warsztatowa-caliber-kcr5025\/","url":"https:\/\/admincentral.selleetools.com\/product\/skrzynka-narzedziowa-warsztatowa-caliber-kcr5025\/","name":"Skrzynka narz\u0119dziowa, warsztatowa Caliber KCR5025 - Selleetools.com","isPartOf":{"@id":"https:\/\/selleetools.com\/#website"},"datePublished":"2026-02-19T15:31:30+00:00","dateModified":"2026-04-08T14:35:45+00:00","breadcrumb":{"@id":"https:\/\/admincentral.selleetools.com\/product\/skrzynka-narzedziowa-warsztatowa-caliber-kcr5025\/#breadcrumb"},"inLanguage":"pl-PL","potentialAction":[{"@type":"ReadAction","target":["https:\/\/admincentral.selleetools.com\/product\/skrzynka-narzedziowa-warsztatowa-caliber-kcr5025\/"]}]},{"@type":"BreadcrumbList","@id":"https:\/\/admincentral.selleetools.com\/product\/skrzynka-narzedziowa-warsztatowa-caliber-kcr5025\/#breadcrumb","itemListElement":[{"@type":"ListItem","position":1,"name":"Home","item":"https:\/\/selleetools.com\/pl\/"},{"@type":"ListItem","position":2,"name":"Katalog","item":"https:\/\/selleetools.com\/pl\/katalog\/"},{"@type":"ListItem","position":3,"name":"Skrzynka narz\u0119dziowa, warsztatowa Caliber KCR5025"}]}]}},"_links":{"self":[{"href":"https:\/\/selleetools.com\/pl\/wp-json\/wp\/v2\/product\/676051"}],"collection":[{"href":"https:\/\/selleetools.com\/pl\/wp-json\/wp\/v2\/product"}],"about":[{"href":"https:\/\/selleetools.com\/pl\/wp-json\/wp\/v2\/types\/product"}],"replies":[{"embeddable":true,"href":"https:\/\/selleetools.com\/pl\/wp-json\/wp\/v2\/comments?post=676051"}],"wp:featuredmedia":[{"embeddable":true,"href":"https:\/\/selleetools.com\/pl\/wp-json\/wp\/v2\/media\/676035"}],"wp:attachment":[{"href":"https:\/\/selleetools.com\/pl\/wp-json\/wp\/v2\/media?parent=676051"}],"curies":[{"name":"wp","href":"https:\/\/api.w.org\/{rel}","templated":true}]}}