{"id":675972,"date":"2026-02-19T16:31:00","date_gmt":"2026-02-19T15:31:00","guid":{"rendered":"https:\/\/selleetools.com\/?post_type=product&#038;p=675972"},"modified":"2026-04-18T14:59:18","modified_gmt":"2026-04-18T12:59:18","slug":"zestaw-pojemnikow-ordeline-kor4","status":"publish","type":"product","link":"https:\/\/selleetools.com\/pl\/product\/zestaw-pojemnikow-ordeline-kor4\/","title":{"rendered":"Zestaw pojemnik\u00f3w Ordeline KOR4"},"content":{"rendered":"<section class=\"section\">\t<\/p>\n<div class=\"item item-6\">\t\t<\/p>\n<section class=\"image-item\"><img src=\"https:\/\/upload.cdn.baselinker.com\/products\/3028621\/505028cce9db887e5850b737965b2e0d.jpg\"><\/section>\n<p>\t<\/div>\n<p>\t<\/p>\n<div class=\"item item-6\">\t\t<\/p>\n<section class=\"text-item\"><\/p>\n<h1><\/h1>\n<h1>Zestaw pojemnik\u00f3w Ordeline KOR4<\/h1>\n<p><b>Specyfikacja \u015bcianki: 770 x 390mm<\/b><\/p>\n<\/p>\n<p>Zestaw pojemnik\u00f3w zawieraj\u0105cy 31 cz\u0119\u015bci.<\/p>\n<h2>W sk\u0142ad zestawu wchodzi:<\/h2>\n<ul>\n<li>kuweta Truck KTR12 &#8211; 4 szt.<\/li>\n<li>kuweta Truck KTR16 &#8211; 3 szt.<\/li>\n<li>kuweta Truck KTR20 &#8211; 3 szt.<\/li>\n<li>akcesoria do tablicy &#8211; 19 szt.<\/li>\n<li>tablica na\u015bcienna &#8211; 2 szt.<\/li>\n<\/ul>\n<p><b>W sk\u0142ad zestawu nie wchodz\u0105 narz\u0119dzia widoczne na zdj\u0119ciach.<\/b><\/p>\n<\/p>\n<p>\t\t<\/section>\n<p>\t<\/div>\n<p><\/section>\n<section class=\"section\">\t<\/p>\n<div class=\"item item-12\">\t\t<\/p>\n<section class=\"text-item\"><\/p>\n<p>Pojemnik Truck jest idealnym narz\u0119dziem, dzi\u0119ki kt\u00f3remu jasno i przejrzy\u015bcie posortujesz drobne oraz wi\u0119ksze elementy zar\u00f3wno w pracy, magazynie, gara\u017cu jak i w domu.<\/p>\n<p>Dzi\u0119ki specjalnemu kszta\u0142towi mo\u017cna je uk\u0142ada\u0107 jeden na drugim.<\/p>\n<p>Posiadaj\u0105 mo\u017cliwo\u015b\u0107 zawieszenia na \u015bcianie za pomoc\u0105 listwy plastikowej, metalowej b\u0105d\u017a tablicy monta\u017cowej.<\/p>\n<p>Tablica monta\u017cowa jest nowym rozwi\u0105zaniem pozwalaj\u0105cym na swobodne wykorzystanie przestrzeni \u015bciany.<\/p>\n<p>Zestawy typu KOR doskonale sprawdzaj\u0105 si\u0119 w profesjonalnym warsztacie, magazynie czy te\u017c w przydomowym gara\u017cu.<\/p>\n<p>\t\t<\/section>\n<p>\t<\/div>\n<p><\/section>\n<section class=\"section\">\t<\/p>\n<div class=\"item item-6\">\t\t<\/p>\n<section class=\"text-item\"><\/p>\n<p><b>Producent:<\/b><\/p>\n<p>\t\t<\/section>\n<p>\t<\/div>\n<p>\t<\/p>\n<div class=\"item item-6\">\t\t<\/p>\n<section class=\"image-item\"><img src=\"https:\/\/upload.cdn.baselinker.com\/products\/3028621\/f337f532e8ff0a26d18631331fb8f6da.jpg\"><\/section>\n<p>\t<\/div>\n<p><\/section>\n<section class=\"section\">\t<\/p>\n<div class=\"item item-6\">\t\t<\/p>\n<section class=\"image-item\"><img src=\"https:\/\/upload.cdn.baselinker.com\/products\/3028621\/95a0e837d446854c4163efef671bdf1d.jpg\"><\/section>\n<p>\t<\/div>\n<p>\t<\/p>\n<div class=\"item item-6\">\t\t<\/p>\n<section class=\"text-item\"><\/p>\n<h2>Dane techniczne tablicy:<\/h2>\n<ul>\n<li>g\u0142\u0119boko\u015b\u0107 &#8211; 2 cm<\/li>\n<li>szeroko\u015b\u0107 &#8211; 39,5 cm<\/li>\n<li>wysoko\u015b\u0107 &#8211; 38,5 cm<\/li>\n<li>materia\u0142 &#8211; tworzywo sztuczne<\/li>\n<\/ul>\n<p>\t\t<\/section>\n<p>\t<\/div>\n<p><\/section>\n<section class=\"section\">\t<\/p>\n<div class=\"item item-6\">\t\t<\/p>\n<section class=\"text-item\"><\/p>\n<h1>Kuweta Truck KTR12<\/h1>\n<p>\t\t<\/section>\n<p>\t<\/div>\n<p>\t<\/p>\n<div class=\"item item-6\">\t\t<\/p>\n<section class=\"image-item\"><img src=\"https:\/\/upload.cdn.baselinker.com\/products\/3028621\/92d78595e9b6b6e7b4a680e5792ac6ff.jpg\"><\/section>\n<p>\t<\/div>\n<p><\/section>\n<section class=\"section\">\t<\/p>\n<div class=\"item item-6\">\t\t<\/p>\n<section class=\"image-item\"><img src=\"https:\/\/upload.cdn.baselinker.com\/products\/3028621\/92d78595e9b6b6e7b4a680e5792ac6ff.jpg\"><\/section>\n<p>\t<\/div>\n<p>\t<\/p>\n<div class=\"item item-6\">\t\t<\/p>\n<section class=\"text-item\"><\/p>\n<h1>Kuweta Truck KTR16<\/h1>\n<p>\t\t<\/section>\n<p>\t<\/div>\n<p><\/section>\n<section class=\"section\">\t<\/p>\n<div class=\"item item-6\">\t\t<\/p>\n<section class=\"text-item\"><\/p>\n<h1>Kuweta Truck KTR20<\/h1>\n<p>\t\t<\/section>\n<p>\t<\/div>\n<p>\t<\/p>\n<div class=\"item item-6\">\t\t<\/p>\n<section class=\"image-item\"><img src=\"https:\/\/upload.cdn.baselinker.com\/products\/3028621\/e2b6b87c896a36e296b746ae221d7912.jpg\"><\/section>\n<p>\t<\/div>\n<p><\/section>\n<section class=\"section\">\t<\/p>\n<div class=\"item item-6\">\t\t<\/p>\n<section class=\"image-item\"><img src=\"https:\/\/upload.cdn.baselinker.com\/products\/3028621\/33ffd4fb88ab89afe08acf10271967a2.jpg\"><\/section>\n<p>\t<\/div>\n<p>\t<\/p>\n<div class=\"item item-6\">\t\t<\/p>\n<section class=\"image-item\"><img src=\"https:\/\/upload.cdn.baselinker.com\/products\/3028621\/c2de2e414461ff95ffc1ba682796742e.jpg\"><\/section>\n<p>\t<\/div>\n<p><\/section>\n<section class=\"section\">\t<\/p>\n<div class=\"item item-12\">\t\t<\/p>\n<section class=\"image-item\"><img src=\"https:\/\/upload.cdn.baselinker.com\/products\/3028621\/30b48f778f064059fc6cdca6bad29b2d.jpg\"><\/section>\n<p>\t<\/div>\n<p><\/section>\n<section class=\"section\">\t<\/p>\n<div class=\"item item-12\">\t\t<\/p>\n<section class=\"image-item\"><img src=\"https:\/\/upload.cdn.baselinker.com\/products\/3028621\/70bfd45fd8685aa9c87b23882ed84eff.jpg\"><\/section>\n<p>\t<\/div>\n<p><\/section>\n","protected":false},"excerpt":{"rendered":"<p>Zestaw pojemnik\u00f3w Ordeline KOR4 Specyfikacja \u015bcianki: 770 x 390mm Zestaw pojemnik\u00f3w zawieraj\u0105cy 31 cz\u0119\u015bci. W sk\u0142ad zestawu wchodzi: kuweta Truck KTR12 &#8211; 4 szt. kuweta Truck KTR16 &#8211; 3 szt. kuweta Truck KTR20 &#8211; 3 szt. akcesoria do tablicy &#8211; 19 szt. tablica na\u015bcienna &#8211; 2 szt. W sk\u0142ad zestawu nie wchodz\u0105 narz\u0119dzia widoczne na &#8230; <a title=\"Zestaw pojemnik\u00f3w Ordeline KOR4\" class=\"read-more\" href=\"https:\/\/selleetools.com\/pl\/product\/zestaw-pojemnikow-ordeline-kor4\/\">Read more<span class=\"screen-reader-text\">Zestaw pojemnik\u00f3w Ordeline KOR4<\/span><\/a><\/p>\n","protected":false},"featured_media":675948,"comment_status":"open","ping_status":"closed","template":"","meta":{"_links_to":"","_links_to_target":""},"yoast_head":"<!-- This site is optimized with the Yoast SEO plugin v19.4 - https:\/\/yoast.com\/wordpress\/plugins\/seo\/ -->\n<title>Zestaw pojemnik\u00f3w Ordeline KOR4 - Selleetools.com<\/title>\n<meta name=\"robots\" content=\"index, follow, max-snippet:-1, max-image-preview:large, max-video-preview:-1\" \/>\n<link rel=\"canonical\" href=\"https:\/\/selleetools.com\/pl\/product\/zestaw-pojemnikow-ordeline-kor4\/\" \/>\n<meta property=\"og:locale\" content=\"pl_PL\" \/>\n<meta property=\"og:type\" content=\"article\" \/>\n<meta property=\"og:title\" content=\"Zestaw pojemnik\u00f3w Ordeline KOR4 - Selleetools.com\" \/>\n<meta property=\"og:description\" content=\"Zestaw pojemnik\u00f3w Ordeline KOR4 Specyfikacja \u015bcianki: 770 x 390mm Zestaw pojemnik\u00f3w zawieraj\u0105cy 31 cz\u0119\u015bci. W sk\u0142ad zestawu wchodzi: kuweta Truck KTR12 &#8211; 4 szt. kuweta Truck KTR16 &#8211; 3 szt. kuweta Truck KTR20 &#8211; 3 szt. akcesoria do tablicy &#8211; 19 szt. tablica na\u015bcienna &#8211; 2 szt. W sk\u0142ad zestawu nie wchodz\u0105 narz\u0119dzia widoczne na ... Read moreZestaw pojemnik\u00f3w Ordeline KOR4\" \/>\n<meta property=\"og:url\" content=\"https:\/\/selleetools.com\/pl\/product\/zestaw-pojemnikow-ordeline-kor4\/\" \/>\n<meta property=\"og:site_name\" content=\"Selleetools.com\" \/>\n<meta property=\"article:modified_time\" content=\"2026-04-18T12:59:18+00:00\" \/>\n<meta property=\"og:image\" content=\"https:\/\/selleetools.com\/wp-content\/uploads\/2026\/02\/505028cce9db887e5850b737965b2e0d.jpg\" \/>\n\t<meta property=\"og:image:width\" content=\"1000\" \/>\n\t<meta property=\"og:image:height\" content=\"1000\" \/>\n\t<meta property=\"og:image:type\" content=\"image\/jpeg\" \/>\n<meta name=\"twitter:card\" content=\"summary_large_image\" \/>\n<meta name=\"twitter:label1\" content=\"Est. reading time\" \/>\n\t<meta name=\"twitter:data1\" content=\"1 minuta\" \/>\n<!-- \/ Yoast SEO plugin. -->","yoast_head_json":{"title":"Zestaw pojemnik\u00f3w Ordeline KOR4 - Selleetools.com","robots":{"index":"index","follow":"follow","max-snippet":"max-snippet:-1","max-image-preview":"max-image-preview:large","max-video-preview":"max-video-preview:-1"},"canonical":"https:\/\/selleetools.com\/pl\/product\/zestaw-pojemnikow-ordeline-kor4\/","og_locale":"pl_PL","og_type":"article","og_title":"Zestaw pojemnik\u00f3w Ordeline KOR4 - Selleetools.com","og_description":"Zestaw pojemnik\u00f3w Ordeline KOR4 Specyfikacja \u015bcianki: 770 x 390mm Zestaw pojemnik\u00f3w zawieraj\u0105cy 31 cz\u0119\u015bci. W sk\u0142ad zestawu wchodzi: kuweta Truck KTR12 &#8211; 4 szt. kuweta Truck KTR16 &#8211; 3 szt. kuweta Truck KTR20 &#8211; 3 szt. akcesoria do tablicy &#8211; 19 szt. tablica na\u015bcienna &#8211; 2 szt. W sk\u0142ad zestawu nie wchodz\u0105 narz\u0119dzia widoczne na ... Read moreZestaw pojemnik\u00f3w Ordeline KOR4","og_url":"https:\/\/selleetools.com\/pl\/product\/zestaw-pojemnikow-ordeline-kor4\/","og_site_name":"Selleetools.com","article_modified_time":"2026-04-18T12:59:18+00:00","og_image":[{"width":1000,"height":1000,"url":"https:\/\/selleetools.com\/wp-content\/uploads\/2026\/02\/505028cce9db887e5850b737965b2e0d.jpg","type":"image\/jpeg"}],"twitter_card":"summary_large_image","twitter_misc":{"Est. reading time":"1 minuta"},"schema":{"@context":"https:\/\/schema.org","@graph":[{"@type":"Organization","@id":"https:\/\/selleetools.com\/#organization","name":"Selleetools","url":"https:\/\/selleetools.com\/","sameAs":[],"logo":{"@type":"ImageObject","inLanguage":"pl-PL","@id":"https:\/\/selleetools.com\/#\/schema\/logo\/image\/","url":"https:\/\/selleetools.com\/wp-content\/uploads\/2021\/10\/logo-dark.png","contentUrl":"https:\/\/selleetools.com\/wp-content\/uploads\/2021\/10\/logo-dark.png","width":320,"height":76,"caption":"Selleetools"},"image":{"@id":"https:\/\/selleetools.com\/#\/schema\/logo\/image\/"}},{"@type":"WebSite","@id":"https:\/\/selleetools.com\/#website","url":"https:\/\/selleetools.com\/","name":"Selleetools.com","description":"","publisher":{"@id":"https:\/\/selleetools.com\/#organization"},"potentialAction":[{"@type":"SearchAction","target":{"@type":"EntryPoint","urlTemplate":"https:\/\/selleetools.com\/?s={search_term_string}"},"query-input":"required name=search_term_string"}],"inLanguage":"pl-PL"},{"@type":"WebPage","@id":"https:\/\/selleetools.com\/pl\/product\/zestaw-pojemnikow-ordeline-kor4\/","url":"https:\/\/selleetools.com\/pl\/product\/zestaw-pojemnikow-ordeline-kor4\/","name":"Zestaw pojemnik\u00f3w Ordeline KOR4 - Selleetools.com","isPartOf":{"@id":"https:\/\/selleetools.com\/#website"},"datePublished":"2026-02-19T15:31:00+00:00","dateModified":"2026-04-18T12:59:18+00:00","breadcrumb":{"@id":"https:\/\/selleetools.com\/pl\/product\/zestaw-pojemnikow-ordeline-kor4\/#breadcrumb"},"inLanguage":"pl-PL","potentialAction":[{"@type":"ReadAction","target":["https:\/\/selleetools.com\/pl\/product\/zestaw-pojemnikow-ordeline-kor4\/"]}]},{"@type":"BreadcrumbList","@id":"https:\/\/selleetools.com\/pl\/product\/zestaw-pojemnikow-ordeline-kor4\/#breadcrumb","itemListElement":[{"@type":"ListItem","position":1,"name":"Home","item":"https:\/\/selleetools.com\/pl\/"},{"@type":"ListItem","position":2,"name":"Katalog","item":"https:\/\/selleetools.com\/pl\/katalog\/"},{"@type":"ListItem","position":3,"name":"Zestaw pojemnik\u00f3w Ordeline KOR4"}]}]}},"_links":{"self":[{"href":"https:\/\/selleetools.com\/pl\/wp-json\/wp\/v2\/product\/675972"}],"collection":[{"href":"https:\/\/selleetools.com\/pl\/wp-json\/wp\/v2\/product"}],"about":[{"href":"https:\/\/selleetools.com\/pl\/wp-json\/wp\/v2\/types\/product"}],"replies":[{"embeddable":true,"href":"https:\/\/selleetools.com\/pl\/wp-json\/wp\/v2\/comments?post=675972"}],"wp:featuredmedia":[{"embeddable":true,"href":"https:\/\/selleetools.com\/pl\/wp-json\/wp\/v2\/media\/675948"}],"wp:attachment":[{"href":"https:\/\/selleetools.com\/pl\/wp-json\/wp\/v2\/media?parent=675972"}],"curies":[{"name":"wp","href":"https:\/\/api.w.org\/{rel}","templated":true}]}}