{"id":675947,"date":"2026-02-19T16:30:51","date_gmt":"2026-02-19T15:30:51","guid":{"rendered":"https:\/\/selleetools.com\/?post_type=product&#038;p=675947"},"modified":"2026-04-08T18:03:32","modified_gmt":"2026-04-08T16:03:32","slug":"platforma-jezdna-kwadratowa-iprs300-antracyt","status":"publish","type":"product","link":"https:\/\/selleetools.com\/pl\/product\/platforma-jezdna-kwadratowa-iprs300-antracyt\/","title":{"rendered":"Platforma jezdna kwadratowa IPRS300 | Antracyt"},"content":{"rendered":"<section class=\"section\"><\/p>\n<div class=\"item item-6\"><\/p>\n<section class=\"image-item\"><img src=\"https:\/\/upload.cdn.baselinker.com\/products\/3028621\/3b7114f1cf391b1b052ec3e99adebce8.jpg\" \/><\/section>\n<\/div>\n<p><\/p>\n<div class=\"item item-6\"><\/p>\n<section class=\"text-item\"><\/p>\n<h1>Platforma jezdna kwadratowa IPRS300 &#8211; Antracytowa<\/h1>\n<p><b>Specyfikacja:<\/b><\/p>\n<ul>\n<li>d\u0142ugo\u015b\u0107\/szeroko\u015b\u0107 zewn\u0119trzna &#8211;\u00a028,5 cm<\/li>\n<li>d\u0142ugo\u015b\u0107\/szeroko\u015b\u0107 wewn\u0119trzna-\u00a026 cm<\/li>\n<li>wysoko\u015b\u0107 &#8211; 6cm<\/li>\n<li>materia\u0142 &#8211; tworzywo sztuczne<\/li>\n<li>maksymalny ud\u017awig platformy &#8211; 30kg<\/li>\n<\/ul>\n<ol>\n<li>Kwadratowa platforma jezdna z systemem 4 niezale\u017cnych, stabilnych rolek, obracaj\u0105cych si\u0119 o 360\u00b0.<\/li>\n<li>Dostosowana do przemieszczania ci\u0119\u017ckich, masywnych donic.<\/li>\n<li>Konstrukcja i mocowanie rolek sprawia, \u017ce s\u0105 one praktycznie niewidoczne.<\/li>\n<\/ol>\n<\/section>\n<\/div>\n<\/section>\n<p>&nbsp;<\/p>\n<section class=\"section\"><\/p>\n<div class=\"item item-6\"><\/p>\n<section class=\"text-item\"><\/p>\n<p><b>Producent:<\/b><\/p>\n<\/section>\n<\/div>\n<p><\/p>\n<div class=\"item item-6\"><\/p>\n<section class=\"image-item\"><img src=\"https:\/\/upload.cdn.baselinker.com\/products\/3028621\/0d886d3a970d28c3e65b73ed5158bef3.jpg\" \/><\/section>\n<\/div>\n<\/section>\n<p>&nbsp;<\/p>\n<section class=\"section\"><\/p>\n<div class=\"item item-12\"><\/p>\n<section class=\"text-item\"><\/p>\n<p><b>Galeria:<\/b><\/p>\n<\/section>\n<\/div>\n<\/section>\n<p>&nbsp;<\/p>\n<section class=\"section\"><\/p>\n<div class=\"item item-12\"><\/p>\n<section class=\"image-item\"><img src=\"https:\/\/upload.cdn.baselinker.com\/products\/3028621\/fd9f9718b4bb5711a9884b9f842ede55.jpg\" \/><\/section>\n<\/div>\n<\/section>\n<p>&nbsp;<\/p>\n<section class=\"section\"><\/p>\n<div class=\"item item-12\"><\/p>\n<section class=\"image-item\"><img src=\"https:\/\/upload.cdn.baselinker.com\/products\/3028621\/32ef31e3fbd328cf3b2b1b61028503c2.jpg\" \/><\/section>\n<\/div>\n<\/section>\n<p>&nbsp;<\/p>\n","protected":false},"excerpt":{"rendered":"<p>Platforma jezdna kwadratowa IPRS300 &#8211; Antracytowa Specyfikacja: d\u0142ugo\u015b\u0107\/szeroko\u015b\u0107 zewn\u0119trzna &#8211;\u00a028,5 cm d\u0142ugo\u015b\u0107\/szeroko\u015b\u0107 wewn\u0119trzna-\u00a026 cm wysoko\u015b\u0107 &#8211; 6cm materia\u0142 &#8211; tworzywo sztuczne maksymalny ud\u017awig platformy &#8211; 30kg Kwadratowa platforma jezdna z systemem 4 niezale\u017cnych, stabilnych rolek, obracaj\u0105cych si\u0119 o 360\u00b0. Dostosowana do przemieszczania ci\u0119\u017ckich, masywnych donic. Konstrukcja i mocowanie rolek sprawia, \u017ce s\u0105 one praktycznie niewidoczne. &#8230; <a title=\"Platforma jezdna kwadratowa IPRS300 | Antracyt\" class=\"read-more\" href=\"https:\/\/selleetools.com\/pl\/product\/platforma-jezdna-kwadratowa-iprs300-antracyt\/\">Read more<span class=\"screen-reader-text\">Platforma jezdna kwadratowa IPRS300 | Antracyt<\/span><\/a><\/p>\n","protected":false},"featured_media":675939,"comment_status":"closed","ping_status":"closed","template":"","meta":{"_links_to":"","_links_to_target":""},"yoast_head":"<!-- This site is optimized with the Yoast SEO plugin v19.4 - https:\/\/yoast.com\/wordpress\/plugins\/seo\/ -->\n<title>Platforma jezdna kwadratowa IPRS300 | Antracyt - Selleetools.com<\/title>\n<meta name=\"robots\" content=\"index, follow, max-snippet:-1, max-image-preview:large, max-video-preview:-1\" \/>\n<link rel=\"canonical\" href=\"https:\/\/admincentral.selleetools.com\/product\/platforma-jezdna-kwadratowa-iprs300-antracyt\/\" \/>\n<meta property=\"og:locale\" content=\"pl_PL\" \/>\n<meta property=\"og:type\" content=\"article\" \/>\n<meta property=\"og:title\" content=\"Platforma jezdna kwadratowa IPRS300 | Antracyt - Selleetools.com\" \/>\n<meta property=\"og:description\" content=\"Platforma jezdna kwadratowa IPRS300 &#8211; Antracytowa Specyfikacja: d\u0142ugo\u015b\u0107\/szeroko\u015b\u0107 zewn\u0119trzna &#8211;\u00a028,5 cm d\u0142ugo\u015b\u0107\/szeroko\u015b\u0107 wewn\u0119trzna-\u00a026 cm wysoko\u015b\u0107 &#8211; 6cm materia\u0142 &#8211; tworzywo sztuczne maksymalny ud\u017awig platformy &#8211; 30kg Kwadratowa platforma jezdna z systemem 4 niezale\u017cnych, stabilnych rolek, obracaj\u0105cych si\u0119 o 360\u00b0. Dostosowana do przemieszczania ci\u0119\u017ckich, masywnych donic. Konstrukcja i mocowanie rolek sprawia, \u017ce s\u0105 one praktycznie niewidoczne. ... Read morePlatforma jezdna kwadratowa IPRS300 | Antracyt\" \/>\n<meta property=\"og:url\" content=\"https:\/\/admincentral.selleetools.com\/product\/platforma-jezdna-kwadratowa-iprs300-antracyt\/\" \/>\n<meta property=\"og:site_name\" content=\"Selleetools.com\" \/>\n<meta property=\"article:modified_time\" content=\"2026-04-08T16:03:32+00:00\" \/>\n<meta property=\"og:image\" content=\"https:\/\/selleetools.com\/wp-content\/uploads\/2026\/02\/3b7114f1cf391b1b052ec3e99adebce8.jpg\" \/>\n\t<meta property=\"og:image:width\" content=\"2560\" \/>\n\t<meta property=\"og:image:height\" content=\"1495\" \/>\n\t<meta property=\"og:image:type\" content=\"image\/jpeg\" \/>\n<meta name=\"twitter:card\" content=\"summary_large_image\" \/>\n<!-- \/ Yoast SEO plugin. -->","yoast_head_json":{"title":"Platforma jezdna kwadratowa IPRS300 | Antracyt - Selleetools.com","robots":{"index":"index","follow":"follow","max-snippet":"max-snippet:-1","max-image-preview":"max-image-preview:large","max-video-preview":"max-video-preview:-1"},"canonical":"https:\/\/admincentral.selleetools.com\/product\/platforma-jezdna-kwadratowa-iprs300-antracyt\/","og_locale":"pl_PL","og_type":"article","og_title":"Platforma jezdna kwadratowa IPRS300 | Antracyt - Selleetools.com","og_description":"Platforma jezdna kwadratowa IPRS300 &#8211; Antracytowa Specyfikacja: d\u0142ugo\u015b\u0107\/szeroko\u015b\u0107 zewn\u0119trzna &#8211;\u00a028,5 cm d\u0142ugo\u015b\u0107\/szeroko\u015b\u0107 wewn\u0119trzna-\u00a026 cm wysoko\u015b\u0107 &#8211; 6cm materia\u0142 &#8211; tworzywo sztuczne maksymalny ud\u017awig platformy &#8211; 30kg Kwadratowa platforma jezdna z systemem 4 niezale\u017cnych, stabilnych rolek, obracaj\u0105cych si\u0119 o 360\u00b0. Dostosowana do przemieszczania ci\u0119\u017ckich, masywnych donic. Konstrukcja i mocowanie rolek sprawia, \u017ce s\u0105 one praktycznie niewidoczne. ... Read morePlatforma jezdna kwadratowa IPRS300 | Antracyt","og_url":"https:\/\/admincentral.selleetools.com\/product\/platforma-jezdna-kwadratowa-iprs300-antracyt\/","og_site_name":"Selleetools.com","article_modified_time":"2026-04-08T16:03:32+00:00","og_image":[{"width":2560,"height":1495,"url":"https:\/\/selleetools.com\/wp-content\/uploads\/2026\/02\/3b7114f1cf391b1b052ec3e99adebce8.jpg","type":"image\/jpeg"}],"twitter_card":"summary_large_image","schema":{"@context":"https:\/\/schema.org","@graph":[{"@type":"Organization","@id":"https:\/\/selleetools.com\/#organization","name":"Selleetools","url":"https:\/\/selleetools.com\/","sameAs":[],"logo":{"@type":"ImageObject","inLanguage":"pl-PL","@id":"https:\/\/selleetools.com\/#\/schema\/logo\/image\/","url":"https:\/\/selleetools.com\/wp-content\/uploads\/2021\/10\/logo-dark.png","contentUrl":"https:\/\/selleetools.com\/wp-content\/uploads\/2021\/10\/logo-dark.png","width":320,"height":76,"caption":"Selleetools"},"image":{"@id":"https:\/\/selleetools.com\/#\/schema\/logo\/image\/"}},{"@type":"WebSite","@id":"https:\/\/selleetools.com\/#website","url":"https:\/\/selleetools.com\/","name":"Selleetools.com","description":"","publisher":{"@id":"https:\/\/selleetools.com\/#organization"},"potentialAction":[{"@type":"SearchAction","target":{"@type":"EntryPoint","urlTemplate":"https:\/\/selleetools.com\/?s={search_term_string}"},"query-input":"required name=search_term_string"}],"inLanguage":"pl-PL"},{"@type":"WebPage","@id":"https:\/\/admincentral.selleetools.com\/product\/platforma-jezdna-kwadratowa-iprs300-antracyt\/","url":"https:\/\/admincentral.selleetools.com\/product\/platforma-jezdna-kwadratowa-iprs300-antracyt\/","name":"Platforma jezdna kwadratowa IPRS300 | Antracyt - Selleetools.com","isPartOf":{"@id":"https:\/\/selleetools.com\/#website"},"datePublished":"2026-02-19T15:30:51+00:00","dateModified":"2026-04-08T16:03:32+00:00","breadcrumb":{"@id":"https:\/\/admincentral.selleetools.com\/product\/platforma-jezdna-kwadratowa-iprs300-antracyt\/#breadcrumb"},"inLanguage":"pl-PL","potentialAction":[{"@type":"ReadAction","target":["https:\/\/admincentral.selleetools.com\/product\/platforma-jezdna-kwadratowa-iprs300-antracyt\/"]}]},{"@type":"BreadcrumbList","@id":"https:\/\/admincentral.selleetools.com\/product\/platforma-jezdna-kwadratowa-iprs300-antracyt\/#breadcrumb","itemListElement":[{"@type":"ListItem","position":1,"name":"Home","item":"https:\/\/selleetools.com\/pl\/"},{"@type":"ListItem","position":2,"name":"Katalog","item":"https:\/\/selleetools.com\/pl\/katalog\/"},{"@type":"ListItem","position":3,"name":"Platforma jezdna kwadratowa IPRS300 | Antracyt"}]}]}},"_links":{"self":[{"href":"https:\/\/selleetools.com\/pl\/wp-json\/wp\/v2\/product\/675947"}],"collection":[{"href":"https:\/\/selleetools.com\/pl\/wp-json\/wp\/v2\/product"}],"about":[{"href":"https:\/\/selleetools.com\/pl\/wp-json\/wp\/v2\/types\/product"}],"replies":[{"embeddable":true,"href":"https:\/\/selleetools.com\/pl\/wp-json\/wp\/v2\/comments?post=675947"}],"wp:featuredmedia":[{"embeddable":true,"href":"https:\/\/selleetools.com\/pl\/wp-json\/wp\/v2\/media\/675939"}],"wp:attachment":[{"href":"https:\/\/selleetools.com\/pl\/wp-json\/wp\/v2\/media?parent=675947"}],"curies":[{"name":"wp","href":"https:\/\/api.w.org\/{rel}","templated":true}]}}