{"id":675871,"date":"2026-02-19T16:30:23","date_gmt":"2026-02-19T15:30:23","guid":{"rendered":"https:\/\/selleetools.com\/?post_type=product&#038;p=675871"},"modified":"2026-04-18T14:57:10","modified_gmt":"2026-04-18T12:57:10","slug":"skrzynka-narzedziowa-warsztatowa-caliber-kcr6030","status":"publish","type":"product","link":"https:\/\/selleetools.com\/pl\/product\/skrzynka-narzedziowa-warsztatowa-caliber-kcr6030\/","title":{"rendered":"Skrzynka narz\u0119dziowa, warsztatowa Caliber KCR6030"},"content":{"rendered":"<section class=\"section\">\t<\/p>\n<div class=\"item item-6\">\t\t<\/p>\n<section class=\"image-item\"><img src=\"https:\/\/upload.cdn.baselinker.com\/products\/3028621\/a74f6c1b54c463f97ccedcc0ea6c8bca.jpg\"><\/section>\n<p>\t<\/div>\n<p>\t<\/p>\n<div class=\"item item-6\">\t\t<\/p>\n<section class=\"text-item\"><\/p>\n<h1>Skrzynka narz\u0119dziowa, warsztatowa KCR6030<\/h1>\n<p><b>Specyfikacja:<\/b><\/p>\n<ul>\n<li>d\u0142ugo\u015b\u0107 &#8211; 60 cm<\/li>\n<li>szeroko\u015b\u0107 &#8211; 28,5 cm<\/li>\n<li>wysoko\u015b\u0107 &#8211; 32 cm<\/li>\n<li>materia\u0142 &#8211; tworzywo sztuczne<\/li>\n<li>ud\u017awig do 21 kg<\/li>\n<\/ul>\n<p>\t\t<\/section>\n<p>\t<\/div>\n<p><\/section>\n<section class=\"section\">\t<\/p>\n<div class=\"item item-12\">\t\t<\/p>\n<section class=\"text-item\"><\/p>\n<p><b>Informacje dodatkowe:<\/b><\/p>\n<ul>\n<li>Posiada solidne zapi\u0119cia<\/li>\n<li>Posiada wewn\u0119trzne nosid\u0142o, kt\u00f3re jest standardowym wyposa\u017ceniem<\/li>\n<li>Solidne zawiasy, kt\u00f3re s\u0105 tak wykonane aby pokrywa nie odpina\u0142a si\u0119 od do\u0142u skrzynki.<\/li>\n<li>Pokrywa posiada organizery z przegrodami, dzi\u0119ki kt\u00f3rym posortujesz \u015brubki, wkr\u0119ty, bity, itd.<\/li>\n<li>Zawiera r\u00f3wnie\u017c uchwyt na zamkni\u0119cie skrzynki na k\u0142\u00f3dk\u0119<\/li>\n<li>No\u015bno\u015b\u0107 do 21 kg<\/li>\n<\/ul>\n<p>\t\t<\/section>\n<p>\t<\/div>\n<p><\/section>\n<section class=\"section\">\t<\/p>\n<div class=\"item item-12\">\t\t<\/p>\n<section class=\"text-item\"><\/p>\n<p><b>Skrzynka dzi\u0119ki kt\u00f3rej jasno i przejrzy\u015bcie posortujesz drobne elementy:<\/b><\/p>\n<ul>\n<li>w pracy<\/li>\n<li>magazynie<\/li>\n<li>gara\u017cu<\/li>\n<li>w domu.<\/li>\n<\/ul>\n<p>\t\t<\/section>\n<p>\t<\/div>\n<p><\/section>\n<section class=\"section\">\t<\/p>\n<div class=\"item item-6\">\t\t<\/p>\n<section class=\"text-item\"><\/p>\n<p><b>Producent:<\/b><\/p>\n<p>\t\t<\/section>\n<p>\t<\/div>\n<p>\t<\/p>\n<div class=\"item item-6\">\t\t<\/p>\n<section class=\"image-item\"><img src=\"https:\/\/upload.cdn.baselinker.com\/products\/3028621\/4edaa1ae4f10c7af7c2ff1cdf13eb464.jpg\"><\/section>\n<p>\t<\/div>\n<p><\/section>\n<section class=\"section\">\t<\/p>\n<div class=\"item item-12\">\t\t<\/p>\n<section class=\"text-item\"><\/p>\n<p><b>W tej ofercie kupujesz skrzynk\u0119 KCR6030<\/b><\/p>\n<p>\t\t<\/section>\n<p>\t<\/div>\n<p><\/section>\n<section class=\"section\">\t<\/p>\n<div class=\"item item-12\">\t\t<\/p>\n<section class=\"image-item\"><img src=\"https:\/\/upload.cdn.baselinker.com\/products\/3028621\/2fd406b41091ccd67f5178da01d293ac.jpg\"><\/section>\n<p>\t<\/div>\n<p><\/section>\n<section class=\"section\">\t<\/p>\n<div class=\"item item-6\">\t\t<\/p>\n<section class=\"image-item\"><img src=\"https:\/\/upload.cdn.baselinker.com\/products\/3028621\/676c8aaff00023d6b491096d12e535d8.jpg\"><\/section>\n<p>\t<\/div>\n<p>\t<\/p>\n<div class=\"item item-6\">\t\t<\/p>\n<section class=\"image-item\"><img src=\"https:\/\/upload.cdn.baselinker.com\/products\/3028621\/16d815d13458afb8e688ee641799e6e7.jpg\"><\/section>\n<p>\t<\/div>\n<p><\/section>\n<section class=\"section\">\t<\/p>\n<div class=\"item item-12\">\t\t<\/p>\n<section class=\"image-item\"><img src=\"https:\/\/upload.cdn.baselinker.com\/products\/3028621\/d671a24c183d9398034d15c0a4d1b5df.jpg\"><\/section>\n<p>\t<\/div>\n<p><\/section>\n","protected":false},"excerpt":{"rendered":"<p>Skrzynka narz\u0119dziowa, warsztatowa KCR6030 Specyfikacja: d\u0142ugo\u015b\u0107 &#8211; 60 cm szeroko\u015b\u0107 &#8211; 28,5 cm wysoko\u015b\u0107 &#8211; 32 cm materia\u0142 &#8211; tworzywo sztuczne ud\u017awig do 21 kg Informacje dodatkowe: Posiada solidne zapi\u0119cia Posiada wewn\u0119trzne nosid\u0142o, kt\u00f3re jest standardowym wyposa\u017ceniem Solidne zawiasy, kt\u00f3re s\u0105 tak wykonane aby pokrywa nie odpina\u0142a si\u0119 od do\u0142u skrzynki. Pokrywa posiada organizery z &#8230; <a title=\"Skrzynka narz\u0119dziowa, warsztatowa Caliber KCR6030\" class=\"read-more\" href=\"https:\/\/selleetools.com\/pl\/product\/skrzynka-narzedziowa-warsztatowa-caliber-kcr6030\/\">Read more<span class=\"screen-reader-text\">Skrzynka narz\u0119dziowa, warsztatowa Caliber KCR6030<\/span><\/a><\/p>\n","protected":false},"featured_media":675838,"comment_status":"open","ping_status":"closed","template":"","meta":{"_links_to":"","_links_to_target":""},"yoast_head":"<!-- This site is optimized with the Yoast SEO plugin v19.4 - https:\/\/yoast.com\/wordpress\/plugins\/seo\/ -->\n<title>Skrzynka narz\u0119dziowa, warsztatowa Caliber KCR6030 - Selleetools.com<\/title>\n<meta name=\"robots\" content=\"index, follow, max-snippet:-1, max-image-preview:large, max-video-preview:-1\" \/>\n<link rel=\"canonical\" href=\"https:\/\/selleetools.com\/pl\/product\/skrzynka-narzedziowa-warsztatowa-caliber-kcr6030\/\" \/>\n<meta property=\"og:locale\" content=\"pl_PL\" \/>\n<meta property=\"og:type\" content=\"article\" \/>\n<meta property=\"og:title\" content=\"Skrzynka narz\u0119dziowa, warsztatowa Caliber KCR6030 - Selleetools.com\" \/>\n<meta property=\"og:description\" content=\"Skrzynka narz\u0119dziowa, warsztatowa KCR6030 Specyfikacja: d\u0142ugo\u015b\u0107 &#8211; 60 cm szeroko\u015b\u0107 &#8211; 28,5 cm wysoko\u015b\u0107 &#8211; 32 cm materia\u0142 &#8211; tworzywo sztuczne ud\u017awig do 21 kg Informacje dodatkowe: Posiada solidne zapi\u0119cia Posiada wewn\u0119trzne nosid\u0142o, kt\u00f3re jest standardowym wyposa\u017ceniem Solidne zawiasy, kt\u00f3re s\u0105 tak wykonane aby pokrywa nie odpina\u0142a si\u0119 od do\u0142u skrzynki. Pokrywa posiada organizery z ... Read moreSkrzynka narz\u0119dziowa, warsztatowa Caliber KCR6030\" \/>\n<meta property=\"og:url\" content=\"https:\/\/selleetools.com\/pl\/product\/skrzynka-narzedziowa-warsztatowa-caliber-kcr6030\/\" \/>\n<meta property=\"og:site_name\" content=\"Selleetools.com\" \/>\n<meta property=\"article:modified_time\" content=\"2026-04-18T12:57:10+00:00\" \/>\n<meta property=\"og:image\" content=\"https:\/\/selleetools.com\/wp-content\/uploads\/2026\/02\/a74f6c1b54c463f97ccedcc0ea6c8bca.jpg\" \/>\n\t<meta property=\"og:image:width\" content=\"1000\" \/>\n\t<meta property=\"og:image:height\" content=\"950\" \/>\n\t<meta property=\"og:image:type\" content=\"image\/jpeg\" \/>\n<meta name=\"twitter:card\" content=\"summary_large_image\" \/>\n<meta name=\"twitter:label1\" content=\"Est. reading time\" \/>\n\t<meta name=\"twitter:data1\" content=\"1 minuta\" \/>\n<!-- \/ Yoast SEO plugin. -->","yoast_head_json":{"title":"Skrzynka narz\u0119dziowa, warsztatowa Caliber KCR6030 - Selleetools.com","robots":{"index":"index","follow":"follow","max-snippet":"max-snippet:-1","max-image-preview":"max-image-preview:large","max-video-preview":"max-video-preview:-1"},"canonical":"https:\/\/selleetools.com\/pl\/product\/skrzynka-narzedziowa-warsztatowa-caliber-kcr6030\/","og_locale":"pl_PL","og_type":"article","og_title":"Skrzynka narz\u0119dziowa, warsztatowa Caliber KCR6030 - Selleetools.com","og_description":"Skrzynka narz\u0119dziowa, warsztatowa KCR6030 Specyfikacja: d\u0142ugo\u015b\u0107 &#8211; 60 cm szeroko\u015b\u0107 &#8211; 28,5 cm wysoko\u015b\u0107 &#8211; 32 cm materia\u0142 &#8211; tworzywo sztuczne ud\u017awig do 21 kg Informacje dodatkowe: Posiada solidne zapi\u0119cia Posiada wewn\u0119trzne nosid\u0142o, kt\u00f3re jest standardowym wyposa\u017ceniem Solidne zawiasy, kt\u00f3re s\u0105 tak wykonane aby pokrywa nie odpina\u0142a si\u0119 od do\u0142u skrzynki. Pokrywa posiada organizery z ... Read moreSkrzynka narz\u0119dziowa, warsztatowa Caliber KCR6030","og_url":"https:\/\/selleetools.com\/pl\/product\/skrzynka-narzedziowa-warsztatowa-caliber-kcr6030\/","og_site_name":"Selleetools.com","article_modified_time":"2026-04-18T12:57:10+00:00","og_image":[{"width":1000,"height":950,"url":"https:\/\/selleetools.com\/wp-content\/uploads\/2026\/02\/a74f6c1b54c463f97ccedcc0ea6c8bca.jpg","type":"image\/jpeg"}],"twitter_card":"summary_large_image","twitter_misc":{"Est. reading time":"1 minuta"},"schema":{"@context":"https:\/\/schema.org","@graph":[{"@type":"Organization","@id":"https:\/\/selleetools.com\/#organization","name":"Selleetools","url":"https:\/\/selleetools.com\/","sameAs":[],"logo":{"@type":"ImageObject","inLanguage":"pl-PL","@id":"https:\/\/selleetools.com\/#\/schema\/logo\/image\/","url":"https:\/\/selleetools.com\/wp-content\/uploads\/2021\/10\/logo-dark.png","contentUrl":"https:\/\/selleetools.com\/wp-content\/uploads\/2021\/10\/logo-dark.png","width":320,"height":76,"caption":"Selleetools"},"image":{"@id":"https:\/\/selleetools.com\/#\/schema\/logo\/image\/"}},{"@type":"WebSite","@id":"https:\/\/selleetools.com\/#website","url":"https:\/\/selleetools.com\/","name":"Selleetools.com","description":"","publisher":{"@id":"https:\/\/selleetools.com\/#organization"},"potentialAction":[{"@type":"SearchAction","target":{"@type":"EntryPoint","urlTemplate":"https:\/\/selleetools.com\/?s={search_term_string}"},"query-input":"required name=search_term_string"}],"inLanguage":"pl-PL"},{"@type":"WebPage","@id":"https:\/\/selleetools.com\/pl\/product\/skrzynka-narzedziowa-warsztatowa-caliber-kcr6030\/","url":"https:\/\/selleetools.com\/pl\/product\/skrzynka-narzedziowa-warsztatowa-caliber-kcr6030\/","name":"Skrzynka narz\u0119dziowa, warsztatowa Caliber KCR6030 - Selleetools.com","isPartOf":{"@id":"https:\/\/selleetools.com\/#website"},"datePublished":"2026-02-19T15:30:23+00:00","dateModified":"2026-04-18T12:57:10+00:00","breadcrumb":{"@id":"https:\/\/selleetools.com\/pl\/product\/skrzynka-narzedziowa-warsztatowa-caliber-kcr6030\/#breadcrumb"},"inLanguage":"pl-PL","potentialAction":[{"@type":"ReadAction","target":["https:\/\/selleetools.com\/pl\/product\/skrzynka-narzedziowa-warsztatowa-caliber-kcr6030\/"]}]},{"@type":"BreadcrumbList","@id":"https:\/\/selleetools.com\/pl\/product\/skrzynka-narzedziowa-warsztatowa-caliber-kcr6030\/#breadcrumb","itemListElement":[{"@type":"ListItem","position":1,"name":"Home","item":"https:\/\/selleetools.com\/pl\/"},{"@type":"ListItem","position":2,"name":"Katalog","item":"https:\/\/selleetools.com\/pl\/katalog\/"},{"@type":"ListItem","position":3,"name":"Skrzynka narz\u0119dziowa, warsztatowa Caliber KCR6030"}]}]}},"_links":{"self":[{"href":"https:\/\/selleetools.com\/pl\/wp-json\/wp\/v2\/product\/675871"}],"collection":[{"href":"https:\/\/selleetools.com\/pl\/wp-json\/wp\/v2\/product"}],"about":[{"href":"https:\/\/selleetools.com\/pl\/wp-json\/wp\/v2\/types\/product"}],"replies":[{"embeddable":true,"href":"https:\/\/selleetools.com\/pl\/wp-json\/wp\/v2\/comments?post=675871"}],"wp:featuredmedia":[{"embeddable":true,"href":"https:\/\/selleetools.com\/pl\/wp-json\/wp\/v2\/media\/675838"}],"wp:attachment":[{"href":"https:\/\/selleetools.com\/pl\/wp-json\/wp\/v2\/media?parent=675871"}],"curies":[{"name":"wp","href":"https:\/\/api.w.org\/{rel}","templated":true}]}}