{"id":675801,"date":"2026-02-19T16:29:55","date_gmt":"2026-02-19T15:29:55","guid":{"rendered":"https:\/\/selleetools.com\/?post_type=product&#038;p=675801"},"modified":"2026-04-18T15:42:48","modified_gmt":"2026-04-18T13:42:48","slug":"stojak-choinkowy-orbit-zielony","status":"publish","type":"product","link":"https:\/\/selleetools.com\/pl\/product\/stojak-choinkowy-orbit-zielony\/","title":{"rendered":"Stojak choinkowy Orbit | Zielony"},"content":{"rendered":"<section class=\"section\">\n<div class=\"item item-6\">\n<section class=\"text-item\">\n<h1>Stojak choinkowy Orbit &#8211; zielony<\/h1>\n<h2>Specyfikacja\u00a0produktu:<\/h2>\n<ul>\n<li>\u015brednica: 39,5 cm<\/li>\n<li>wysoko\u015b\u0107: 16,0 cm<\/li>\n<li>szeroko\u015b\u0107 pnia: 10,0 cm<\/li>\n<li>maksymalna wysoko\u015b\u0107 choinki: 2 m<\/li>\n<li>pojemno\u015b\u0107: 1l<\/li>\n<li>materia\u0142 wykonania: tworzywo sztuczne \/ plastik<\/li>\n<\/ul>\n<h2>Informacje dodatkowe:<\/h2>\n<ul>\n<li>Solidny i wytrzyma\u0142y<\/li>\n<li>Choinka b\u0119dzie sta\u0142a stabilnie i prosto<\/li>\n<li>Mo\u017cliwo\u015b\u0107 podlewania<\/li>\n<li>Maksymalna \u015brednica pnia to a\u017c 10 cm<\/li>\n<li>Utrzyma drzewko o wysoko\u015bci do 2 metr\u00f3w<\/li>\n<li>Regulacja \u015brubami<\/li>\n<li>\u0141atwy w u\u017cyciu<\/li>\n<\/ul>\n<\/section><\/div>\n<div class=\"item item-6\">\n<section class=\"image-item\">\n            <img src=\"https:\/\/upload.cdn.baselinker.com\/products\/3028621\/b849e0ed3d951ab04fcbb3b805081285.jpg\" \/><br \/>\n        <\/section>\n<\/p><\/div>\n<\/section>\n<section class=\"section\">\n<div class=\"item item-12\">\n<section class=\"text-item\">\n<p><b>Stojak choinkowy\u00a0Orbit<\/b>\u00a0<b>:<\/b><\/p>\n<ul>\n<li>wykonany jest z tworzywa sztucznego o znacznej wytrzyma\u0142o\u015bci,<\/li>\n<li>specjalnie zaprojektowany tak, aby umieszczona w nim choinka nie mia\u0142a szansy si\u0119 przewr\u00f3ci,<\/li>\n<li>lekki i niewielkich rozmiar\u00f3w, co u\u0142atwia przechowywanie,<\/li>\n<li>wyposa\u017cony w szerok\u0105, grub\u0105 podstaw\u0119,<\/li>\n<li>u wylotu otworu na pie\u0144 umieszczono regulowane \u015bruby w celu wi\u0119kszej stabilizacji nawet wysokiego drzewka,<\/li>\n<li>przystosowano tak\u017ce do podlewania choinki, je\u015bli jest taka konieczno\u015b\u0107,\u00a0co pozwala zachowa\u0107 przez d\u0142ugi czas \u015bwie\u017co\u015b\u0107 i naturalny zapach choinki.<\/li>\n<\/ul>\n<\/section><\/div>\n<\/section>\n<section class=\"section\">\n<div class=\"item item-12\">\n<section class=\"image-item\">\n            <img src=\"https:\/\/upload.cdn.baselinker.com\/products\/3028621\/083161df5cffa03f320a47841c9d9d5d.jpg\" \/><br \/>\n        <\/section>\n<\/p><\/div>\n<\/section>\n<section class=\"section\">\n<div class=\"item item-12\">\n<section class=\"image-item\">\n            <img src=\"https:\/\/upload.cdn.baselinker.com\/products\/3028621\/b849e0ed3d951ab04fcbb3b805081285.jpg\" \/><br \/>\n        <\/section>\n<\/p><\/div>\n<\/section>\n","protected":false},"excerpt":{"rendered":"<p>Stojak choinkowy Orbit &#8211; zielony Specyfikacja\u00a0produktu: \u015brednica: 39,5 cm wysoko\u015b\u0107: 16,0 cm szeroko\u015b\u0107 pnia: 10,0 cm maksymalna wysoko\u015b\u0107 choinki: 2 m pojemno\u015b\u0107: 1l materia\u0142 wykonania: tworzywo sztuczne \/ plastik Informacje dodatkowe: Solidny i wytrzyma\u0142y Choinka b\u0119dzie sta\u0142a stabilnie i prosto Mo\u017cliwo\u015b\u0107 podlewania Maksymalna \u015brednica pnia to a\u017c 10 cm Utrzyma drzewko o wysoko\u015bci do 2 &#8230; <a title=\"Stojak choinkowy Orbit | Zielony\" class=\"read-more\" href=\"https:\/\/selleetools.com\/pl\/product\/stojak-choinkowy-orbit-zielony\/\">Read more<span class=\"screen-reader-text\">Stojak choinkowy Orbit | Zielony<\/span><\/a><\/p>\n","protected":false},"featured_media":675795,"comment_status":"open","ping_status":"closed","template":"","meta":{"_links_to":"","_links_to_target":""},"yoast_head":"<!-- This site is optimized with the Yoast SEO plugin v19.4 - https:\/\/yoast.com\/wordpress\/plugins\/seo\/ -->\n<title>Stojak choinkowy Orbit | Zielony - Selleetools.com<\/title>\n<meta name=\"robots\" content=\"index, follow, max-snippet:-1, max-image-preview:large, max-video-preview:-1\" \/>\n<link rel=\"canonical\" href=\"https:\/\/selleetools.com\/pl\/product\/stojak-choinkowy-orbit-zielony\/\" \/>\n<meta property=\"og:locale\" content=\"pl_PL\" \/>\n<meta property=\"og:type\" content=\"article\" \/>\n<meta property=\"og:title\" content=\"Stojak choinkowy Orbit | Zielony - Selleetools.com\" \/>\n<meta property=\"og:description\" content=\"Stojak choinkowy Orbit &#8211; zielony Specyfikacja\u00a0produktu: \u015brednica: 39,5 cm wysoko\u015b\u0107: 16,0 cm szeroko\u015b\u0107 pnia: 10,0 cm maksymalna wysoko\u015b\u0107 choinki: 2 m pojemno\u015b\u0107: 1l materia\u0142 wykonania: tworzywo sztuczne \/ plastik Informacje dodatkowe: Solidny i wytrzyma\u0142y Choinka b\u0119dzie sta\u0142a stabilnie i prosto Mo\u017cliwo\u015b\u0107 podlewania Maksymalna \u015brednica pnia to a\u017c 10 cm Utrzyma drzewko o wysoko\u015bci do 2 ... Read moreStojak choinkowy Orbit | Zielony\" \/>\n<meta property=\"og:url\" content=\"https:\/\/selleetools.com\/pl\/product\/stojak-choinkowy-orbit-zielony\/\" \/>\n<meta property=\"og:site_name\" content=\"Selleetools.com\" \/>\n<meta property=\"article:modified_time\" content=\"2026-04-18T13:42:48+00:00\" \/>\n<meta property=\"og:image\" content=\"https:\/\/selleetools.com\/wp-content\/uploads\/2026\/02\/b849e0ed3d951ab04fcbb3b805081285.jpg\" \/>\n\t<meta property=\"og:image:width\" content=\"992\" \/>\n\t<meta property=\"og:image:height\" content=\"670\" \/>\n\t<meta property=\"og:image:type\" content=\"image\/jpeg\" \/>\n<meta name=\"twitter:card\" content=\"summary_large_image\" \/>\n<meta name=\"twitter:label1\" content=\"Est. reading time\" \/>\n\t<meta name=\"twitter:data1\" content=\"1 minuta\" \/>\n<!-- \/ Yoast SEO plugin. -->","yoast_head_json":{"title":"Stojak choinkowy Orbit | Zielony - Selleetools.com","robots":{"index":"index","follow":"follow","max-snippet":"max-snippet:-1","max-image-preview":"max-image-preview:large","max-video-preview":"max-video-preview:-1"},"canonical":"https:\/\/selleetools.com\/pl\/product\/stojak-choinkowy-orbit-zielony\/","og_locale":"pl_PL","og_type":"article","og_title":"Stojak choinkowy Orbit | Zielony - Selleetools.com","og_description":"Stojak choinkowy Orbit &#8211; zielony Specyfikacja\u00a0produktu: \u015brednica: 39,5 cm wysoko\u015b\u0107: 16,0 cm szeroko\u015b\u0107 pnia: 10,0 cm maksymalna wysoko\u015b\u0107 choinki: 2 m pojemno\u015b\u0107: 1l materia\u0142 wykonania: tworzywo sztuczne \/ plastik Informacje dodatkowe: Solidny i wytrzyma\u0142y Choinka b\u0119dzie sta\u0142a stabilnie i prosto Mo\u017cliwo\u015b\u0107 podlewania Maksymalna \u015brednica pnia to a\u017c 10 cm Utrzyma drzewko o wysoko\u015bci do 2 ... Read moreStojak choinkowy Orbit | Zielony","og_url":"https:\/\/selleetools.com\/pl\/product\/stojak-choinkowy-orbit-zielony\/","og_site_name":"Selleetools.com","article_modified_time":"2026-04-18T13:42:48+00:00","og_image":[{"width":992,"height":670,"url":"https:\/\/selleetools.com\/wp-content\/uploads\/2026\/02\/b849e0ed3d951ab04fcbb3b805081285.jpg","type":"image\/jpeg"}],"twitter_card":"summary_large_image","twitter_misc":{"Est. reading time":"1 minuta"},"schema":{"@context":"https:\/\/schema.org","@graph":[{"@type":"Organization","@id":"https:\/\/selleetools.com\/#organization","name":"Selleetools","url":"https:\/\/selleetools.com\/","sameAs":[],"logo":{"@type":"ImageObject","inLanguage":"pl-PL","@id":"https:\/\/selleetools.com\/#\/schema\/logo\/image\/","url":"https:\/\/selleetools.com\/wp-content\/uploads\/2021\/10\/logo-dark.png","contentUrl":"https:\/\/selleetools.com\/wp-content\/uploads\/2021\/10\/logo-dark.png","width":320,"height":76,"caption":"Selleetools"},"image":{"@id":"https:\/\/selleetools.com\/#\/schema\/logo\/image\/"}},{"@type":"WebSite","@id":"https:\/\/selleetools.com\/#website","url":"https:\/\/selleetools.com\/","name":"Selleetools.com","description":"","publisher":{"@id":"https:\/\/selleetools.com\/#organization"},"potentialAction":[{"@type":"SearchAction","target":{"@type":"EntryPoint","urlTemplate":"https:\/\/selleetools.com\/?s={search_term_string}"},"query-input":"required name=search_term_string"}],"inLanguage":"pl-PL"},{"@type":"WebPage","@id":"https:\/\/selleetools.com\/pl\/product\/stojak-choinkowy-orbit-zielony\/","url":"https:\/\/selleetools.com\/pl\/product\/stojak-choinkowy-orbit-zielony\/","name":"Stojak choinkowy Orbit | Zielony - Selleetools.com","isPartOf":{"@id":"https:\/\/selleetools.com\/#website"},"datePublished":"2026-02-19T15:29:55+00:00","dateModified":"2026-04-18T13:42:48+00:00","breadcrumb":{"@id":"https:\/\/selleetools.com\/pl\/product\/stojak-choinkowy-orbit-zielony\/#breadcrumb"},"inLanguage":"pl-PL","potentialAction":[{"@type":"ReadAction","target":["https:\/\/selleetools.com\/pl\/product\/stojak-choinkowy-orbit-zielony\/"]}]},{"@type":"BreadcrumbList","@id":"https:\/\/selleetools.com\/pl\/product\/stojak-choinkowy-orbit-zielony\/#breadcrumb","itemListElement":[{"@type":"ListItem","position":1,"name":"Home","item":"https:\/\/selleetools.com\/pl\/"},{"@type":"ListItem","position":2,"name":"Katalog","item":"https:\/\/selleetools.com\/pl\/katalog\/"},{"@type":"ListItem","position":3,"name":"Stojak choinkowy Orbit | Zielony"}]}]}},"_links":{"self":[{"href":"https:\/\/selleetools.com\/pl\/wp-json\/wp\/v2\/product\/675801"}],"collection":[{"href":"https:\/\/selleetools.com\/pl\/wp-json\/wp\/v2\/product"}],"about":[{"href":"https:\/\/selleetools.com\/pl\/wp-json\/wp\/v2\/types\/product"}],"replies":[{"embeddable":true,"href":"https:\/\/selleetools.com\/pl\/wp-json\/wp\/v2\/comments?post=675801"}],"wp:featuredmedia":[{"embeddable":true,"href":"https:\/\/selleetools.com\/pl\/wp-json\/wp\/v2\/media\/675795"}],"wp:attachment":[{"href":"https:\/\/selleetools.com\/pl\/wp-json\/wp\/v2\/media?parent=675801"}],"curies":[{"name":"wp","href":"https:\/\/api.w.org\/{rel}","templated":true}]}}