{"id":675756,"date":"2026-02-19T16:29:29","date_gmt":"2026-02-19T15:29:29","guid":{"rendered":"https:\/\/selleetools.com\/?post_type=product&#038;p=675756"},"modified":"2026-04-18T15:42:18","modified_gmt":"2026-04-18T13:42:18","slug":"lancuch-rynnowy-patynowy-na-wode-deszczowa","status":"publish","type":"product","link":"https:\/\/selleetools.com\/pl\/product\/lancuch-rynnowy-patynowy-na-wode-deszczowa\/","title":{"rendered":"\u0141a\u0144cuch rynnowy patynowy na wod\u0119 deszczow\u0105"},"content":{"rendered":"<section class=\"section\">\t<\/p>\n<div class=\"item item-6\">\t\t<\/p>\n<section class=\"text-item\"><\/p>\n<h1>\u0141a\u0144cuch rynnowy patynowy na wod\u0119 deszczow\u0105<\/h1>\n<p>Oryginalna alternatywa dla tradycyjnej rury spustowej. Ozdobny \u0142a\u0144cuch deszczowy z kubeczkami przypominaj\u0105cymi kwiaty tulipana daje unikaln\u0105 ozdob\u0119 dla domu. Segmenty \u0142a\u0144cuchowe \u0142\u0105cz\u0105 \u017c\u0142obkowane kubki ze sob\u0105, woda \u0142agodnie sp\u0142ywa w d\u00f3\u0142. \u0141a\u0144cuch deszczowy wystarczy za pomoc\u0105 haczyka (do\u0142\u0105czony w zestawie) zawiesi\u0107 w otworze rynny. D\u0142ugo\u015b\u0107 jest standardowa 2,59m, ale w razie konieczno\u015bci mo\u017cna dowolnie przed\u0142u\u017ca\u0107 lub skraca\u0107 deszczownic\u0119. Mo\u017cna umie\u015bci\u0107 zbiornik lub donic\u0119 tak, aby zebran\u0105 wod\u0119 u\u017cywa\u0107 w ogrodzie.<\/p>\n<p>Wymiary: 8x8x26 cm<\/p>\n<p>\t\t<\/section>\n<p>\t<\/div>\n<p>\t<\/p>\n<div class=\"item item-6\">\t\t<\/p>\n<section class=\"image-item\"><img src=\"https:\/\/upload.cdn.baselinker.com\/products\/3028621\/2e88f0a6e428f254c1670b62fb7d90e0.jpg\"><\/section>\n<p>\t<\/div>\n<p><\/section>\n<section class=\"section\">\t<\/p>\n<div class=\"item item-12\">\t\t<\/p>\n<section class=\"image-item\"><img src=\"https:\/\/upload.cdn.baselinker.com\/products\/3028621\/d39b7484cdabaf5b6bd4b9a1f0de4925.jpg\"><\/section>\n<p>\t<\/div>\n<p><\/section>\n<section class=\"section\">\t<\/p>\n<div class=\"item item-12\">\t\t<\/p>\n<section class=\"image-item\"><img src=\"https:\/\/upload.cdn.baselinker.com\/products\/3028621\/3cbf5215efa65ce607706702e15d6254.jpg\"><\/section>\n<p>\t<\/div>\n<p><\/section>\n","protected":false},"excerpt":{"rendered":"<p>\u0141a\u0144cuch rynnowy patynowy na wod\u0119 deszczow\u0105 Oryginalna alternatywa dla tradycyjnej rury spustowej. Ozdobny \u0142a\u0144cuch deszczowy z kubeczkami przypominaj\u0105cymi kwiaty tulipana daje unikaln\u0105 ozdob\u0119 dla domu. Segmenty \u0142a\u0144cuchowe \u0142\u0105cz\u0105 \u017c\u0142obkowane kubki ze sob\u0105, woda \u0142agodnie sp\u0142ywa w d\u00f3\u0142. \u0141a\u0144cuch deszczowy wystarczy za pomoc\u0105 haczyka (do\u0142\u0105czony w zestawie) zawiesi\u0107 w otworze rynny. D\u0142ugo\u015b\u0107 jest standardowa 2,59m, ale &#8230; <a title=\"\u0141a\u0144cuch rynnowy patynowy na wod\u0119 deszczow\u0105\" class=\"read-more\" href=\"https:\/\/selleetools.com\/pl\/product\/lancuch-rynnowy-patynowy-na-wode-deszczowa\/\">Read more<span class=\"screen-reader-text\">\u0141a\u0144cuch rynnowy patynowy na wod\u0119 deszczow\u0105<\/span><\/a><\/p>\n","protected":false},"featured_media":675748,"comment_status":"open","ping_status":"closed","template":"","meta":{"_links_to":"","_links_to_target":""},"yoast_head":"<!-- This site is optimized with the Yoast SEO plugin v19.4 - https:\/\/yoast.com\/wordpress\/plugins\/seo\/ -->\n<title>\u0141a\u0144cuch rynnowy patynowy na wod\u0119 deszczow\u0105 - Selleetools.com<\/title>\n<meta name=\"robots\" content=\"index, follow, max-snippet:-1, max-image-preview:large, max-video-preview:-1\" \/>\n<link rel=\"canonical\" href=\"https:\/\/selleetools.com\/pl\/product\/lancuch-rynnowy-patynowy-na-wode-deszczowa\/\" \/>\n<meta property=\"og:locale\" content=\"pl_PL\" \/>\n<meta property=\"og:type\" content=\"article\" \/>\n<meta property=\"og:title\" content=\"\u0141a\u0144cuch rynnowy patynowy na wod\u0119 deszczow\u0105 - Selleetools.com\" \/>\n<meta property=\"og:description\" content=\"\u0141a\u0144cuch rynnowy patynowy na wod\u0119 deszczow\u0105 Oryginalna alternatywa dla tradycyjnej rury spustowej. Ozdobny \u0142a\u0144cuch deszczowy z kubeczkami przypominaj\u0105cymi kwiaty tulipana daje unikaln\u0105 ozdob\u0119 dla domu. Segmenty \u0142a\u0144cuchowe \u0142\u0105cz\u0105 \u017c\u0142obkowane kubki ze sob\u0105, woda \u0142agodnie sp\u0142ywa w d\u00f3\u0142. \u0141a\u0144cuch deszczowy wystarczy za pomoc\u0105 haczyka (do\u0142\u0105czony w zestawie) zawiesi\u0107 w otworze rynny. D\u0142ugo\u015b\u0107 jest standardowa 2,59m, ale ... Read more\u0141a\u0144cuch rynnowy patynowy na wod\u0119 deszczow\u0105\" \/>\n<meta property=\"og:url\" content=\"https:\/\/selleetools.com\/pl\/product\/lancuch-rynnowy-patynowy-na-wode-deszczowa\/\" \/>\n<meta property=\"og:site_name\" content=\"Selleetools.com\" \/>\n<meta property=\"article:modified_time\" content=\"2026-04-18T13:42:18+00:00\" \/>\n<meta property=\"og:image\" content=\"https:\/\/selleetools.com\/wp-content\/uploads\/2026\/02\/2e88f0a6e428f254c1670b62fb7d90e0.jpg\" \/>\n\t<meta property=\"og:image:width\" content=\"576\" \/>\n\t<meta property=\"og:image:height\" content=\"806\" \/>\n\t<meta property=\"og:image:type\" content=\"image\/jpeg\" \/>\n<meta name=\"twitter:card\" content=\"summary_large_image\" \/>\n<!-- \/ Yoast SEO plugin. -->","yoast_head_json":{"title":"\u0141a\u0144cuch rynnowy patynowy na wod\u0119 deszczow\u0105 - Selleetools.com","robots":{"index":"index","follow":"follow","max-snippet":"max-snippet:-1","max-image-preview":"max-image-preview:large","max-video-preview":"max-video-preview:-1"},"canonical":"https:\/\/selleetools.com\/pl\/product\/lancuch-rynnowy-patynowy-na-wode-deszczowa\/","og_locale":"pl_PL","og_type":"article","og_title":"\u0141a\u0144cuch rynnowy patynowy na wod\u0119 deszczow\u0105 - Selleetools.com","og_description":"\u0141a\u0144cuch rynnowy patynowy na wod\u0119 deszczow\u0105 Oryginalna alternatywa dla tradycyjnej rury spustowej. Ozdobny \u0142a\u0144cuch deszczowy z kubeczkami przypominaj\u0105cymi kwiaty tulipana daje unikaln\u0105 ozdob\u0119 dla domu. Segmenty \u0142a\u0144cuchowe \u0142\u0105cz\u0105 \u017c\u0142obkowane kubki ze sob\u0105, woda \u0142agodnie sp\u0142ywa w d\u00f3\u0142. \u0141a\u0144cuch deszczowy wystarczy za pomoc\u0105 haczyka (do\u0142\u0105czony w zestawie) zawiesi\u0107 w otworze rynny. D\u0142ugo\u015b\u0107 jest standardowa 2,59m, ale ... Read more\u0141a\u0144cuch rynnowy patynowy na wod\u0119 deszczow\u0105","og_url":"https:\/\/selleetools.com\/pl\/product\/lancuch-rynnowy-patynowy-na-wode-deszczowa\/","og_site_name":"Selleetools.com","article_modified_time":"2026-04-18T13:42:18+00:00","og_image":[{"width":576,"height":806,"url":"https:\/\/selleetools.com\/wp-content\/uploads\/2026\/02\/2e88f0a6e428f254c1670b62fb7d90e0.jpg","type":"image\/jpeg"}],"twitter_card":"summary_large_image","schema":{"@context":"https:\/\/schema.org","@graph":[{"@type":"Organization","@id":"https:\/\/selleetools.com\/#organization","name":"Selleetools","url":"https:\/\/selleetools.com\/","sameAs":[],"logo":{"@type":"ImageObject","inLanguage":"pl-PL","@id":"https:\/\/selleetools.com\/#\/schema\/logo\/image\/","url":"https:\/\/selleetools.com\/wp-content\/uploads\/2021\/10\/logo-dark.png","contentUrl":"https:\/\/selleetools.com\/wp-content\/uploads\/2021\/10\/logo-dark.png","width":320,"height":76,"caption":"Selleetools"},"image":{"@id":"https:\/\/selleetools.com\/#\/schema\/logo\/image\/"}},{"@type":"WebSite","@id":"https:\/\/selleetools.com\/#website","url":"https:\/\/selleetools.com\/","name":"Selleetools.com","description":"","publisher":{"@id":"https:\/\/selleetools.com\/#organization"},"potentialAction":[{"@type":"SearchAction","target":{"@type":"EntryPoint","urlTemplate":"https:\/\/selleetools.com\/?s={search_term_string}"},"query-input":"required name=search_term_string"}],"inLanguage":"pl-PL"},{"@type":"WebPage","@id":"https:\/\/selleetools.com\/pl\/product\/lancuch-rynnowy-patynowy-na-wode-deszczowa\/","url":"https:\/\/selleetools.com\/pl\/product\/lancuch-rynnowy-patynowy-na-wode-deszczowa\/","name":"\u0141a\u0144cuch rynnowy patynowy na wod\u0119 deszczow\u0105 - Selleetools.com","isPartOf":{"@id":"https:\/\/selleetools.com\/#website"},"datePublished":"2026-02-19T15:29:29+00:00","dateModified":"2026-04-18T13:42:18+00:00","breadcrumb":{"@id":"https:\/\/selleetools.com\/pl\/product\/lancuch-rynnowy-patynowy-na-wode-deszczowa\/#breadcrumb"},"inLanguage":"pl-PL","potentialAction":[{"@type":"ReadAction","target":["https:\/\/selleetools.com\/pl\/product\/lancuch-rynnowy-patynowy-na-wode-deszczowa\/"]}]},{"@type":"BreadcrumbList","@id":"https:\/\/selleetools.com\/pl\/product\/lancuch-rynnowy-patynowy-na-wode-deszczowa\/#breadcrumb","itemListElement":[{"@type":"ListItem","position":1,"name":"Home","item":"https:\/\/selleetools.com\/pl\/"},{"@type":"ListItem","position":2,"name":"Katalog","item":"https:\/\/selleetools.com\/pl\/katalog\/"},{"@type":"ListItem","position":3,"name":"\u0141a\u0144cuch rynnowy patynowy na wod\u0119 deszczow\u0105"}]}]}},"_links":{"self":[{"href":"https:\/\/selleetools.com\/pl\/wp-json\/wp\/v2\/product\/675756"}],"collection":[{"href":"https:\/\/selleetools.com\/pl\/wp-json\/wp\/v2\/product"}],"about":[{"href":"https:\/\/selleetools.com\/pl\/wp-json\/wp\/v2\/types\/product"}],"replies":[{"embeddable":true,"href":"https:\/\/selleetools.com\/pl\/wp-json\/wp\/v2\/comments?post=675756"}],"wp:featuredmedia":[{"embeddable":true,"href":"https:\/\/selleetools.com\/pl\/wp-json\/wp\/v2\/media\/675748"}],"wp:attachment":[{"href":"https:\/\/selleetools.com\/pl\/wp-json\/wp\/v2\/media?parent=675756"}],"curies":[{"name":"wp","href":"https:\/\/api.w.org\/{rel}","templated":true}]}}