{"id":675727,"date":"2026-02-19T16:29:18","date_gmt":"2026-02-19T15:29:18","guid":{"rendered":"https:\/\/selleetools.com\/?post_type=product&#038;p=675727"},"modified":"2026-04-18T15:42:09","modified_gmt":"2026-04-18T13:42:09","slug":"stojak-choinkowy-okragly-24w-na-choinke-do-25m","status":"publish","type":"product","link":"https:\/\/selleetools.com\/pl\/product\/stojak-choinkowy-okragly-24w-na-choinke-do-25m\/","title":{"rendered":"Stojak choinkowy Okr\u0105g\u0142y 24W na choink\u0119 do 2,5m"},"content":{"rendered":"<section class=\"section\">\t<\/p>\n<div class=\"item item-6\">\t\t<\/p>\n<section class=\"image-item\"><img src=\"https:\/\/upload.cdn.baselinker.com\/products\/3028621\/ba3a0b75ea886976fee5594fe1f85194.jpg\"><\/section>\n<p>\t<\/div>\n<p>\t<\/p>\n<div class=\"item item-6\">\t\t<\/p>\n<section class=\"text-item\"><\/p>\n<h1>Stojak choinkowy Okr\u0105g\u0142y 24W<\/h1>\n<h2>Specyfikacja&nbsp;stojaka:<\/h2>\n<ul>\n<li>rozmiar 39,5 cm,<\/li>\n<li>wysoko\u015b\u0107 &#8211; 14,5 cm<\/li>\n<li>waga stojaka &#8211; 0,8 kg<\/li>\n<li>\u015brednica pnia &#8211; do&nbsp;10 cm<\/li>\n<li>ilo\u015b\u0107 wody\/piasku &#8211; &nbsp;do 2l<\/li>\n<li>wysoko\u015b\u0107 choinki &#8211; do 2,5m<\/li>\n<\/ul>\n<p>\t\t<\/section>\n<p>\t<\/div>\n<p><\/section>\n<section class=\"section\">\t<\/p>\n<div class=\"item item-12\">\t\t<\/p>\n<section class=\"text-item\"><\/p>\n<p><b>Stojak choinkowy\u00a0Okr\u0105g\u0142y 24W<\/b>\u00a0<b>jest:<\/b><\/p>\n<p><\/p>\n<ul>\n<li>wykonany\u00a0jest z tworzywa sztucznego o znacznej wytrzyma\u0142o\u015bci<\/li>\n<li>bezpieczny i bardzo stabilny dzi\u0119ki optymalnemu doborowi punkt\u00f3w podparcia<\/li>\n<li>lekki i niewielkich rozmiar\u00f3w, co u\u0142atwia przechowywanie<\/li>\n<li>umo\u017cliwia \u0142atwy i szybki monta\u017c drzewek zar\u00f3wno o ma\u0142ej jak i du\u017cej \u015brednicy pnia drzewka (jod\u0142a kaukaska, \u015bwierk srebrny)<\/li>\n<li>posiada pojemnik na wod\u0119, co pozwala zachowa\u0107 przez d\u0142ugi czas \u015bwie\u017co\u015b\u0107 i naturalny zapach choinki.<\/li>\n<\/ul>\n<p>\t\t<\/section>\n<p>\t<\/div>\n<p><\/section>\n<section class=\"section\">\t<\/p>\n<div class=\"item item-6\">\t\t<\/p>\n<section class=\"image-item\"><img src=\"https:\/\/upload.cdn.baselinker.com\/products\/3028621\/8a772c6f645b7f4cadbea61635893305.jpg\"><\/section>\n<p>\t<\/div>\n<p>\t<\/p>\n<div class=\"item item-6\">\t\t<\/p>\n<section class=\"image-item\"><img src=\"https:\/\/upload.cdn.baselinker.com\/products\/3028621\/93c9b9d5bee8ffad085451f5f9694986.jpg\"><\/section>\n<p>\t<\/div>\n<p><\/section>\n<section class=\"section\">\t<\/p>\n<div class=\"item item-12\">\t\t<\/p>\n<section class=\"image-item\"><img src=\"https:\/\/upload.cdn.baselinker.com\/products\/3028621\/16d945ad9da71be57e83ba81cbbe333c.jpg\"><\/section>\n<p>\t<\/div>\n<p><\/section>\n<section class=\"section\">\t<\/p>\n<div class=\"item item-6\">\t\t<\/p>\n<section class=\"image-item\"><img src=\"https:\/\/upload.cdn.baselinker.com\/products\/3028621\/264d08e492d495c3c37c8d4865d10170.jpg\"><\/section>\n<p>\t<\/div>\n<p>\t<\/p>\n<div class=\"item item-6\">\t\t<\/p>\n<section class=\"image-item\"><img src=\"https:\/\/upload.cdn.baselinker.com\/products\/3028621\/44c193b2107312039977a913674fd7f0.jpg\"><\/section>\n<p>\t<\/div>\n<p><\/section>\n<section class=\"section\">\t<\/p>\n<div class=\"item item-6\">\t\t<\/p>\n<section class=\"image-item\"><img src=\"https:\/\/upload.cdn.baselinker.com\/products\/3028621\/16d945ad9da71be57e83ba81cbbe333c.jpg\"><\/section>\n<p>\t<\/div>\n<p>\t<\/p>\n<div class=\"item item-6\">\t\t<\/p>\n<section class=\"image-item\"><img src=\"https:\/\/upload.cdn.baselinker.com\/products\/3028621\/8a772c6f645b7f4cadbea61635893305.jpg\"><\/section>\n<p>\t<\/div>\n<p><\/section>\n<section class=\"section\">\t<\/p>\n<div class=\"item item-6\">\t\t<\/p>\n<section class=\"image-item\"><img src=\"https:\/\/upload.cdn.baselinker.com\/products\/3028621\/93c9b9d5bee8ffad085451f5f9694986.jpg\"><\/section>\n<p>\t<\/div>\n<p>\t<\/p>\n<div class=\"item item-6\">\t\t<\/p>\n<section class=\"image-item\"><img src=\"https:\/\/upload.cdn.baselinker.com\/products\/3028621\/ceecd65cffeb75ba302e839cdf72a2e1.jpg\"><\/section>\n<p>\t<\/div>\n<p><\/section>\n<section class=\"section\">\t<\/p>\n<div class=\"item item-6\">\t\t<\/p>\n<section class=\"image-item\"><img src=\"https:\/\/upload.cdn.baselinker.com\/products\/3028621\/264d08e492d495c3c37c8d4865d10170.jpg\"><\/section>\n<p>\t<\/div>\n<p>\t<\/p>\n<div class=\"item item-6\">\t\t<\/p>\n<section class=\"image-item\"><img src=\"https:\/\/upload.cdn.baselinker.com\/products\/3028621\/44c193b2107312039977a913674fd7f0.jpg\"><\/section>\n<p>\t<\/div>\n<p><\/section>\n<section class=\"section\">\t<\/p>\n<div class=\"item item-6\">\t\t<\/p>\n<section class=\"image-item\"><img src=\"https:\/\/upload.cdn.baselinker.com\/products\/3028621\/16d945ad9da71be57e83ba81cbbe333c.jpg\"><\/section>\n<p>\t<\/div>\n<p>\t<\/p>\n<div class=\"item item-6\">\t\t<\/p>\n<section class=\"image-item\"><img src=\"https:\/\/upload.cdn.baselinker.com\/products\/3028621\/8a772c6f645b7f4cadbea61635893305.jpg\"><\/section>\n<p>\t<\/div>\n<p><\/section>\n<section class=\"section\">\t<\/p>\n<div class=\"item item-6\">\t\t<\/p>\n<section class=\"image-item\"><img src=\"https:\/\/upload.cdn.baselinker.com\/products\/3028621\/93c9b9d5bee8ffad085451f5f9694986.jpg\"><\/section>\n<p>\t<\/div>\n<p>\t<\/p>\n<div class=\"item item-6\">\t\t<\/p>\n<section class=\"image-item\"><img src=\"https:\/\/upload.cdn.baselinker.com\/products\/3028621\/ceecd65cffeb75ba302e839cdf72a2e1.jpg\"><\/section>\n<p>\t<\/div>\n<p><\/section>\n","protected":false},"excerpt":{"rendered":"<p>Stojak choinkowy Okr\u0105g\u0142y 24W Specyfikacja&nbsp;stojaka: rozmiar 39,5 cm, wysoko\u015b\u0107 &#8211; 14,5 cm waga stojaka &#8211; 0,8 kg \u015brednica pnia &#8211; do&nbsp;10 cm ilo\u015b\u0107 wody\/piasku &#8211; &nbsp;do 2l wysoko\u015b\u0107 choinki &#8211; do 2,5m Stojak choinkowy\u00a0Okr\u0105g\u0142y 24W\u00a0jest: wykonany\u00a0jest z tworzywa sztucznego o znacznej wytrzyma\u0142o\u015bci bezpieczny i bardzo stabilny dzi\u0119ki optymalnemu doborowi punkt\u00f3w podparcia lekki i niewielkich rozmiar\u00f3w, &#8230; <a title=\"Stojak choinkowy Okr\u0105g\u0142y 24W na choink\u0119 do 2,5m\" class=\"read-more\" href=\"https:\/\/selleetools.com\/pl\/product\/stojak-choinkowy-okragly-24w-na-choinke-do-25m\/\">Read more<span class=\"screen-reader-text\">Stojak choinkowy Okr\u0105g\u0142y 24W na choink\u0119 do 2,5m<\/span><\/a><\/p>\n","protected":false},"featured_media":675713,"comment_status":"open","ping_status":"closed","template":"","meta":{"_links_to":"","_links_to_target":""},"yoast_head":"<!-- This site is optimized with the Yoast SEO plugin v19.4 - https:\/\/yoast.com\/wordpress\/plugins\/seo\/ -->\n<title>Stojak choinkowy Okr\u0105g\u0142y 24W na choink\u0119 do 2,5m - Selleetools.com<\/title>\n<meta name=\"robots\" content=\"index, follow, max-snippet:-1, max-image-preview:large, max-video-preview:-1\" \/>\n<link rel=\"canonical\" href=\"https:\/\/selleetools.com\/pl\/product\/stojak-choinkowy-okragly-24w-na-choinke-do-25m\/\" \/>\n<meta property=\"og:locale\" content=\"pl_PL\" \/>\n<meta property=\"og:type\" content=\"article\" \/>\n<meta property=\"og:title\" content=\"Stojak choinkowy Okr\u0105g\u0142y 24W na choink\u0119 do 2,5m - Selleetools.com\" \/>\n<meta property=\"og:description\" content=\"Stojak choinkowy Okr\u0105g\u0142y 24W Specyfikacja&nbsp;stojaka: rozmiar 39,5 cm, wysoko\u015b\u0107 &#8211; 14,5 cm waga stojaka &#8211; 0,8 kg \u015brednica pnia &#8211; do&nbsp;10 cm ilo\u015b\u0107 wody\/piasku &#8211; &nbsp;do 2l wysoko\u015b\u0107 choinki &#8211; do 2,5m Stojak choinkowy\u00a0Okr\u0105g\u0142y 24W\u00a0jest: wykonany\u00a0jest z tworzywa sztucznego o znacznej wytrzyma\u0142o\u015bci bezpieczny i bardzo stabilny dzi\u0119ki optymalnemu doborowi punkt\u00f3w podparcia lekki i niewielkich rozmiar\u00f3w, ... Read moreStojak choinkowy Okr\u0105g\u0142y 24W na choink\u0119 do 2,5m\" \/>\n<meta property=\"og:url\" content=\"https:\/\/selleetools.com\/pl\/product\/stojak-choinkowy-okragly-24w-na-choinke-do-25m\/\" \/>\n<meta property=\"og:site_name\" content=\"Selleetools.com\" \/>\n<meta property=\"article:modified_time\" content=\"2026-04-18T13:42:09+00:00\" \/>\n<meta property=\"og:image\" content=\"https:\/\/selleetools.com\/wp-content\/uploads\/2026\/02\/ba3a0b75ea886976fee5594fe1f85194.jpg\" \/>\n\t<meta property=\"og:image:width\" content=\"2132\" \/>\n\t<meta property=\"og:image:height\" content=\"1624\" \/>\n\t<meta property=\"og:image:type\" content=\"image\/jpeg\" \/>\n<meta name=\"twitter:card\" content=\"summary_large_image\" \/>\n<meta name=\"twitter:label1\" content=\"Est. reading time\" \/>\n\t<meta name=\"twitter:data1\" content=\"1 minuta\" \/>\n<!-- \/ Yoast SEO plugin. -->","yoast_head_json":{"title":"Stojak choinkowy Okr\u0105g\u0142y 24W na choink\u0119 do 2,5m - Selleetools.com","robots":{"index":"index","follow":"follow","max-snippet":"max-snippet:-1","max-image-preview":"max-image-preview:large","max-video-preview":"max-video-preview:-1"},"canonical":"https:\/\/selleetools.com\/pl\/product\/stojak-choinkowy-okragly-24w-na-choinke-do-25m\/","og_locale":"pl_PL","og_type":"article","og_title":"Stojak choinkowy Okr\u0105g\u0142y 24W na choink\u0119 do 2,5m - Selleetools.com","og_description":"Stojak choinkowy Okr\u0105g\u0142y 24W Specyfikacja&nbsp;stojaka: rozmiar 39,5 cm, wysoko\u015b\u0107 &#8211; 14,5 cm waga stojaka &#8211; 0,8 kg \u015brednica pnia &#8211; do&nbsp;10 cm ilo\u015b\u0107 wody\/piasku &#8211; &nbsp;do 2l wysoko\u015b\u0107 choinki &#8211; do 2,5m Stojak choinkowy\u00a0Okr\u0105g\u0142y 24W\u00a0jest: wykonany\u00a0jest z tworzywa sztucznego o znacznej wytrzyma\u0142o\u015bci bezpieczny i bardzo stabilny dzi\u0119ki optymalnemu doborowi punkt\u00f3w podparcia lekki i niewielkich rozmiar\u00f3w, ... Read moreStojak choinkowy Okr\u0105g\u0142y 24W na choink\u0119 do 2,5m","og_url":"https:\/\/selleetools.com\/pl\/product\/stojak-choinkowy-okragly-24w-na-choinke-do-25m\/","og_site_name":"Selleetools.com","article_modified_time":"2026-04-18T13:42:09+00:00","og_image":[{"width":2132,"height":1624,"url":"https:\/\/selleetools.com\/wp-content\/uploads\/2026\/02\/ba3a0b75ea886976fee5594fe1f85194.jpg","type":"image\/jpeg"}],"twitter_card":"summary_large_image","twitter_misc":{"Est. reading time":"1 minuta"},"schema":{"@context":"https:\/\/schema.org","@graph":[{"@type":"Organization","@id":"https:\/\/selleetools.com\/#organization","name":"Selleetools","url":"https:\/\/selleetools.com\/","sameAs":[],"logo":{"@type":"ImageObject","inLanguage":"pl-PL","@id":"https:\/\/selleetools.com\/#\/schema\/logo\/image\/","url":"https:\/\/selleetools.com\/wp-content\/uploads\/2021\/10\/logo-dark.png","contentUrl":"https:\/\/selleetools.com\/wp-content\/uploads\/2021\/10\/logo-dark.png","width":320,"height":76,"caption":"Selleetools"},"image":{"@id":"https:\/\/selleetools.com\/#\/schema\/logo\/image\/"}},{"@type":"WebSite","@id":"https:\/\/selleetools.com\/#website","url":"https:\/\/selleetools.com\/","name":"Selleetools.com","description":"","publisher":{"@id":"https:\/\/selleetools.com\/#organization"},"potentialAction":[{"@type":"SearchAction","target":{"@type":"EntryPoint","urlTemplate":"https:\/\/selleetools.com\/?s={search_term_string}"},"query-input":"required name=search_term_string"}],"inLanguage":"pl-PL"},{"@type":"WebPage","@id":"https:\/\/selleetools.com\/pl\/product\/stojak-choinkowy-okragly-24w-na-choinke-do-25m\/","url":"https:\/\/selleetools.com\/pl\/product\/stojak-choinkowy-okragly-24w-na-choinke-do-25m\/","name":"Stojak choinkowy Okr\u0105g\u0142y 24W na choink\u0119 do 2,5m - Selleetools.com","isPartOf":{"@id":"https:\/\/selleetools.com\/#website"},"datePublished":"2026-02-19T15:29:18+00:00","dateModified":"2026-04-18T13:42:09+00:00","breadcrumb":{"@id":"https:\/\/selleetools.com\/pl\/product\/stojak-choinkowy-okragly-24w-na-choinke-do-25m\/#breadcrumb"},"inLanguage":"pl-PL","potentialAction":[{"@type":"ReadAction","target":["https:\/\/selleetools.com\/pl\/product\/stojak-choinkowy-okragly-24w-na-choinke-do-25m\/"]}]},{"@type":"BreadcrumbList","@id":"https:\/\/selleetools.com\/pl\/product\/stojak-choinkowy-okragly-24w-na-choinke-do-25m\/#breadcrumb","itemListElement":[{"@type":"ListItem","position":1,"name":"Home","item":"https:\/\/selleetools.com\/pl\/"},{"@type":"ListItem","position":2,"name":"Katalog","item":"https:\/\/selleetools.com\/pl\/katalog\/"},{"@type":"ListItem","position":3,"name":"Stojak choinkowy Okr\u0105g\u0142y 24W na choink\u0119 do 2,5m"}]}]}},"_links":{"self":[{"href":"https:\/\/selleetools.com\/pl\/wp-json\/wp\/v2\/product\/675727"}],"collection":[{"href":"https:\/\/selleetools.com\/pl\/wp-json\/wp\/v2\/product"}],"about":[{"href":"https:\/\/selleetools.com\/pl\/wp-json\/wp\/v2\/types\/product"}],"replies":[{"embeddable":true,"href":"https:\/\/selleetools.com\/pl\/wp-json\/wp\/v2\/comments?post=675727"}],"wp:featuredmedia":[{"embeddable":true,"href":"https:\/\/selleetools.com\/pl\/wp-json\/wp\/v2\/media\/675713"}],"wp:attachment":[{"href":"https:\/\/selleetools.com\/pl\/wp-json\/wp\/v2\/media?parent=675727"}],"curies":[{"name":"wp","href":"https:\/\/api.w.org\/{rel}","templated":true}]}}