{"id":675659,"date":"2026-02-19T16:28:50","date_gmt":"2026-02-19T15:28:50","guid":{"rendered":"https:\/\/selleetools.com\/?post_type=product&#038;p=675659"},"modified":"2026-04-18T15:41:40","modified_gmt":"2026-04-18T13:41:40","slug":"siekiera-uniwersalna-fiberglass-800g","status":"publish","type":"product","link":"https:\/\/selleetools.com\/pl\/product\/siekiera-uniwersalna-fiberglass-800g\/","title":{"rendered":"Siekiera uniwersalna FIBERGLASS 800g"},"content":{"rendered":"<section class=\"section\">\n<div class=\"item item-12\">\n<section class=\"text-item\">\n<h1>Siekiera uniwersalna FIBERGLASS 800g<\/h1>\n<p><b> Cechy produktu:<\/b><\/p>\n<ul>\n<li>ostrze wykonane ze stali hartowanej<\/li>\n<li>antypo\u015blizgowa powierzchnia r\u0105czki TPR\u00a0<\/li>\n<li>trzonek wzmocniony w\u0142\u00f3knem szklanym<\/li>\n<\/ul>\n<p><b>Specyfikacja:<\/b><\/p>\n<ul>\n<li>waga g\u0142owicy: 800g<\/li>\n<li>d\u0142ugo\u015b\u0107 ca\u0142kowita narz\u0119dzia: ok.38cm<\/li>\n<li>wymiary g\u0142owicy:\u00a0<b>16,5 x 11,5 x 5 x 2,5cm<\/b><\/li>\n<\/ul>\n<\/section><\/div>\n<\/section>\n<section class=\"section\">\n<div class=\"item item-12\">\n<section class=\"image-item\"><img src=\"https:\/\/upload.cdn.baselinker.com\/products\/3028621\/03abc8caac7f4fb6ede756a1315963a7.png\"><\/section>\n<\/p><\/div>\n<\/section>\n<section class=\"section\">\n<div class=\"item item-6\">\n<section class=\"image-item\"><img src=\"https:\/\/upload.cdn.baselinker.com\/products\/3028621\/03abc8caac7f4fb6ede756a1315963a7.png\"><\/section>\n<\/p><\/div>\n<div class=\"item item-6\">\n<section class=\"image-item\"><img src=\"https:\/\/upload.cdn.baselinker.com\/products\/3028621\/ac76a78db7321943985b70a603991024.png\"><\/section>\n<\/p><\/div>\n<\/section>\n<section class=\"section\">\n<div class=\"item item-6\">\n<section class=\"image-item\"><img src=\"https:\/\/upload.cdn.baselinker.com\/products\/3028621\/102f204dec0aceb97672c53830c88bfa.png\"><\/section>\n<\/p><\/div>\n<div class=\"item item-6\">\n<section class=\"image-item\"><img src=\"https:\/\/upload.cdn.baselinker.com\/products\/3028621\/d0961d39d038b0d073a50528e8c97238.png\"><\/section>\n<\/p><\/div>\n<\/section>\n","protected":false},"excerpt":{"rendered":"<p>Siekiera uniwersalna FIBERGLASS 800g Cechy produktu: ostrze wykonane ze stali hartowanej antypo\u015blizgowa powierzchnia r\u0105czki TPR\u00a0 trzonek wzmocniony w\u0142\u00f3knem szklanym Specyfikacja: waga g\u0142owicy: 800g d\u0142ugo\u015b\u0107 ca\u0142kowita narz\u0119dzia: ok.38cm wymiary g\u0142owicy:\u00a016,5 x 11,5 x 5 x 2,5cm<\/p>\n","protected":false},"featured_media":675651,"comment_status":"open","ping_status":"closed","template":"","meta":{"_links_to":"","_links_to_target":""},"yoast_head":"<!-- This site is optimized with the Yoast SEO plugin v19.4 - https:\/\/yoast.com\/wordpress\/plugins\/seo\/ -->\n<title>Siekiera uniwersalna FIBERGLASS 800g - Selleetools.com<\/title>\n<meta name=\"robots\" content=\"index, follow, max-snippet:-1, max-image-preview:large, max-video-preview:-1\" \/>\n<link rel=\"canonical\" href=\"https:\/\/selleetools.com\/pl\/product\/siekiera-uniwersalna-fiberglass-800g\/\" \/>\n<meta property=\"og:locale\" content=\"pl_PL\" \/>\n<meta property=\"og:type\" content=\"article\" \/>\n<meta property=\"og:title\" content=\"Siekiera uniwersalna FIBERGLASS 800g - Selleetools.com\" \/>\n<meta property=\"og:description\" content=\"Siekiera uniwersalna FIBERGLASS 800g Cechy produktu: ostrze wykonane ze stali hartowanej antypo\u015blizgowa powierzchnia r\u0105czki TPR\u00a0 trzonek wzmocniony w\u0142\u00f3knem szklanym Specyfikacja: waga g\u0142owicy: 800g d\u0142ugo\u015b\u0107 ca\u0142kowita narz\u0119dzia: ok.38cm wymiary g\u0142owicy:\u00a016,5 x 11,5 x 5 x 2,5cm\" \/>\n<meta property=\"og:url\" content=\"https:\/\/selleetools.com\/pl\/product\/siekiera-uniwersalna-fiberglass-800g\/\" \/>\n<meta property=\"og:site_name\" content=\"Selleetools.com\" \/>\n<meta property=\"article:modified_time\" content=\"2026-04-18T13:41:40+00:00\" \/>\n<meta property=\"og:image\" content=\"https:\/\/selleetools.com\/wp-content\/uploads\/2026\/02\/03abc8caac7f4fb6ede756a1315963a7.png\" \/>\n\t<meta property=\"og:image:width\" content=\"800\" \/>\n\t<meta property=\"og:image:height\" content=\"800\" \/>\n\t<meta property=\"og:image:type\" content=\"image\/png\" \/>\n<meta name=\"twitter:card\" content=\"summary_large_image\" \/>\n<!-- \/ Yoast SEO plugin. -->","yoast_head_json":{"title":"Siekiera uniwersalna FIBERGLASS 800g - Selleetools.com","robots":{"index":"index","follow":"follow","max-snippet":"max-snippet:-1","max-image-preview":"max-image-preview:large","max-video-preview":"max-video-preview:-1"},"canonical":"https:\/\/selleetools.com\/pl\/product\/siekiera-uniwersalna-fiberglass-800g\/","og_locale":"pl_PL","og_type":"article","og_title":"Siekiera uniwersalna FIBERGLASS 800g - Selleetools.com","og_description":"Siekiera uniwersalna FIBERGLASS 800g Cechy produktu: ostrze wykonane ze stali hartowanej antypo\u015blizgowa powierzchnia r\u0105czki TPR\u00a0 trzonek wzmocniony w\u0142\u00f3knem szklanym Specyfikacja: waga g\u0142owicy: 800g d\u0142ugo\u015b\u0107 ca\u0142kowita narz\u0119dzia: ok.38cm wymiary g\u0142owicy:\u00a016,5 x 11,5 x 5 x 2,5cm","og_url":"https:\/\/selleetools.com\/pl\/product\/siekiera-uniwersalna-fiberglass-800g\/","og_site_name":"Selleetools.com","article_modified_time":"2026-04-18T13:41:40+00:00","og_image":[{"width":800,"height":800,"url":"https:\/\/selleetools.com\/wp-content\/uploads\/2026\/02\/03abc8caac7f4fb6ede756a1315963a7.png","type":"image\/png"}],"twitter_card":"summary_large_image","schema":{"@context":"https:\/\/schema.org","@graph":[{"@type":"Organization","@id":"https:\/\/selleetools.com\/#organization","name":"Selleetools","url":"https:\/\/selleetools.com\/","sameAs":[],"logo":{"@type":"ImageObject","inLanguage":"pl-PL","@id":"https:\/\/selleetools.com\/#\/schema\/logo\/image\/","url":"https:\/\/selleetools.com\/wp-content\/uploads\/2021\/10\/logo-dark.png","contentUrl":"https:\/\/selleetools.com\/wp-content\/uploads\/2021\/10\/logo-dark.png","width":320,"height":76,"caption":"Selleetools"},"image":{"@id":"https:\/\/selleetools.com\/#\/schema\/logo\/image\/"}},{"@type":"WebSite","@id":"https:\/\/selleetools.com\/#website","url":"https:\/\/selleetools.com\/","name":"Selleetools.com","description":"","publisher":{"@id":"https:\/\/selleetools.com\/#organization"},"potentialAction":[{"@type":"SearchAction","target":{"@type":"EntryPoint","urlTemplate":"https:\/\/selleetools.com\/?s={search_term_string}"},"query-input":"required name=search_term_string"}],"inLanguage":"pl-PL"},{"@type":"WebPage","@id":"https:\/\/selleetools.com\/pl\/product\/siekiera-uniwersalna-fiberglass-800g\/","url":"https:\/\/selleetools.com\/pl\/product\/siekiera-uniwersalna-fiberglass-800g\/","name":"Siekiera uniwersalna FIBERGLASS 800g - Selleetools.com","isPartOf":{"@id":"https:\/\/selleetools.com\/#website"},"datePublished":"2026-02-19T15:28:50+00:00","dateModified":"2026-04-18T13:41:40+00:00","breadcrumb":{"@id":"https:\/\/selleetools.com\/pl\/product\/siekiera-uniwersalna-fiberglass-800g\/#breadcrumb"},"inLanguage":"pl-PL","potentialAction":[{"@type":"ReadAction","target":["https:\/\/selleetools.com\/pl\/product\/siekiera-uniwersalna-fiberglass-800g\/"]}]},{"@type":"BreadcrumbList","@id":"https:\/\/selleetools.com\/pl\/product\/siekiera-uniwersalna-fiberglass-800g\/#breadcrumb","itemListElement":[{"@type":"ListItem","position":1,"name":"Home","item":"https:\/\/selleetools.com\/pl\/"},{"@type":"ListItem","position":2,"name":"Katalog","item":"https:\/\/selleetools.com\/pl\/katalog\/"},{"@type":"ListItem","position":3,"name":"Siekiera uniwersalna FIBERGLASS 800g"}]}]}},"_links":{"self":[{"href":"https:\/\/selleetools.com\/pl\/wp-json\/wp\/v2\/product\/675659"}],"collection":[{"href":"https:\/\/selleetools.com\/pl\/wp-json\/wp\/v2\/product"}],"about":[{"href":"https:\/\/selleetools.com\/pl\/wp-json\/wp\/v2\/types\/product"}],"replies":[{"embeddable":true,"href":"https:\/\/selleetools.com\/pl\/wp-json\/wp\/v2\/comments?post=675659"}],"wp:featuredmedia":[{"embeddable":true,"href":"https:\/\/selleetools.com\/pl\/wp-json\/wp\/v2\/media\/675651"}],"wp:attachment":[{"href":"https:\/\/selleetools.com\/pl\/wp-json\/wp\/v2\/media?parent=675659"}],"curies":[{"name":"wp","href":"https:\/\/api.w.org\/{rel}","templated":true}]}}