{"id":675619,"date":"2026-02-19T16:28:31","date_gmt":"2026-02-19T15:28:31","guid":{"rendered":"https:\/\/selleetools.com\/?post_type=product&#038;p=675619"},"modified":"2026-04-15T17:42:27","modified_gmt":"2026-04-15T15:42:27","slug":"kosz-na-smieci-20l-systema-q-collect-popielaty","status":"publish","type":"product","link":"https:\/\/selleetools.com\/pl\/product\/kosz-na-smieci-20l-systema-q-collect-popielaty\/","title":{"rendered":"Kosz na \u015bmieci 20L SYSTEMA Q COLLECT | Popielaty"},"content":{"rendered":"<section class=\"section\">\n<div class=\"item item-12\">\n<section class=\"text-item\">\n<h1>Kosze na \u015bmieci 20L SYSTEMA Q COLLECT &#8211; Popielaty<\/h1>\n<p><b>Specyfikacja:<\/b><\/p>\n<ul>\n<li>Wysoko\u015b\u0107 &#8211; 44,5 cm<\/li>\n<li>Szeroko\u015b\u0107 &#8211; 23,5 cm<\/li>\n<li>D\u0142ugo\u015b\u0107 -29,5 cm<\/li>\n<li>Pojemno\u015b\u0107 &#8211; 20l<\/li>\n<li>Materia\u0142 &#8211; tworzywo sztuczne<\/li>\n<\/ul>\n<p><b>Zalety:<\/b><\/p>\n<ul>\n<li>Produkt \u0142atwy w czyszczeniu\u00a0<\/li>\n<li>Wygodny w u\u017cytkowaniu<\/li>\n<li>Ponadczasowa, minimalistyczna estetyka<\/li>\n<li>Kosz modu\u0142owy<\/li>\n<li>Idealne rozwi\u0105zanie do miejsc o ograniczonej przestrzeni<\/li>\n<li>Doskonale pasuje do wymiar\u00f3w szafki pod zlewozmywakiem<\/li>\n<li>Mo\u017cna dzi\u0119ki niemu stworzy\u0107 indywidualny system segregacji i organizacji<\/li>\n<li>\u0141atwy w czyszczeniu<\/li>\n<li>Solidny i trwa\u0142y<\/li>\n<\/ul>\n<p><b>Mo\u017cna zawie\u015bci\u0107 na \u015bcianie dzi\u0119ki do\u0142\u0105czonemu wieszakowi. Idealne rozwi\u0105zanie do miejsc o ograniczonej przestrzeni.<\/b><\/p>\n<\/section><\/div>\n<\/section>\n<section class=\"section\">\n<div class=\"item item-12\">\n<section class=\"image-item\"><img src=\"https:\/\/upload.cdn.baselinker.com\/products\/3028621\/323f5f07679c8a9b30dcbc8313ab5a68.jpg\"><\/section>\n<\/p><\/div>\n<\/section>\n<section class=\"section\">\n<div class=\"item item-12\">\n<section class=\"text-item\">\n<p>Praktyczny kosz Compacta Q Collect zosta\u0142 dostosowany do r\u00f3\u017cnorodnych potrzeb u\u017cytkownik\u00f3w. Dzi\u0119ki solidnej r\u0105czce jest \u0142atwy w przenoszeniu, a g\u0142adko wyko\u0144czone wn\u0119trze u\u0142atwia jego czyszczenie. Kosz odpowiada na indywidualne potrzeby u\u017cytkownika. Sortowniki z linii Systema Q posiadaj\u0105 regularne kszta\u0142ty, dzi\u0119ki czemu mo\u017cna go ustawi\u0107 w dowolnej konfiguracji, zale\u017cnie od rozmiaru g\u0142\u00f3wnego kosza. Idealnie pasuje do wymiar\u00f3w szafki pod zlewozmywakiem lub szuflady kuchennej. Mo\u017cna nimi stworzy\u0107 sw\u00f3j w\u0142asny system segregacji. Bez wzgl\u0119du na to, jak intensywnie b\u0119dziesz go u\u017cywa\u0107, mo\u017cesz mie\u0107 pewno\u015b\u0107, \u017ce wytrzyma on pr\u00f3b\u0119 czasu.<\/p>\n<\/section><\/div>\n<\/section>\n<section class=\"section\">\n<div class=\"item item-12\">\n<section class=\"text-item\">\n<p><b>Kosz posiada wyjmowan\u0105 ram\u0119 do zawieszenia worka na \u015bmieci<\/b><\/p>\n<\/section><\/div>\n<\/section>\n<section class=\"section\">\n<div class=\"item item-6\">\n<section class=\"image-item\"><img src=\"https:\/\/upload.cdn.baselinker.com\/products\/3028621\/1107d0a7d3dcd9f964543708b3d546c7.jpg\"><\/section>\n<\/p><\/div>\n<div class=\"item item-6\">\n<section class=\"image-item\"><img src=\"--deleted-from-2--\"><\/section>\n<\/p><\/div>\n<\/section>\n<section class=\"section\">\n<div class=\"item item-12\">\n<section class=\"text-item\">\n<p><b>Kosz posiada wieszak, dzi\u0119ki kt\u00f3remu mo\u017cemu go zawiesi\u0107<\/b><\/p>\n<\/section><\/div>\n<\/section>\n<section class=\"section\">\n<div class=\"item item-6\">\n<section class=\"image-item\"><img src=\"--deleted-from-2--\"><\/section>\n<\/p><\/div>\n<div class=\"item item-6\">\n<section class=\"image-item\"><img src=\"https:\/\/upload.cdn.baselinker.com\/products\/3028621\/2bc9f0ef007d046c86045567f6deb897.jpg\"><\/section>\n<\/p><\/div>\n<\/section>\n<section class=\"section\">\n<div class=\"item item-6\">\n<section class=\"image-item\"><img src=\"https:\/\/upload.cdn.baselinker.com\/products\/3028621\/323f5f07679c8a9b30dcbc8313ab5a68.jpg\"><\/section>\n<\/p><\/div>\n<div class=\"item item-6\">\n<section class=\"image-item\"><img src=\"--deleted-from-2--\"><\/section>\n<\/p><\/div>\n<\/section>\n<section class=\"section\">\n<div class=\"item item-6\">\n<section class=\"image-item\"><img src=\"https:\/\/upload.cdn.baselinker.com\/products\/3028621\/2bc9f0ef007d046c86045567f6deb897.jpg\"><\/section>\n<\/p><\/div>\n<div class=\"item item-6\">\n<section class=\"image-item\"><img src=\"https:\/\/upload.cdn.baselinker.com\/products\/3028621\/1107d0a7d3dcd9f964543708b3d546c7.jpg\"><\/section>\n<\/p><\/div>\n<\/section>\n<section class=\"section\">\n<div class=\"item item-12\">\n<section class=\"image-item\"><img src=\"--deleted-from-2--\"><\/section>\n<\/p><\/div>\n<\/section>\n","protected":false},"excerpt":{"rendered":"<p>Kosze na \u015bmieci 20L SYSTEMA Q COLLECT &#8211; Popielaty Specyfikacja: Wysoko\u015b\u0107 &#8211; 44,5 cm Szeroko\u015b\u0107 &#8211; 23,5 cm D\u0142ugo\u015b\u0107 -29,5 cm Pojemno\u015b\u0107 &#8211; 20l Materia\u0142 &#8211; tworzywo sztuczne Zalety: Produkt \u0142atwy w czyszczeniu\u00a0 Wygodny w u\u017cytkowaniu Ponadczasowa, minimalistyczna estetyka Kosz modu\u0142owy Idealne rozwi\u0105zanie do miejsc o ograniczonej przestrzeni Doskonale pasuje do wymiar\u00f3w szafki pod zlewozmywakiem &#8230; <a title=\"Kosz na \u015bmieci 20L SYSTEMA Q COLLECT | Popielaty\" class=\"read-more\" href=\"https:\/\/selleetools.com\/pl\/product\/kosz-na-smieci-20l-systema-q-collect-popielaty\/\">Read more<span class=\"screen-reader-text\">Kosz na \u015bmieci 20L SYSTEMA Q COLLECT | Popielaty<\/span><\/a><\/p>\n","protected":false},"featured_media":675611,"comment_status":"open","ping_status":"closed","template":"","meta":{"_links_to":"","_links_to_target":""},"yoast_head":"<!-- This site is optimized with the Yoast SEO plugin v19.4 - https:\/\/yoast.com\/wordpress\/plugins\/seo\/ -->\n<title>Kosz na \u015bmieci 20L SYSTEMA Q COLLECT | Popielaty - Selleetools.com<\/title>\n<meta name=\"robots\" content=\"index, follow, max-snippet:-1, max-image-preview:large, max-video-preview:-1\" \/>\n<link rel=\"canonical\" href=\"https:\/\/selleetools.com\/pl\/product\/kosz-na-smieci-20l-systema-q-collect-popielaty\/\" \/>\n<meta property=\"og:locale\" content=\"pl_PL\" \/>\n<meta property=\"og:type\" content=\"article\" \/>\n<meta property=\"og:title\" content=\"Kosz na \u015bmieci 20L SYSTEMA Q COLLECT | Popielaty - Selleetools.com\" \/>\n<meta property=\"og:description\" content=\"Kosze na \u015bmieci 20L SYSTEMA Q COLLECT &#8211; Popielaty Specyfikacja: Wysoko\u015b\u0107 &#8211; 44,5 cm Szeroko\u015b\u0107 &#8211; 23,5 cm D\u0142ugo\u015b\u0107 -29,5 cm Pojemno\u015b\u0107 &#8211; 20l Materia\u0142 &#8211; tworzywo sztuczne Zalety: Produkt \u0142atwy w czyszczeniu\u00a0 Wygodny w u\u017cytkowaniu Ponadczasowa, minimalistyczna estetyka Kosz modu\u0142owy Idealne rozwi\u0105zanie do miejsc o ograniczonej przestrzeni Doskonale pasuje do wymiar\u00f3w szafki pod zlewozmywakiem ... Read moreKosz na \u015bmieci 20L SYSTEMA Q COLLECT | Popielaty\" \/>\n<meta property=\"og:url\" content=\"https:\/\/selleetools.com\/pl\/product\/kosz-na-smieci-20l-systema-q-collect-popielaty\/\" \/>\n<meta property=\"og:site_name\" content=\"Selleetools.com\" \/>\n<meta property=\"article:modified_time\" content=\"2026-04-15T15:42:27+00:00\" \/>\n<meta property=\"og:image\" content=\"https:\/\/selleetools.com\/wp-content\/uploads\/2026\/02\/323f5f07679c8a9b30dcbc8313ab5a68.jpg\" \/>\n\t<meta property=\"og:image:width\" content=\"882\" \/>\n\t<meta property=\"og:image:height\" content=\"1000\" \/>\n\t<meta property=\"og:image:type\" content=\"image\/jpeg\" \/>\n<meta name=\"twitter:card\" content=\"summary_large_image\" \/>\n<meta name=\"twitter:label1\" content=\"Est. reading time\" \/>\n\t<meta name=\"twitter:data1\" content=\"1 minuta\" \/>\n<!-- \/ Yoast SEO plugin. -->","yoast_head_json":{"title":"Kosz na \u015bmieci 20L SYSTEMA Q COLLECT | Popielaty - Selleetools.com","robots":{"index":"index","follow":"follow","max-snippet":"max-snippet:-1","max-image-preview":"max-image-preview:large","max-video-preview":"max-video-preview:-1"},"canonical":"https:\/\/selleetools.com\/pl\/product\/kosz-na-smieci-20l-systema-q-collect-popielaty\/","og_locale":"pl_PL","og_type":"article","og_title":"Kosz na \u015bmieci 20L SYSTEMA Q COLLECT | Popielaty - Selleetools.com","og_description":"Kosze na \u015bmieci 20L SYSTEMA Q COLLECT &#8211; Popielaty Specyfikacja: Wysoko\u015b\u0107 &#8211; 44,5 cm Szeroko\u015b\u0107 &#8211; 23,5 cm D\u0142ugo\u015b\u0107 -29,5 cm Pojemno\u015b\u0107 &#8211; 20l Materia\u0142 &#8211; tworzywo sztuczne Zalety: Produkt \u0142atwy w czyszczeniu\u00a0 Wygodny w u\u017cytkowaniu Ponadczasowa, minimalistyczna estetyka Kosz modu\u0142owy Idealne rozwi\u0105zanie do miejsc o ograniczonej przestrzeni Doskonale pasuje do wymiar\u00f3w szafki pod zlewozmywakiem ... Read moreKosz na \u015bmieci 20L SYSTEMA Q COLLECT | Popielaty","og_url":"https:\/\/selleetools.com\/pl\/product\/kosz-na-smieci-20l-systema-q-collect-popielaty\/","og_site_name":"Selleetools.com","article_modified_time":"2026-04-15T15:42:27+00:00","og_image":[{"width":882,"height":1000,"url":"https:\/\/selleetools.com\/wp-content\/uploads\/2026\/02\/323f5f07679c8a9b30dcbc8313ab5a68.jpg","type":"image\/jpeg"}],"twitter_card":"summary_large_image","twitter_misc":{"Est. reading time":"1 minuta"},"schema":{"@context":"https:\/\/schema.org","@graph":[{"@type":"Organization","@id":"https:\/\/selleetools.com\/#organization","name":"Selleetools","url":"https:\/\/selleetools.com\/","sameAs":[],"logo":{"@type":"ImageObject","inLanguage":"pl-PL","@id":"https:\/\/selleetools.com\/#\/schema\/logo\/image\/","url":"https:\/\/selleetools.com\/wp-content\/uploads\/2021\/10\/logo-dark.png","contentUrl":"https:\/\/selleetools.com\/wp-content\/uploads\/2021\/10\/logo-dark.png","width":320,"height":76,"caption":"Selleetools"},"image":{"@id":"https:\/\/selleetools.com\/#\/schema\/logo\/image\/"}},{"@type":"WebSite","@id":"https:\/\/selleetools.com\/#website","url":"https:\/\/selleetools.com\/","name":"Selleetools.com","description":"","publisher":{"@id":"https:\/\/selleetools.com\/#organization"},"potentialAction":[{"@type":"SearchAction","target":{"@type":"EntryPoint","urlTemplate":"https:\/\/selleetools.com\/?s={search_term_string}"},"query-input":"required name=search_term_string"}],"inLanguage":"pl-PL"},{"@type":"WebPage","@id":"https:\/\/selleetools.com\/pl\/product\/kosz-na-smieci-20l-systema-q-collect-popielaty\/","url":"https:\/\/selleetools.com\/pl\/product\/kosz-na-smieci-20l-systema-q-collect-popielaty\/","name":"Kosz na \u015bmieci 20L SYSTEMA Q COLLECT | Popielaty - Selleetools.com","isPartOf":{"@id":"https:\/\/selleetools.com\/#website"},"datePublished":"2026-02-19T15:28:31+00:00","dateModified":"2026-04-15T15:42:27+00:00","breadcrumb":{"@id":"https:\/\/selleetools.com\/pl\/product\/kosz-na-smieci-20l-systema-q-collect-popielaty\/#breadcrumb"},"inLanguage":"pl-PL","potentialAction":[{"@type":"ReadAction","target":["https:\/\/selleetools.com\/pl\/product\/kosz-na-smieci-20l-systema-q-collect-popielaty\/"]}]},{"@type":"BreadcrumbList","@id":"https:\/\/selleetools.com\/pl\/product\/kosz-na-smieci-20l-systema-q-collect-popielaty\/#breadcrumb","itemListElement":[{"@type":"ListItem","position":1,"name":"Home","item":"https:\/\/selleetools.com\/pl\/"},{"@type":"ListItem","position":2,"name":"Katalog","item":"https:\/\/selleetools.com\/pl\/katalog\/"},{"@type":"ListItem","position":3,"name":"Kosz na \u015bmieci 20L SYSTEMA Q COLLECT | Popielaty"}]}]}},"_links":{"self":[{"href":"https:\/\/selleetools.com\/pl\/wp-json\/wp\/v2\/product\/675619"}],"collection":[{"href":"https:\/\/selleetools.com\/pl\/wp-json\/wp\/v2\/product"}],"about":[{"href":"https:\/\/selleetools.com\/pl\/wp-json\/wp\/v2\/types\/product"}],"replies":[{"embeddable":true,"href":"https:\/\/selleetools.com\/pl\/wp-json\/wp\/v2\/comments?post=675619"}],"wp:featuredmedia":[{"embeddable":true,"href":"https:\/\/selleetools.com\/pl\/wp-json\/wp\/v2\/media\/675611"}],"wp:attachment":[{"href":"https:\/\/selleetools.com\/pl\/wp-json\/wp\/v2\/media?parent=675619"}],"curies":[{"name":"wp","href":"https:\/\/api.w.org\/{rel}","templated":true}]}}