{"id":675502,"date":"2026-02-19T16:27:42","date_gmt":"2026-02-19T15:27:42","guid":{"rendered":"https:\/\/selleetools.com\/?post_type=product&#038;p=675502"},"modified":"2026-04-08T18:03:13","modified_gmt":"2026-04-08T16:03:13","slug":"kosz-na-smieci-25l-compacta-q-jasny-niebieski-popielaty","status":"publish","type":"product","link":"https:\/\/selleetools.com\/pl\/product\/kosz-na-smieci-25l-compacta-q-jasny-niebieski-popielaty\/","title":{"rendered":"Kosz na \u015bmieci 25L COMPACTA Q jasny niebieski | Popielaty"},"content":{"rendered":"<section class=\"section\">\n<div class=\"item item-12\">\n<section class=\"text-item\">\n<h1>Kosz na \u015bmieci 25L COMPACTA Q &#8211; Popielaty &#8211; Jasny niebieski<\/h1>\n<p><b>Specyfikacja:<\/b><\/p>\n<ul>\n<li>Wysoko\u015b\u0107 &#8211; 52,6 cm<\/li>\n<li>Szeroko\u015b\u0107 &#8211; 26,4 cm<\/li>\n<li>D\u0142ugo\u015b\u0107 -29,6 cm<\/li>\n<li>Pojemno\u015b\u0107 &#8211; 25l<\/li>\n<li>Materia\u0142 &#8211; tworzywo sztuczne<\/li>\n<\/ul>\n<p><b>Zalety:<\/b><\/p>\n<ul>\n<li>Produkt \u0142atwy w czyszczeniu\u00a0<\/li>\n<li>Wygodny w u\u017cytkowaniu<\/li>\n<li>Ponadczasowa, minimalistyczna estetyka<\/li>\n<li>Kosz modu\u0142owy<\/li>\n<li>Idealne rozwi\u0105zanie do miejsc o ograniczonej przestrzeni<\/li>\n<li>Doskonale pasuje do wymiar\u00f3w szafki pod zlewozmywakiem<\/li>\n<li>Mo\u017cna dzi\u0119ki niemu stworzy\u0107 indywidualny system segregacji i organizacji<\/li>\n<li>\u0141atwy w czyszczeniu<\/li>\n<li>Solidny i trwa\u0142y<\/li>\n<\/ul>\n<\/section><\/div>\n<\/section>\n<section class=\"section\">\n<div class=\"item item-12\">\n<section class=\"image-item\"><img src=\"https:\/\/upload.cdn.baselinker.com\/products\/3028621\/8a860b07d5b557cff24d871c29d8cd4e.jpg\"><\/section>\n<\/p><\/div>\n<\/section>\n<section class=\"section\">\n<div class=\"item item-12\">\n<section class=\"text-item\">\n<p>Praktyczny kosz Compacta Q zosta\u0142 dostosowany do r\u00f3\u017cnorodnych potrzeb u\u017cytkownik\u00f3w. Wyposa\u017cony jest w klap\u0119, kt\u00f3ra otwiera si\u0119 na dwa sposoby &#8211; mo\u017cna j\u0105 uchyli\u0107 lub otworzy\u0107, zale\u017cnie od preferencji. Jego estetyczna, dost\u0119pna w r\u00f3\u017cnych kolorach ramka nie tylko skutecznie zabezpiecza worek przed osuni\u0119ciem, ale te\u017c u\u0142atwia segregacj\u0119 odpad\u00f3w.<\/p>\n<p><b>Przeznaczenie:<\/b><\/p>\n<p><b>Niebieski kosz <\/b>\u2013 PAPIER<\/p>\n<ul>\n<li>niepokryte foli\u0105 opakowania z papieru;<\/li>\n<li>kartony;<\/li>\n<li>artyku\u0142y papiernicze i biurowe: zeszyty, notesy, notatki, teczki, papier od drukarki;<\/li>\n<li>zniszczone ksi\u0105\u017cki;<\/li>\n<li>czasopisma, gazety,<\/li>\n<li>ulotki, biuletyny, instrukcje<\/li>\n<\/ul>\n<\/section><\/div>\n<\/section>\n<section class=\"section\">\n<div class=\"item item-6\">\n<section class=\"image-item\"><img src=\"https:\/\/upload.cdn.baselinker.com\/products\/3028621\/8a860b07d5b557cff24d871c29d8cd4e.jpg\"><\/section>\n<\/p><\/div>\n<div class=\"item item-6\">\n<section class=\"image-item\"><img src=\"https:\/\/upload.cdn.baselinker.com\/products\/3028621\/05d318b2a57fba2779cdbcf3053dac2b.jpg\"><\/section>\n<\/p><\/div>\n<\/section>\n<section class=\"section\">\n<div class=\"item item-6\">\n<section class=\"image-item\"><img src=\"https:\/\/upload.cdn.baselinker.com\/products\/3028621\/903cfc9d928def18987a1cdebfb0d17f.jpg\"><\/section>\n<\/p><\/div>\n<div class=\"item item-6\">\n<section class=\"image-item\"><img src=\"https:\/\/upload.cdn.baselinker.com\/products\/3028621\/a7f3e1ce21a8c7acdb90278c5850a36f.jpg\"><\/section>\n<\/p><\/div>\n<\/section>\n<section class=\"section\">\n<div class=\"item item-12\">\n<section class=\"image-item\"><img src=\"https:\/\/upload.cdn.baselinker.com\/products\/3028621\/2c54d0e3be62a4e647dabdbeb11e8399.jpg\"><\/section>\n<\/p><\/div>\n<\/section>\n","protected":false},"excerpt":{"rendered":"<p>Kosz na \u015bmieci 25L COMPACTA Q &#8211; Popielaty &#8211; Jasny niebieski Specyfikacja: Wysoko\u015b\u0107 &#8211; 52,6 cm Szeroko\u015b\u0107 &#8211; 26,4 cm D\u0142ugo\u015b\u0107 -29,6 cm Pojemno\u015b\u0107 &#8211; 25l Materia\u0142 &#8211; tworzywo sztuczne Zalety: Produkt \u0142atwy w czyszczeniu\u00a0 Wygodny w u\u017cytkowaniu Ponadczasowa, minimalistyczna estetyka Kosz modu\u0142owy Idealne rozwi\u0105zanie do miejsc o ograniczonej przestrzeni Doskonale pasuje do wymiar\u00f3w szafki &#8230; <a title=\"Kosz na \u015bmieci 25L COMPACTA Q jasny niebieski | Popielaty\" class=\"read-more\" href=\"https:\/\/selleetools.com\/pl\/product\/kosz-na-smieci-25l-compacta-q-jasny-niebieski-popielaty\/\">Read more<span class=\"screen-reader-text\">Kosz na \u015bmieci 25L COMPACTA Q jasny niebieski | Popielaty<\/span><\/a><\/p>\n","protected":false},"featured_media":675492,"comment_status":"open","ping_status":"closed","template":"","meta":{"_links_to":"","_links_to_target":""},"yoast_head":"<!-- This site is optimized with the Yoast SEO plugin v19.4 - https:\/\/yoast.com\/wordpress\/plugins\/seo\/ -->\n<title>Kosz na \u015bmieci 25L COMPACTA Q jasny niebieski | Popielaty - Selleetools.com<\/title>\n<meta name=\"robots\" content=\"index, follow, max-snippet:-1, max-image-preview:large, max-video-preview:-1\" \/>\n<link rel=\"canonical\" href=\"https:\/\/selleetools.com\/product\/kosz-na-smieci-25l-compacta-q-jasny-niebieski-popielaty\/\" \/>\n<meta property=\"og:locale\" content=\"pl_PL\" \/>\n<meta property=\"og:type\" content=\"article\" \/>\n<meta property=\"og:title\" content=\"Kosz na \u015bmieci 25L COMPACTA Q jasny niebieski | Popielaty - Selleetools.com\" \/>\n<meta property=\"og:description\" content=\"Kosz na \u015bmieci 25L COMPACTA Q &#8211; Popielaty &#8211; Jasny niebieski Specyfikacja: Wysoko\u015b\u0107 &#8211; 52,6 cm Szeroko\u015b\u0107 &#8211; 26,4 cm D\u0142ugo\u015b\u0107 -29,6 cm Pojemno\u015b\u0107 &#8211; 25l Materia\u0142 &#8211; tworzywo sztuczne Zalety: Produkt \u0142atwy w czyszczeniu\u00a0 Wygodny w u\u017cytkowaniu Ponadczasowa, minimalistyczna estetyka Kosz modu\u0142owy Idealne rozwi\u0105zanie do miejsc o ograniczonej przestrzeni Doskonale pasuje do wymiar\u00f3w szafki ... Read moreKosz na \u015bmieci 25L COMPACTA Q jasny niebieski | Popielaty\" \/>\n<meta property=\"og:url\" content=\"https:\/\/selleetools.com\/product\/kosz-na-smieci-25l-compacta-q-jasny-niebieski-popielaty\/\" \/>\n<meta property=\"og:site_name\" content=\"Selleetools.com\" \/>\n<meta property=\"article:modified_time\" content=\"2026-04-08T16:03:13+00:00\" \/>\n<meta property=\"og:image\" content=\"https:\/\/selleetools.com\/wp-content\/uploads\/2026\/02\/8a860b07d5b557cff24d871c29d8cd4e.jpg\" \/>\n\t<meta property=\"og:image:width\" content=\"750\" \/>\n\t<meta property=\"og:image:height\" content=\"1000\" \/>\n\t<meta property=\"og:image:type\" content=\"image\/jpeg\" \/>\n<meta name=\"twitter:card\" content=\"summary_large_image\" \/>\n<meta name=\"twitter:label1\" content=\"Est. reading time\" \/>\n\t<meta name=\"twitter:data1\" content=\"1 minuta\" \/>\n<!-- \/ Yoast SEO plugin. -->","yoast_head_json":{"title":"Kosz na \u015bmieci 25L COMPACTA Q jasny niebieski | Popielaty - Selleetools.com","robots":{"index":"index","follow":"follow","max-snippet":"max-snippet:-1","max-image-preview":"max-image-preview:large","max-video-preview":"max-video-preview:-1"},"canonical":"https:\/\/selleetools.com\/product\/kosz-na-smieci-25l-compacta-q-jasny-niebieski-popielaty\/","og_locale":"pl_PL","og_type":"article","og_title":"Kosz na \u015bmieci 25L COMPACTA Q jasny niebieski | Popielaty - Selleetools.com","og_description":"Kosz na \u015bmieci 25L COMPACTA Q &#8211; Popielaty &#8211; Jasny niebieski Specyfikacja: Wysoko\u015b\u0107 &#8211; 52,6 cm Szeroko\u015b\u0107 &#8211; 26,4 cm D\u0142ugo\u015b\u0107 -29,6 cm Pojemno\u015b\u0107 &#8211; 25l Materia\u0142 &#8211; tworzywo sztuczne Zalety: Produkt \u0142atwy w czyszczeniu\u00a0 Wygodny w u\u017cytkowaniu Ponadczasowa, minimalistyczna estetyka Kosz modu\u0142owy Idealne rozwi\u0105zanie do miejsc o ograniczonej przestrzeni Doskonale pasuje do wymiar\u00f3w szafki ... Read moreKosz na \u015bmieci 25L COMPACTA Q jasny niebieski | Popielaty","og_url":"https:\/\/selleetools.com\/product\/kosz-na-smieci-25l-compacta-q-jasny-niebieski-popielaty\/","og_site_name":"Selleetools.com","article_modified_time":"2026-04-08T16:03:13+00:00","og_image":[{"width":750,"height":1000,"url":"https:\/\/selleetools.com\/wp-content\/uploads\/2026\/02\/8a860b07d5b557cff24d871c29d8cd4e.jpg","type":"image\/jpeg"}],"twitter_card":"summary_large_image","twitter_misc":{"Est. reading time":"1 minuta"},"schema":{"@context":"https:\/\/schema.org","@graph":[{"@type":"Organization","@id":"https:\/\/selleetools.com\/#organization","name":"Selleetools","url":"https:\/\/selleetools.com\/","sameAs":[],"logo":{"@type":"ImageObject","inLanguage":"pl-PL","@id":"https:\/\/selleetools.com\/#\/schema\/logo\/image\/","url":"https:\/\/selleetools.com\/wp-content\/uploads\/2021\/10\/logo-dark.png","contentUrl":"https:\/\/selleetools.com\/wp-content\/uploads\/2021\/10\/logo-dark.png","width":320,"height":76,"caption":"Selleetools"},"image":{"@id":"https:\/\/selleetools.com\/#\/schema\/logo\/image\/"}},{"@type":"WebSite","@id":"https:\/\/selleetools.com\/#website","url":"https:\/\/selleetools.com\/","name":"Selleetools.com","description":"","publisher":{"@id":"https:\/\/selleetools.com\/#organization"},"potentialAction":[{"@type":"SearchAction","target":{"@type":"EntryPoint","urlTemplate":"https:\/\/selleetools.com\/?s={search_term_string}"},"query-input":"required name=search_term_string"}],"inLanguage":"pl-PL"},{"@type":"WebPage","@id":"https:\/\/selleetools.com\/product\/kosz-na-smieci-25l-compacta-q-jasny-niebieski-popielaty\/","url":"https:\/\/selleetools.com\/product\/kosz-na-smieci-25l-compacta-q-jasny-niebieski-popielaty\/","name":"Kosz na \u015bmieci 25L COMPACTA Q jasny niebieski | Popielaty - Selleetools.com","isPartOf":{"@id":"https:\/\/selleetools.com\/#website"},"datePublished":"2026-02-19T15:27:42+00:00","dateModified":"2026-04-08T16:03:13+00:00","breadcrumb":{"@id":"https:\/\/selleetools.com\/product\/kosz-na-smieci-25l-compacta-q-jasny-niebieski-popielaty\/#breadcrumb"},"inLanguage":"pl-PL","potentialAction":[{"@type":"ReadAction","target":["https:\/\/selleetools.com\/product\/kosz-na-smieci-25l-compacta-q-jasny-niebieski-popielaty\/"]}]},{"@type":"BreadcrumbList","@id":"https:\/\/selleetools.com\/product\/kosz-na-smieci-25l-compacta-q-jasny-niebieski-popielaty\/#breadcrumb","itemListElement":[{"@type":"ListItem","position":1,"name":"Home","item":"https:\/\/selleetools.com\/pl\/"},{"@type":"ListItem","position":2,"name":"Katalog","item":"https:\/\/selleetools.com\/pl\/katalog\/"},{"@type":"ListItem","position":3,"name":"Kosz na \u015bmieci 25L COMPACTA Q jasny niebieski | Popielaty"}]}]}},"_links":{"self":[{"href":"https:\/\/selleetools.com\/pl\/wp-json\/wp\/v2\/product\/675502"}],"collection":[{"href":"https:\/\/selleetools.com\/pl\/wp-json\/wp\/v2\/product"}],"about":[{"href":"https:\/\/selleetools.com\/pl\/wp-json\/wp\/v2\/types\/product"}],"replies":[{"embeddable":true,"href":"https:\/\/selleetools.com\/pl\/wp-json\/wp\/v2\/comments?post=675502"}],"wp:featuredmedia":[{"embeddable":true,"href":"https:\/\/selleetools.com\/pl\/wp-json\/wp\/v2\/media\/675492"}],"wp:attachment":[{"href":"https:\/\/selleetools.com\/pl\/wp-json\/wp\/v2\/media?parent=675502"}],"curies":[{"name":"wp","href":"https:\/\/api.w.org\/{rel}","templated":true}]}}