{"id":675322,"date":"2026-02-19T16:26:09","date_gmt":"2026-02-19T15:26:09","guid":{"rendered":"https:\/\/selleetools.com\/?post_type=product&#038;p=675322"},"modified":"2026-04-08T16:35:50","modified_gmt":"2026-04-08T14:35:50","slug":"doniczka-podluzna-furu-dfc400-z-wkladem-antracyt","status":"publish","type":"product","link":"https:\/\/selleetools.com\/pl\/product\/doniczka-podluzna-furu-dfc400-z-wkladem-antracyt\/","title":{"rendered":"Doniczka pod\u0142u\u017cna FURU DFC400 z wk\u0142adem | Antracyt"},"content":{"rendered":"<section class=\"section\">\n<div class=\"item item-12\">\n<section class=\"text-item\">\n<h1>Doniczka pod\u0142u\u017cna FURU DFC400 z wk\u0142adem &#8211; Antracyt<\/h1>\n<p><b>Specyfikacja:<\/b><\/p>\n<ul>\n<li>d\u0142ugo\u015b\u0107 &#8211;\u00a039,5 cm<\/li>\n<li>szeroko\u015b\u0107 &#8211; 18,5 cm<\/li>\n<li>wysoko\u015b\u0107 &#8211; 19,5 cm<\/li>\n<li>pojemno\u015b\u0107 &#8211; 14,2 l<\/li>\n<li>materia\u0142 &#8211; tworzywo sztuczne<\/li>\n<\/ul>\n<p><b>Zestaw zawiera:<\/b><\/p>\n<ul>\n<li>doniczk\u0119 (os\u0142onk\u0119)<\/li>\n<li>wk\u0142ad wewn\u0119trzny<\/li>\n<\/ul>\n<p><b>Mo\u017cemy je umie\u015bci\u0107:<\/b><\/p>\n<ul>\n<li>w domu<\/li>\n<li>przestronnym wn\u0119trzu<\/li>\n<li>na tarasie<\/li>\n<li>na balkonie<\/li>\n<li>w ogrodzie<\/li>\n<\/ul>\n<p>Ciekawa forma klasycznej skrzynki na ro\u015bliny. Pr\u0105\u017ckowana struktura sprawia, \u017ce kolekcja Furu jest solidna, a jednocze\u015bnie elegancka. Ka\u017cda skrzynka Furu wyposa\u017cona jest we wk\u0142adk\u0119 chroni\u0105c\u0105 przed wysypywaniem si\u0119 ziemi.<\/p>\n<\/section><\/div>\n<\/section>\n<section class=\"section\">\n<div class=\"item item-12\">\n<section class=\"image-item\"><img src=\"https:\/\/upload.cdn.baselinker.com\/products\/3028621\/d43986965faa142291ee79a5f4ce1fd4.jpg\"><\/section>\n<\/p><\/div>\n<\/section>\n<section class=\"section\">\n<div class=\"item item-12\">\n<section class=\"text-item\">\n<p><b>Specyfikacja wk\u0142adu:<\/b><\/p>\n<ul>\n<li>d\u0142ugo\u015b\u0107 &#8211;\u00a039,5 cm<\/li>\n<li>szeroko\u015b\u0107 &#8211; 18,5 cm<\/li>\n<li>wysoko\u015b\u0107 &#8211; 18,5 cm<\/li>\n<li>materia\u0142 &#8211; tworzywo sztuczne<\/li>\n<\/ul>\n<\/section><\/div>\n<\/section>\n<section class=\"section\">\n<div class=\"item item-12\">\n<section class=\"image-item\"><img src=\"https:\/\/upload.cdn.baselinker.com\/products\/3028621\/2a491ad6c11927d05666c44945c13ee3.jpg\"><\/section>\n<\/p><\/div>\n<\/section>\n<section class=\"section\">\n<div class=\"item item-6\">\n<section class=\"image-item\"><img src=\"https:\/\/upload.cdn.baselinker.com\/products\/3028621\/d43986965faa142291ee79a5f4ce1fd4.jpg\"><\/section>\n<\/p><\/div>\n<div class=\"item item-6\">\n<section class=\"image-item\"><img src=\"https:\/\/upload.cdn.baselinker.com\/products\/3028621\/2a491ad6c11927d05666c44945c13ee3.jpg\"><\/section>\n<\/p><\/div>\n<\/section>\n<section class=\"section\">\n<div class=\"item item-6\">\n<section class=\"image-item\"><img src=\"https:\/\/upload.cdn.baselinker.com\/products\/3028621\/be67d852464d5c29eea9f3be1f01d193.jpg\"><\/section>\n<\/p><\/div>\n<div class=\"item item-6\">\n<section class=\"image-item\"><img src=\"https:\/\/upload.cdn.baselinker.com\/products\/3028621\/f838323bfaec1d40af94cf4a966ac991.jpg\"><\/section>\n<\/p><\/div>\n<\/section>\n<section class=\"section\">\n<div class=\"item item-6\">\n<section class=\"image-item\"><img src=\"https:\/\/upload.cdn.baselinker.com\/products\/3028621\/3a4f8c93d1b98b56dbd1f956aaa09d2d.jpg\"><\/section>\n<\/p><\/div>\n<div class=\"item item-6\">\n<section class=\"image-item\"><img src=\"https:\/\/upload.cdn.baselinker.com\/products\/3028621\/48d8ab92b5f3e29ad6c0c38796e2f464.jpg\"><\/section>\n<\/p><\/div>\n<\/section>\n","protected":false},"excerpt":{"rendered":"<p>Doniczka pod\u0142u\u017cna FURU DFC400 z wk\u0142adem &#8211; Antracyt Specyfikacja: d\u0142ugo\u015b\u0107 &#8211;\u00a039,5 cm szeroko\u015b\u0107 &#8211; 18,5 cm wysoko\u015b\u0107 &#8211; 19,5 cm pojemno\u015b\u0107 &#8211; 14,2 l materia\u0142 &#8211; tworzywo sztuczne Zestaw zawiera: doniczk\u0119 (os\u0142onk\u0119) wk\u0142ad wewn\u0119trzny Mo\u017cemy je umie\u015bci\u0107: w domu przestronnym wn\u0119trzu na tarasie na balkonie w ogrodzie Ciekawa forma klasycznej skrzynki na ro\u015bliny. Pr\u0105\u017ckowana struktura &#8230; <a title=\"Doniczka pod\u0142u\u017cna FURU DFC400 z wk\u0142adem | Antracyt\" class=\"read-more\" href=\"https:\/\/selleetools.com\/pl\/product\/doniczka-podluzna-furu-dfc400-z-wkladem-antracyt\/\">Read more<span class=\"screen-reader-text\">Doniczka pod\u0142u\u017cna FURU DFC400 z wk\u0142adem | Antracyt<\/span><\/a><\/p>\n","protected":false},"featured_media":675310,"comment_status":"open","ping_status":"closed","template":"","meta":{"_links_to":"","_links_to_target":""},"yoast_head":"<!-- This site is optimized with the Yoast SEO plugin v19.4 - https:\/\/yoast.com\/wordpress\/plugins\/seo\/ -->\n<title>Doniczka pod\u0142u\u017cna FURU DFC400 z wk\u0142adem | Antracyt - Selleetools.com<\/title>\n<meta name=\"robots\" content=\"index, follow, max-snippet:-1, max-image-preview:large, max-video-preview:-1\" \/>\n<link rel=\"canonical\" href=\"https:\/\/selleetools.com\/pl\/product\/doniczka-podluzna-furu-dfc400-z-wkladem-antracyt\/\" \/>\n<meta property=\"og:locale\" content=\"pl_PL\" \/>\n<meta property=\"og:type\" content=\"article\" \/>\n<meta property=\"og:title\" content=\"Doniczka pod\u0142u\u017cna FURU DFC400 z wk\u0142adem | Antracyt - Selleetools.com\" \/>\n<meta property=\"og:description\" content=\"Doniczka pod\u0142u\u017cna FURU DFC400 z wk\u0142adem &#8211; Antracyt Specyfikacja: d\u0142ugo\u015b\u0107 &#8211;\u00a039,5 cm szeroko\u015b\u0107 &#8211; 18,5 cm wysoko\u015b\u0107 &#8211; 19,5 cm pojemno\u015b\u0107 &#8211; 14,2 l materia\u0142 &#8211; tworzywo sztuczne Zestaw zawiera: doniczk\u0119 (os\u0142onk\u0119) wk\u0142ad wewn\u0119trzny Mo\u017cemy je umie\u015bci\u0107: w domu przestronnym wn\u0119trzu na tarasie na balkonie w ogrodzie Ciekawa forma klasycznej skrzynki na ro\u015bliny. Pr\u0105\u017ckowana struktura ... Read moreDoniczka pod\u0142u\u017cna FURU DFC400 z wk\u0142adem | Antracyt\" \/>\n<meta property=\"og:url\" content=\"https:\/\/selleetools.com\/pl\/product\/doniczka-podluzna-furu-dfc400-z-wkladem-antracyt\/\" \/>\n<meta property=\"og:site_name\" content=\"Selleetools.com\" \/>\n<meta property=\"article:modified_time\" content=\"2026-04-08T14:35:50+00:00\" \/>\n<meta property=\"og:image\" content=\"https:\/\/selleetools.com\/wp-content\/uploads\/2026\/02\/d43986965faa142291ee79a5f4ce1fd4.jpg\" \/>\n\t<meta property=\"og:image:width\" content=\"1000\" \/>\n\t<meta property=\"og:image:height\" content=\"783\" \/>\n\t<meta property=\"og:image:type\" content=\"image\/jpeg\" \/>\n<meta name=\"twitter:card\" content=\"summary_large_image\" \/>\n<!-- \/ Yoast SEO plugin. -->","yoast_head_json":{"title":"Doniczka pod\u0142u\u017cna FURU DFC400 z wk\u0142adem | Antracyt - Selleetools.com","robots":{"index":"index","follow":"follow","max-snippet":"max-snippet:-1","max-image-preview":"max-image-preview:large","max-video-preview":"max-video-preview:-1"},"canonical":"https:\/\/selleetools.com\/pl\/product\/doniczka-podluzna-furu-dfc400-z-wkladem-antracyt\/","og_locale":"pl_PL","og_type":"article","og_title":"Doniczka pod\u0142u\u017cna FURU DFC400 z wk\u0142adem | Antracyt - Selleetools.com","og_description":"Doniczka pod\u0142u\u017cna FURU DFC400 z wk\u0142adem &#8211; Antracyt Specyfikacja: d\u0142ugo\u015b\u0107 &#8211;\u00a039,5 cm szeroko\u015b\u0107 &#8211; 18,5 cm wysoko\u015b\u0107 &#8211; 19,5 cm pojemno\u015b\u0107 &#8211; 14,2 l materia\u0142 &#8211; tworzywo sztuczne Zestaw zawiera: doniczk\u0119 (os\u0142onk\u0119) wk\u0142ad wewn\u0119trzny Mo\u017cemy je umie\u015bci\u0107: w domu przestronnym wn\u0119trzu na tarasie na balkonie w ogrodzie Ciekawa forma klasycznej skrzynki na ro\u015bliny. Pr\u0105\u017ckowana struktura ... Read moreDoniczka pod\u0142u\u017cna FURU DFC400 z wk\u0142adem | Antracyt","og_url":"https:\/\/selleetools.com\/pl\/product\/doniczka-podluzna-furu-dfc400-z-wkladem-antracyt\/","og_site_name":"Selleetools.com","article_modified_time":"2026-04-08T14:35:50+00:00","og_image":[{"width":1000,"height":783,"url":"https:\/\/selleetools.com\/wp-content\/uploads\/2026\/02\/d43986965faa142291ee79a5f4ce1fd4.jpg","type":"image\/jpeg"}],"twitter_card":"summary_large_image","schema":{"@context":"https:\/\/schema.org","@graph":[{"@type":"Organization","@id":"https:\/\/selleetools.com\/#organization","name":"Selleetools","url":"https:\/\/selleetools.com\/","sameAs":[],"logo":{"@type":"ImageObject","inLanguage":"pl-PL","@id":"https:\/\/selleetools.com\/#\/schema\/logo\/image\/","url":"https:\/\/selleetools.com\/wp-content\/uploads\/2021\/10\/logo-dark.png","contentUrl":"https:\/\/selleetools.com\/wp-content\/uploads\/2021\/10\/logo-dark.png","width":320,"height":76,"caption":"Selleetools"},"image":{"@id":"https:\/\/selleetools.com\/#\/schema\/logo\/image\/"}},{"@type":"WebSite","@id":"https:\/\/selleetools.com\/#website","url":"https:\/\/selleetools.com\/","name":"Selleetools.com","description":"","publisher":{"@id":"https:\/\/selleetools.com\/#organization"},"potentialAction":[{"@type":"SearchAction","target":{"@type":"EntryPoint","urlTemplate":"https:\/\/selleetools.com\/?s={search_term_string}"},"query-input":"required name=search_term_string"}],"inLanguage":"pl-PL"},{"@type":"WebPage","@id":"https:\/\/selleetools.com\/pl\/product\/doniczka-podluzna-furu-dfc400-z-wkladem-antracyt\/","url":"https:\/\/selleetools.com\/pl\/product\/doniczka-podluzna-furu-dfc400-z-wkladem-antracyt\/","name":"Doniczka pod\u0142u\u017cna FURU DFC400 z wk\u0142adem | Antracyt - Selleetools.com","isPartOf":{"@id":"https:\/\/selleetools.com\/#website"},"datePublished":"2026-02-19T15:26:09+00:00","dateModified":"2026-04-08T14:35:50+00:00","breadcrumb":{"@id":"https:\/\/selleetools.com\/pl\/product\/doniczka-podluzna-furu-dfc400-z-wkladem-antracyt\/#breadcrumb"},"inLanguage":"pl-PL","potentialAction":[{"@type":"ReadAction","target":["https:\/\/selleetools.com\/pl\/product\/doniczka-podluzna-furu-dfc400-z-wkladem-antracyt\/"]}]},{"@type":"BreadcrumbList","@id":"https:\/\/selleetools.com\/pl\/product\/doniczka-podluzna-furu-dfc400-z-wkladem-antracyt\/#breadcrumb","itemListElement":[{"@type":"ListItem","position":1,"name":"Home","item":"https:\/\/selleetools.com\/pl\/"},{"@type":"ListItem","position":2,"name":"Katalog","item":"https:\/\/selleetools.com\/pl\/katalog\/"},{"@type":"ListItem","position":3,"name":"Doniczka pod\u0142u\u017cna FURU DFC400 z wk\u0142adem | Antracyt"}]}]}},"_links":{"self":[{"href":"https:\/\/selleetools.com\/pl\/wp-json\/wp\/v2\/product\/675322"}],"collection":[{"href":"https:\/\/selleetools.com\/pl\/wp-json\/wp\/v2\/product"}],"about":[{"href":"https:\/\/selleetools.com\/pl\/wp-json\/wp\/v2\/types\/product"}],"replies":[{"embeddable":true,"href":"https:\/\/selleetools.com\/pl\/wp-json\/wp\/v2\/comments?post=675322"}],"wp:featuredmedia":[{"embeddable":true,"href":"https:\/\/selleetools.com\/pl\/wp-json\/wp\/v2\/media\/675310"}],"wp:attachment":[{"href":"https:\/\/selleetools.com\/pl\/wp-json\/wp\/v2\/media?parent=675322"}],"curies":[{"name":"wp","href":"https:\/\/api.w.org\/{rel}","templated":true}]}}