{"id":675172,"date":"2026-02-19T16:24:40","date_gmt":"2026-02-19T15:24:40","guid":{"rendered":"https:\/\/selleetools.com\/?post_type=product&#038;p=675172"},"modified":"2026-04-09T17:07:09","modified_gmt":"2026-04-09T15:07:09","slug":"choinka-sztuczna-sosna-diamentowa-3d-na-pniu-220cm","status":"publish","type":"product","link":"https:\/\/selleetools.com\/pl\/product\/choinka-sztuczna-sosna-diamentowa-3d-na-pniu-220cm\/","title":{"rendered":"Choinka sztuczna Sosna Diamentowa 3D na pniu 220cm"},"content":{"rendered":"<section class=\"section\">\n<div class=\"item item-12\">\n<section class=\"text-item\">\n<h1>Choinka sztuczna Sosna Diamentowa 3D na pniu 220cm<\/h1>\n<p>\u015awi\u0119ta to rodzinny czas. Posi\u0142ki spo\u017cywane w gronie najbli\u017cszych, w pi\u0119knie przyozdobionych miejscach, raduj\u0105 nasze serca. Ten niezwyk\u0142y czas mo\u017cna jeszcze bardziej umili\u0107 choink\u0105 &#8211; jednym z najpopularniejszych symboli \u015bwi\u0105t. To wraz z jej przyozdobieniem w domu odczuwalny jest ciep\u0142y, rodzinny, \u015bwi\u0105teczny klimat.<\/p>\n<p><b>W sk\u0142ad zestawu wchodzi:<\/b><\/p>\n<ul>\n<li>Choinka (korona)<\/li>\n<li>Stojak<\/li>\n<li>Naturalny pie\u0144 sosnowy<\/li>\n<li>Ozdobna juta<\/li>\n<\/ul>\n<p><b>Specyfikacja:<\/b><\/p>\n<ul>\n<li>Wysoko\u015b\u0107 &#8211; 220cm<\/li>\n<li>Szeroko\u015b\u0107 &#8211; 90cm<\/li>\n<\/ul>\n<p><b>Cechy produktu:<\/b><\/p>\n<ul>\n<li>Choinka starannie wykonana, wygl\u0105dem przypomina \u017cywe drzewko \u015bwi\u0105teczne<\/li>\n<li>Choinka stabilna i niewywrotna<\/li>\n<li>\u0141atwa w monta\u017cu<\/li>\n<li>Ig\u0142y wykonane z wysokiej jako\u015b\u0107 foli PVC<\/li>\n<li>Choinka ta idealnie dope\u0142ni magi\u0119 i atmosfer\u0119 \u015awi\u0105t w domu, w biurze, w restauracji czy w hotelu.<\/li>\n<li>G\u0119sta korona<\/li>\n<li>\u017bywy kolor<\/li>\n<li>Choinka sztuczna oszcz\u0119dzi Ci k\u0142opotu i zapewni komfort oraz spok\u00f3j<\/li>\n<\/ul>\n<p><b>CHOINKA SPRZEDAWANA BEZ DEKORACJI \u015aWI\u0104TECZNYCH<\/b><\/p>\n<\/section><\/div>\n<\/section>\n<section class=\"section\">\n<div class=\"item item-12\">\n<section class=\"image-item\"><img src=\"https:\/\/upload.cdn.baselinker.com\/products\/3028621\/123b1a06231134bc343aa7a745f2ecbd.jpg\"><\/section>\n<\/p><\/div>\n<\/section>\n<section class=\"section\">\n<div class=\"item item-12\">\n<section class=\"text-item\">\n<p><b>Parametry choinki<\/b><\/p>\n<ul>\n<li>Ca\u0142kowita wysoko\u015b\u0107 choinki\u00a0 &#8211; 220 cm<\/li>\n<li>Korona &#8211; 147 cm<\/li>\n<li>Wysoko\u015b\u0107 pnia &#8211; 73 cm<\/li>\n<li>\u015arednica choinki &#8211; 68 &#8211; 78 cm<\/li>\n<li>\u015arednica stojaka &#8211; 35 cm<\/li>\n<\/ul>\n<\/section><\/div>\n<\/section>\n<section class=\"section\">\n<div class=\"item item-6\">\n<section class=\"image-item\"><img src=\"https:\/\/upload.cdn.baselinker.com\/products\/3028621\/123b1a06231134bc343aa7a745f2ecbd.jpg\"><\/section>\n<\/p><\/div>\n<div class=\"item item-6\">\n<section class=\"image-item\"><img src=\"https:\/\/upload.cdn.baselinker.com\/products\/3028621\/aa71eb00ad865d9a92b30d6cd6f6ca25.jpg\"><\/section>\n<\/p><\/div>\n<\/section>\n<section class=\"section\">\n<div class=\"item item-6\">\n<section class=\"image-item\"><img src=\"https:\/\/upload.cdn.baselinker.com\/products\/3028621\/7d4f98ef26bf8ff0188f629d6d8c6058.jpg\"><\/section>\n<\/p><\/div>\n<div class=\"item item-6\">\n<section class=\"image-item\"><img src=\"https:\/\/upload.cdn.baselinker.com\/products\/3028621\/599f6b31d57cb8247f435e57c139ff94.jpg\"><\/section>\n<\/p><\/div>\n<\/section>\n","protected":false},"excerpt":{"rendered":"<p>Choinka sztuczna Sosna Diamentowa 3D na pniu 220cm \u015awi\u0119ta to rodzinny czas. Posi\u0142ki spo\u017cywane w gronie najbli\u017cszych, w pi\u0119knie przyozdobionych miejscach, raduj\u0105 nasze serca. Ten niezwyk\u0142y czas mo\u017cna jeszcze bardziej umili\u0107 choink\u0105 &#8211; jednym z najpopularniejszych symboli \u015bwi\u0105t. To wraz z jej przyozdobieniem w domu odczuwalny jest ciep\u0142y, rodzinny, \u015bwi\u0105teczny klimat. W sk\u0142ad zestawu wchodzi: &#8230; <a title=\"Choinka sztuczna Sosna Diamentowa 3D na pniu 220cm\" class=\"read-more\" href=\"https:\/\/selleetools.com\/pl\/product\/choinka-sztuczna-sosna-diamentowa-3d-na-pniu-220cm\/\">Read more<span class=\"screen-reader-text\">Choinka sztuczna Sosna Diamentowa 3D na pniu 220cm<\/span><\/a><\/p>\n","protected":false},"featured_media":675164,"comment_status":"open","ping_status":"closed","template":"","meta":{"_links_to":"","_links_to_target":""},"yoast_head":"<!-- This site is optimized with the Yoast SEO plugin v19.4 - https:\/\/yoast.com\/wordpress\/plugins\/seo\/ -->\n<title>Choinka sztuczna Sosna Diamentowa 3D na pniu 220cm - Selleetools.com<\/title>\n<meta name=\"robots\" content=\"index, follow, max-snippet:-1, max-image-preview:large, max-video-preview:-1\" \/>\n<link rel=\"canonical\" href=\"https:\/\/selleetools.com\/pl\/product\/choinka-sztuczna-sosna-diamentowa-3d-na-pniu-220cm\/\" \/>\n<meta property=\"og:locale\" content=\"pl_PL\" \/>\n<meta property=\"og:type\" content=\"article\" \/>\n<meta property=\"og:title\" content=\"Choinka sztuczna Sosna Diamentowa 3D na pniu 220cm - Selleetools.com\" \/>\n<meta property=\"og:description\" content=\"Choinka sztuczna Sosna Diamentowa 3D na pniu 220cm \u015awi\u0119ta to rodzinny czas. Posi\u0142ki spo\u017cywane w gronie najbli\u017cszych, w pi\u0119knie przyozdobionych miejscach, raduj\u0105 nasze serca. Ten niezwyk\u0142y czas mo\u017cna jeszcze bardziej umili\u0107 choink\u0105 &#8211; jednym z najpopularniejszych symboli \u015bwi\u0105t. To wraz z jej przyozdobieniem w domu odczuwalny jest ciep\u0142y, rodzinny, \u015bwi\u0105teczny klimat. W sk\u0142ad zestawu wchodzi: ... Read moreChoinka sztuczna Sosna Diamentowa 3D na pniu 220cm\" \/>\n<meta property=\"og:url\" content=\"https:\/\/selleetools.com\/pl\/product\/choinka-sztuczna-sosna-diamentowa-3d-na-pniu-220cm\/\" \/>\n<meta property=\"og:site_name\" content=\"Selleetools.com\" \/>\n<meta property=\"article:modified_time\" content=\"2026-04-09T15:07:09+00:00\" \/>\n<meta property=\"og:image\" content=\"https:\/\/selleetools.com\/wp-content\/uploads\/2026\/02\/123b1a06231134bc343aa7a745f2ecbd.jpg\" \/>\n\t<meta property=\"og:image:width\" content=\"1280\" \/>\n\t<meta property=\"og:image:height\" content=\"1280\" \/>\n\t<meta property=\"og:image:type\" content=\"image\/jpeg\" \/>\n<meta name=\"twitter:card\" content=\"summary_large_image\" \/>\n<meta name=\"twitter:label1\" content=\"Est. reading time\" \/>\n\t<meta name=\"twitter:data1\" content=\"1 minuta\" \/>\n<!-- \/ Yoast SEO plugin. -->","yoast_head_json":{"title":"Choinka sztuczna Sosna Diamentowa 3D na pniu 220cm - Selleetools.com","robots":{"index":"index","follow":"follow","max-snippet":"max-snippet:-1","max-image-preview":"max-image-preview:large","max-video-preview":"max-video-preview:-1"},"canonical":"https:\/\/selleetools.com\/pl\/product\/choinka-sztuczna-sosna-diamentowa-3d-na-pniu-220cm\/","og_locale":"pl_PL","og_type":"article","og_title":"Choinka sztuczna Sosna Diamentowa 3D na pniu 220cm - Selleetools.com","og_description":"Choinka sztuczna Sosna Diamentowa 3D na pniu 220cm \u015awi\u0119ta to rodzinny czas. Posi\u0142ki spo\u017cywane w gronie najbli\u017cszych, w pi\u0119knie przyozdobionych miejscach, raduj\u0105 nasze serca. Ten niezwyk\u0142y czas mo\u017cna jeszcze bardziej umili\u0107 choink\u0105 &#8211; jednym z najpopularniejszych symboli \u015bwi\u0105t. To wraz z jej przyozdobieniem w domu odczuwalny jest ciep\u0142y, rodzinny, \u015bwi\u0105teczny klimat. W sk\u0142ad zestawu wchodzi: ... Read moreChoinka sztuczna Sosna Diamentowa 3D na pniu 220cm","og_url":"https:\/\/selleetools.com\/pl\/product\/choinka-sztuczna-sosna-diamentowa-3d-na-pniu-220cm\/","og_site_name":"Selleetools.com","article_modified_time":"2026-04-09T15:07:09+00:00","og_image":[{"width":1280,"height":1280,"url":"https:\/\/selleetools.com\/wp-content\/uploads\/2026\/02\/123b1a06231134bc343aa7a745f2ecbd.jpg","type":"image\/jpeg"}],"twitter_card":"summary_large_image","twitter_misc":{"Est. reading time":"1 minuta"},"schema":{"@context":"https:\/\/schema.org","@graph":[{"@type":"Organization","@id":"https:\/\/selleetools.com\/#organization","name":"Selleetools","url":"https:\/\/selleetools.com\/","sameAs":[],"logo":{"@type":"ImageObject","inLanguage":"pl-PL","@id":"https:\/\/selleetools.com\/#\/schema\/logo\/image\/","url":"https:\/\/selleetools.com\/wp-content\/uploads\/2021\/10\/logo-dark.png","contentUrl":"https:\/\/selleetools.com\/wp-content\/uploads\/2021\/10\/logo-dark.png","width":320,"height":76,"caption":"Selleetools"},"image":{"@id":"https:\/\/selleetools.com\/#\/schema\/logo\/image\/"}},{"@type":"WebSite","@id":"https:\/\/selleetools.com\/#website","url":"https:\/\/selleetools.com\/","name":"Selleetools.com","description":"","publisher":{"@id":"https:\/\/selleetools.com\/#organization"},"potentialAction":[{"@type":"SearchAction","target":{"@type":"EntryPoint","urlTemplate":"https:\/\/selleetools.com\/?s={search_term_string}"},"query-input":"required name=search_term_string"}],"inLanguage":"pl-PL"},{"@type":"WebPage","@id":"https:\/\/selleetools.com\/pl\/product\/choinka-sztuczna-sosna-diamentowa-3d-na-pniu-220cm\/","url":"https:\/\/selleetools.com\/pl\/product\/choinka-sztuczna-sosna-diamentowa-3d-na-pniu-220cm\/","name":"Choinka sztuczna Sosna Diamentowa 3D na pniu 220cm - Selleetools.com","isPartOf":{"@id":"https:\/\/selleetools.com\/#website"},"datePublished":"2026-02-19T15:24:40+00:00","dateModified":"2026-04-09T15:07:09+00:00","breadcrumb":{"@id":"https:\/\/selleetools.com\/pl\/product\/choinka-sztuczna-sosna-diamentowa-3d-na-pniu-220cm\/#breadcrumb"},"inLanguage":"pl-PL","potentialAction":[{"@type":"ReadAction","target":["https:\/\/selleetools.com\/pl\/product\/choinka-sztuczna-sosna-diamentowa-3d-na-pniu-220cm\/"]}]},{"@type":"BreadcrumbList","@id":"https:\/\/selleetools.com\/pl\/product\/choinka-sztuczna-sosna-diamentowa-3d-na-pniu-220cm\/#breadcrumb","itemListElement":[{"@type":"ListItem","position":1,"name":"Home","item":"https:\/\/selleetools.com\/pl\/"},{"@type":"ListItem","position":2,"name":"Katalog","item":"https:\/\/selleetools.com\/pl\/katalog\/"},{"@type":"ListItem","position":3,"name":"Choinka sztuczna Sosna Diamentowa 3D na pniu 220cm"}]}]}},"_links":{"self":[{"href":"https:\/\/selleetools.com\/pl\/wp-json\/wp\/v2\/product\/675172"}],"collection":[{"href":"https:\/\/selleetools.com\/pl\/wp-json\/wp\/v2\/product"}],"about":[{"href":"https:\/\/selleetools.com\/pl\/wp-json\/wp\/v2\/types\/product"}],"replies":[{"embeddable":true,"href":"https:\/\/selleetools.com\/pl\/wp-json\/wp\/v2\/comments?post=675172"}],"wp:featuredmedia":[{"embeddable":true,"href":"https:\/\/selleetools.com\/pl\/wp-json\/wp\/v2\/media\/675164"}],"wp:attachment":[{"href":"https:\/\/selleetools.com\/pl\/wp-json\/wp\/v2\/media?parent=675172"}],"curies":[{"name":"wp","href":"https:\/\/api.w.org\/{rel}","templated":true}]}}