{"id":675100,"date":"2026-02-19T16:23:55","date_gmt":"2026-02-19T15:23:55","guid":{"rendered":"https:\/\/selleetools.com\/?post_type=product&#038;p=675100"},"modified":"2026-04-08T17:27:43","modified_gmt":"2026-04-08T15:27:43","slug":"siekiera-uniwersalna-wood-1500g","status":"publish","type":"product","link":"https:\/\/selleetools.com\/pl\/product\/siekiera-uniwersalna-wood-1500g\/","title":{"rendered":"Siekiera uniwersalna WOOD 1500g"},"content":{"rendered":"<section class=\"section\">\n<div class=\"item item-12\">\n<section class=\"text-item\">\n<h1>Siekiera uniwersalna WOOD 1500g<\/h1>\n<p><b> Cechy produktu:<\/b><\/p>\n<ul>\n<li>ostrze wykonane ze stali hartowanej<\/li>\n<li>trzonek wykonany z wysokiej jako\u015bci drewna bukowego<\/li>\n<\/ul>\n<p><b>Specyfikacja:<\/b><\/p>\n<ul>\n<li>waga g\u0142owicy: 1500g<\/li>\n<li>d\u0142ugo\u015b\u0107 narz\u0119dzia: ok. 91cm<\/li>\n<li>d\u0142ugo\u015b\u0107 g\u0142owicy: 19,5cm<\/li>\n<li>szeroko\u015b\u0107 ostrza: 14cm<\/li>\n<\/ul>\n<\/section><\/div>\n<\/section>\n<section class=\"section\">\n<div class=\"item item-12\">\n<section class=\"image-item\"><img src=\"https:\/\/upload.cdn.baselinker.com\/products\/3028621\/7e21a0b7c0363081f57ada2db3901180.png\"><\/section>\n<\/p><\/div>\n<\/section>\n<section class=\"section\">\n<div class=\"item item-6\">\n<section class=\"image-item\"><img src=\"https:\/\/upload.cdn.baselinker.com\/products\/3028621\/7e21a0b7c0363081f57ada2db3901180.png\"><\/section>\n<\/p><\/div>\n<div class=\"item item-6\">\n<section class=\"image-item\"><img src=\"https:\/\/upload.cdn.baselinker.com\/products\/3028621\/7864560a283334b78c9f3325b0740d4b.png\"><\/section>\n<\/p><\/div>\n<\/section>\n<section class=\"section\">\n<div class=\"item item-6\">\n<section class=\"image-item\"><img src=\"https:\/\/upload.cdn.baselinker.com\/products\/3028621\/bff48b3805e3c82b2009250fa781bfc0.png\"><\/section>\n<\/p><\/div>\n<div class=\"item item-6\">\n<section class=\"image-item\"><img src=\"https:\/\/upload.cdn.baselinker.com\/products\/3028621\/4170408b6ab327ba30bc742d474ec13a.png\"><\/section>\n<\/p><\/div>\n<\/section>\n","protected":false},"excerpt":{"rendered":"<p>Siekiera uniwersalna WOOD 1500g Cechy produktu: ostrze wykonane ze stali hartowanej trzonek wykonany z wysokiej jako\u015bci drewna bukowego Specyfikacja: waga g\u0142owicy: 1500g d\u0142ugo\u015b\u0107 narz\u0119dzia: ok. 91cm d\u0142ugo\u015b\u0107 g\u0142owicy: 19,5cm szeroko\u015b\u0107 ostrza: 14cm<\/p>\n","protected":false},"featured_media":675092,"comment_status":"open","ping_status":"closed","template":"","meta":{"_links_to":"","_links_to_target":""},"yoast_head":"<!-- This site is optimized with the Yoast SEO plugin v19.4 - https:\/\/yoast.com\/wordpress\/plugins\/seo\/ -->\n<title>Siekiera uniwersalna WOOD 1500g - Selleetools.com<\/title>\n<meta name=\"robots\" content=\"index, follow, max-snippet:-1, max-image-preview:large, max-video-preview:-1\" \/>\n<link rel=\"canonical\" href=\"https:\/\/admincentral.selleetools.com\/product\/siekiera-uniwersalna-wood-1500g\/\" \/>\n<meta property=\"og:locale\" content=\"pl_PL\" \/>\n<meta property=\"og:type\" content=\"article\" \/>\n<meta property=\"og:title\" content=\"Siekiera uniwersalna WOOD 1500g - Selleetools.com\" \/>\n<meta property=\"og:description\" content=\"Siekiera uniwersalna WOOD 1500g Cechy produktu: ostrze wykonane ze stali hartowanej trzonek wykonany z wysokiej jako\u015bci drewna bukowego Specyfikacja: waga g\u0142owicy: 1500g d\u0142ugo\u015b\u0107 narz\u0119dzia: ok. 91cm d\u0142ugo\u015b\u0107 g\u0142owicy: 19,5cm szeroko\u015b\u0107 ostrza: 14cm\" \/>\n<meta property=\"og:url\" content=\"https:\/\/admincentral.selleetools.com\/product\/siekiera-uniwersalna-wood-1500g\/\" \/>\n<meta property=\"og:site_name\" content=\"Selleetools.com\" \/>\n<meta property=\"article:modified_time\" content=\"2026-04-08T15:27:43+00:00\" \/>\n<meta property=\"og:image\" content=\"https:\/\/selleetools.com\/wp-content\/uploads\/2026\/02\/7e21a0b7c0363081f57ada2db3901180.png\" \/>\n\t<meta property=\"og:image:width\" content=\"600\" \/>\n\t<meta property=\"og:image:height\" content=\"600\" \/>\n\t<meta property=\"og:image:type\" content=\"image\/png\" \/>\n<meta name=\"twitter:card\" content=\"summary_large_image\" \/>\n<!-- \/ Yoast SEO plugin. -->","yoast_head_json":{"title":"Siekiera uniwersalna WOOD 1500g - Selleetools.com","robots":{"index":"index","follow":"follow","max-snippet":"max-snippet:-1","max-image-preview":"max-image-preview:large","max-video-preview":"max-video-preview:-1"},"canonical":"https:\/\/admincentral.selleetools.com\/product\/siekiera-uniwersalna-wood-1500g\/","og_locale":"pl_PL","og_type":"article","og_title":"Siekiera uniwersalna WOOD 1500g - Selleetools.com","og_description":"Siekiera uniwersalna WOOD 1500g Cechy produktu: ostrze wykonane ze stali hartowanej trzonek wykonany z wysokiej jako\u015bci drewna bukowego Specyfikacja: waga g\u0142owicy: 1500g d\u0142ugo\u015b\u0107 narz\u0119dzia: ok. 91cm d\u0142ugo\u015b\u0107 g\u0142owicy: 19,5cm szeroko\u015b\u0107 ostrza: 14cm","og_url":"https:\/\/admincentral.selleetools.com\/product\/siekiera-uniwersalna-wood-1500g\/","og_site_name":"Selleetools.com","article_modified_time":"2026-04-08T15:27:43+00:00","og_image":[{"width":600,"height":600,"url":"https:\/\/selleetools.com\/wp-content\/uploads\/2026\/02\/7e21a0b7c0363081f57ada2db3901180.png","type":"image\/png"}],"twitter_card":"summary_large_image","schema":{"@context":"https:\/\/schema.org","@graph":[{"@type":"Organization","@id":"https:\/\/selleetools.com\/#organization","name":"Selleetools","url":"https:\/\/selleetools.com\/","sameAs":[],"logo":{"@type":"ImageObject","inLanguage":"pl-PL","@id":"https:\/\/selleetools.com\/#\/schema\/logo\/image\/","url":"https:\/\/selleetools.com\/wp-content\/uploads\/2021\/10\/logo-dark.png","contentUrl":"https:\/\/selleetools.com\/wp-content\/uploads\/2021\/10\/logo-dark.png","width":320,"height":76,"caption":"Selleetools"},"image":{"@id":"https:\/\/selleetools.com\/#\/schema\/logo\/image\/"}},{"@type":"WebSite","@id":"https:\/\/selleetools.com\/#website","url":"https:\/\/selleetools.com\/","name":"Selleetools.com","description":"","publisher":{"@id":"https:\/\/selleetools.com\/#organization"},"potentialAction":[{"@type":"SearchAction","target":{"@type":"EntryPoint","urlTemplate":"https:\/\/selleetools.com\/?s={search_term_string}"},"query-input":"required name=search_term_string"}],"inLanguage":"pl-PL"},{"@type":"WebPage","@id":"https:\/\/admincentral.selleetools.com\/product\/siekiera-uniwersalna-wood-1500g\/","url":"https:\/\/admincentral.selleetools.com\/product\/siekiera-uniwersalna-wood-1500g\/","name":"Siekiera uniwersalna WOOD 1500g - Selleetools.com","isPartOf":{"@id":"https:\/\/selleetools.com\/#website"},"datePublished":"2026-02-19T15:23:55+00:00","dateModified":"2026-04-08T15:27:43+00:00","breadcrumb":{"@id":"https:\/\/admincentral.selleetools.com\/product\/siekiera-uniwersalna-wood-1500g\/#breadcrumb"},"inLanguage":"pl-PL","potentialAction":[{"@type":"ReadAction","target":["https:\/\/admincentral.selleetools.com\/product\/siekiera-uniwersalna-wood-1500g\/"]}]},{"@type":"BreadcrumbList","@id":"https:\/\/admincentral.selleetools.com\/product\/siekiera-uniwersalna-wood-1500g\/#breadcrumb","itemListElement":[{"@type":"ListItem","position":1,"name":"Home","item":"https:\/\/selleetools.com\/pl\/"},{"@type":"ListItem","position":2,"name":"Katalog","item":"https:\/\/selleetools.com\/pl\/katalog\/"},{"@type":"ListItem","position":3,"name":"Siekiera uniwersalna WOOD 1500g"}]}]}},"_links":{"self":[{"href":"https:\/\/selleetools.com\/pl\/wp-json\/wp\/v2\/product\/675100"}],"collection":[{"href":"https:\/\/selleetools.com\/pl\/wp-json\/wp\/v2\/product"}],"about":[{"href":"https:\/\/selleetools.com\/pl\/wp-json\/wp\/v2\/types\/product"}],"replies":[{"embeddable":true,"href":"https:\/\/selleetools.com\/pl\/wp-json\/wp\/v2\/comments?post=675100"}],"wp:featuredmedia":[{"embeddable":true,"href":"https:\/\/selleetools.com\/pl\/wp-json\/wp\/v2\/media\/675092"}],"wp:attachment":[{"href":"https:\/\/selleetools.com\/pl\/wp-json\/wp\/v2\/media?parent=675100"}],"curies":[{"name":"wp","href":"https:\/\/api.w.org\/{rel}","templated":true}]}}