{"id":675050,"date":"2026-02-19T16:23:33","date_gmt":"2026-02-19T15:23:33","guid":{"rendered":"https:\/\/selleetools.com\/?post_type=product&#038;p=675050"},"modified":"2026-04-08T17:27:21","modified_gmt":"2026-04-08T15:27:21","slug":"doniczka-okragla-heos-dlhen470-z-wkladem-bialy","status":"publish","type":"product","link":"https:\/\/selleetools.com\/pl\/product\/doniczka-okragla-heos-dlhen470-z-wkladem-bialy\/","title":{"rendered":"Doniczka okr\u0105g\u0142a HEOS DLHEN470 z wk\u0142adem | Bia\u0142y"},"content":{"rendered":"<section class=\"section\">\n<div class=\"item item-12\">\n<section class=\"text-item\">\n<h1>Doniczka okr\u0105g\u0142a Heos DLHEN470\u00a0&#8211; Bia\u0142y<\/h1>\n<p><b>Specyfikacja doniczki:<\/b><\/p>\n<ul>\n<li>\u015brednica &#8211; 46,8cm<\/li>\n<li>wysoko\u015b\u0107 &#8211; 29,5cm<\/li>\n<li>materia\u0142: tworzywo sztuczne<\/li>\n<li>produkt Polski<\/li>\n<\/ul>\n<p><b>Informacj\u0119 dodatkowe:<\/b><\/p>\n<ul>\n<li>Posiada wk\u0142ad wewn\u0119trzny<\/li>\n<li>Nie posiada podstawki<\/li>\n<li>Nie posiada otwor\u00f3w w dnie<\/li>\n<li>Mrozoodporna<\/li>\n<\/ul>\n<p><b>W sk\u0142ad zestawu wchodzi:<\/b><\/p>\n<ol>\n<li>Doniczka okr\u0105g\u0142a Heos<\/li>\n<li>Wk\u0142ad wewn\u0119trzny \/ dystansowy z uchwytami<\/li>\n<\/ol>\n<p><b>Mo\u017cemy j\u0105 umie\u015bci\u0107:<\/b><\/p>\n<ul>\n<li>w domu<\/li>\n<li>przestronnym wn\u0119trzu<\/li>\n<li>na tarasie<\/li>\n<li>na balkonie<\/li>\n<li>w ogrodzie<\/li>\n<li>w patio<\/li>\n<li>w pasa\u017cach<\/li>\n<li>w galeriach<\/li>\n<li>na skwerach<\/li>\n<\/ul>\n<\/section><\/div>\n<\/section>\n<section class=\"section\">\n<div class=\"item item-12\">\n<section class=\"image-item\"><img src=\"https:\/\/upload.cdn.baselinker.com\/products\/3028621\/baf5387d78818b5a46d7405ea295d254.jpg\"><\/section>\n<\/p><\/div>\n<\/section>\n<section class=\"section\">\n<div class=\"item item-12\">\n<section class=\"text-item\">\n<p>Wk\u0142ad wewn\u0119trzny umo\u017cliwia odprowadzanie nadmiernej ilo\u015bci wody z pod\u0142o\u017ca.<\/p>\n<p>Pozwala zaoszcz\u0119dzi\u0107 ilo\u015b\u0107 ziemi jak\u0105 nale\u017cy wsypa\u0107 do doniczki, mo\u017cna r\u00f3wnie\u017c w \u0142atwy spos\u00f3b dokona\u0107 prze\u0142o\u017cenia kwiat\u00f3w do innej doniczki poprzez przeniesienie ca\u0142ego wk\u0142adu.<\/p>\n<\/section><\/div>\n<\/section>\n<section class=\"section\">\n<div class=\"item item-12\">\n<section class=\"text-item\">\n<p>Doniczka HEOS to dekoracyjna doniczka wykonana z wysokiej jako\u015bci tworzywa sztucznego, dzi\u0119ki temu jest bardzo lekka a zarazem wytrzyma\u0142a.<\/p>\n<ul>\n<li>Charakteryzuje si\u0119 zgrabn\u0105, okr\u0105g\u0142\u0105 form\u0105.<\/li>\n<li>Lekka i nowoczesna, pasuje do ka\u017cdego wn\u0119trza.<\/li>\n<li>Stanowi elegancki i stylowy element zar\u00f3wno we wn\u0119trzach nowoczesnych, jak i tradycyjnych.<\/li>\n<li>\u0141atwa w utrzymaniu czysto\u015bci.<\/li>\n<li>Odporna na dzia\u0142anie warunk\u00f3w atmosferycznych i promieni UV.<\/li>\n<\/ul>\n<\/section><\/div>\n<\/section>\n<section class=\"section\">\n<div class=\"item item-12\">\n<section class=\"image-item\"><img src=\"https:\/\/upload.cdn.baselinker.com\/products\/3028621\/0f3e1a8e5544e9a7f281b3b4984d212b.jpg\"><\/section>\n<\/p><\/div>\n<\/section>\n<section class=\"section\">\n<div class=\"item item-6\">\n<section class=\"image-item\"><img src=\"https:\/\/upload.cdn.baselinker.com\/products\/3028621\/baf5387d78818b5a46d7405ea295d254.jpg\"><\/section>\n<\/p><\/div>\n<div class=\"item item-6\">\n<section class=\"image-item\"><img src=\"https:\/\/upload.cdn.baselinker.com\/products\/3028621\/0f3e1a8e5544e9a7f281b3b4984d212b.jpg\"><\/section>\n<\/p><\/div>\n<\/section>\n","protected":false},"excerpt":{"rendered":"<p>Doniczka okr\u0105g\u0142a Heos DLHEN470\u00a0&#8211; Bia\u0142y Specyfikacja doniczki: \u015brednica &#8211; 46,8cm wysoko\u015b\u0107 &#8211; 29,5cm materia\u0142: tworzywo sztuczne produkt Polski Informacj\u0119 dodatkowe: Posiada wk\u0142ad wewn\u0119trzny Nie posiada podstawki Nie posiada otwor\u00f3w w dnie Mrozoodporna W sk\u0142ad zestawu wchodzi: Doniczka okr\u0105g\u0142a Heos Wk\u0142ad wewn\u0119trzny \/ dystansowy z uchwytami Mo\u017cemy j\u0105 umie\u015bci\u0107: w domu przestronnym wn\u0119trzu na tarasie na &#8230; <a title=\"Doniczka okr\u0105g\u0142a HEOS DLHEN470 z wk\u0142adem | Bia\u0142y\" class=\"read-more\" href=\"https:\/\/selleetools.com\/pl\/product\/doniczka-okragla-heos-dlhen470-z-wkladem-bialy\/\">Read more<span class=\"screen-reader-text\">Doniczka okr\u0105g\u0142a HEOS DLHEN470 z wk\u0142adem | Bia\u0142y<\/span><\/a><\/p>\n","protected":false},"featured_media":675046,"comment_status":"open","ping_status":"closed","template":"","meta":{"_links_to":"","_links_to_target":""},"yoast_head":"<!-- This site is optimized with the Yoast SEO plugin v19.4 - https:\/\/yoast.com\/wordpress\/plugins\/seo\/ -->\n<title>Doniczka okr\u0105g\u0142a HEOS DLHEN470 z wk\u0142adem | Bia\u0142y - Selleetools.com<\/title>\n<meta name=\"robots\" content=\"index, follow, max-snippet:-1, max-image-preview:large, max-video-preview:-1\" \/>\n<link rel=\"canonical\" href=\"https:\/\/admincentral.selleetools.com\/product\/doniczka-okragla-heos-dlhen470-z-wkladem-bialy\/\" \/>\n<meta property=\"og:locale\" content=\"pl_PL\" \/>\n<meta property=\"og:type\" content=\"article\" \/>\n<meta property=\"og:title\" content=\"Doniczka okr\u0105g\u0142a HEOS DLHEN470 z wk\u0142adem | Bia\u0142y - Selleetools.com\" \/>\n<meta property=\"og:description\" content=\"Doniczka okr\u0105g\u0142a Heos DLHEN470\u00a0&#8211; Bia\u0142y Specyfikacja doniczki: \u015brednica &#8211; 46,8cm wysoko\u015b\u0107 &#8211; 29,5cm materia\u0142: tworzywo sztuczne produkt Polski Informacj\u0119 dodatkowe: Posiada wk\u0142ad wewn\u0119trzny Nie posiada podstawki Nie posiada otwor\u00f3w w dnie Mrozoodporna W sk\u0142ad zestawu wchodzi: Doniczka okr\u0105g\u0142a Heos Wk\u0142ad wewn\u0119trzny \/ dystansowy z uchwytami Mo\u017cemy j\u0105 umie\u015bci\u0107: w domu przestronnym wn\u0119trzu na tarasie na ... Read moreDoniczka okr\u0105g\u0142a HEOS DLHEN470 z wk\u0142adem | Bia\u0142y\" \/>\n<meta property=\"og:url\" content=\"https:\/\/admincentral.selleetools.com\/product\/doniczka-okragla-heos-dlhen470-z-wkladem-bialy\/\" \/>\n<meta property=\"og:site_name\" content=\"Selleetools.com\" \/>\n<meta property=\"article:modified_time\" content=\"2026-04-08T15:27:21+00:00\" \/>\n<meta property=\"og:image\" content=\"https:\/\/selleetools.com\/wp-content\/uploads\/2026\/02\/baf5387d78818b5a46d7405ea295d254.jpg\" \/>\n\t<meta property=\"og:image:width\" content=\"1000\" \/>\n\t<meta property=\"og:image:height\" content=\"876\" \/>\n\t<meta property=\"og:image:type\" content=\"image\/jpeg\" \/>\n<meta name=\"twitter:card\" content=\"summary_large_image\" \/>\n<meta name=\"twitter:label1\" content=\"Est. reading time\" \/>\n\t<meta name=\"twitter:data1\" content=\"1 minuta\" \/>\n<!-- \/ Yoast SEO plugin. -->","yoast_head_json":{"title":"Doniczka okr\u0105g\u0142a HEOS DLHEN470 z wk\u0142adem | Bia\u0142y - Selleetools.com","robots":{"index":"index","follow":"follow","max-snippet":"max-snippet:-1","max-image-preview":"max-image-preview:large","max-video-preview":"max-video-preview:-1"},"canonical":"https:\/\/admincentral.selleetools.com\/product\/doniczka-okragla-heos-dlhen470-z-wkladem-bialy\/","og_locale":"pl_PL","og_type":"article","og_title":"Doniczka okr\u0105g\u0142a HEOS DLHEN470 z wk\u0142adem | Bia\u0142y - Selleetools.com","og_description":"Doniczka okr\u0105g\u0142a Heos DLHEN470\u00a0&#8211; Bia\u0142y Specyfikacja doniczki: \u015brednica &#8211; 46,8cm wysoko\u015b\u0107 &#8211; 29,5cm materia\u0142: tworzywo sztuczne produkt Polski Informacj\u0119 dodatkowe: Posiada wk\u0142ad wewn\u0119trzny Nie posiada podstawki Nie posiada otwor\u00f3w w dnie Mrozoodporna W sk\u0142ad zestawu wchodzi: Doniczka okr\u0105g\u0142a Heos Wk\u0142ad wewn\u0119trzny \/ dystansowy z uchwytami Mo\u017cemy j\u0105 umie\u015bci\u0107: w domu przestronnym wn\u0119trzu na tarasie na ... Read moreDoniczka okr\u0105g\u0142a HEOS DLHEN470 z wk\u0142adem | Bia\u0142y","og_url":"https:\/\/admincentral.selleetools.com\/product\/doniczka-okragla-heos-dlhen470-z-wkladem-bialy\/","og_site_name":"Selleetools.com","article_modified_time":"2026-04-08T15:27:21+00:00","og_image":[{"width":1000,"height":876,"url":"https:\/\/selleetools.com\/wp-content\/uploads\/2026\/02\/baf5387d78818b5a46d7405ea295d254.jpg","type":"image\/jpeg"}],"twitter_card":"summary_large_image","twitter_misc":{"Est. reading time":"1 minuta"},"schema":{"@context":"https:\/\/schema.org","@graph":[{"@type":"Organization","@id":"https:\/\/selleetools.com\/#organization","name":"Selleetools","url":"https:\/\/selleetools.com\/","sameAs":[],"logo":{"@type":"ImageObject","inLanguage":"pl-PL","@id":"https:\/\/selleetools.com\/#\/schema\/logo\/image\/","url":"https:\/\/selleetools.com\/wp-content\/uploads\/2021\/10\/logo-dark.png","contentUrl":"https:\/\/selleetools.com\/wp-content\/uploads\/2021\/10\/logo-dark.png","width":320,"height":76,"caption":"Selleetools"},"image":{"@id":"https:\/\/selleetools.com\/#\/schema\/logo\/image\/"}},{"@type":"WebSite","@id":"https:\/\/selleetools.com\/#website","url":"https:\/\/selleetools.com\/","name":"Selleetools.com","description":"","publisher":{"@id":"https:\/\/selleetools.com\/#organization"},"potentialAction":[{"@type":"SearchAction","target":{"@type":"EntryPoint","urlTemplate":"https:\/\/selleetools.com\/?s={search_term_string}"},"query-input":"required name=search_term_string"}],"inLanguage":"pl-PL"},{"@type":"WebPage","@id":"https:\/\/admincentral.selleetools.com\/product\/doniczka-okragla-heos-dlhen470-z-wkladem-bialy\/","url":"https:\/\/admincentral.selleetools.com\/product\/doniczka-okragla-heos-dlhen470-z-wkladem-bialy\/","name":"Doniczka okr\u0105g\u0142a HEOS DLHEN470 z wk\u0142adem | Bia\u0142y - Selleetools.com","isPartOf":{"@id":"https:\/\/selleetools.com\/#website"},"datePublished":"2026-02-19T15:23:33+00:00","dateModified":"2026-04-08T15:27:21+00:00","breadcrumb":{"@id":"https:\/\/admincentral.selleetools.com\/product\/doniczka-okragla-heos-dlhen470-z-wkladem-bialy\/#breadcrumb"},"inLanguage":"pl-PL","potentialAction":[{"@type":"ReadAction","target":["https:\/\/admincentral.selleetools.com\/product\/doniczka-okragla-heos-dlhen470-z-wkladem-bialy\/"]}]},{"@type":"BreadcrumbList","@id":"https:\/\/admincentral.selleetools.com\/product\/doniczka-okragla-heos-dlhen470-z-wkladem-bialy\/#breadcrumb","itemListElement":[{"@type":"ListItem","position":1,"name":"Home","item":"https:\/\/selleetools.com\/pl\/"},{"@type":"ListItem","position":2,"name":"Katalog","item":"https:\/\/selleetools.com\/pl\/katalog\/"},{"@type":"ListItem","position":3,"name":"Doniczka okr\u0105g\u0142a HEOS DLHEN470 z wk\u0142adem | Bia\u0142y"}]}]}},"_links":{"self":[{"href":"https:\/\/selleetools.com\/pl\/wp-json\/wp\/v2\/product\/675050"}],"collection":[{"href":"https:\/\/selleetools.com\/pl\/wp-json\/wp\/v2\/product"}],"about":[{"href":"https:\/\/selleetools.com\/pl\/wp-json\/wp\/v2\/types\/product"}],"replies":[{"embeddable":true,"href":"https:\/\/selleetools.com\/pl\/wp-json\/wp\/v2\/comments?post=675050"}],"wp:featuredmedia":[{"embeddable":true,"href":"https:\/\/selleetools.com\/pl\/wp-json\/wp\/v2\/media\/675046"}],"wp:attachment":[{"href":"https:\/\/selleetools.com\/pl\/wp-json\/wp\/v2\/media?parent=675050"}],"curies":[{"name":"wp","href":"https:\/\/api.w.org\/{rel}","templated":true}]}}